{"id":240914,"date":"2021-03-06T16:22:12","date_gmt":"2021-03-06T16:22:12","guid":{"rendered":"https:\/\/ecg-electro.eu\/pravila-upotrebe-kolacica\/"},"modified":"2025-08-14T11:19:58","modified_gmt":"2025-08-14T09:19:58","slug":"pravila-upotrebe-kolacica","status":"publish","type":"page","link":"https:\/\/ecg-electro.eu\/sr\/pravila-upotrebe-kolacica\/","title":{"rendered":"PRAVILA UPOTREBE KOLA\u010cI\u0106A"},"content":{"rendered":"\t\t<div data-elementor-type=\"wp-page\" data-elementor-id=\"240914\" class=\"elementor elementor-240914 elementor-240809\" data-elementor-post-type=\"page\">\n\t\t\t\t\t\t<section data-dce-background-color=\"#F6F6F6\" class=\"elementor-section elementor-top-section elementor-element elementor-element-acaabb7 elementor-section-boxed elementor-section-height-default elementor-section-height-default\" data-id=\"acaabb7\" data-element_type=\"section\" data-e-type=\"section\" data-settings=\"{&quot;background_background&quot;:&quot;classic&quot;}\">\n\t\t\t\t\t\t<div class=\"elementor-container elementor-column-gap-default\">\n\t\t\t\t\t<div class=\"elementor-column elementor-col-100 elementor-top-column elementor-element elementor-element-52e6931\" data-id=\"52e6931\" data-element_type=\"column\" data-e-type=\"column\">\n\t\t\t<div class=\"elementor-widget-wrap elementor-element-populated\">\n\t\t\t\t\t\t<div class=\"elementor-element elementor-element-b3a6d07 elementor-widget elementor-widget-image\" data-id=\"b3a6d07\" data-element_type=\"widget\" data-e-type=\"widget\" data-widget_type=\"image.default\">\n\t\t\t\t<div class=\"elementor-widget-container\">\n\t\t\t\t\t\t\t\t\t\t\t\t\t\t\t<img decoding=\"async\" src=\"https:\/\/ecg-electro.eu\/wp-content\/uploads\/2021\/04\/ecg_terms_conditions.jpg\" title=\"\" alt=\"\" loading=\"lazy\" \/>\t\t\t\t\t\t\t\t\t\t\t\t\t\t\t<\/div>\n\t\t\t\t<\/div>\n\t\t\t\t\t<\/div>\n\t\t<\/div>\n\t\t\t\t\t<\/div>\n\t\t<\/section>\n\t\t\t\t<section class=\"elementor-section elementor-top-section elementor-element elementor-element-3480c13 elementor-section-boxed elementor-section-height-default elementor-section-height-default\" data-id=\"3480c13\" data-element_type=\"section\" data-e-type=\"section\">\n\t\t\t\t\t\t<div class=\"elementor-container elementor-column-gap-default\">\n\t\t\t\t\t<div class=\"elementor-column elementor-col-100 elementor-top-column elementor-element elementor-element-bf5af3d\" data-id=\"bf5af3d\" data-element_type=\"column\" data-e-type=\"column\">\n\t\t\t<div class=\"elementor-widget-wrap elementor-element-populated\">\n\t\t\t\t\t\t<div data-dce-title-color=\"#272727\" class=\"elementor-element elementor-element-6965dbc elementor-widget elementor-widget-heading\" data-id=\"6965dbc\" data-element_type=\"widget\" data-e-type=\"widget\" data-widget_type=\"heading.default\">\n\t\t\t\t<div class=\"elementor-widget-container\">\n\t\t\t\t\t<h1 class=\"elementor-heading-title elementor-size-default\">PRAVILA UPOTREBE KOLA\u010cI\u0106A<\/h1>\t\t\t\t<\/div>\n\t\t\t\t<\/div>\n\t\t\t\t\t<\/div>\n\t\t<\/div>\n\t\t\t\t\t<\/div>\n\t\t<\/section>\n\t\t\t\t<section class=\"elementor-section elementor-top-section elementor-element elementor-element-121cb1b elementor-section-height-min-height elementor-section-items-top elementor-section-boxed elementor-section-height-default\" data-id=\"121cb1b\" data-element_type=\"section\" data-e-type=\"section\">\n\t\t\t\t\t\t<div class=\"elementor-container elementor-column-gap-default\">\n\t\t\t\t\t<div class=\"elementor-column elementor-col-50 elementor-top-column elementor-element elementor-element-fcc3e40\" data-id=\"fcc3e40\" data-element_type=\"column\" data-e-type=\"column\">\n\t\t\t<div class=\"elementor-widget-wrap elementor-element-populated\">\n\t\t\t\t\t\t<div class=\"elementor-element elementor-element-f7228a3 elementor-widget elementor-widget-heading\" data-id=\"f7228a3\" data-element_type=\"widget\" data-e-type=\"widget\" data-widget_type=\"heading.default\">\n\t\t\t\t<div class=\"elementor-widget-container\">\n\t\t\t\t\t<h2 class=\"elementor-heading-title elementor-size-default\">PRAVILA UPOTREBE KOLA\u010cI\u0106A<\/h2>\t\t\t\t<\/div>\n\t\t\t\t<\/div>\n\t\t\t\t\t<\/div>\n\t\t<\/div>\n\t\t\t\t<div class=\"elementor-column elementor-col-50 elementor-top-column elementor-element elementor-element-003ddc1\" data-id=\"003ddc1\" data-element_type=\"column\" data-e-type=\"column\">\n\t\t\t<div class=\"elementor-widget-wrap elementor-element-populated\">\n\t\t\t\t\t\t<div class=\"elementor-element elementor-element-06f2a3e elementor-widget elementor-widget-text-editor\" data-id=\"06f2a3e\" data-element_type=\"widget\" data-e-type=\"widget\" data-widget_type=\"text-editor.default\">\n\t\t\t\t<div class=\"elementor-widget-container\">\n\t\t\t\t\t\t\t\t\t<p>Na\u0161a politika upotrebe kola\u010di\u0107a obja\u0161njava \u0161ta su kola\u010di\u0107i, kako ih upotrebljavamo, koji su va\u0161i izbori u vezi s kola\u010di\u0107ima i gde mo\u017eete prona\u0107i vi\u0161e informacija o njima. Upotrebom ovih veb-stranica pristajete na upotrebu kola\u010di\u0107a.<\/p>\n\t\t\t\t\t\t\t\t<\/div>\n\t\t\t\t<\/div>\n\t\t\t\t\t<\/div>\n\t\t<\/div>\n\t\t\t\t\t<\/div>\n\t\t<\/section>\n\t\t\t\t<section class=\"elementor-section elementor-top-section elementor-element elementor-element-8304f64 elementor-section-height-min-height elementor-section-items-top elementor-section-boxed elementor-section-height-default\" data-id=\"8304f64\" data-element_type=\"section\" data-e-type=\"section\">\n\t\t\t\t\t\t<div class=\"elementor-container elementor-column-gap-default\">\n\t\t\t\t\t<div class=\"elementor-column elementor-col-50 elementor-top-column elementor-element elementor-element-d954581\" data-id=\"d954581\" data-element_type=\"column\" data-e-type=\"column\">\n\t\t\t<div class=\"elementor-widget-wrap elementor-element-populated\">\n\t\t\t\t\t\t<div class=\"elementor-element elementor-element-f9f7fd4 elementor-widget elementor-widget-heading\" data-id=\"f9f7fd4\" data-element_type=\"widget\" data-e-type=\"widget\" data-widget_type=\"heading.default\">\n\t\t\t\t<div class=\"elementor-widget-container\">\n\t\t\t\t\t<h2 class=\"elementor-heading-title elementor-size-default\">\u0160TA SU TO \u201eKOLA\u010cI\u0106I\u201c (COOKIES)?<\/h2>\t\t\t\t<\/div>\n\t\t\t\t<\/div>\n\t\t\t\t\t<\/div>\n\t\t<\/div>\n\t\t\t\t<div class=\"elementor-column elementor-col-50 elementor-top-column elementor-element elementor-element-11d6a46\" data-id=\"11d6a46\" data-element_type=\"column\" data-e-type=\"column\">\n\t\t\t<div class=\"elementor-widget-wrap elementor-element-populated\">\n\t\t\t\t\t\t<div class=\"elementor-element elementor-element-b5eb5ab elementor-widget elementor-widget-text-editor\" data-id=\"b5eb5ab\" data-element_type=\"widget\" data-e-type=\"widget\" data-widget_type=\"text-editor.default\">\n\t\t\t\t<div class=\"elementor-widget-container\">\n\t\t\t\t\t\t\t\t\t<p>Kola\u010di\u0107i su male tekstualne datoteke koje na va\u0161 ra\u010dunar pohranjuje veb-stranica koju posetite. Kola\u010di\u0107i obi\u010dno zapamte va\u0161e li\u010dne postavke ili postavke veb-stranice kao \u0161to su va\u0161 odabrani jezik ili va\u0161a adresa. Kada kasnije posetite istu veb-stranicu, va\u0161 pregleda\u010d vra\u0107a te tekstualne datoteke koje pripadaju toj veb-stranici. To omogu\u0107ava veb-stranici prikaz informacija prilago\u0111en va\u0161im odabirima.<br \/>\nKola\u010di\u0107i mogu pohraniti vrlo mnogo razli\u010ditih informacija, uklju\u010duju\u0107i i va\u0161e li\u010dne podatke (kao \u0161to je va\u0161e ime ili adresa e-po\u0161te). Me\u0111utim, te se informacije mogu pohranjivati samo ako vi to omogu\u0107ite \u2014 veb-stranice ne mogu dobiti pristup podacima koje im vi niste pru\u017eili niti mogu pristupiti drugim datotekama na va\u0161em ra\u010dunaru. Sa\u010duvane postavke za pohranjivanje i slanje kola\u010di\u0107a nisu vidljive. Me\u0111utim, mo\u017eete promeniti postavke va\u0161eg internet pregleda\u010da i odabrati da li \u017eelite da omogu\u0107ite ili da odbijete zahteve za postavljanjem kola\u010di\u0107a, a mo\u017eete i obrisati kola\u010di\u0107e nakon \u0161to zatvorite svoj pregleda\u010d.<br \/>\nMe\u0111utim, kako biste iskoristili sve funkcije veb-stranice, trebalo bi da podesite pregleda\u010d tako da prihvati kola\u010di\u0107e.<\/p>\n\t\t\t\t\t\t\t\t<\/div>\n\t\t\t\t<\/div>\n\t\t\t\t\t<\/div>\n\t\t<\/div>\n\t\t\t\t\t<\/div>\n\t\t<\/section>\n\t\t\t\t<section class=\"elementor-section elementor-top-section elementor-element elementor-element-52d9166 elementor-section-height-min-height elementor-section-items-top elementor-section-boxed elementor-section-height-default\" data-id=\"52d9166\" data-element_type=\"section\" data-e-type=\"section\">\n\t\t\t\t\t\t<div class=\"elementor-container elementor-column-gap-default\">\n\t\t\t\t\t<div class=\"elementor-column elementor-col-50 elementor-top-column elementor-element elementor-element-1df19bd\" data-id=\"1df19bd\" data-element_type=\"column\" data-e-type=\"column\">\n\t\t\t<div class=\"elementor-widget-wrap elementor-element-populated\">\n\t\t\t\t\t\t<div class=\"elementor-element elementor-element-40f8d61 elementor-widget elementor-widget-heading\" data-id=\"40f8d61\" data-element_type=\"widget\" data-e-type=\"widget\" data-widget_type=\"heading.default\">\n\t\t\t\t<div class=\"elementor-widget-container\">\n\t\t\t\t\t<h2 class=\"elementor-heading-title elementor-size-default\">KAKO UPOTREBLJAVAMO KOLA\u010cI\u0106E?<\/h2>\t\t\t\t<\/div>\n\t\t\t\t<\/div>\n\t\t\t\t\t<\/div>\n\t\t<\/div>\n\t\t\t\t<div class=\"elementor-column elementor-col-50 elementor-top-column elementor-element elementor-element-b0b8ddd\" data-id=\"b0b8ddd\" data-element_type=\"column\" data-e-type=\"column\">\n\t\t\t<div class=\"elementor-widget-wrap elementor-element-populated\">\n\t\t\t\t\t\t<div class=\"elementor-element elementor-element-8d7f58f elementor-widget elementor-widget-text-editor\" data-id=\"8d7f58f\" data-element_type=\"widget\" data-e-type=\"widget\" data-widget_type=\"text-editor.default\">\n\t\t\t\t<div class=\"elementor-widget-container\">\n\t\t\t\t\t\t\t\t\t<p>Koristimo kola\u010di\u0107e kako bismo pobolj\u0161ali informacije i usluge koje pru\u017eamo na veb-stranici i olak\u0161ali navigaciju na na\u0161oj veb-stranici. Na primer, kako bismo vas prepoznali kada na\u0161u veb-stranicu posetite ponovo i izbegli postupak prijave ako ste otvorili korisni\u010dki nalog, ili kako bismo vam omogu\u0107ili upravljanje korpom za kupovinu tokom pregledanja.<br \/>\nOva veb-stranica koristi Google Analytics, uslugu analize veb-sadr\u017eaja i saobra\u0107aja koju pru\u017ea kompanija Google Inc. (\u201eGoogle\u201c). Google Analytics upotrebljava kola\u010di\u0107e koji su sa\u010duvani na va\u0161em ra\u010dunaru i omogu\u0107avaju analizu va\u0161e upotrebe veb-stranice. Informacije o va\u0161oj upotrebi ove veb-stranice generisane takvim kola\u010di\u0107em (uklju\u010duju\u0107i va\u0161u IP adresu) prenose se i \u010duvaju na Googleovom serveru u SAD-u. Google koristi te informacije za evaluaciju va\u0161e upotrebe ove veb-stranice, kako bi sastavio izve\u0161taj o aktivnosti na veb-stranici za njenog vlasnika, i kako bi pru\u017eilo druge usluge za kori\u0161\u0107enje veb-stranice i interneta.<br \/>\nGoogle \u0107e ove informacije staviti na raspolaganje tre\u0107im stranama ako je zakonski obavezan da to u\u010dini ili ako anga\u017euje te strane za obradu podataka. Google ne\u0107e povezati va\u0161u IP adresu s bilo kojim drugim podacima na Google-u. Mo\u017eete spre\u010diti instaliranje tih kola\u010di\u0107a tako \u0161to \u0107ete svoj pregleda\u010d tako konfigurisati. Imajte na umu da mo\u017eda ne\u0107ete mo\u0107i pristupiti svim funkcijama ove veb-stranice ako to u\u010dinite. Upotrebom ove veb-stranice izri\u010dito dopu\u0161tate da Google obradi podatke prikupljene kako je gore navedeno.<br \/>\nNadalje, radimo s drugim kompanijama koje upotrebljavaju tehnologije pra\u0107enja (tracking) kako bi u na\u0161e ime dostavili oglase na internetu. Te kompanije mogu prikupljati podatke koji se ne mogu upotrebiti za va\u0161u identifikaciju, tj. podatke o va\u0161im posetama na\u0161oj veb-stranici i va\u0161oj interakciji s na\u0161im komunikacijama, kao \u0161to je ogla\u0161avanje.<\/p>\n\t\t\t\t\t\t\t\t<\/div>\n\t\t\t\t<\/div>\n\t\t\t\t\t<\/div>\n\t\t<\/div>\n\t\t\t\t\t<\/div>\n\t\t<\/section>\n\t\t\t\t<section class=\"elementor-section elementor-top-section elementor-element elementor-element-d975c38 elementor-section-height-min-height elementor-section-items-top elementor-section-boxed elementor-section-height-default\" data-id=\"d975c38\" data-element_type=\"section\" data-e-type=\"section\">\n\t\t\t\t\t\t<div class=\"elementor-container elementor-column-gap-default\">\n\t\t\t\t\t<div class=\"elementor-column elementor-col-50 elementor-top-column elementor-element elementor-element-d37ed54\" data-id=\"d37ed54\" data-element_type=\"column\" data-e-type=\"column\">\n\t\t\t<div class=\"elementor-widget-wrap elementor-element-populated\">\n\t\t\t\t\t\t<div class=\"elementor-element elementor-element-07f5de1 elementor-widget elementor-widget-heading\" data-id=\"07f5de1\" data-element_type=\"widget\" data-e-type=\"widget\" data-widget_type=\"heading.default\">\n\t\t\t\t<div class=\"elementor-widget-container\">\n\t\t\t\t\t<h2 class=\"elementor-heading-title elementor-size-default\">KOJE KOLA\u010cI\u0106E KORISTIMO I ZA\u0160TO?<\/h2>\t\t\t\t<\/div>\n\t\t\t\t<\/div>\n\t\t\t\t\t<\/div>\n\t\t<\/div>\n\t\t\t\t<div class=\"elementor-column elementor-col-50 elementor-top-column elementor-element elementor-element-c18aa82\" data-id=\"c18aa82\" data-element_type=\"column\" data-e-type=\"column\">\n\t\t\t<div class=\"elementor-widget-wrap elementor-element-populated\">\n\t\t\t\t\t\t<div class=\"elementor-element elementor-element-76aecb6 elementor-widget elementor-widget-text-editor\" data-id=\"76aecb6\" data-element_type=\"widget\" data-e-type=\"widget\" data-widget_type=\"text-editor.default\">\n\t\t\t\t<div class=\"elementor-widget-container\">\n\t\t\t\t\t\t\t\t\t<p>Kola\u010di\u0107i sesije se bri\u0161u nakon \u0161to zatvorite svoj pregleda\u010d. Oni se koriste za pohranjivanje privremenih podataka poput sadr\u017eaja va\u0161ih kolica za kupovinu. Mo\u017eda \u0107emo ih upotrebiti kako bismo vam omogu\u0107ili pristup na\u0161em sadr\u017eaju.<br \/>\nTrajni kola\u010di\u0107i ostaju na va\u0161em ra\u010dunaru \u010dak i nakon \u0161to zatvorite svoj pregleda\u010d. Veb-stranice ih upotrebljavaju za pohranu podataka kao \u0161to su va\u0161e korisni\u010dko ime ili lozinka i tako vam \u0161tede napor ponovnog prijavljivanja pri svakoj poseti veb-stranici xxxxx Trajni kola\u010di\u0107i \u0107e ostati na va\u0161em ra\u010dunaru danima, mesecima pa \u010dak i godinama. Upotrebljavamo trajne kola\u010di\u0107e kako bismo razumeli navike na\u0161ih korisnika bolje xxx i kako bismo pobolj\u0161ali veb-stranice prema va\u0161im potrebama. Te informacije su anonimne \u2013 ne mo\u017eemo da vidimo podatke pojedina\u010dnih korisnika.<\/p>\n\t\t\t\t\t\t\t\t<\/div>\n\t\t\t\t<\/div>\n\t\t\t\t\t<\/div>\n\t\t<\/div>\n\t\t\t\t\t<\/div>\n\t\t<\/section>\n\t\t\t\t<section class=\"elementor-section elementor-top-section elementor-element elementor-element-0432585 elementor-section-height-min-height elementor-section-items-top elementor-section-boxed elementor-section-height-default\" data-id=\"0432585\" data-element_type=\"section\" data-e-type=\"section\">\n\t\t\t\t\t\t<div class=\"elementor-container elementor-column-gap-default\">\n\t\t\t\t\t<div class=\"elementor-column elementor-col-50 elementor-top-column elementor-element elementor-element-1a575d5\" data-id=\"1a575d5\" data-element_type=\"column\" data-e-type=\"column\">\n\t\t\t<div class=\"elementor-widget-wrap elementor-element-populated\">\n\t\t\t\t\t\t<div class=\"elementor-element elementor-element-4e9196a elementor-widget elementor-widget-heading\" data-id=\"4e9196a\" data-element_type=\"widget\" data-e-type=\"widget\" data-widget_type=\"heading.default\">\n\t\t\t\t<div class=\"elementor-widget-container\">\n\t\t\t\t\t<h2 class=\"elementor-heading-title elementor-size-default\">POPIS KOLA\u010cI\u0106A<\/h2>\t\t\t\t<\/div>\n\t\t\t\t<\/div>\n\t\t\t\t\t<\/div>\n\t\t<\/div>\n\t\t\t\t<div class=\"elementor-column elementor-col-50 elementor-top-column elementor-element elementor-element-6af2be7\" data-id=\"6af2be7\" data-element_type=\"column\" data-e-type=\"column\">\n\t\t\t<div class=\"elementor-widget-wrap elementor-element-populated\">\n\t\t\t\t\t\t<div class=\"elementor-element elementor-element-daacd3f elementor-widget elementor-widget-text-editor\" data-id=\"daacd3f\" data-element_type=\"widget\" data-e-type=\"widget\" data-widget_type=\"text-editor.default\">\n\t\t\t\t<div class=\"elementor-widget-container\">\n\t\t\t\t\t\t\t\t\t<table>\n<tbody>\n<tr>\n<td>Kola\u010di\u0107<\/td>\n<td>Ime<\/td>\n<td>Svrha<\/td>\n<\/tr>\n<tr>\n<td>Google Analytics<\/td>\n<td>_dc_gtm_UA-#<br \/>\n_ga<br \/>\n_gid<br \/>\ncollect<\/td>\n<td>Upotrebljavamo ove kola\u010di\u0107e kako bismo prikupili informacije o na\u010dinu na koji korisnici stupaju u interakciju s na\u0161im veb-stranicama. Upotrebljavamo te informacije kako bismo izradili izve\u0161taje i dobili pomo\u0107 za unapre\u0111enje veb-stranica.<br \/>\nKola\u010di\u0107i prikupljaju informacije u anonimnom obliku, uklju\u010duju\u0107i broj posetilaca veb-stranicama, mesta koje su posetili i stranice koje su posetili. Ako ne omogu\u0107ite takve kola\u010di\u0107e, ne\u0107emo mo\u0107i da uklju\u010dimo va\u0161u posetu u na\u0161u statistiku.<\/td>\n<\/tr>\n<tr>\n<td>Efikasnost veb-stranice<\/td>\n<td>_cfduid<\/td>\n<td>Ovaj kola\u010di\u0107 upotrebljava Cloudflare kako bi prepoznao provereni veb-saobra\u0107aj.<\/td>\n<\/tr>\n<tr>\n<td>Bihevioralni marketing<\/td>\n<td>r\/collect<\/td>\n<td>Kola\u010di\u0107i sesije koje postavlja Doubleclick kako bi pratio pona\u0161anje posetilaca.<\/td>\n<\/tr>\n<\/tbody>\n<\/table>\n\t\t\t\t\t\t\t\t<\/div>\n\t\t\t\t<\/div>\n\t\t\t\t\t<\/div>\n\t\t<\/div>\n\t\t\t\t\t<\/div>\n\t\t<\/section>\n\t\t\t\t<section class=\"elementor-section elementor-top-section elementor-element elementor-element-c1e882e elementor-section-height-min-height elementor-section-items-top elementor-section-boxed elementor-section-height-default\" data-id=\"c1e882e\" data-element_type=\"section\" data-e-type=\"section\">\n\t\t\t\t\t\t<div class=\"elementor-container elementor-column-gap-default\">\n\t\t\t\t\t<div class=\"elementor-column elementor-col-50 elementor-top-column elementor-element elementor-element-6c95cc9\" data-id=\"6c95cc9\" data-element_type=\"column\" data-e-type=\"column\">\n\t\t\t<div class=\"elementor-widget-wrap elementor-element-populated\">\n\t\t\t\t\t\t<div class=\"elementor-element elementor-element-45f5c7d elementor-widget elementor-widget-heading\" data-id=\"45f5c7d\" data-element_type=\"widget\" data-e-type=\"widget\" data-widget_type=\"heading.default\">\n\t\t\t\t<div class=\"elementor-widget-container\">\n\t\t\t\t\t<h2 class=\"elementor-heading-title elementor-size-default\">KOJI SU VA\u0160I IZBORI U VEZI S KOLA\u010cI\u0106IMA<\/h2>\t\t\t\t<\/div>\n\t\t\t\t<\/div>\n\t\t\t\t\t<\/div>\n\t\t<\/div>\n\t\t\t\t<div class=\"elementor-column elementor-col-50 elementor-top-column elementor-element elementor-element-1fe2f86\" data-id=\"1fe2f86\" data-element_type=\"column\" data-e-type=\"column\">\n\t\t\t<div class=\"elementor-widget-wrap elementor-element-populated\">\n\t\t\t\t\t\t<div class=\"elementor-element elementor-element-cf5c992 paint-this-pink elementor-widget elementor-widget-text-editor\" data-id=\"cf5c992\" data-element_type=\"widget\" data-e-type=\"widget\" data-widget_type=\"text-editor.default\">\n\t\t\t\t<div class=\"elementor-widget-container\">\n\t\t\t\t\t\t\t\t\t<p>Onemogu\u0107avanjem kola\u010di\u0107a odlu\u010dujete da zabranite pohranjivanje kola\u010di\u0107a na svoj ra\u010dunar. Mo\u017eete upravljati i konfigurisati postavke kola\u010di\u0107a u svom pregleda\u010du. Odaberite pregleda\u010d koji koristite kako biste prona\u0161li informacije o pode\u0161avanju svojih postavki za kola\u010di\u0107e.<\/p>\n<p><a href=\"https:\/\/support.google.com\/accounts\/answer\/61416?hl=en\" target=\"_blank\" rel=\"noopener\">Chrome<\/a><br \/>\n<a href=\"https:\/\/support.mozilla.org\/en-US\/kb\/enable-and-disable-cookies-website-preferences\" target=\"_blank\" rel=\"noopener\">Firefox<\/a><br \/>\n<a href=\"https:\/\/support.microsoft.com\/en-us\/help\/17442\/windows-internet-explorer-delete-manage-cookies\" target=\"_blank\" rel=\"noopener\">Internet Explorer<\/a><br \/>\n<a href=\"https:\/\/www.opera.com\/help\/tutorials\/security\/privacy\/\" target=\"_blank\" rel=\"noopener\">Opera<\/a><br \/>\n<a href=\"https:\/\/support.apple.com\/kb\/PH17191?locale=hr_HR\" target=\"_blank\" rel=\"noopener\">Safari<\/a><\/p>\n<p>Me\u0111utim, imajte na umu da \u0107ete sa onemogu\u0107enim kola\u010di\u0107ima i dalje mo\u0107i da pregledate ove veb-stranice, ali neke funkcije mo\u017eda ne\u0107e biti dostupne.<\/p>\n<p>Kako biste saznali vi\u0161e o kola\u010di\u0107ima, uklju\u010duju\u0107i i to kako su postavljeni, kako mo\u017eete upravljati njima i kako ih mo\u017eete izbrisati, posetite\u00a0<a href=\"http:\/\/www.allaboutcookies.org\/\" target=\"_blank\" rel=\"noopener\">www.allaboutcookies.org<\/a>\u00a0ili\u00a0<a href=\"http:\/\/www.youronlinechoices.eu\/\" target=\"_blank\" rel=\"noopener\">www.youronlinechoices.eu<\/a>. Da biste se isklju\u010dili iz pra\u0107enja od strane Google Analytics-a na svim veb-stranicama, posetite ovu veb-stranicu: <a href=\"http:\/\/tools.google.com\/dlpage\/gaoptout.\" target=\"_blank\" rel=\"noopener\">http:\/\/tools.google.com\/dlpage\/gaoptout.<\/a><\/p>\n\t\t\t\t\t\t\t\t<\/div>\n\t\t\t\t<\/div>\n\t\t\t\t\t<\/div>\n\t\t<\/div>\n\t\t\t\t\t<\/div>\n\t\t<\/section>\n\t\t\t\t<section class=\"elementor-section elementor-top-section elementor-element elementor-element-7540730 elementor-section-height-min-height elementor-section-items-top elementor-section-boxed elementor-section-height-default\" data-id=\"7540730\" data-element_type=\"section\" data-e-type=\"section\">\n\t\t\t\t\t\t<div class=\"elementor-container elementor-column-gap-default\">\n\t\t\t\t\t<div class=\"elementor-column elementor-col-50 elementor-top-column elementor-element elementor-element-73c7e50\" data-id=\"73c7e50\" data-element_type=\"column\" data-e-type=\"column\">\n\t\t\t<div class=\"elementor-widget-wrap elementor-element-populated\">\n\t\t\t\t\t\t<div class=\"elementor-element elementor-element-7c1e4cf elementor-widget elementor-widget-heading\" data-id=\"7c1e4cf\" data-element_type=\"widget\" data-e-type=\"widget\" data-widget_type=\"heading.default\">\n\t\t\t\t<div class=\"elementor-widget-container\">\n\t\t\t\t\t<h2 class=\"elementor-heading-title elementor-size-default\">PROMENE NA\u0160IH PRAVILA ZA\u0160TITE PODATAKA O LI\u010cNOSTI<\/h2>\t\t\t\t<\/div>\n\t\t\t\t<\/div>\n\t\t\t\t\t<\/div>\n\t\t<\/div>\n\t\t\t\t<div class=\"elementor-column elementor-col-50 elementor-top-column elementor-element elementor-element-fccb01e\" data-id=\"fccb01e\" data-element_type=\"column\" data-e-type=\"column\">\n\t\t\t<div class=\"elementor-widget-wrap elementor-element-populated\">\n\t\t\t\t\t\t<div class=\"elementor-element elementor-element-cc9bca9 elementor-widget elementor-widget-text-editor\" data-id=\"cc9bca9\" data-element_type=\"widget\" data-e-type=\"widget\" data-widget_type=\"text-editor.default\">\n\t\t\t\t<div class=\"elementor-widget-container\">\n\t\t\t\t\t\t\t\t\t<p>Ovde \u0107e biti objavljene sve promene koje \u0107emo u budu\u0107nosti uneti u ovu politiku kola\u010di\u0107a. Kako biste bili informisani, povremeno posetite i pro\u010ditajte promene na\u0161e politike kola\u010di\u0107a. Ova politika kola\u010di\u0107a poslednji put je a\u017eurirana 25. maja 2018. godine i ova verzija je nadomestila sve ranije verzije koje su time postale neva\u017ee\u0107e.<\/p>\n\t\t\t\t\t\t\t\t<\/div>\n\t\t\t\t<\/div>\n\t\t\t\t\t<\/div>\n\t\t<\/div>\n\t\t\t\t\t<\/div>\n\t\t<\/section>\n\t\t\t\t<\/div>\n\t\t","protected":false},"excerpt":{"rendered":"<p>PRAVILA UPOTREBE KOLA\u010cI\u0106A PRAVILA UPOTREBE KOLA\u010cI\u0106A Na\u0161a politika upotrebe kola\u010di\u0107a obja\u0161njava \u0161ta su kola\u010di\u0107i, kako ih upotrebljavamo, koji su va\u0161i izbori u vezi s kola\u010di\u0107ima i gde mo\u017eete prona\u0107i vi\u0161e informacija o njima. Upotrebom ovih veb-stranica pristajete na upotrebu kola\u010di\u0107a. \u0160TA SU TO \u201eKOLA\u010cI\u0106I\u201c (COOKIES)? Kola\u010di\u0107i su male tekstualne datoteke koje na va\u0161 ra\u010dunar pohranjuje [&hellip;]<\/p>\n","protected":false},"author":0,"featured_media":0,"parent":0,"menu_order":0,"comment_status":"closed","ping_status":"closed","template":"","meta":{"_acf_changed":false,"_monsterinsights_skip_tracking":false,"_monsterinsights_sitenote_active":false,"_monsterinsights_sitenote_note":"","_monsterinsights_sitenote_category":0,"footnotes":""},"class_list":["post-240914","page","type-page","status-publish","hentry"],"acf":[],"_links":{"self":[{"href":"https:\/\/ecg-electro.eu\/sr\/wp-json\/wp\/v2\/pages\/240914","targetHints":{"allow":["GET"]}}],"collection":[{"href":"https:\/\/ecg-electro.eu\/sr\/wp-json\/wp\/v2\/pages"}],"about":[{"href":"https:\/\/ecg-electro.eu\/sr\/wp-json\/wp\/v2\/types\/page"}],"replies":[{"embeddable":true,"href":"https:\/\/ecg-electro.eu\/sr\/wp-json\/wp\/v2\/comments?post=240914"}],"version-history":[{"count":5,"href":"https:\/\/ecg-electro.eu\/sr\/wp-json\/wp\/v2\/pages\/240914\/revisions"}],"predecessor-version":[{"id":3307021,"href":"https:\/\/ecg-electro.eu\/sr\/wp-json\/wp\/v2\/pages\/240914\/revisions\/3307021"}],"wp:attachment":[{"href":"https:\/\/ecg-electro.eu\/sr\/wp-json\/wp\/v2\/media?parent=240914"}],"curies":[{"name":"wp","href":"https:\/\/api.w.org\/{rel}","templated":true}]}}