{"id":227193,"date":"2021-03-06T16:14:54","date_gmt":"2021-03-06T16:14:54","guid":{"rendered":"https:\/\/ecg-electro.eu\/izjava-o-privatnosti\/"},"modified":"2021-06-24T08:55:36","modified_gmt":"2021-06-24T08:55:36","slug":"izjava-o-privatnosti","status":"publish","type":"page","link":"https:\/\/ecg-electro.eu\/sr\/izjava-o-privatnosti\/","title":{"rendered":"Izjava o privatnosti"},"content":{"rendered":"\t\t<div data-elementor-type=\"wp-page\" data-elementor-id=\"227193\" class=\"elementor elementor-227193 elementor-216245\" data-elementor-post-type=\"page\">\n\t\t\t\t\t\t<section class=\"elementor-section elementor-top-section elementor-element elementor-element-b35d9c2 elementor-section-boxed elementor-section-height-default elementor-section-height-default\" data-id=\"b35d9c2\" data-element_type=\"section\" data-settings=\"{&quot;background_background&quot;:&quot;classic&quot;}\">\n\t\t\t\t\t\t<div class=\"elementor-container elementor-column-gap-default\">\n\t\t\t\t\t<div class=\"elementor-column elementor-col-100 elementor-top-column elementor-element elementor-element-9230513\" data-id=\"9230513\" data-element_type=\"column\">\n\t\t\t<div class=\"elementor-widget-wrap elementor-element-populated\">\n\t\t\t\t\t\t<div class=\"elementor-element elementor-element-31c47f4 elementor-widget elementor-widget-image\" data-id=\"31c47f4\" data-element_type=\"widget\" data-widget_type=\"image.default\">\n\t\t\t\t<div class=\"elementor-widget-container\">\n\t\t\t\t\t\t\t\t\t\t\t\t\t\t\t<img decoding=\"async\" src=\"https:\/\/ecg-electro.eu\/wp-content\/uploads\/2021\/04\/ecg_terms_conditions.jpg\" title=\"\" alt=\"\" loading=\"lazy\" \/>\t\t\t\t\t\t\t\t\t\t\t\t\t\t\t<\/div>\n\t\t\t\t<\/div>\n\t\t\t\t\t<\/div>\n\t\t<\/div>\n\t\t\t\t\t<\/div>\n\t\t<\/section>\n\t\t\t\t<section class=\"elementor-section elementor-top-section elementor-element elementor-element-aee027f elementor-section-boxed elementor-section-height-default elementor-section-height-default\" data-id=\"aee027f\" data-element_type=\"section\">\n\t\t\t\t\t\t<div class=\"elementor-container elementor-column-gap-default\">\n\t\t\t\t\t<div class=\"elementor-column elementor-col-100 elementor-top-column elementor-element elementor-element-ba85075\" data-id=\"ba85075\" data-element_type=\"column\">\n\t\t\t<div class=\"elementor-widget-wrap elementor-element-populated\">\n\t\t\t\t\t\t<div class=\"elementor-element elementor-element-94b5ab0 elementor-widget elementor-widget-heading\" data-id=\"94b5ab0\" data-element_type=\"widget\" data-widget_type=\"heading.default\">\n\t\t\t\t<div class=\"elementor-widget-container\">\n\t\t\t\t\t<h2 class=\"elementor-heading-title elementor-size-default\">Izjava o privatnosti<\/h2>\t\t\t\t<\/div>\n\t\t\t\t<\/div>\n\t\t\t\t\t<\/div>\n\t\t<\/div>\n\t\t\t\t\t<\/div>\n\t\t<\/section>\n\t\t\t\t<section class=\"elementor-section elementor-top-section elementor-element elementor-element-4dafeb9 elementor-section-height-min-height elementor-section-items-top elementor-section-boxed elementor-section-height-default\" data-id=\"4dafeb9\" data-element_type=\"section\">\n\t\t\t\t\t\t<div class=\"elementor-container elementor-column-gap-default\">\n\t\t\t\t\t<div class=\"elementor-column elementor-col-50 elementor-top-column elementor-element elementor-element-3f84846\" data-id=\"3f84846\" data-element_type=\"column\">\n\t\t\t<div class=\"elementor-widget-wrap elementor-element-populated\">\n\t\t\t\t\t\t<div class=\"elementor-element elementor-element-a1b97da elementor-widget elementor-widget-heading\" data-id=\"a1b97da\" data-element_type=\"widget\" data-widget_type=\"heading.default\">\n\t\t\t\t<div class=\"elementor-widget-container\">\n\t\t\t\t\t<h2 class=\"elementor-heading-title elementor-size-default\">IZJAVA O ZA\u0160TITI PODATAKA O LI\u010cNOSTI<\/h2>\t\t\t\t<\/div>\n\t\t\t\t<\/div>\n\t\t\t\t\t<\/div>\n\t\t<\/div>\n\t\t\t\t<div class=\"elementor-column elementor-col-50 elementor-top-column elementor-element elementor-element-d8270c8\" data-id=\"d8270c8\" data-element_type=\"column\">\n\t\t\t<div class=\"elementor-widget-wrap elementor-element-populated\">\n\t\t\t\t\t\t<div class=\"elementor-element elementor-element-82aac9f elementor-widget elementor-widget-text-editor\" data-id=\"82aac9f\" data-element_type=\"widget\" data-widget_type=\"text-editor.default\">\n\t\t\t\t<div class=\"elementor-widget-container\">\n\t\t\t\t\t\t\t\t\t<p>K+B Progres, a.s. \u017eeli biti \u0161to otvoreniji o svom prikupljanju i obradi li\u010dnih podataka korisnika koji pregledaju i\/ili koriste usluge web-stranice <a href=\"https:\/\/ecg-electro.eu\/\">ecg-electro.eu<\/a><br \/>\nPravila o za\u0161titi podataka o li\u010dnosti (\u201ePravila\u201c) koja su navedena u nastavku opisuju kako se koriste li\u010dni podaci prikupljeni u vezi s ovom web-stranom, kako ih K+B Progres, u slu\u010dajevima kada je to prikladno, stavlja na raspolaganje tre\u0107im stranama, mere preduzete kako bi se osigurala njihova tajnost i sigurnost te va\u0161e odluke u vezi s prikupljanjem i upotrebom va\u0161ih li\u010dnih podataka.<\/p>\n\t\t\t\t\t\t\t\t<\/div>\n\t\t\t\t<\/div>\n\t\t\t\t\t<\/div>\n\t\t<\/div>\n\t\t\t\t\t<\/div>\n\t\t<\/section>\n\t\t\t\t<section class=\"elementor-section elementor-top-section elementor-element elementor-element-afe00c7 elementor-section-height-min-height elementor-section-items-top elementor-section-boxed elementor-section-height-default\" data-id=\"afe00c7\" data-element_type=\"section\">\n\t\t\t\t\t\t<div class=\"elementor-container elementor-column-gap-default\">\n\t\t\t\t\t<div class=\"elementor-column elementor-col-50 elementor-top-column elementor-element elementor-element-a14db8a\" data-id=\"a14db8a\" data-element_type=\"column\">\n\t\t\t<div class=\"elementor-widget-wrap elementor-element-populated\">\n\t\t\t\t\t\t<div class=\"elementor-element elementor-element-3943ec6 elementor-widget elementor-widget-heading\" data-id=\"3943ec6\" data-element_type=\"widget\" data-widget_type=\"heading.default\">\n\t\t\t\t<div class=\"elementor-widget-container\">\n\t\t\t\t\t<h2 class=\"elementor-heading-title elementor-size-default\">\u0160TA SU KOLA\u010cI\u0106I?<\/h2>\t\t\t\t<\/div>\n\t\t\t\t<\/div>\n\t\t\t\t\t<\/div>\n\t\t<\/div>\n\t\t\t\t<div class=\"elementor-column elementor-col-50 elementor-top-column elementor-element elementor-element-0f036f2\" data-id=\"0f036f2\" data-element_type=\"column\">\n\t\t\t<div class=\"elementor-widget-wrap elementor-element-populated\">\n\t\t\t\t\t\t<div class=\"elementor-element elementor-element-a928c53 elementor-widget elementor-widget-text-editor\" data-id=\"a928c53\" data-element_type=\"widget\" data-widget_type=\"text-editor.default\">\n\t\t\t\t<div class=\"elementor-widget-container\">\n\t\t\t\t\t\t\t\t\t<p>Stranica ecg-electro.eu koristi kola\u010di\u0107e (eng. cookies). Kola\u010di\u0107i su male datoteke koje se \u010duvaju na korisnikovom ra\u010dunaru, a svrha im je pre svega da olak\u0161aju kretanje kroz web-stranicu i da personalizuju pru\u017eene usluge.<br \/>\nK+B Progres obave\u0161tava korisnike da promenom pode\u0161avanja preglednika mogu spre\u010diti \u010duvanje kola\u010di\u0107a. Me\u0111utim, kako biste iskoristili sve funkcionalnosti web-stranice, trebalo bi da podesite preglednik tako da prihvati kola\u010di\u0107e.<\/p>\n\t\t\t\t\t\t\t\t<\/div>\n\t\t\t\t<\/div>\n\t\t\t\t\t<\/div>\n\t\t<\/div>\n\t\t\t\t\t<\/div>\n\t\t<\/section>\n\t\t\t\t<section class=\"elementor-section elementor-top-section elementor-element elementor-element-aefa1b7 elementor-section-height-min-height elementor-section-items-top elementor-section-boxed elementor-section-height-default\" data-id=\"aefa1b7\" data-element_type=\"section\">\n\t\t\t\t\t\t<div class=\"elementor-container elementor-column-gap-default\">\n\t\t\t\t\t<div class=\"elementor-column elementor-col-50 elementor-top-column elementor-element elementor-element-d521691\" data-id=\"d521691\" data-element_type=\"column\">\n\t\t\t<div class=\"elementor-widget-wrap elementor-element-populated\">\n\t\t\t\t\t\t<div class=\"elementor-element elementor-element-bd77278 elementor-widget elementor-widget-heading\" data-id=\"bd77278\" data-element_type=\"widget\" data-widget_type=\"heading.default\">\n\t\t\t\t<div class=\"elementor-widget-container\">\n\t\t\t\t\t<h2 class=\"elementor-heading-title elementor-size-default\">KAKO UPOTREBLJAVAMO KOLA\u010cI\u0106E?<\/h2>\t\t\t\t<\/div>\n\t\t\t\t<\/div>\n\t\t\t\t\t<\/div>\n\t\t<\/div>\n\t\t\t\t<div class=\"elementor-column elementor-col-50 elementor-top-column elementor-element elementor-element-c8eb094\" data-id=\"c8eb094\" data-element_type=\"column\">\n\t\t\t<div class=\"elementor-widget-wrap elementor-element-populated\">\n\t\t\t\t\t\t<div class=\"elementor-element elementor-element-08d222f elementor-widget elementor-widget-text-editor\" data-id=\"08d222f\" data-element_type=\"widget\" data-widget_type=\"text-editor.default\">\n\t\t\t\t<div class=\"elementor-widget-container\">\n\t\t\t\t\t\t\t\t\t<p>Koristimo kola\u010di\u0107e kako bismo pobolj\u0161ali informacije i usluge koje pru\u017eamo na web-stranici i olak\u0161ali navigaciju na na\u0161oj web-stranici. Na primer, kako bismo vas prepoznali kada na\u0161u web-stranicu posetite ponovo i izbegli postupak prijave ako ste otvorili korisni\u010dki nalog ili kako bismo vam omogu\u0107ili upravljanje korpom za kupovinu tokom pregledanja.<br \/>\nOva web-stranica koristi Google Analytics, uslugu analize web-sadr\u017eaja i prometa koju pru\u017ea kompanija Google Inc. (\u201eGoogle\u201c). Google Analytics upotrebljava kola\u010di\u0107e koji su sa\u010duvani na va\u0161em ra\u010dunaru i omogu\u0107avaju analizu va\u0161e upotrebe web-stranice. Informacije o va\u0161oj upotrebi ove web-stranice generisane takvim kola\u010di\u0107em (uklju\u010duju\u0107i va\u0161u IP adresu) prenose se i \u010duvaju na Googleovom serveru u SAD-u.<br \/>\nGoogle koristi te informacije za evaluaciju va\u0161e upotrebe ove web-stranice, kako bi sastavio izve\u0161taj o aktivnosti na web stranici za vlasnika iste, i kako bi pru\u017eilo druge usluge za kori\u0161\u0107enje web-stranice i interneta. Google \u0107e ove informacije staviti na raspolaganje tre\u0107im stranama ako je Google zakonski obavezan da to u\u010dini ili ako Google anga\u017euje te strane za obradu podataka. Google ne\u0107e povezati va\u0161u IP adresu s bilo kojim drugim podacima na Googleu. Mo\u017eete spre\u010diti instaliranje tih kola\u010di\u0107a tako \u0161to \u0107ete svoj preglednik tako konfigurisati. Imajte na umu da mo\u017eda ne\u0107ete mo\u0107i pristupiti svim funkcijama ove web-stranice ako to u\u010dinite. Upotrebom ove web-stranice izri\u010dito dopu\u0161tate da Google obradi podatke prikupljene kako je gore navedeno.<br \/>\nNadalje, radimo s drugim kompanijama koje upotrebljavaju tehnologije pra\u0107enja (tracking) kako bi u na\u0161e ime dostavili oglase na internetu. Te kompanije mogu prikupljati podatke koji se ne mogu upotrebiti za va\u0161u identifikaciju, t.j. podatke o va\u0161im posetama na\u0161oj web-stranici i va\u0161oj interakciji s na\u0161im komunikacijama, kao \u0161to je ogla\u0161avanje.<\/p>\n\t\t\t\t\t\t\t\t<\/div>\n\t\t\t\t<\/div>\n\t\t\t\t\t<\/div>\n\t\t<\/div>\n\t\t\t\t\t<\/div>\n\t\t<\/section>\n\t\t\t\t<section class=\"elementor-section elementor-top-section elementor-element elementor-element-3987805 elementor-section-height-min-height elementor-section-items-top elementor-section-boxed elementor-section-height-default\" data-id=\"3987805\" data-element_type=\"section\">\n\t\t\t\t\t\t<div class=\"elementor-container elementor-column-gap-default\">\n\t\t\t\t\t<div class=\"elementor-column elementor-col-50 elementor-top-column elementor-element elementor-element-aad1358\" data-id=\"aad1358\" data-element_type=\"column\">\n\t\t\t<div class=\"elementor-widget-wrap elementor-element-populated\">\n\t\t\t\t\t\t<div class=\"elementor-element elementor-element-fd2f80d elementor-widget elementor-widget-heading\" data-id=\"fd2f80d\" data-element_type=\"widget\" data-widget_type=\"heading.default\">\n\t\t\t\t<div class=\"elementor-widget-container\">\n\t\t\t\t\t<h2 class=\"elementor-heading-title elementor-size-default\">KAKO PROMENITI PODE\u0160AVANJA MOG RA\u010cUNARA KOJE SE ODNOSE NA UPOTREBU KOLA\u010cI\u0106A I ONEMOGU\u0106ITI IH?<\/h2>\t\t\t\t<\/div>\n\t\t\t\t<\/div>\n\t\t\t\t\t<\/div>\n\t\t<\/div>\n\t\t\t\t<div class=\"elementor-column elementor-col-50 elementor-top-column elementor-element elementor-element-b9a8dfd\" data-id=\"b9a8dfd\" data-element_type=\"column\">\n\t\t\t<div class=\"elementor-widget-wrap elementor-element-populated\">\n\t\t\t\t\t\t<div class=\"elementor-element elementor-element-5c13003 elementor-widget elementor-widget-text-editor\" data-id=\"5c13003\" data-element_type=\"widget\" data-widget_type=\"text-editor.default\">\n\t\t\t\t<div class=\"elementor-widget-container\">\n\t\t\t\t\t\t\t\t\t<p>Svoj ra\u010dunar mo\u017eete tako konfigurirati da vas upozori svaki put kad je poslat kola\u010di\u0107, a mo\u017eete i odabrati opciju onemogu\u0107avanja svih kola\u010di\u0107a. To mo\u017eete u\u010diniti u pode\u0161avanjima va\u0161eg preglednika. Svaki je preglednik malo druga\u010diji. Pogledajte meni Pomo\u0107 svog preglednika kako biste saznali kako mo\u017eete odgovaraju\u0107e upravljati svojim kola\u010di\u0107ima. Ako onemogu\u0107ite kola\u010di\u0107e, ne\u0107ete imati pristup mnogim karakteristikama koje olak\u0161avaju upotrebu ove web-stranice, a neke od na\u0161ih usluga ne\u0107e funkcionirati pravilno.<\/p>\n\t\t\t\t\t\t\t\t<\/div>\n\t\t\t\t<\/div>\n\t\t\t\t\t<\/div>\n\t\t<\/div>\n\t\t\t\t\t<\/div>\n\t\t<\/section>\n\t\t\t\t<section class=\"elementor-section elementor-top-section elementor-element elementor-element-415fc36 elementor-section-height-min-height elementor-section-items-top elementor-section-boxed elementor-section-height-default\" data-id=\"415fc36\" data-element_type=\"section\">\n\t\t\t\t\t\t<div class=\"elementor-container elementor-column-gap-default\">\n\t\t\t\t\t<div class=\"elementor-column elementor-col-50 elementor-top-column elementor-element elementor-element-75aa63c\" data-id=\"75aa63c\" data-element_type=\"column\">\n\t\t\t<div class=\"elementor-widget-wrap elementor-element-populated\">\n\t\t\t\t\t\t<div class=\"elementor-element elementor-element-38d0e81 elementor-widget elementor-widget-heading\" data-id=\"38d0e81\" data-element_type=\"widget\" data-widget_type=\"heading.default\">\n\t\t\t\t<div class=\"elementor-widget-container\">\n\t\t\t\t\t<h2 class=\"elementor-heading-title elementor-size-default\">WEB-STRANICE TRE\u0106IH STRANA<\/h2>\t\t\t\t<\/div>\n\t\t\t\t<\/div>\n\t\t\t\t\t<\/div>\n\t\t<\/div>\n\t\t\t\t<div class=\"elementor-column elementor-col-50 elementor-top-column elementor-element elementor-element-f565eb7\" data-id=\"f565eb7\" data-element_type=\"column\">\n\t\t\t<div class=\"elementor-widget-wrap elementor-element-populated\">\n\t\t\t\t\t\t<div class=\"elementor-element elementor-element-2a2cafc elementor-widget elementor-widget-text-editor\" data-id=\"2a2cafc\" data-element_type=\"widget\" data-widget_type=\"text-editor.default\">\n\t\t\t\t<div class=\"elementor-widget-container\">\n\t\t\t\t\t\t\t\t\t<p>Na\u0161a internet stranica mo\u017ee sadr\u017eati veze sa web-stranicama kojima upravljaju tre\u0107e strane koje ne podle\u017eu ovim Pravilima ove politike te u tim slu\u010dajevima praksa prikupljanja i kori\u0161\u0107enja li\u010dnih podataka mo\u017ee biti druga\u010dija od na\u0161e. U onim slu\u010dajevima kad nismo vlasnik niti upravljamo takvim web-stranicama, ne mo\u017eemo biti odgovorni za upotrebu va\u0161ih li\u010dnih podataka od strane tre\u0107ih strana. Preporu\u010dujemo vam da pro\u010ditate informacije o obradi li\u010dnih podataka koje su te web-stranice navele.<\/p>\n\t\t\t\t\t\t\t\t<\/div>\n\t\t\t\t<\/div>\n\t\t\t\t\t<\/div>\n\t\t<\/div>\n\t\t\t\t\t<\/div>\n\t\t<\/section>\n\t\t\t\t<section class=\"elementor-section elementor-top-section elementor-element elementor-element-5bbe040 elementor-section-height-min-height elementor-section-items-top elementor-section-boxed elementor-section-height-default\" data-id=\"5bbe040\" data-element_type=\"section\">\n\t\t\t\t\t\t<div class=\"elementor-container elementor-column-gap-default\">\n\t\t\t\t\t<div class=\"elementor-column elementor-col-50 elementor-top-column elementor-element elementor-element-589bc92\" data-id=\"589bc92\" data-element_type=\"column\">\n\t\t\t<div class=\"elementor-widget-wrap elementor-element-populated\">\n\t\t\t\t\t\t<div class=\"elementor-element elementor-element-0b57a01 elementor-widget elementor-widget-heading\" data-id=\"0b57a01\" data-element_type=\"widget\" data-widget_type=\"heading.default\">\n\t\t\t\t<div class=\"elementor-widget-container\">\n\t\t\t\t\t<h2 class=\"elementor-heading-title elementor-size-default\">PROMENE NA\u0160IH PRAVILA ZA\u0160TITE PODATAKA O LI\u010cNOSTI<\/h2>\t\t\t\t<\/div>\n\t\t\t\t<\/div>\n\t\t\t\t\t<\/div>\n\t\t<\/div>\n\t\t\t\t<div class=\"elementor-column elementor-col-50 elementor-top-column elementor-element elementor-element-d9875d1\" data-id=\"d9875d1\" data-element_type=\"column\">\n\t\t\t<div class=\"elementor-widget-wrap elementor-element-populated\">\n\t\t\t\t\t\t<div class=\"elementor-element elementor-element-de75581 elementor-widget elementor-widget-text-editor\" data-id=\"de75581\" data-element_type=\"widget\" data-widget_type=\"text-editor.default\">\n\t\t\t\t<div class=\"elementor-widget-container\">\n\t\t\t\t\t\t\t\t\t<p>Ako odlu\u010dimo da promenimo na\u0161u politiku za\u0161tite podataka o li\u010dnosti, nova pravila \u0107emo objaviti na ovoj web-stranici. Preporu\u010dujemo da redovno proveravate da li su na\u0161a pravila o za\u0161titi podataka o li\u010dnosti izmenjena.<\/p>\n\t\t\t\t\t\t\t\t<\/div>\n\t\t\t\t<\/div>\n\t\t\t\t\t<\/div>\n\t\t<\/div>\n\t\t\t\t\t<\/div>\n\t\t<\/section>\n\t\t\t\t<section class=\"elementor-section elementor-top-section elementor-element elementor-element-3e8890f elementor-section-height-min-height elementor-section-items-top elementor-section-boxed elementor-section-height-default\" data-id=\"3e8890f\" data-element_type=\"section\">\n\t\t\t\t\t\t<div class=\"elementor-container elementor-column-gap-default\">\n\t\t\t\t\t<div class=\"elementor-column elementor-col-50 elementor-top-column elementor-element elementor-element-88207b1\" data-id=\"88207b1\" data-element_type=\"column\">\n\t\t\t<div class=\"elementor-widget-wrap elementor-element-populated\">\n\t\t\t\t\t\t<div class=\"elementor-element elementor-element-d0e9bac elementor-widget elementor-widget-heading\" data-id=\"d0e9bac\" data-element_type=\"widget\" data-widget_type=\"heading.default\">\n\t\t\t\t<div class=\"elementor-widget-container\">\n\t\t\t\t\t<h2 class=\"elementor-heading-title elementor-size-default\">PRAVA PRISTUPA, ISPRAVKI I BRISANJA VA\u0160IH PODATAKA I PRAVO PRIGOVORA NA NJIHOVU OBRADU<\/h2>\t\t\t\t<\/div>\n\t\t\t\t<\/div>\n\t\t\t\t\t<\/div>\n\t\t<\/div>\n\t\t\t\t<div class=\"elementor-column elementor-col-50 elementor-top-column elementor-element elementor-element-ba1373c\" data-id=\"ba1373c\" data-element_type=\"column\">\n\t\t\t<div class=\"elementor-widget-wrap elementor-element-populated\">\n\t\t\t\t\t\t<div class=\"elementor-element elementor-element-2e38908 elementor-widget elementor-widget-text-editor\" data-id=\"2e38908\" data-element_type=\"widget\" data-widget_type=\"text-editor.default\">\n\t\t\t\t<div class=\"elementor-widget-container\">\n\t\t\t\t\t\t\t\t\t<p>U skladu sa zakonom, svaka osoba \u010diji se podaci prikupljaju i obra\u0111uju na web-stranicama imaju pravo pristupa, ispravki i brisanja svih li\u010dnih podataka koji se odnose na nju, kao i pravo da na valjanim osnovama ulo\u017ee prigovore na obradu njenih podataka. Da biste ostvarili ta prava, mo\u017eete nas kontaktirati na slede\u0107u adresu: <span style=\"color: #800000;\"><a style=\"color: #800000;\" href=\"mailto:info@ecg-electro.eu\">info@ecg-electro.eu<\/a><\/span><\/p>\n\t\t\t\t\t\t\t\t<\/div>\n\t\t\t\t<\/div>\n\t\t\t\t\t<\/div>\n\t\t<\/div>\n\t\t\t\t\t<\/div>\n\t\t<\/section>\n\t\t\t\t<\/div>\n\t\t","protected":false},"excerpt":{"rendered":"<p>Izjava o privatnosti IZJAVA O ZA\u0160TITI PODATAKA O LI\u010cNOSTI K+B Progres, a.s. \u017eeli biti \u0161to otvoreniji o svom prikupljanju i obradi li\u010dnih podataka korisnika koji pregledaju i\/ili koriste usluge web-stranice ecg-electro.eu Pravila o za\u0161titi podataka o li\u010dnosti (\u201ePravila\u201c) koja su navedena u nastavku opisuju kako se koriste li\u010dni podaci prikupljeni u vezi s ovom web-stranom, [&hellip;]<\/p>\n","protected":false},"author":1,"featured_media":0,"parent":0,"menu_order":0,"comment_status":"closed","ping_status":"closed","template":"elementor_header_footer","meta":{"_acf_changed":false,"_monsterinsights_skip_tracking":false,"_monsterinsights_sitenote_active":false,"_monsterinsights_sitenote_note":"","_monsterinsights_sitenote_category":0,"footnotes":""},"class_list":["post-227193","page","type-page","status-publish","hentry"],"acf":[],"_links":{"self":[{"href":"https:\/\/ecg-electro.eu\/sr\/wp-json\/wp\/v2\/pages\/227193","targetHints":{"allow":["GET"]}}],"collection":[{"href":"https:\/\/ecg-electro.eu\/sr\/wp-json\/wp\/v2\/pages"}],"about":[{"href":"https:\/\/ecg-electro.eu\/sr\/wp-json\/wp\/v2\/types\/page"}],"author":[{"embeddable":true,"href":"https:\/\/ecg-electro.eu\/sr\/wp-json\/wp\/v2\/users\/1"}],"replies":[{"embeddable":true,"href":"https:\/\/ecg-electro.eu\/sr\/wp-json\/wp\/v2\/comments?post=227193"}],"version-history":[{"count":3,"href":"https:\/\/ecg-electro.eu\/sr\/wp-json\/wp\/v2\/pages\/227193\/revisions"}],"predecessor-version":[{"id":2027689,"href":"https:\/\/ecg-electro.eu\/sr\/wp-json\/wp\/v2\/pages\/227193\/revisions\/2027689"}],"wp:attachment":[{"href":"https:\/\/ecg-electro.eu\/sr\/wp-json\/wp\/v2\/media?parent=227193"}],"curies":[{"name":"wp","href":"https:\/\/api.w.org\/{rel}","templated":true}]}}