{"id":241304,"date":"2021-03-06T16:22:25","date_gmt":"2021-03-06T16:22:25","guid":{"rendered":"https:\/\/ecg-electro.eu\/nacela-varstva-zasebnosti\/"},"modified":"2021-06-27T17:21:35","modified_gmt":"2021-06-27T17:21:35","slug":"nacela-varstva-zasebnosti","status":"publish","type":"page","link":"https:\/\/ecg-electro.eu\/sl\/nacela-varstva-zasebnosti\/","title":{"rendered":"Na\u010dela varstva zasebnosti"},"content":{"rendered":"\t\t<div data-elementor-type=\"wp-page\" data-elementor-id=\"241304\" class=\"elementor elementor-241304 elementor-217752\" data-elementor-post-type=\"page\">\n\t\t\t\t\t\t<section class=\"elementor-section elementor-top-section elementor-element elementor-element-8dc5467 elementor-section-boxed elementor-section-height-default elementor-section-height-default\" data-id=\"8dc5467\" data-element_type=\"section\" data-settings=\"{&quot;background_background&quot;:&quot;classic&quot;}\">\n\t\t\t\t\t\t<div class=\"elementor-container elementor-column-gap-default\">\n\t\t\t\t\t<div class=\"elementor-column elementor-col-100 elementor-top-column elementor-element elementor-element-aa40a3e\" data-id=\"aa40a3e\" data-element_type=\"column\">\n\t\t\t<div class=\"elementor-widget-wrap elementor-element-populated\">\n\t\t\t\t\t\t<div class=\"elementor-element elementor-element-3408882 elementor-widget elementor-widget-image\" data-id=\"3408882\" data-element_type=\"widget\" data-widget_type=\"image.default\">\n\t\t\t\t<div class=\"elementor-widget-container\">\n\t\t\t\t\t\t\t\t\t\t\t\t\t\t\t<img decoding=\"async\" src=\"https:\/\/ecg-electro.eu\/wp-content\/uploads\/2021\/04\/ecg_terms_conditions.jpg\" title=\"\" alt=\"\" loading=\"lazy\" \/>\t\t\t\t\t\t\t\t\t\t\t\t\t\t\t<\/div>\n\t\t\t\t<\/div>\n\t\t\t\t\t<\/div>\n\t\t<\/div>\n\t\t\t\t\t<\/div>\n\t\t<\/section>\n\t\t\t\t<section class=\"elementor-section elementor-top-section elementor-element elementor-element-0cf60f3 elementor-section-boxed elementor-section-height-default elementor-section-height-default\" data-id=\"0cf60f3\" data-element_type=\"section\">\n\t\t\t\t\t\t<div class=\"elementor-container elementor-column-gap-default\">\n\t\t\t\t\t<div class=\"elementor-column elementor-col-100 elementor-top-column elementor-element elementor-element-44d8585\" data-id=\"44d8585\" data-element_type=\"column\">\n\t\t\t<div class=\"elementor-widget-wrap elementor-element-populated\">\n\t\t\t\t\t\t<div class=\"elementor-element elementor-element-bcad61e elementor-widget elementor-widget-heading\" data-id=\"bcad61e\" data-element_type=\"widget\" data-widget_type=\"heading.default\">\n\t\t\t\t<div class=\"elementor-widget-container\">\n\t\t\t\t\t<h2 class=\"elementor-heading-title elementor-size-default\">Na\u010dela varstva zasebnosti<\/h2>\t\t\t\t<\/div>\n\t\t\t\t<\/div>\n\t\t\t\t\t<\/div>\n\t\t<\/div>\n\t\t\t\t\t<\/div>\n\t\t<\/section>\n\t\t\t\t<section class=\"elementor-section elementor-top-section elementor-element elementor-element-8c8eefa elementor-section-boxed elementor-section-height-default elementor-section-height-default\" data-id=\"8c8eefa\" data-element_type=\"section\">\n\t\t\t\t\t\t<div class=\"elementor-container elementor-column-gap-default\">\n\t\t\t\t\t<div class=\"elementor-column elementor-col-100 elementor-top-column elementor-element elementor-element-605559d\" data-id=\"605559d\" data-element_type=\"column\">\n\t\t\t<div class=\"elementor-widget-wrap elementor-element-populated\">\n\t\t\t\t\t\t<div class=\"elementor-element elementor-element-c781242 elementor-widget elementor-widget-text-editor\" data-id=\"c781242\" data-element_type=\"widget\" data-widget_type=\"text-editor.default\">\n\t\t\t\t<div class=\"elementor-widget-container\">\n\t\t\t\t\t\t\t\t\t<p>Dru\u017eba K + B Progres a.s. (\u00bbmi\u00ab, \u00bbnas\u00ab, \u00bbna\u0161\u00ab itd.) je lastnik spletnih strani ecg-electro.eu (\u00bbSpletno mesto\u00ab). S tem soglasjem o varstvu zasebnosti se zavezujemo, da bomo varovali zasebnost posameznikov in jih obve\u0161\u010dali o zbiranju osebnih podatkov in o postopkih njihove obdelave za namene tega Spletnega mesta. <br \/>Prosimo, da si skrbno preberete ta na\u010dela varstva zasebnosti, v katerih boste izvedeli, kako zbiramo, obdelujemo ali druga\u010de uporabljamo va\u0161e osebne podatke.<\/p>\n\t\t\t\t\t\t\t\t<\/div>\n\t\t\t\t<\/div>\n\t\t\t\t\t<\/div>\n\t\t<\/div>\n\t\t\t\t\t<\/div>\n\t\t<\/section>\n\t\t\t\t<section class=\"elementor-section elementor-top-section elementor-element elementor-element-a5c6331 elementor-section-height-min-height elementor-section-items-top elementor-section-boxed elementor-section-height-default\" data-id=\"a5c6331\" data-element_type=\"section\">\n\t\t\t\t\t\t<div class=\"elementor-container elementor-column-gap-default\">\n\t\t\t\t\t<div class=\"elementor-column elementor-col-50 elementor-top-column elementor-element elementor-element-f8c965c\" data-id=\"f8c965c\" data-element_type=\"column\">\n\t\t\t<div class=\"elementor-widget-wrap elementor-element-populated\">\n\t\t\t\t\t\t<div class=\"elementor-element elementor-element-528d901 elementor-widget elementor-widget-heading\" data-id=\"528d901\" data-element_type=\"widget\" data-widget_type=\"heading.default\">\n\t\t\t\t<div class=\"elementor-widget-container\">\n\t\t\t\t\t<h2 class=\"elementor-heading-title elementor-size-default\">POOBLA\u0160\u010cENA OSEBA ZA VARSTVO OSEBNIH PODATKOV\n<\/h2>\t\t\t\t<\/div>\n\t\t\t\t<\/div>\n\t\t\t\t\t<\/div>\n\t\t<\/div>\n\t\t\t\t<div class=\"elementor-column elementor-col-50 elementor-top-column elementor-element elementor-element-d6e904f\" data-id=\"d6e904f\" data-element_type=\"column\">\n\t\t\t<div class=\"elementor-widget-wrap elementor-element-populated\">\n\t\t\t\t\t\t<div class=\"elementor-element elementor-element-be6d827 elementor-widget elementor-widget-text-editor\" data-id=\"be6d827\" data-element_type=\"widget\" data-widget_type=\"text-editor.default\">\n\t\t\t\t<div class=\"elementor-widget-container\">\n\t\t\t\t\t\t\t\t\t<p>Lastnik in upravljavec spletnih strani ecg-electro.eu je dru\u017eba K + B Progres, a.s., s sede\u017eem na naslovu U Expertu 91, 250 69 Kl\u00ed\u010dany, \u010ce\u0161ka republika, Mati\u010dna \u0161t.: 61860123, ki je v skladu z zakonom \u0161t. 121\/2000 Z. z. \u010ce\u0161ke republike, Zakon o avtorski pravici, poobla\u0161\u010dena za izvr\u0161evanje lastninskih pravic nad temi spletnimi stranmi (dalje samo \u00bbUpravljavec\u00ab).<br \/>Kontaktni podatki administratorja so slede\u010di:<br \/>Naslov za po\u0161iljanje: K+B Progres,a.s., U Expertu 91, 250 69, Kl\u00ed\u010dany, \u010ce\u0161ka republika<br \/>E-po\u0161ta: oou@kbprogres.cz<\/p>\n\t\t\t\t\t\t\t\t<\/div>\n\t\t\t\t<\/div>\n\t\t\t\t\t<\/div>\n\t\t<\/div>\n\t\t\t\t\t<\/div>\n\t\t<\/section>\n\t\t\t\t<section class=\"elementor-section elementor-top-section elementor-element elementor-element-157b202 elementor-section-height-min-height elementor-section-items-top elementor-section-boxed elementor-section-height-default\" data-id=\"157b202\" data-element_type=\"section\">\n\t\t\t\t\t\t<div class=\"elementor-container elementor-column-gap-default\">\n\t\t\t\t\t<div class=\"elementor-column elementor-col-50 elementor-top-column elementor-element elementor-element-3df056e\" data-id=\"3df056e\" data-element_type=\"column\">\n\t\t\t<div class=\"elementor-widget-wrap elementor-element-populated\">\n\t\t\t\t\t\t<div class=\"elementor-element elementor-element-2401701 elementor-widget elementor-widget-heading\" data-id=\"2401701\" data-element_type=\"widget\" data-widget_type=\"heading.default\">\n\t\t\t\t<div class=\"elementor-widget-container\">\n\t\t\t\t\t<h2 class=\"elementor-heading-title elementor-size-default\">ZBIRANJE PODATKOV\n<\/h2>\t\t\t\t<\/div>\n\t\t\t\t<\/div>\n\t\t\t\t\t<\/div>\n\t\t<\/div>\n\t\t\t\t<div class=\"elementor-column elementor-col-50 elementor-top-column elementor-element elementor-element-0b44142\" data-id=\"0b44142\" data-element_type=\"column\">\n\t\t\t<div class=\"elementor-widget-wrap elementor-element-populated\">\n\t\t\t\t\t\t<div class=\"elementor-element elementor-element-7a51faa elementor-widget elementor-widget-text-editor\" data-id=\"7a51faa\" data-element_type=\"widget\" data-widget_type=\"text-editor.default\">\n\t\t\t\t<div class=\"elementor-widget-container\">\n\t\t\t\t\t\t\t\t\t<p>Osebni podatki so vse informacije o dolo\u010denem ali dolo\u010dljivem posamezniku (dalje le \u00bbposameznik\u00ab). Dolo\u010dljiv posameznik je posameznik, ki ga je mogo\u010de neposredno ali posredno identificirati, predvsem s povezavo do dolo\u010denega identifikatorja, na primer ime, identifikacijska \u0161tevilka, podatki o lokaciji, spletni identifikator ali z navedbo enega ali ve\u010d dejavnikov, ki so zna\u010dilni za fizi\u010dno, fiziolo\u0161ko, genetsko, du\u0161evno, gospodarsko, kulturno ali dru\u017ebeno identiteto tega posameznika. <br \/>Osebnih podatkov posameznikov ne zbiramo, razen \u010de nam ti posamezniki izrecno take podatke prostovoljno posredujejo. Va\u0161e podatke zbiramo, \u010de izpolnite enega od na\u0161ih kontaktnih obrazcev ali \u010de se prijavite na prejemanje novic. <br \/>Uporabnike je treba opozoriti tudi na to, da lahko pride do samodejnega zbiranja drugih, ne le osebnih podatkov, s standardnim delovanjem na\u0161ih spletnih stre\u017enikov ali z uporabo t. i. \u00bbpi\u0161kotkov\u00ab. <a href=\"https:\/\/www.isc2.org\/Policies-Procedures\/~\/link.aspx?_id=97CCE3262695496C80F4EE8A0A62F078&amp;_z=z\" target=\"_blank\" rel=\"noopener\">Ve\u010d informacij<\/a>o tem, kako uporabljamo pi\u0161kotke.<br \/>Primeri informacij, ki jih zbiramo o va\u0161em na\u010dinu uporabe na\u0161ih strani: najbolj ogledane in obiskane strani in povezave na na\u0161em spletnem mestu, \u0161tevilo izpolnjenih obrazcev, porabljen \u010das na straneh, najbolj uspe\u0161ne klju\u010dne besede zunaj na\u0161e strani, ki na na\u0161e strani pritegnejo stranke, naslov va\u0161ega ra\u010dunalnika (IP-naslov), informacije, ki se zbirajo s pomo\u010djo pi\u0161kotkov, informacije o dogodkih v napravi, kot je aktivnost sistema, nastavitve strojne opreme, tip brskalnika itd.<\/p>\n\t\t\t\t\t\t\t\t<\/div>\n\t\t\t\t<\/div>\n\t\t\t\t\t<\/div>\n\t\t<\/div>\n\t\t\t\t\t<\/div>\n\t\t<\/section>\n\t\t\t\t<section class=\"elementor-section elementor-top-section elementor-element elementor-element-e01ee99 elementor-section-height-min-height elementor-section-items-top elementor-section-boxed elementor-section-height-default\" data-id=\"e01ee99\" data-element_type=\"section\">\n\t\t\t\t\t\t<div class=\"elementor-container elementor-column-gap-default\">\n\t\t\t\t\t<div class=\"elementor-column elementor-col-50 elementor-top-column elementor-element elementor-element-b0f9bf4\" data-id=\"b0f9bf4\" data-element_type=\"column\">\n\t\t\t<div class=\"elementor-widget-wrap elementor-element-populated\">\n\t\t\t\t\t\t<div class=\"elementor-element elementor-element-eaa0db7 elementor-widget elementor-widget-heading\" data-id=\"eaa0db7\" data-element_type=\"widget\" data-widget_type=\"heading.default\">\n\t\t\t\t<div class=\"elementor-widget-container\">\n\t\t\t\t\t<h2 class=\"elementor-heading-title elementor-size-default\">OBDELAVA PODATKOV\n<\/h2>\t\t\t\t<\/div>\n\t\t\t\t<\/div>\n\t\t\t\t\t<\/div>\n\t\t<\/div>\n\t\t\t\t<div class=\"elementor-column elementor-col-50 elementor-top-column elementor-element elementor-element-ed40116\" data-id=\"ed40116\" data-element_type=\"column\">\n\t\t\t<div class=\"elementor-widget-wrap elementor-element-populated\">\n\t\t\t\t\t\t<div class=\"elementor-element elementor-element-170a422 elementor-widget elementor-widget-text-editor\" data-id=\"170a422\" data-element_type=\"widget\" data-widget_type=\"text-editor.default\">\n\t\t\t\t<div class=\"elementor-widget-container\">\n\t\t\t\t\t\t\t\t\t<p>Vse informacije, ki jih od vas zbiramo, so lahko dalje uporabljene za enega ali ve\u010d naslednjih namenov:<br \/>\u2022 Personalizacija va\u0161e izku\u0161nje (informacije nam pomagajo bolje reagirati na va\u0161e individualne potrebe);<br \/>\u2022 Izbolj\u0161anje na\u0161ega spletnega mesta (trudimo se za stalno izbolj\u0161evanje ponudbe na na\u0161ih straneh na osnovi podatkov ter povratnih informacij, ki jih pridobimo od svojih strank);<br \/>\u2022 Vzpostavitev primarnega kanala za komunikacijo z vami;<br \/>\u2022 Po\u0161iljanje ob\u010dasne e-po\u0161te (z novicami (\u010de ste podali soglasje), novostmi, informacijami o izdelkih, obvestili o delovanju ipd.).<\/p>\n\t\t\t\t\t\t\t\t<\/div>\n\t\t\t\t<\/div>\n\t\t\t\t\t<\/div>\n\t\t<\/div>\n\t\t\t\t\t<\/div>\n\t\t<\/section>\n\t\t\t\t<section class=\"elementor-section elementor-top-section elementor-element elementor-element-b217d51 elementor-section-height-min-height elementor-section-items-top elementor-section-boxed elementor-section-height-default\" data-id=\"b217d51\" data-element_type=\"section\">\n\t\t\t\t\t\t<div class=\"elementor-container elementor-column-gap-default\">\n\t\t\t\t\t<div class=\"elementor-column elementor-col-50 elementor-top-column elementor-element elementor-element-6e1f022\" data-id=\"6e1f022\" data-element_type=\"column\">\n\t\t\t<div class=\"elementor-widget-wrap elementor-element-populated\">\n\t\t\t\t\t\t<div class=\"elementor-element elementor-element-c50ca83 elementor-widget elementor-widget-heading\" data-id=\"c50ca83\" data-element_type=\"widget\" data-widget_type=\"heading.default\">\n\t\t\t\t<div class=\"elementor-widget-container\">\n\t\t\t\t\t<h2 class=\"elementor-heading-title elementor-size-default\">UPORABA PI\u0160KOTKOV\n<\/h2>\t\t\t\t<\/div>\n\t\t\t\t<\/div>\n\t\t\t\t\t<\/div>\n\t\t<\/div>\n\t\t\t\t<div class=\"elementor-column elementor-col-50 elementor-top-column elementor-element elementor-element-174a2f7\" data-id=\"174a2f7\" data-element_type=\"column\">\n\t\t\t<div class=\"elementor-widget-wrap elementor-element-populated\">\n\t\t\t\t\t\t<div class=\"elementor-element elementor-element-74deb14 elementor-widget elementor-widget-text-editor\" data-id=\"74deb14\" data-element_type=\"widget\" data-widget_type=\"text-editor.default\">\n\t\t\t\t<div class=\"elementor-widget-container\">\n\t\t\t\t\t\t\t\t\t<p>Informacije o tem, kako uporabljamo pi\u0161kotke, najdete v na\u0161ih Na\u010delih uporabe pi\u0161kotkov.<\/p>\n\t\t\t\t\t\t\t\t<\/div>\n\t\t\t\t<\/div>\n\t\t\t\t\t<\/div>\n\t\t<\/div>\n\t\t\t\t\t<\/div>\n\t\t<\/section>\n\t\t\t\t<section class=\"elementor-section elementor-top-section elementor-element elementor-element-67132cb elementor-section-height-min-height elementor-section-items-top elementor-section-boxed elementor-section-height-default\" data-id=\"67132cb\" data-element_type=\"section\">\n\t\t\t\t\t\t<div class=\"elementor-container elementor-column-gap-default\">\n\t\t\t\t\t<div class=\"elementor-column elementor-col-50 elementor-top-column elementor-element elementor-element-263f866\" data-id=\"263f866\" data-element_type=\"column\">\n\t\t\t<div class=\"elementor-widget-wrap elementor-element-populated\">\n\t\t\t\t\t\t<div class=\"elementor-element elementor-element-55e1362 elementor-widget elementor-widget-heading\" data-id=\"55e1362\" data-element_type=\"widget\" data-widget_type=\"heading.default\">\n\t\t\t\t<div class=\"elementor-widget-container\">\n\t\t\t\t\t<h2 class=\"elementor-heading-title elementor-size-default\">VARSTVO VA\u0160IH OSEBNIH PODATKOV\n<\/h2>\t\t\t\t<\/div>\n\t\t\t\t<\/div>\n\t\t\t\t\t<\/div>\n\t\t<\/div>\n\t\t\t\t<div class=\"elementor-column elementor-col-50 elementor-top-column elementor-element elementor-element-e272412\" data-id=\"e272412\" data-element_type=\"column\">\n\t\t\t<div class=\"elementor-widget-wrap elementor-element-populated\">\n\t\t\t\t\t\t<div class=\"elementor-element elementor-element-dba36ed elementor-widget elementor-widget-text-editor\" data-id=\"dba36ed\" data-element_type=\"widget\" data-widget_type=\"text-editor.default\">\n\t\t\t\t<div class=\"elementor-widget-container\">\n\t\t\t\t\t\t\t\t\t<p>Zasebno naravo podatkov in osebno dolo\u010dljivih informacij, ki nam jih prena\u0161ate pri uporabi na\u0161ega Spletnega mesta, nam pomagajo \u0161\u010dititi fizi\u010dna, tehni\u010dna in administrativna sredstva. Varnostne tehnologije, ki jih uporabljamo, nenehno posodabljamo in testiramo. Dostop do va\u0161ih osebnih podatkov omejujemo na tiste zaposlene, ki te informacije potrebujejo, da bi vam lahko ponudili ugodne koristi ali storitve. Svoje zaposlene tudi usposabljamo, da bi se zavedali izjemno zaupne narave va\u0161ih podatkov in zahtev za nadaljnjo ohranjanje njihove zaupnosti in za njihovo varnost. Zavezujemo se, da bomo sprejeli ustrezne disciplinarne ukrepe, ki bodo pomagali zagotoviti spo\u0161tovanje zaupnosti informacij s strani na\u0161ih zaposlenih.    <\/p>\n\t\t\t\t\t\t\t\t<\/div>\n\t\t\t\t<\/div>\n\t\t\t\t\t<\/div>\n\t\t<\/div>\n\t\t\t\t\t<\/div>\n\t\t<\/section>\n\t\t\t\t<section class=\"elementor-section elementor-top-section elementor-element elementor-element-a7c96c7 elementor-section-height-min-height elementor-section-items-top elementor-section-boxed elementor-section-height-default\" data-id=\"a7c96c7\" data-element_type=\"section\">\n\t\t\t\t\t\t<div class=\"elementor-container elementor-column-gap-default\">\n\t\t\t\t\t<div class=\"elementor-column elementor-col-50 elementor-top-column elementor-element elementor-element-6404a0c\" data-id=\"6404a0c\" data-element_type=\"column\">\n\t\t\t<div class=\"elementor-widget-wrap elementor-element-populated\">\n\t\t\t\t\t\t<div class=\"elementor-element elementor-element-b23218e elementor-widget elementor-widget-heading\" data-id=\"b23218e\" data-element_type=\"widget\" data-widget_type=\"heading.default\">\n\t\t\t\t<div class=\"elementor-widget-container\">\n\t\t\t\t\t<h2 class=\"elementor-heading-title elementor-size-default\">PRAVICE POSAMEZNIKOV\n<\/h2>\t\t\t\t<\/div>\n\t\t\t\t<\/div>\n\t\t\t\t\t<\/div>\n\t\t<\/div>\n\t\t\t\t<div class=\"elementor-column elementor-col-50 elementor-top-column elementor-element elementor-element-cff4523\" data-id=\"cff4523\" data-element_type=\"column\">\n\t\t\t<div class=\"elementor-widget-wrap elementor-element-populated\">\n\t\t\t\t\t\t<div class=\"elementor-element elementor-element-0f7dcae elementor-widget elementor-widget-text-editor\" data-id=\"0f7dcae\" data-element_type=\"widget\" data-widget_type=\"text-editor.default\">\n\t\t\t\t<div class=\"elementor-widget-container\">\n\t\t\t\t\t\t\t\t\t<p>\u010ce boste \u017eeleli potrditev o tem, da obdelujemo va\u0161e osebne podatke, ali \u010de boste \u017eeleli pridobiti dostop do osebnih podatkov, ki jih o vas morda zbiramo, se na nas obrnite na naslovu info@ecg-electro.eu.<\/p>\n<p>Lahko tudi zahtevate informacije, ki so povezane z: namenom obdelave; kategorijami ustreznih osebnih podatkov, kdo vse poleg nas bi lahko te podatke pridobil; kak\u0161en je bil vir teh informacij (\u010de ne prihajajo neposredno od vas); kako dolgo se bodo ti podatki hranili. Pravico imate do spremembe (popravka) zapisa va\u0161ih osebnih podatkov pri nas, \u010de niso pravilni. Pri nas lahko zahtevate izbris podatkov ali njihovo izlo\u010ditev iz obdelave, razen \u010de se uveljavijo dolo\u010dene izjeme. Lahko tudi zahtevate, da bi se vzdr\u017eali nadaljnje uporabe va\u0161ih podatkov za namene neposrednega tr\u017eenja. \u010ce imate pripombe na na\u010din, s katerim obdelujemo va\u0161e osebne podatke, imate v \u0161tevilnih dr\u017eavah pravico do vlo\u017eitve prito\u017ebe pri ustreznem organu za varstvo osebnih podatkov. \u010ce bo to tehni\u010dno mogo\u010de, bomo na va\u0161o zahtevo prenesli va\u0161e osebne podatke vam ali neposredno drugemu upravljavcu.     <\/p>\n<p>Ustrezen dostop do va\u0161ih osebnih podatkov bo omogo\u010den brezpla\u010dno na zahtevo, vlo\u017eeno na naslovu dpo@gdprinformer.com. \u010ce podatkov ne bo mogo\u010de razkriti v ustreznem roku, vam bomo sporo\u010dili datum, ko bodo informacije zagotovljene. \u010ce bo dostop iz dolo\u010denega razloga zavrnjen, vam bomo podali pojasnilo, zakaj je do zavrnitve dostopa pri\u0161lo.  <\/p>\n\t\t\t\t\t\t\t\t<\/div>\n\t\t\t\t<\/div>\n\t\t\t\t\t<\/div>\n\t\t<\/div>\n\t\t\t\t\t<\/div>\n\t\t<\/section>\n\t\t\t\t<section class=\"elementor-section elementor-top-section elementor-element elementor-element-38b2cb4 elementor-section-height-min-height elementor-section-items-top elementor-section-boxed elementor-section-height-default\" data-id=\"38b2cb4\" data-element_type=\"section\">\n\t\t\t\t\t\t<div class=\"elementor-container elementor-column-gap-default\">\n\t\t\t\t\t<div class=\"elementor-column elementor-col-50 elementor-top-column elementor-element elementor-element-0fb4907\" data-id=\"0fb4907\" data-element_type=\"column\">\n\t\t\t<div class=\"elementor-widget-wrap elementor-element-populated\">\n\t\t\t\t\t\t<div class=\"elementor-element elementor-element-8869a77 elementor-widget elementor-widget-heading\" data-id=\"8869a77\" data-element_type=\"widget\" data-widget_type=\"heading.default\">\n\t\t\t\t<div class=\"elementor-widget-container\">\n\t\t\t\t\t<h2 class=\"elementor-heading-title elementor-size-default\">OBVESTILA O KR\u0160ITVI VARSTVA OSEBNIH PODATKOV<\/h2>\t\t\t\t<\/div>\n\t\t\t\t<\/div>\n\t\t\t\t\t<\/div>\n\t\t<\/div>\n\t\t\t\t<div class=\"elementor-column elementor-col-50 elementor-top-column elementor-element elementor-element-66c69dc\" data-id=\"66c69dc\" data-element_type=\"column\">\n\t\t\t<div class=\"elementor-widget-wrap elementor-element-populated\">\n\t\t\t\t\t\t<div class=\"elementor-element elementor-element-f5be2c3 elementor-widget elementor-widget-text-editor\" data-id=\"f5be2c3\" data-element_type=\"widget\" data-widget_type=\"text-editor.default\">\n\t\t\t\t<div class=\"elementor-widget-container\">\n\t\t\t\t\t\t\t\t\t<p>V primeru, da pride do zlorabe va\u0161ih podatkov, bomo vas in nadzorni organ obvestili v 72 urah prek e-po\u0161te z navedbo informacije o obsegu kr\u0161itve, s katerimi podatki je povezana, kako to vpliva na zagotavljanje storitev in kak\u0161en je na\u0161 akcijski na\u010drt ukrepov za za\u0161\u010dito teh podatkov in zmanj\u0161anje vseh mo\u017enih negativnih vplivov na posameznike.<br \/>Obvestili vas bomo, \u010de:<\/p>\n<p>\u2022 smo izvedli ustrezne tehni\u010dne in organizacijske za\u0161\u010ditne ukrepe (npr. \u0161ifriranje) in \u010de so ti ukrepi bili uporabljeni za osebne podatke, v zvezi s katerimi je bila storjena kr\u0161itev varstva, zlasti ukrepi, na podlagi katerih postanejo osebni podatki nerazumljivi vsem, ki niso poobla\u0161\u010deni za dostop do njih;<br \/>\u2022 smo sprejeli ukrepe za zagotovitev, da se veliko tveganje za pravice in svobo\u0161\u010dine posameznikov verjetno ne bo ve\u010d udejanjilo;<br \/>\u2022 bi to zahtevalo nesorazmeren napor (v tak\u0161nem primeru vas bomo obvestili na enako u\u010dinkovit na\u010din s pomo\u010djo javnega obvestila ali podobnega ukrepa).<\/p>\n<p>\u00bbKr\u0161itev varstva osebnih podatkov\u00ab pomeni kr\u0161itev varnosti, ki povzro\u010di nenamerno ali nezakonito uni\u010denje, izgubo, spremembo, nepoobla\u0161\u010deno razkritje ali dostop do osebnih podatkov, ki so poslani, shranjeni ali kako druga\u010de obdelani v povezavi z zagotavljanjem Storitve.<\/p>\n\t\t\t\t\t\t\t\t<\/div>\n\t\t\t\t<\/div>\n\t\t\t\t\t<\/div>\n\t\t<\/div>\n\t\t\t\t\t<\/div>\n\t\t<\/section>\n\t\t\t\t<section class=\"elementor-section elementor-top-section elementor-element elementor-element-87e6f27 elementor-section-height-min-height elementor-section-items-top elementor-section-boxed elementor-section-height-default\" data-id=\"87e6f27\" data-element_type=\"section\">\n\t\t\t\t\t\t<div class=\"elementor-container elementor-column-gap-default\">\n\t\t\t\t\t<div class=\"elementor-column elementor-col-50 elementor-top-column elementor-element elementor-element-34c676e\" data-id=\"34c676e\" data-element_type=\"column\">\n\t\t\t<div class=\"elementor-widget-wrap elementor-element-populated\">\n\t\t\t\t\t\t<div class=\"elementor-element elementor-element-e6e9a6a elementor-widget elementor-widget-heading\" data-id=\"e6e9a6a\" data-element_type=\"widget\" data-widget_type=\"heading.default\">\n\t\t\t\t<div class=\"elementor-widget-container\">\n\t\t\t\t\t<h2 class=\"elementor-heading-title elementor-size-default\">\nSPREMEMBE NA\u0160IH NA\u010cEL VARSTVA ZASEBNOSTI<\/h2>\t\t\t\t<\/div>\n\t\t\t\t<\/div>\n\t\t\t\t\t<\/div>\n\t\t<\/div>\n\t\t\t\t<div class=\"elementor-column elementor-col-50 elementor-top-column elementor-element elementor-element-330661c\" data-id=\"330661c\" data-element_type=\"column\">\n\t\t\t<div class=\"elementor-widget-wrap elementor-element-populated\">\n\t\t\t\t\t\t<div class=\"elementor-element elementor-element-dc8f661 elementor-widget elementor-widget-text-editor\" data-id=\"dc8f661\" data-element_type=\"widget\" data-widget_type=\"text-editor.default\">\n\t\t\t\t<div class=\"elementor-widget-container\">\n\t\t\t\t\t\t\t\t\t<p>\u010ce se odlo\u010dimo spremeniti svoja Na\u010dela varstva zasebnosti, bomo te spremembe objavili na teh straneh ali pa bomo uredili datum zadnje spremembe teh Na\u010del varstva zasebnosti, naveden spodaj.<br \/>Na\u010dela varstva zasebnosti so bila nazadnje spremenjena 25. maja 2018.<\/p>\n\t\t\t\t\t\t\t\t<\/div>\n\t\t\t\t<\/div>\n\t\t\t\t\t<\/div>\n\t\t<\/div>\n\t\t\t\t\t<\/div>\n\t\t<\/section>\n\t\t\t\t<\/div>\n\t\t","protected":false},"excerpt":{"rendered":"<p>Na\u010dela varstva zasebnosti Dru\u017eba K + B Progres a.s. (\u00bbmi\u00ab, \u00bbnas\u00ab, \u00bbna\u0161\u00ab itd.) je lastnik spletnih strani ecg-electro.eu (\u00bbSpletno mesto\u00ab). S tem soglasjem o varstvu zasebnosti se zavezujemo, da bomo varovali zasebnost posameznikov in jih obve\u0161\u010dali o zbiranju osebnih podatkov in o postopkih njihove obdelave za namene tega Spletnega mesta. Prosimo, da si skrbno preberete [&hellip;]<\/p>\n","protected":false},"author":1,"featured_media":0,"parent":0,"menu_order":0,"comment_status":"closed","ping_status":"closed","template":"elementor_header_footer","meta":{"_acf_changed":false,"_monsterinsights_skip_tracking":false,"_monsterinsights_sitenote_active":false,"_monsterinsights_sitenote_note":"","_monsterinsights_sitenote_category":0,"footnotes":""},"class_list":["post-241304","page","type-page","status-publish","hentry"],"acf":[],"_links":{"self":[{"href":"https:\/\/ecg-electro.eu\/sl\/wp-json\/wp\/v2\/pages\/241304","targetHints":{"allow":["GET"]}}],"collection":[{"href":"https:\/\/ecg-electro.eu\/sl\/wp-json\/wp\/v2\/pages"}],"about":[{"href":"https:\/\/ecg-electro.eu\/sl\/wp-json\/wp\/v2\/types\/page"}],"author":[{"embeddable":true,"href":"https:\/\/ecg-electro.eu\/sl\/wp-json\/wp\/v2\/users\/1"}],"replies":[{"embeddable":true,"href":"https:\/\/ecg-electro.eu\/sl\/wp-json\/wp\/v2\/comments?post=241304"}],"version-history":[{"count":5,"href":"https:\/\/ecg-electro.eu\/sl\/wp-json\/wp\/v2\/pages\/241304\/revisions"}],"predecessor-version":[{"id":2053422,"href":"https:\/\/ecg-electro.eu\/sl\/wp-json\/wp\/v2\/pages\/241304\/revisions\/2053422"}],"wp:attachment":[{"href":"https:\/\/ecg-electro.eu\/sl\/wp-json\/wp\/v2\/media?parent=241304"}],"curies":[{"name":"wp","href":"https:\/\/api.w.org\/{rel}","templated":true}]}}