{"id":240944,"date":"2021-03-06T16:22:13","date_gmt":"2021-03-06T16:22:13","guid":{"rendered":"https:\/\/ecg-electro.eu\/nacela-uporabe-piskotkov\/"},"modified":"2025-08-14T10:59:02","modified_gmt":"2025-08-14T08:59:02","slug":"nacela-uporabe-piskotkov","status":"publish","type":"page","link":"https:\/\/ecg-electro.eu\/sl\/nacela-uporabe-piskotkov\/","title":{"rendered":"NA\u010cELA UPORABE PI\u0160KOTKOV"},"content":{"rendered":"\t\t<div data-elementor-type=\"wp-page\" data-elementor-id=\"240944\" class=\"elementor elementor-240944 elementor-240809\" data-elementor-post-type=\"page\">\n\t\t\t\t\t\t<section class=\"elementor-section elementor-top-section elementor-element elementor-element-acaabb7 elementor-section-boxed elementor-section-height-default elementor-section-height-default\" data-id=\"acaabb7\" data-element_type=\"section\" data-settings=\"{&quot;background_background&quot;:&quot;classic&quot;}\">\n\t\t\t\t\t\t<div class=\"elementor-container elementor-column-gap-default\">\n\t\t\t\t\t<div class=\"elementor-column elementor-col-100 elementor-top-column elementor-element elementor-element-52e6931\" data-id=\"52e6931\" data-element_type=\"column\">\n\t\t\t<div class=\"elementor-widget-wrap elementor-element-populated\">\n\t\t\t\t\t\t<div class=\"elementor-element elementor-element-b3a6d07 elementor-widget elementor-widget-image\" data-id=\"b3a6d07\" data-element_type=\"widget\" data-widget_type=\"image.default\">\n\t\t\t\t<div class=\"elementor-widget-container\">\n\t\t\t\t\t\t\t\t\t\t\t\t\t\t\t<img decoding=\"async\" src=\"https:\/\/ecg-electro.eu\/wp-content\/uploads\/2021\/04\/ecg_terms_conditions.jpg\" title=\"\" alt=\"\" loading=\"lazy\" \/>\t\t\t\t\t\t\t\t\t\t\t\t\t\t\t<\/div>\n\t\t\t\t<\/div>\n\t\t\t\t\t<\/div>\n\t\t<\/div>\n\t\t\t\t\t<\/div>\n\t\t<\/section>\n\t\t\t\t<section class=\"elementor-section elementor-top-section elementor-element elementor-element-3480c13 elementor-section-boxed elementor-section-height-default elementor-section-height-default\" data-id=\"3480c13\" data-element_type=\"section\">\n\t\t\t\t\t\t<div class=\"elementor-container elementor-column-gap-default\">\n\t\t\t\t\t<div class=\"elementor-column elementor-col-100 elementor-top-column elementor-element elementor-element-bf5af3d\" data-id=\"bf5af3d\" data-element_type=\"column\">\n\t\t\t<div class=\"elementor-widget-wrap elementor-element-populated\">\n\t\t\t\t\t\t<div class=\"elementor-element elementor-element-6965dbc elementor-widget elementor-widget-heading\" data-id=\"6965dbc\" data-element_type=\"widget\" data-widget_type=\"heading.default\">\n\t\t\t\t<div class=\"elementor-widget-container\">\n\t\t\t\t\t<h1 class=\"elementor-heading-title elementor-size-default\">NA\u010cELA UPORABE PI\u0160KOTKOV<\/h1>\t\t\t\t<\/div>\n\t\t\t\t<\/div>\n\t\t\t\t\t<\/div>\n\t\t<\/div>\n\t\t\t\t\t<\/div>\n\t\t<\/section>\n\t\t\t\t<section class=\"elementor-section elementor-top-section elementor-element elementor-element-121cb1b elementor-section-height-min-height elementor-section-items-top elementor-section-boxed elementor-section-height-default\" data-id=\"121cb1b\" data-element_type=\"section\">\n\t\t\t\t\t\t<div class=\"elementor-container elementor-column-gap-default\">\n\t\t\t\t\t<div class=\"elementor-column elementor-col-50 elementor-top-column elementor-element elementor-element-fcc3e40\" data-id=\"fcc3e40\" data-element_type=\"column\">\n\t\t\t<div class=\"elementor-widget-wrap elementor-element-populated\">\n\t\t\t\t\t\t<div class=\"elementor-element elementor-element-f7228a3 elementor-widget elementor-widget-heading\" data-id=\"f7228a3\" data-element_type=\"widget\" data-widget_type=\"heading.default\">\n\t\t\t\t<div class=\"elementor-widget-container\">\n\t\t\t\t\t<h2 class=\"elementor-heading-title elementor-size-default\">NA\u010cELA UPORABE PI\u0160KOTKOV<\/h2>\t\t\t\t<\/div>\n\t\t\t\t<\/div>\n\t\t\t\t\t<\/div>\n\t\t<\/div>\n\t\t\t\t<div class=\"elementor-column elementor-col-50 elementor-top-column elementor-element elementor-element-003ddc1\" data-id=\"003ddc1\" data-element_type=\"column\">\n\t\t\t<div class=\"elementor-widget-wrap elementor-element-populated\">\n\t\t\t\t\t\t<div class=\"elementor-element elementor-element-06f2a3e elementor-widget elementor-widget-text-editor\" data-id=\"06f2a3e\" data-element_type=\"widget\" data-widget_type=\"text-editor.default\">\n\t\t\t\t<div class=\"elementor-widget-container\">\n\t\t\t\t\t\t\t\t\t<p>Na\u0161a Na\u010dela uporabe pi\u0161kotkov pojasnjujejo, kaj so pi\u0161kotki, kako pi\u0161kotke uporabljamo, kak\u0161ne mo\u017enosti imate v odnosu do pi\u0161kotkov ter kje najdete ve\u010d informacij o pi\u0161kotkih. Z uporabo teh strani sogla\u0161ate z uporabo pi\u0161kotkov.<\/p>\n\t\t\t\t\t\t\t\t<\/div>\n\t\t\t\t<\/div>\n\t\t\t\t\t<\/div>\n\t\t<\/div>\n\t\t\t\t\t<\/div>\n\t\t<\/section>\n\t\t\t\t<section class=\"elementor-section elementor-top-section elementor-element elementor-element-8304f64 elementor-section-height-min-height elementor-section-items-top elementor-section-boxed elementor-section-height-default\" data-id=\"8304f64\" data-element_type=\"section\">\n\t\t\t\t\t\t<div class=\"elementor-container elementor-column-gap-default\">\n\t\t\t\t\t<div class=\"elementor-column elementor-col-50 elementor-top-column elementor-element elementor-element-d954581\" data-id=\"d954581\" data-element_type=\"column\">\n\t\t\t<div class=\"elementor-widget-wrap elementor-element-populated\">\n\t\t\t\t\t\t<div class=\"elementor-element elementor-element-f9f7fd4 elementor-widget elementor-widget-heading\" data-id=\"f9f7fd4\" data-element_type=\"widget\" data-widget_type=\"heading.default\">\n\t\t\t\t<div class=\"elementor-widget-container\">\n\t\t\t\t\t<h2 class=\"elementor-heading-title elementor-size-default\">KAJ SO PI\u0160KOTKI?<\/h2>\t\t\t\t<\/div>\n\t\t\t\t<\/div>\n\t\t\t\t\t<\/div>\n\t\t<\/div>\n\t\t\t\t<div class=\"elementor-column elementor-col-50 elementor-top-column elementor-element elementor-element-11d6a46\" data-id=\"11d6a46\" data-element_type=\"column\">\n\t\t\t<div class=\"elementor-widget-wrap elementor-element-populated\">\n\t\t\t\t\t\t<div class=\"elementor-element elementor-element-b5eb5ab elementor-widget elementor-widget-text-editor\" data-id=\"b5eb5ab\" data-element_type=\"widget\" data-widget_type=\"text-editor.default\">\n\t\t\t\t<div class=\"elementor-widget-container\">\n\t\t\t\t\t\t\t\t\t<p>Pi\u0161kotki so male tekstovne datoteke, ki jih v va\u0161 ra\u010dunalnik shrani spletno mesto, ki ga obiskujete. Pi\u0161kotki si obi\u010dajno zapomnijo va\u0161e osebne nastavitve ali nastavitve spletnega mesta, kot je jezikovna razli\u010dica ali naslov. Ko boste prihodnji\u010d znova obiskali spletno mesto, se bo brskalnik vrnil k tem tekstovnim datotekam, ki spadajo k zadevnemu spletnemu mestu. Na spletnem mestu se z njihovo pomo\u010djo prika\u017eejo informacije, ki so prilagojene va\u0161im potrebam.<\/p>\n<p>Pi\u0161kotki lahko shranjujejo celo vrsto informacij, vklju\u010dno z osebnimi podatki (kot je va\u0161e ime ali e\u2011po\u0161ta). Te informacije je mogo\u010de shranjevati le v primeru, da to mo\u017enost omogo\u010dite \u2013 spletna mesta ne morejo pridobiti dostopa do informacij, ki jih ne posredujete, in ne morejo dostopati do drugih datotek na va\u0161em ra\u010dunalniku. Shranjene nastavitve za shranjevanje in po\u0161iljanje pi\u0161kotkov niso vidne. Nastavitve svojega spletnega brskalnika pa lahko spremenite in se odlo\u010dite, ali \u017eelite dovoliti ali zavrniti zahteve za uporabo pi\u0161kotkov oziroma odstraniti shranjene pi\u0161kotke po zaprtju brskalnika.<\/p>\n<p>Toda \u010de \u017eelite izkori\u0161\u010dati vse mo\u017enosti, ki jih spletno mesto ponuja, imejte svoj brskalnik nastavljen tako, da bo pi\u0161kotke sprejemal.<\/p>\n\t\t\t\t\t\t\t\t<\/div>\n\t\t\t\t<\/div>\n\t\t\t\t\t<\/div>\n\t\t<\/div>\n\t\t\t\t\t<\/div>\n\t\t<\/section>\n\t\t\t\t<section class=\"elementor-section elementor-top-section elementor-element elementor-element-52d9166 elementor-section-height-min-height elementor-section-items-top elementor-section-boxed elementor-section-height-default\" data-id=\"52d9166\" data-element_type=\"section\">\n\t\t\t\t\t\t<div class=\"elementor-container elementor-column-gap-default\">\n\t\t\t\t\t<div class=\"elementor-column elementor-col-50 elementor-top-column elementor-element elementor-element-1df19bd\" data-id=\"1df19bd\" data-element_type=\"column\">\n\t\t\t<div class=\"elementor-widget-wrap elementor-element-populated\">\n\t\t\t\t\t\t<div class=\"elementor-element elementor-element-40f8d61 elementor-widget elementor-widget-heading\" data-id=\"40f8d61\" data-element_type=\"widget\" data-widget_type=\"heading.default\">\n\t\t\t\t<div class=\"elementor-widget-container\">\n\t\t\t\t\t<h2 class=\"elementor-heading-title elementor-size-default\">KAKO MI UPORABLJAMO PI\u0160KOTKE?<\/h2>\t\t\t\t<\/div>\n\t\t\t\t<\/div>\n\t\t\t\t\t<\/div>\n\t\t<\/div>\n\t\t\t\t<div class=\"elementor-column elementor-col-50 elementor-top-column elementor-element elementor-element-b0b8ddd\" data-id=\"b0b8ddd\" data-element_type=\"column\">\n\t\t\t<div class=\"elementor-widget-wrap elementor-element-populated\">\n\t\t\t\t\t\t<div class=\"elementor-element elementor-element-8d7f58f elementor-widget elementor-widget-text-editor\" data-id=\"8d7f58f\" data-element_type=\"widget\" data-widget_type=\"text-editor.default\">\n\t\t\t\t<div class=\"elementor-widget-container\">\n\t\t\t\t\t\t\t\t\t<p>Pi\u0161kotke uporabljamo, da bi na na\u0161em spletnem mestu lahko nudili bolj\u0161e informacije in storitve ter da bi navigacija na na\u0161ih straneh bila preprostej\u0161a; ko se, na primer, vrnete na na\u0161e strani, vas bomo prepoznali, in \u010de imate narejen uporabni\u0161ki ra\u010dun, se vam ne bo treba znova prijavljati. Zahvaljujo\u010d datotekam tipa pi\u0161kotek lahko med drugim tudi med brskanjem po straneh urejamo va\u0161o nakupovalno ko\u0161arico.<\/p>\n<p>To spletno mesto uporablja storitev Google Analytics, s katero dru\u017eba Google Inc. (\u00bbGoogle\u00ab) ponuja analiti\u010dne storitve. Storitev Google Analytics uporablja pi\u0161kotke, shranjene na va\u0161em ra\u010dunalniku, ki omogo\u010dajo analizo na\u010dina va\u0161e uporabe spletnega mesta. Informacije o va\u0161em na\u010dinu uporabe tega spletnega mesta, ki se zbirajo zahvaljujo\u010d temu pi\u0161kotku (vklju\u010dno z va\u0161im IP-naslovom), se prenesejo na stre\u017enik dru\u017ebe Google v ZDA in se tam shranijo. Google na osnovi teh informacij ovrednoti va\u0161 na\u010din uporabe tega spletnega mesta, iz njih sestavi poro\u010dila o spletni aktivnosti za lastnike spletnih mest in jih uporablja za zagotavljanje drugih storitev, povezanih z uporabo spletnega mesta in spleta.<\/p>\n<p>Google te informacije razkrije tretjim osebam, \u010de ima za to pravno obveznost ali \u010de s temi osebami sklene pogodbo o obdelavi podatkov. Google va\u0161ega IP-naslova ne pove\u017ee z nobenimi drugimi podatki, shranjenimi pri dru\u017ebi Google Inc. Namestitev teh pi\u0161kotkov lahko prepre\u010dite z ustreznimi nastavitvami svojega brskalnika. \u017deleli pa bi vas opozoriti, da v tem primeru morda ne bodo na voljo vse funkcije tega spletnega mesta. Z uporabo tega spletnega mesta izrecno sogla\u0161ate s tem, da bo Google obdeloval podatke, ki se zbirajo na zgoraj navedeni na\u010din za zgoraj navedene namene.<\/p>\n<p>Poleg tega sodelujemo z drugimi podjetji, ki uporabljajo sledilne tehnologije (tracking) za vna\u0161anje oglasa na spletu v na\u0161em imenu. Ta podjetja lahko zbirajo osebne nedolo\u010dljive informacije o va\u0161ih obiskih na na\u0161em spletnem mestu ter o va\u0161ih interakcijah z na\u0161imi objavami, kot je npr. oglas.<\/p>\n\t\t\t\t\t\t\t\t<\/div>\n\t\t\t\t<\/div>\n\t\t\t\t\t<\/div>\n\t\t<\/div>\n\t\t\t\t\t<\/div>\n\t\t<\/section>\n\t\t\t\t<section class=\"elementor-section elementor-top-section elementor-element elementor-element-d975c38 elementor-section-height-min-height elementor-section-items-top elementor-section-boxed elementor-section-height-default\" data-id=\"d975c38\" data-element_type=\"section\">\n\t\t\t\t\t\t<div class=\"elementor-container elementor-column-gap-default\">\n\t\t\t\t\t<div class=\"elementor-column elementor-col-50 elementor-top-column elementor-element elementor-element-d37ed54\" data-id=\"d37ed54\" data-element_type=\"column\">\n\t\t\t<div class=\"elementor-widget-wrap elementor-element-populated\">\n\t\t\t\t\t\t<div class=\"elementor-element elementor-element-07f5de1 elementor-widget elementor-widget-heading\" data-id=\"07f5de1\" data-element_type=\"widget\" data-widget_type=\"heading.default\">\n\t\t\t\t<div class=\"elementor-widget-container\">\n\t\t\t\t\t<h2 class=\"elementor-heading-title elementor-size-default\">KATERE PI\u0160KOTKE UPORABLJAMO IN ZAKAJ?<\/h2>\t\t\t\t<\/div>\n\t\t\t\t<\/div>\n\t\t\t\t\t<\/div>\n\t\t<\/div>\n\t\t\t\t<div class=\"elementor-column elementor-col-50 elementor-top-column elementor-element elementor-element-c18aa82\" data-id=\"c18aa82\" data-element_type=\"column\">\n\t\t\t<div class=\"elementor-widget-wrap elementor-element-populated\">\n\t\t\t\t\t\t<div class=\"elementor-element elementor-element-76aecb6 elementor-widget elementor-widget-text-editor\" data-id=\"76aecb6\" data-element_type=\"widget\" data-widget_type=\"text-editor.default\">\n\t\t\t\t<div class=\"elementor-widget-container\">\n\t\t\t\t\t\t\t\t\t<p>Pi\u0161kotki za dani obisk (sejo) se odstranijo po zaprtju brskalnika. Uporabljajo se za shranjevanje za\u010dasnih podatkov, kot je vsebina va\u0161e nakupovalne ko\u0161arice. Uporabimo jih lahko za dostop do na\u0161e vsebine.<\/p>\n<p>Trajni pi\u0161kotki ostanejo na va\u0161em ra\u010dunalniku tudi po zaprtju brskalnika. Spleti\u0161\u010da jih uporabljajo za shranjevanje podatkov, kot je va\u0161e uporabni\u0161ko ime in geslo, zaradi \u010desar se vam ni treba znova prijaviti vsaki\u010d, ko obi\u0161\u010dete dano spletno mesto. Trajni pi\u0161kotki ostanejo na va\u0161em ra\u010dunalniku shranjeni dneve, mesece, v\u010dasih tudi leta. Mi trajne pi\u0161kotke uporabljamo, da bi bolje razumeli navade na\u0161ih uporabnikov in da bi spletno mesto bolje prilagodili njihovim potrebam. Te informacije so anonimne \u2013 podatkov posameznih uporabnikov ne vidimo.<\/p>\n\t\t\t\t\t\t\t\t<\/div>\n\t\t\t\t<\/div>\n\t\t\t\t\t<\/div>\n\t\t<\/div>\n\t\t\t\t\t<\/div>\n\t\t<\/section>\n\t\t\t\t<section class=\"elementor-section elementor-top-section elementor-element elementor-element-0432585 elementor-section-height-min-height elementor-section-items-top elementor-section-boxed elementor-section-height-default\" data-id=\"0432585\" data-element_type=\"section\">\n\t\t\t\t\t\t<div class=\"elementor-container elementor-column-gap-default\">\n\t\t\t\t\t<div class=\"elementor-column elementor-col-50 elementor-top-column elementor-element elementor-element-1a575d5\" data-id=\"1a575d5\" data-element_type=\"column\">\n\t\t\t<div class=\"elementor-widget-wrap elementor-element-populated\">\n\t\t\t\t\t\t<div class=\"elementor-element elementor-element-4e9196a elementor-widget elementor-widget-heading\" data-id=\"4e9196a\" data-element_type=\"widget\" data-widget_type=\"heading.default\">\n\t\t\t\t<div class=\"elementor-widget-container\">\n\t\t\t\t\t<h2 class=\"elementor-heading-title elementor-size-default\">SEZNAM PI\u0160KOTKOV<\/h2>\t\t\t\t<\/div>\n\t\t\t\t<\/div>\n\t\t\t\t\t<\/div>\n\t\t<\/div>\n\t\t\t\t<div class=\"elementor-column elementor-col-50 elementor-top-column elementor-element elementor-element-6af2be7\" data-id=\"6af2be7\" data-element_type=\"column\">\n\t\t\t<div class=\"elementor-widget-wrap elementor-element-populated\">\n\t\t\t\t\t\t<div class=\"elementor-element elementor-element-daacd3f elementor-widget elementor-widget-text-editor\" data-id=\"daacd3f\" data-element_type=\"widget\" data-widget_type=\"text-editor.default\">\n\t\t\t\t<div class=\"elementor-widget-container\">\n\t\t\t\t\t\t\t\t\t<table>\n<tbody>\n<tr>\n<td>Pi\u0161kotek<\/td>\n<td>Ime<\/td>\n<td>Namen<\/td>\n<\/tr>\n<tr>\n<td>Google Analytics<\/td>\n<td>_dc_gtm_UA-#<br \/>\n_ga<br \/>\n_gid<br \/>\ncollect<\/td>\n<td>Te pi\u0161kotke uporabljamo za zbiranje informacij o interakciji uporabnikov z\u00a0na\u0161im spletnim mestom. Iz teh informacij sestavljamo poro\u010dila, ki nam pomagajo izbolj\u0161evati spletno mesto. Pi\u0161kotki zbirajo informacije v anonimni obliki, vklju\u010dno s \u0161tevilom obiskovalcev na spletnem mestu, od kod so obiskovalci na spleti\u0161\u010de pri\u0161li in katere strani so na njem obiskali. \u010ce uporabe teh pi\u0161kotkov ne dovolite, va\u0161ega obiska ne bomo mogli zajeti v na\u0161o statistiko.<\/td>\n<\/tr>\n<tr>\n<td>Delovanje spletnega mesta<\/td>\n<td>_cfduid<\/td>\n<td>Ta pi\u0161kotek uporablja storitev Cloudflare za prepoznavanje verodostojnega delovanja na spletnem mestu.<\/td>\n<\/tr>\n<tr>\n<td>Vedenjsko tr\u017eenje<\/td>\n<td>r\/collect<\/td>\n<td>Za\u010dasni pi\u0161kotek, ki ga uporablja storitev Doubleclick za opazovanje obna\u0161anja obiskovalcev.<\/td>\n<\/tr>\n<\/tbody>\n<\/table>\n\t\t\t\t\t\t\t\t<\/div>\n\t\t\t\t<\/div>\n\t\t\t\t\t<\/div>\n\t\t<\/div>\n\t\t\t\t\t<\/div>\n\t\t<\/section>\n\t\t\t\t<section class=\"elementor-section elementor-top-section elementor-element elementor-element-c1e882e elementor-section-height-min-height elementor-section-items-top elementor-section-boxed elementor-section-height-default\" data-id=\"c1e882e\" data-element_type=\"section\">\n\t\t\t\t\t\t<div class=\"elementor-container elementor-column-gap-default\">\n\t\t\t\t\t<div class=\"elementor-column elementor-col-50 elementor-top-column elementor-element elementor-element-6c95cc9\" data-id=\"6c95cc9\" data-element_type=\"column\">\n\t\t\t<div class=\"elementor-widget-wrap elementor-element-populated\">\n\t\t\t\t\t\t<div class=\"elementor-element elementor-element-45f5c7d elementor-widget elementor-widget-heading\" data-id=\"45f5c7d\" data-element_type=\"widget\" data-widget_type=\"heading.default\">\n\t\t\t\t<div class=\"elementor-widget-container\">\n\t\t\t\t\t<h2 class=\"elementor-heading-title elementor-size-default\">KAK\u0160NE SO VA\u0160E MO\u017dNOSTI V POVEZAVI S PI\u0160KOTKI?<\/h2>\t\t\t\t<\/div>\n\t\t\t\t<\/div>\n\t\t\t\t\t<\/div>\n\t\t<\/div>\n\t\t\t\t<div class=\"elementor-column elementor-col-50 elementor-top-column elementor-element elementor-element-1fe2f86\" data-id=\"1fe2f86\" data-element_type=\"column\">\n\t\t\t<div class=\"elementor-widget-wrap elementor-element-populated\">\n\t\t\t\t\t\t<div class=\"elementor-element elementor-element-cf5c992 paint-this-pink elementor-widget elementor-widget-text-editor\" data-id=\"cf5c992\" data-element_type=\"widget\" data-widget_type=\"text-editor.default\">\n\t\t\t\t<div class=\"elementor-widget-container\">\n\t\t\t\t\t\t\t\t\t<p>Z onemogo\u010denjem pi\u0161kotov se odlo\u010dite, da ne dovolite shranjevanja pi\u0161kotkov na svojem ra\u010dunalniku. Nastavitve pi\u0161kotkov lahko upravljate in nastavljate v va\u0161em brskalniku. \u010ce \u017eelite izvedeti, kako spremeniti svoje nastavitve za pi\u0161kotke, izberite brskalnik, ki ga uporabljate.<\/p>\n<p><a href=\"https:\/\/support.google.com\/accounts\/answer\/61416?hl=en\" target=\"_blank\" rel=\"noopener\">Chrome<\/a><br \/>\n<a href=\"https:\/\/support.mozilla.org\/en-US\/kb\/enable-and-disable-cookies-website-preferences\" target=\"_blank\" rel=\"noopener\">Firefox<\/a><br \/>\n<a href=\"https:\/\/support.microsoft.com\/en-us\/help\/17442\/windows-internet-explorer-delete-manage-cookies\" target=\"_blank\" rel=\"noopener\">Internet Explorer<\/a><br \/>\n<a href=\"https:\/\/www.opera.com\/help\/tutorials\/security\/privacy\/\" target=\"_blank\" rel=\"noopener\">Opera<\/a><br \/>\n<a href=\"https:\/\/support.apple.com\/kb\/PH17191?locale=hr_HR\" target=\"_blank\" rel=\"noopener\">Safari<\/a><\/p>\n<p>\u017deleli bi vas opozoriti, da boste z blokado pi\u0161kotkov sicer \u0161e vedno lahko brskali po na\u0161em spletnem mestu, vendar nekatere njegove funkcije morda ne bodo ve\u010d na voljo.\u010ce \u017eelite izvedeti ve\u010d informacij o pi\u0161kotkih, vklju\u010dno s tem, kateri pi\u0161kotki so bili name\u0161\u010deni in kako jih urejati ter odstranjevati, obi\u0161\u010dite strani \u00a0<a href=\"http:\/\/www.allaboutcookies.org\/\" target=\"_blank\" rel=\"noopener\">www.allaboutcookies.org<\/a>\u00a0ali\u00a0<a href=\"http:\/\/www.youronlinechoices.eu\/\" target=\"_blank\" rel=\"noopener\">www.youronlinechoices.eu<\/a>. \u010ce \u017eelite prepovedati sledenje storitve Google Analytics po vseh spletnih mestih, obi\u0161\u010dite te strani: <a href=\"http:\/\/tools.google.com\/dlpage\/gaoptout.\" target=\"_blank\" rel=\"noopener\">http:\/\/tools.google.com\/dlpage\/gaoptout.<\/a><\/p>\n\t\t\t\t\t\t\t\t<\/div>\n\t\t\t\t<\/div>\n\t\t\t\t\t<\/div>\n\t\t<\/div>\n\t\t\t\t\t<\/div>\n\t\t<\/section>\n\t\t\t\t<section class=\"elementor-section elementor-top-section elementor-element elementor-element-7540730 elementor-section-height-min-height elementor-section-items-top elementor-section-boxed elementor-section-height-default\" data-id=\"7540730\" data-element_type=\"section\">\n\t\t\t\t\t\t<div class=\"elementor-container elementor-column-gap-default\">\n\t\t\t\t\t<div class=\"elementor-column elementor-col-50 elementor-top-column elementor-element elementor-element-73c7e50\" data-id=\"73c7e50\" data-element_type=\"column\">\n\t\t\t<div class=\"elementor-widget-wrap elementor-element-populated\">\n\t\t\t\t\t\t<div class=\"elementor-element elementor-element-7c1e4cf elementor-widget elementor-widget-heading\" data-id=\"7c1e4cf\" data-element_type=\"widget\" data-widget_type=\"heading.default\">\n\t\t\t\t<div class=\"elementor-widget-container\">\n\t\t\t\t\t<h2 class=\"elementor-heading-title elementor-size-default\">SPREMEMBE NA\u0160IH NA\u010cEL UPORABE PI\u0160KOTKOV<\/h2>\t\t\t\t<\/div>\n\t\t\t\t<\/div>\n\t\t\t\t\t<\/div>\n\t\t<\/div>\n\t\t\t\t<div class=\"elementor-column elementor-col-50 elementor-top-column elementor-element elementor-element-fccb01e\" data-id=\"fccb01e\" data-element_type=\"column\">\n\t\t\t<div class=\"elementor-widget-wrap elementor-element-populated\">\n\t\t\t\t\t\t<div class=\"elementor-element elementor-element-cc9bca9 elementor-widget elementor-widget-text-editor\" data-id=\"cc9bca9\" data-element_type=\"widget\" data-widget_type=\"text-editor.default\">\n\t\t\t\t<div class=\"elementor-widget-container\">\n\t\t\t\t\t\t\t\t\t<p>Vse spremembe, ki jih bomo morda v prihodnje naredili v na\u0161ih Na\u010delih uporabe pi\u0161kotkov, bodo objavljene na tem mestu. Zato prosimo, da redno preverjate to stran, s pomo\u010djo katere boste obve\u0161\u010deni o vseh novostih ali spremembah na\u0161ih Na\u010del uporabe pi\u0161kotkov. Na\u010dela uporabe pi\u0161kotkov so bila nazadnje spremenjena 25. maja 2018 in s tem dnem nadome\u0161\u010dajo vsa prej veljavna Na\u010dela uporabe pi\u0161kotkov.<\/p>\n\t\t\t\t\t\t\t\t<\/div>\n\t\t\t\t<\/div>\n\t\t\t\t\t<\/div>\n\t\t<\/div>\n\t\t\t\t\t<\/div>\n\t\t<\/section>\n\t\t\t\t<\/div>\n\t\t","protected":false},"excerpt":{"rendered":"<p>NA\u010cELA UPORABE PI\u0160KOTKOV NA\u010cELA UPORABE PI\u0160KOTKOV Na\u0161a Na\u010dela uporabe pi\u0161kotkov pojasnjujejo, kaj so pi\u0161kotki, kako pi\u0161kotke uporabljamo, kak\u0161ne mo\u017enosti imate v odnosu do pi\u0161kotkov ter kje najdete ve\u010d informacij o pi\u0161kotkih. Z uporabo teh strani sogla\u0161ate z uporabo pi\u0161kotkov. KAJ SO PI\u0160KOTKI? Pi\u0161kotki so male tekstovne datoteke, ki jih v va\u0161 ra\u010dunalnik shrani spletno mesto, [&hellip;]<\/p>\n","protected":false},"author":0,"featured_media":0,"parent":0,"menu_order":0,"comment_status":"closed","ping_status":"closed","template":"","meta":{"_acf_changed":false,"_monsterinsights_skip_tracking":false,"_monsterinsights_sitenote_active":false,"_monsterinsights_sitenote_note":"","_monsterinsights_sitenote_category":0,"footnotes":""},"class_list":["post-240944","page","type-page","status-publish","hentry"],"acf":[],"_links":{"self":[{"href":"https:\/\/ecg-electro.eu\/sl\/wp-json\/wp\/v2\/pages\/240944","targetHints":{"allow":["GET"]}}],"collection":[{"href":"https:\/\/ecg-electro.eu\/sl\/wp-json\/wp\/v2\/pages"}],"about":[{"href":"https:\/\/ecg-electro.eu\/sl\/wp-json\/wp\/v2\/types\/page"}],"replies":[{"embeddable":true,"href":"https:\/\/ecg-electro.eu\/sl\/wp-json\/wp\/v2\/comments?post=240944"}],"version-history":[{"count":5,"href":"https:\/\/ecg-electro.eu\/sl\/wp-json\/wp\/v2\/pages\/240944\/revisions"}],"predecessor-version":[{"id":3307019,"href":"https:\/\/ecg-electro.eu\/sl\/wp-json\/wp\/v2\/pages\/240944\/revisions\/3307019"}],"wp:attachment":[{"href":"https:\/\/ecg-electro.eu\/sl\/wp-json\/wp\/v2\/media?parent=240944"}],"curies":[{"name":"wp","href":"https:\/\/api.w.org\/{rel}","templated":true}]}}