{"id":2024093,"date":"2021-04-14T08:06:53","date_gmt":"2021-04-14T08:06:53","guid":{"rendered":"https:\/\/ecg-electro.eu\/where-to-buy\/"},"modified":"2021-11-08T10:13:07","modified_gmt":"2021-11-08T09:13:07","slug":"where-to-buy","status":"publish","type":"page","link":"https:\/\/ecg-electro.eu\/sl\/kje-kupiti\/","title":{"rendered":"Kje kupiti"},"content":{"rendered":"\t\t<div data-elementor-type=\"wp-page\" data-elementor-id=\"2024093\" class=\"elementor elementor-2024093 elementor-253639\" data-elementor-post-type=\"page\">\n\t\t\t\t\t\t<section class=\"elementor-section elementor-top-section elementor-element elementor-element-b432f42 elementor-section-height-min-height elementor-section-boxed elementor-section-height-default elementor-section-items-middle\" data-id=\"b432f42\" data-element_type=\"section\" data-settings=\"{&quot;background_background&quot;:&quot;classic&quot;}\">\n\t\t\t\t\t\t<div class=\"elementor-container elementor-column-gap-default\">\n\t\t\t\t\t<div class=\"elementor-column elementor-col-100 elementor-top-column elementor-element elementor-element-2eca32a\" data-id=\"2eca32a\" data-element_type=\"column\">\n\t\t\t<div class=\"elementor-widget-wrap elementor-element-populated\">\n\t\t\t\t\t\t<div class=\"elementor-element elementor-element-f898446 elementor-widget elementor-widget-heading\" data-id=\"f898446\" data-element_type=\"widget\" data-widget_type=\"heading.default\">\n\t\t\t\t<div class=\"elementor-widget-container\">\n\t\t\t\t\t<h1 class=\"elementor-heading-title elementor-size-xxl\">Kje kupiti<\/h1>\t\t\t\t<\/div>\n\t\t\t\t<\/div>\n\t\t\t\t<section class=\"elementor-section elementor-inner-section elementor-element elementor-element-3b6cc2e elementor-section-boxed elementor-section-height-default elementor-section-height-default\" data-id=\"3b6cc2e\" data-element_type=\"section\">\n\t\t\t\t\t\t<div class=\"elementor-container elementor-column-gap-default\">\n\t\t\t\t\t<div class=\"elementor-column elementor-col-33 elementor-inner-column elementor-element elementor-element-75fc67d\" data-id=\"75fc67d\" data-element_type=\"column\">\n\t\t\t<div class=\"elementor-widget-wrap elementor-element-populated\">\n\t\t\t\t\t\t<div class=\"elementor-element elementor-element-4fbabaf elementor-widget elementor-widget-heading\" data-id=\"4fbabaf\" data-element_type=\"widget\" data-widget_type=\"heading.default\">\n\t\t\t\t<div class=\"elementor-widget-container\">\n\t\t\t\t\t<h2 class=\"elementor-heading-title elementor-size-default\">NA\u0160I PARTNERJI<\/h2>\t\t\t\t<\/div>\n\t\t\t\t<\/div>\n\t\t\t\t\t<\/div>\n\t\t<\/div>\n\t\t\t\t<div class=\"elementor-column elementor-col-66 elementor-inner-column elementor-element elementor-element-9c59103\" data-id=\"9c59103\" data-element_type=\"column\">\n\t\t\t<div class=\"elementor-widget-wrap elementor-element-populated\">\n\t\t\t\t\t\t<div class=\"elementor-element elementor-element-d0cba45 elementor-widget elementor-widget-text-editor\" data-id=\"d0cba45\" data-element_type=\"widget\" data-widget_type=\"text-editor.default\">\n\t\t\t\t<div class=\"elementor-widget-container\">\n\t\t\t\t\t\t\t\t\t<p>Eno izmed na\u010del blagovne znamke ECG je visoka dostopnost za na\u0161e stranke. Zato smo odprti za sodelovanje preko vseh vrst prodajnih kanalov. ECG izdelke lahko kupite v specializiranih trgovinah s profesionalno elektroniko, ki se nahajajo po velikih mestih, kakor tudi pri lokalnih dobaviteljih v manj\u0161ih krajih in ob\u010dinah. ECG izdelke lahko naro\u010dite v ve\u010djih ali manj\u0161ih spletnih trgovinah. Stranke lahko najdejo ECG izdelke tudi v hipermarketih mednarodnih trgovskih verig.<\/p>\n\t\t\t\t\t\t\t\t<\/div>\n\t\t\t\t<\/div>\n\t\t\t\t<div class=\"elementor-element elementor-element-d86262e elementor-widget elementor-widget-spacer\" data-id=\"d86262e\" data-element_type=\"widget\" data-widget_type=\"spacer.default\">\n\t\t\t\t<div class=\"elementor-widget-container\">\n\t\t\t\t\t\t\t<div class=\"elementor-spacer\">\n\t\t\t<div class=\"elementor-spacer-inner\"><\/div>\n\t\t<\/div>\n\t\t\t\t\t\t<\/div>\n\t\t\t\t<\/div>\n\t\t\t\t<div class=\"elementor-element elementor-element-38db1c4 elementor-widget elementor-widget-text-editor\" data-id=\"38db1c4\" data-element_type=\"widget\" data-widget_type=\"text-editor.default\">\n\t\t\t\t<div class=\"elementor-widget-container\">\n\t\t\t\t\t\t\t\t\t<p><strong>ECG izdelke lahko kupite tako v specializiranih trgovinah z elektroniko, kakor tudi pri lokalnih dobaviteljih.<\/strong><\/p>\n\t\t\t\t\t\t\t\t<\/div>\n\t\t\t\t<\/div>\n\t\t\t\t<div class=\"elementor-element elementor-element-d785b6f elementor-widget elementor-widget-spacer\" data-id=\"d785b6f\" data-element_type=\"widget\" data-widget_type=\"spacer.default\">\n\t\t\t\t<div class=\"elementor-widget-container\">\n\t\t\t\t\t\t\t<div class=\"elementor-spacer\">\n\t\t\t<div class=\"elementor-spacer-inner\"><\/div>\n\t\t<\/div>\n\t\t\t\t\t\t<\/div>\n\t\t\t\t<\/div>\n\t\t\t\t<div class=\"elementor-element elementor-element-a810a96 elementor-widget elementor-widget-text-editor\" data-id=\"a810a96\" data-element_type=\"widget\" data-widget_type=\"text-editor.default\">\n\t\t\t\t<div class=\"elementor-widget-container\">\n\t\t\t\t\t\t\t\t\t<p>ECG ni ve\u010d zgolj lokalna znamka, kot je bila neko\u010d. S \u010dasom je izdelkom te znamke uspelo na \u0161tevilnih tujih trgih v Evropi in zunaj nje. Priljubljenost ECG izdelkov nara\u0161\u010da, \u0161e posebej v evropskih dr\u017eavah, kjer je opazen dvig interesa, tako s strani trgovcev, kakor tudi strank.<\/p>\n\t\t\t\t\t\t\t\t<\/div>\n\t\t\t\t<\/div>\n\t\t\t\t<div class=\"elementor-element elementor-element-d2567e0 elementor-widget elementor-widget-spacer\" data-id=\"d2567e0\" data-element_type=\"widget\" data-widget_type=\"spacer.default\">\n\t\t\t\t<div class=\"elementor-widget-container\">\n\t\t\t\t\t\t\t<div class=\"elementor-spacer\">\n\t\t\t<div class=\"elementor-spacer-inner\"><\/div>\n\t\t<\/div>\n\t\t\t\t\t\t<\/div>\n\t\t\t\t<\/div>\n\t\t\t\t<div class=\"elementor-element elementor-element-e62499f elementor-widget elementor-widget-text-editor\" data-id=\"e62499f\" data-element_type=\"widget\" data-widget_type=\"text-editor.default\">\n\t\t\t\t<div class=\"elementor-widget-container\">\n\t\t\t\t\t\t\t\t\t<p><strong>ECG izdelki so priljubljeni pri strankah iz razli\u010dnih delov Evrope.<\/strong><\/p>\n\t\t\t\t\t\t\t\t<\/div>\n\t\t\t\t<\/div>\n\t\t\t\t\t<\/div>\n\t\t<\/div>\n\t\t\t\t\t<\/div>\n\t\t<\/section>\n\t\t\t\t\t<\/div>\n\t\t<\/div>\n\t\t\t\t\t<\/div>\n\t\t<\/section>\n\t\t\t\t<section class=\"elementor-section elementor-top-section elementor-element elementor-element-eef33ba elementor-section-boxed elementor-section-height-default elementor-section-height-default\" data-id=\"eef33ba\" data-element_type=\"section\">\n\t\t\t\t\t\t<div class=\"elementor-container elementor-column-gap-default\">\n\t\t\t\t\t<div class=\"elementor-column elementor-col-100 elementor-top-column elementor-element elementor-element-f2b22ec\" data-id=\"f2b22ec\" data-element_type=\"column\">\n\t\t\t<div class=\"elementor-widget-wrap elementor-element-populated\">\n\t\t\t\t\t\t<div class=\"elementor-element elementor-element-9425c30 elementor-widget elementor-widget-shortcode\" data-id=\"9425c30\" data-element_type=\"widget\" data-widget_type=\"shortcode.default\">\n\t\t\t\t<div class=\"elementor-widget-container\">\n\t\t\t\t\t<div class=\"partners-container\"><div class=\"country-column\">\r\n\t\t<h2>Slovenija<\/h2>\r\n\t\t<\/div><div class=\"sellers-column\"><div class=\"sellers-container\"><a href=\"https:\/\/www.mimovrste.com\/znamke\/ecg?src=sug\" target=\"_blank\" rel=\"noopener\"><div class=\"seller\"><img decoding=\"async\" src=\"https:\/\/ecg-electro.eu\/wp-content\/uploads\/2021\/06\/logo-50.jpg\" alt=\"mimovrste\"><\/div><\/a><a href=\"https:\/\/www.harveynorman.si\/catalogsearch\/result\/?q=ecg+\" target=\"_blank\" rel=\"noopener\"><div class=\"seller\"><img decoding=\"async\" src=\"https:\/\/ecg-electro.eu\/wp-content\/uploads\/2021\/06\/logo-49.jpg\" alt=\"harvey-norman-si\"><\/div><\/a><a href=\"https:\/\/www.spar.hr\/\" target=\"_blank\" rel=\"noopener\"><div class=\"seller\"><img decoding=\"async\" src=\"https:\/\/ecg-electro.eu\/wp-content\/uploads\/2021\/06\/logo-2.jpg\" alt=\"interspar-si\"><\/div><\/a><a href=\"https:\/\/www.bigbang.si\/\" target=\"_blank\" rel=\"noopener\"><div class=\"seller\"><img decoding=\"async\" src=\"https:\/\/ecg-electro.eu\/wp-content\/uploads\/2025\/05\/Bigbang-logo.png\" alt=\"bigbang-3\"><\/div><\/a><a href=\"https:\/\/www.mall.hr\/marka\/ecg?s=ecg\" target=\"_blank\" rel=\"noopener\"><div class=\"seller\"><img decoding=\"async\" src=\"https:\/\/ecg-electro.eu\/wp-content\/uploads\/2025\/09\/logo-Mall-hr-rgb.png\" alt=\"mall-2\"><\/div><\/a><\/div><\/div><\/div>\t\t<div class=\"elementor-shortcode\"><\/div>\n\t\t\t\t\t\t<\/div>\n\t\t\t\t<\/div>\n\t\t\t\t\t<\/div>\n\t\t<\/div>\n\t\t\t\t\t<\/div>\n\t\t<\/section>\n\t\t\t\t<\/div>\n\t\t","protected":false},"excerpt":{"rendered":"<p>NA\u0160I PARTNERJI Eno izmed na\u010del blagovne znamke ECG je visoka dostopnost za na\u0161e stranke. Zato smo odprti za sodelovanje preko vseh vrst prodajnih kanalov. ECG izdelke lahko kupite v specializiranih trgovinah s profesionalno elektroniko, ki se nahajajo po velikih mestih, kakor tudi pri lokalnih dobaviteljih v manj\u0161ih krajih in ob\u010dinah. ECG izdelke lahko naro\u010dite v [&hellip;]<\/p>\n","protected":false},"author":1,"featured_media":0,"parent":0,"menu_order":0,"comment_status":"closed","ping_status":"closed","template":"elementor_header_footer","meta":{"_acf_changed":false,"_monsterinsights_skip_tracking":false,"_monsterinsights_sitenote_active":false,"_monsterinsights_sitenote_note":"","_monsterinsights_sitenote_category":0,"footnotes":""},"class_list":["post-2024093","page","type-page","status-publish","hentry"],"acf":[],"_links":{"self":[{"href":"https:\/\/ecg-electro.eu\/sl\/wp-json\/wp\/v2\/pages\/2024093","targetHints":{"allow":["GET"]}}],"collection":[{"href":"https:\/\/ecg-electro.eu\/sl\/wp-json\/wp\/v2\/pages"}],"about":[{"href":"https:\/\/ecg-electro.eu\/sl\/wp-json\/wp\/v2\/types\/page"}],"author":[{"embeddable":true,"href":"https:\/\/ecg-electro.eu\/sl\/wp-json\/wp\/v2\/users\/1"}],"replies":[{"embeddable":true,"href":"https:\/\/ecg-electro.eu\/sl\/wp-json\/wp\/v2\/comments?post=2024093"}],"version-history":[{"count":5,"href":"https:\/\/ecg-electro.eu\/sl\/wp-json\/wp\/v2\/pages\/2024093\/revisions"}],"predecessor-version":[{"id":2161646,"href":"https:\/\/ecg-electro.eu\/sl\/wp-json\/wp\/v2\/pages\/2024093\/revisions\/2161646"}],"wp:attachment":[{"href":"https:\/\/ecg-electro.eu\/sl\/wp-json\/wp\/v2\/media?parent=2024093"}],"curies":[{"name":"wp","href":"https:\/\/api.w.org\/{rel}","templated":true}]}}