{"id":2447203,"date":"2024-08-21T12:38:24","date_gmt":"2024-08-21T13:52:44","guid":{"rendered":"https:\/\/ecg-electro.eu\/?post_type=product&#038;p=2447203"},"modified":"2026-04-07T17:29:40","modified_gmt":"2026-04-07T15:29:40","slug":"ecg-ews-601001-blackline","status":"publish","type":"product","link":"https:\/\/ecg-electro.eu\/sk\/ecg-ews-601001-blackline\/","title":{"rendered":"ECG EWS 601001 BlackLine"},"content":{"rendered":"<p><em>*<span class=\"HwtZe\" lang=\"sk\"><span class=\"jCAhz ChMk0b\"><span class=\"ryNqvb\">Program m\u00f4\u017eete preru\u0161i\u0165, aby ste pridali bielize\u0148 po\u010das prania, ale iba dovtedy, k\u00fdm hladina vody pri nap\u00fa\u0161\u0165an\u00ed neprekro\u010d\u00ed bezpe\u010dn\u00fa \u00farove\u0148.<\/span><\/span><\/span><\/em><\/p>\n","protected":false},"excerpt":{"rendered":"<p>*Program m\u00f4\u017eete preru\u0161i\u0165, aby ste pridali bielize\u0148 po\u010das prania, ale iba dovtedy, k\u00fdm hladina vody pri nap\u00fa\u0161\u0165an\u00ed neprekro\u010d\u00ed bezpe\u010dn\u00fa \u00farove\u0148.<\/p>\n","protected":false},"featured_media":2361890,"template":"","meta":{"_acf_changed":false,"_monsterinsights_skip_tracking":false,"_monsterinsights_sitenote_active":false,"_monsterinsights_sitenote_note":"","_monsterinsights_sitenote_category":0},"product_brand":[],"product_cat":[45418],"product_tag":[],"class_list":{"0":"post-2447203","1":"product","2":"type-product","3":"status-publish","4":"has-post-thumbnail","6":"product_cat-automaticka-pracka","8":"first","9":"instock","10":"product-type-simple"},"acf":[],"_links":{"self":[{"href":"https:\/\/ecg-electro.eu\/sk\/wp-json\/wp\/v2\/product\/2447203","targetHints":{"allow":["GET"]}}],"collection":[{"href":"https:\/\/ecg-electro.eu\/sk\/wp-json\/wp\/v2\/product"}],"about":[{"href":"https:\/\/ecg-electro.eu\/sk\/wp-json\/wp\/v2\/types\/product"}],"wp:featuredmedia":[{"embeddable":true,"href":"https:\/\/ecg-electro.eu\/sk\/wp-json\/wp\/v2\/media\/2361890"}],"wp:attachment":[{"href":"https:\/\/ecg-electro.eu\/sk\/wp-json\/wp\/v2\/media?parent=2447203"}],"wp:term":[{"taxonomy":"product_brand","embeddable":true,"href":"https:\/\/ecg-electro.eu\/sk\/wp-json\/wp\/v2\/product_brand?post=2447203"},{"taxonomy":"product_cat","embeddable":true,"href":"https:\/\/ecg-electro.eu\/sk\/wp-json\/wp\/v2\/product_cat?post=2447203"},{"taxonomy":"product_tag","embeddable":true,"href":"https:\/\/ecg-electro.eu\/sk\/wp-json\/wp\/v2\/product_tag?post=2447203"}],"curies":[{"name":"wp","href":"https:\/\/api.w.org\/{rel}","templated":true}]}}