{"id":1896527,"date":"2021-05-02T14:33:05","date_gmt":"2021-05-03T06:00:15","guid":{"rendered":"https:\/\/ecg-electro.eu\/product\/ecg-ov-1821-white-2\/"},"modified":"2026-04-02T15:49:40","modified_gmt":"2026-04-02T13:49:40","slug":"ecg-ov-1821-white","status":"publish","type":"product","link":"https:\/\/ecg-electro.eu\/sk\/ecg-ov-1821-white\/","title":{"rendered":"ECG OV 1821 White"},"content":{"rendered":"<p>Podsvieten\u00fd <strong>LED displej<\/strong> ukazuje nevyhnutn\u00e9 inform\u00e1cie. To najd\u00f4le\u017eitej\u0161ie je, samozrejme, hmotnos\u0165, ktor\u00fa zobraz\u00ed s\u00a0maxim\u00e1lnym rozdielom 0,1 kg. V\u00e1ha je navy\u0161e vybaven\u00e1 aj metrick\u00fdm\/imperi\u00e1lnym konvertorom. To, keby ste n\u00e1hodou chceli vidie\u0165 svoju hmotnos\u0165 aj v\u00a0in\u00fdch jednotk\u00e1ch.<\/p>\n<p>S\u00fa\u010das\u0165ou displeja s\u00fa aj praktick\u00e9 indik\u00e1tory, ktor\u00e9 v\u00e1s <strong>upozornia na pre\u0165a\u017eenie<\/strong> \u010di <strong>na slab\u00fa bat\u00e9riu<\/strong>. Maxim\u00e1lna nosnos\u0165 v\u00e1hy je 180 kg.<\/p>\n<p>Vo v\u00fdbave nech\u00fdba ani <strong>funkcia automatick\u00e9ho vypnutia<\/strong>. V\u00a0pr\u00edpade dlh\u0161ej ne\u010dinnosti sa v\u00e1ha sama automaticky vypne. Nemus\u00edte ma\u0165 preto strach, \u017ee by sa zbyto\u010dne vyb\u00edjali bat\u00e9rie. Na\u00a0nap\u00e1janie sl\u00fa\u017eia 3\u00d7 1,5 V AAA bat\u00e9rie, ktor\u00e9 s\u00fa s\u00fa\u010das\u0165ou balenia.<\/p>\n","protected":false},"excerpt":{"rendered":"<p>Podsvieten\u00fd LED displej ukazuje nevyhnutn\u00e9 inform\u00e1cie. To najd\u00f4le\u017eitej\u0161ie je, samozrejme, hmotnos\u0165, ktor\u00fa zobraz\u00ed s\u00a0maxim\u00e1lnym rozdielom 0,1 kg. V\u00e1ha je navy\u0161e vybaven\u00e1 aj metrick\u00fdm\/imperi\u00e1lnym konvertorom. To, keby ste n\u00e1hodou chceli vidie\u0165 svoju hmotnos\u0165 aj v\u00a0in\u00fdch jednotk\u00e1ch. S\u00fa\u010das\u0165ou displeja s\u00fa aj praktick\u00e9 indik\u00e1tory, ktor\u00e9 v\u00e1s upozornia na pre\u0165a\u017eenie \u010di na slab\u00fa bat\u00e9riu. Maxim\u00e1lna nosnos\u0165 v\u00e1hy je 180 [&hellip;]<\/p>\n","protected":false},"featured_media":2017129,"template":"","meta":{"_acf_changed":false,"_monsterinsights_skip_tracking":false,"_monsterinsights_sitenote_active":false,"_monsterinsights_sitenote_note":"","_monsterinsights_sitenote_category":0},"product_cat":[46138],"product_tag":[],"class_list":{"0":"post-1896527","1":"product","2":"type-product","3":"status-publish","4":"has-post-thumbnail","6":"product_cat-osobne-vahy","8":"first","9":"instock","10":"taxable","11":"shipping-taxable","12":"purchasable","13":"product-type-simple"},"acf":[],"_links":{"self":[{"href":"https:\/\/ecg-electro.eu\/sk\/wp-json\/wp\/v2\/product\/1896527","targetHints":{"allow":["GET"]}}],"collection":[{"href":"https:\/\/ecg-electro.eu\/sk\/wp-json\/wp\/v2\/product"}],"about":[{"href":"https:\/\/ecg-electro.eu\/sk\/wp-json\/wp\/v2\/types\/product"}],"wp:featuredmedia":[{"embeddable":true,"href":"https:\/\/ecg-electro.eu\/sk\/wp-json\/wp\/v2\/media\/2017129"}],"wp:attachment":[{"href":"https:\/\/ecg-electro.eu\/sk\/wp-json\/wp\/v2\/media?parent=1896527"}],"wp:term":[{"taxonomy":"product_cat","embeddable":true,"href":"https:\/\/ecg-electro.eu\/sk\/wp-json\/wp\/v2\/product_cat?post=1896527"},{"taxonomy":"product_tag","embeddable":true,"href":"https:\/\/ecg-electro.eu\/sk\/wp-json\/wp\/v2\/product_tag?post=1896527"}],"curies":[{"name":"wp","href":"https:\/\/api.w.org\/{rel}","templated":true}]}}