{"id":2639889,"date":"2025-02-06T14:46:42","date_gmt":"2025-02-06T13:46:42","guid":{"rendered":"https:\/\/ecg-electro.eu\/?page_id=2639889"},"modified":"2025-07-10T13:36:08","modified_gmt":"2025-07-10T11:36:08","slug":"sutaze","status":"publish","type":"page","link":"https:\/\/ecg-electro.eu\/sk\/sutaze\/","title":{"rendered":"S\u00da\u0164A\u017dE"},"content":{"rendered":"\t\t<div data-elementor-type=\"wp-page\" data-elementor-id=\"2639889\" class=\"elementor elementor-2639889\" data-elementor-post-type=\"page\">\n\t\t\t\t\t\t<section class=\"elementor-section elementor-top-section elementor-element elementor-element-c9692f1 elementor-section-boxed elementor-section-height-default elementor-section-height-default\" data-id=\"c9692f1\" data-element_type=\"section\" data-e-type=\"section\">\n\t\t\t\t\t\t<div class=\"elementor-container elementor-column-gap-default\">\n\t\t\t\t\t<div class=\"elementor-column elementor-col-100 elementor-top-column elementor-element elementor-element-a97c354\" data-id=\"a97c354\" data-element_type=\"column\" data-e-type=\"column\">\n\t\t\t<div class=\"elementor-widget-wrap elementor-element-populated\">\n\t\t\t\t\t\t<div class=\"elementor-element elementor-element-65e2e24 elementor-widget elementor-widget-image\" data-id=\"65e2e24\" data-element_type=\"widget\" data-e-type=\"widget\" data-widget_type=\"image.default\">\n\t\t\t\t<div class=\"elementor-widget-container\">\n\t\t\t\t\t\t\t\t\t\t\t\t\t\t\t<img fetchpriority=\"high\" decoding=\"async\" width=\"1024\" height=\"620\" src=\"https:\/\/ecg-electro.eu\/wp-content\/uploads\/2025\/07\/2.jpg\" class=\"attachment-1536x1536 size-1536x1536 wp-image-3104184\" alt=\"\" \/>\t\t\t\t\t\t\t\t\t\t\t\t\t\t\t<\/div>\n\t\t\t\t<\/div>\n\t\t\t\t\t<\/div>\n\t\t<\/div>\n\t\t\t\t\t<\/div>\n\t\t<\/section>\n\t\t\t\t<section class=\"elementor-section elementor-top-section elementor-element elementor-element-780c6bb elementor-section-boxed elementor-section-height-default elementor-section-height-default\" data-id=\"780c6bb\" data-element_type=\"section\" data-e-type=\"section\">\n\t\t\t\t\t\t<div class=\"elementor-container elementor-column-gap-default\">\n\t\t\t\t\t<div class=\"elementor-column elementor-col-100 elementor-top-column elementor-element elementor-element-296edf7\" data-id=\"296edf7\" data-element_type=\"column\" data-e-type=\"column\">\n\t\t\t<div class=\"elementor-widget-wrap elementor-element-populated\">\n\t\t\t\t\t\t<div class=\"elementor-element elementor-element-30df97b elementor-widget elementor-widget-spacer\" data-id=\"30df97b\" data-element_type=\"widget\" data-e-type=\"widget\" data-widget_type=\"spacer.default\">\n\t\t\t\t<div class=\"elementor-widget-container\">\n\t\t\t\t\t\t\t<div class=\"elementor-spacer\">\n\t\t\t<div class=\"elementor-spacer-inner\"><\/div>\n\t\t<\/div>\n\t\t\t\t\t\t<\/div>\n\t\t\t\t<\/div>\n\t\t\t\t<div class=\"elementor-element elementor-element-5c66191 elementor-widget__width-initial elementor-widget elementor-widget-text-editor\" data-id=\"5c66191\" data-element_type=\"widget\" data-e-type=\"widget\" data-widget_type=\"text-editor.default\">\n\t\t\t\t<div class=\"elementor-widget-container\">\n\t\t\t\t\t\t\t\t\t<h3 style=\"text-align: center;\"><strong>Letn\u00e1 s\u00fa\u0165a\u017e ECG 2025<\/strong><\/h3><p style=\"text-align: center;\">Zapojte sa do na\u0161ej s\u00fa\u0165a\u017ee a vyhrajte cestovn\u00fa chladni\u010dku <span style=\"text-decoration: underline; color: #666699;\"><a style=\"color: #666699; text-decoration: underline;\" href=\"https:\/\/ecg-electro.eu\/sk\/ecg-ac-3022-hc-dual\/\"><strong>ECG AC 3022 HC Dual <\/strong>!<\/a><\/span><\/p><p style=\"text-align: center;\">Podmienky s\u00fa\u0165a\u017ee:<\/p><p style=\"text-align: center;\"><strong>\ud83d\udcc5 <\/strong><strong><span style=\"text-decoration: underline;\">Kedy sa s\u00fa\u0165a\u017e kon\u00e1<\/span>:<\/strong><\/p><p style=\"text-align: center;\">S\u00fa\u0165a\u017e prebieha od <strong>14. 7. 2025 do 20. 7. 2025<\/strong>.<\/p><p style=\"text-align: center;\"><strong>\ud83c\udf81 <\/strong><strong><span style=\"text-decoration: underline;\">O \u010do sa s\u00fa\u0165a\u017e\u00ed<\/span>:<\/strong><\/p><p style=\"text-align: center;\">Dvaja \u00fa\u010dastn\u00edci, ktor\u00ed spr\u00e1vne odpovedia na s\u00fa\u0165a\u017en\u00fa ot\u00e1zku, z\u00edskaj\u00fa cestovn\u00fa chladni\u010dku <strong>ECG AC 3022 HC Dual<\/strong>.<\/p><p style=\"text-align: center;\"><strong>\u2753 <\/strong><span style=\"text-decoration: underline;\"><strong>S\u00fa\u0165a\u017en\u00e1 ot<\/strong><strong>\u00e1zka<\/strong><\/span><strong>:<\/strong><strong>\u200b<\/strong><strong>\u200b<\/strong><\/p><p style=\"text-align: center;\"><em>O ko\u013eko stup\u0148ov pod okolit\u00fa teplotu dok\u00e1\u017ee chladi\u0165 cestovn\u00e1 chladni\u010dka ECG AC 3022 HC Dual?<\/em><\/p><p style=\"text-align: center;\">\ud83d\udd0d N\u00e1povedu n\u00e1jdete na webov\u00fdch str\u00e1nkach <a href=\"https:\/\/ecg-electro.eu\/sk\/\">www.ecg.sk.<\/a><\/p><p style=\"text-align: center;\"><strong>\u2705 <\/strong><span style=\"text-decoration: underline;\"><strong>Podmienky \u00fa\u010d<\/strong><strong>asti <\/strong><strong>v <\/strong><\/span><strong><span style=\"text-decoration: underline;\">s\u00fa\u0165a\u017ei<\/span>:<\/strong><strong>\u200b<\/strong><\/p><p style=\"text-align: center;\">Spr\u00e1vne odpoveda\u0165 na s\u00fa\u0165a\u017en\u00fa ot\u00e1zku do koment\u00e1ra pod s\u00fa\u0165a\u017en\u00fdm pr\u00edspevkom na Instagrame ECG.<\/p><p style=\"text-align: center;\">Sledova\u0165 instagramov\u00fd profil <strong>@ecg_czsk<\/strong>.<\/p><p style=\"text-align: center;\">Da\u0165 \u201eTo sa mi p\u00e1\u010di\u201c tomuto s\u00fa\u0165a\u017en\u00e9mu pr\u00edspevku.<\/p><p style=\"text-align: center;\"><strong>\ud83d\udc65 <\/strong><span style=\"text-decoration: underline;\"><strong>Kto sa m\u00f4\u017ee z\u00fa\u010dastni\u0165:<\/strong><\/span><\/p><p style=\"text-align: center;\">S\u00fa\u0165a\u017ee sa m\u00f4\u017ee z\u00fa\u010dastni\u0165 ka\u017ed\u00e1 fyzick\u00e1 osoba star\u0161ia ako 18 rokov, ktor\u00e1 m\u00e1 <strong>trval\u00e9 bydlisko na \u00fazem\u00ed \u010ceskej republiky alebo Slovenskej republiky<\/strong>, je registrovan\u00e1 a m\u00e1 po cel\u00fa dobu s\u00fa\u0165a\u017ee akt\u00edvny \u00fa\u010det na soci\u00e1lnej sieti <strong>Instagram<\/strong>, a obozn\u00e1mila sa s t\u00fdmito pravidlami s\u00fa\u0165a\u017ee a \u00faplne ich spln\u00ed.<\/p><p style=\"text-align: center;\"><strong>\u00a0<\/strong><strong>\ud83d\udce9 <\/strong><strong><span style=\"text-decoration: underline;\">Ako bude v\u00fdherca kontaktovan\u00fd<\/span>:<\/strong><\/p><p style=\"text-align: center;\">V\u00fdhercovia bud\u00fa kontaktovan\u00ed prostredn\u00edctvom s\u00fakromnej spr\u00e1vy na Instagrame (na profil, z ktor\u00e9ho bola zaslan\u00e1 s\u00fa\u0165a\u017en\u00e1 odpove\u010f), a to do 10 pracovn\u00fdch dn\u00ed od ukon\u010denia s\u00fa\u0165a\u017ee. N\u00e1sledne bud\u00fa vyzvan\u00ed na prevzatie v\u00fdhry.<\/p><p style=\"text-align: center;\"><strong>\u00dapln\u00e9 znenie platn\u00fdch pravidiel s\u00fa\u0165a\u017ee n\u00e1jdete <\/strong><a href=\"https:\/\/ecg-electro.eu\/pdf_files\/obecne-obchodne-a-sutazne-podmienky-sk.pdf\"><strong><span style=\"text-decoration: underline;\"><span style=\"color: #0000ff; text-decoration: underline;\">TU<\/span><\/span><\/strong><\/a><\/p><p style=\"text-align: center;\">\u00a0<\/p>\t\t\t\t\t\t\t\t<\/div>\n\t\t\t\t<\/div>\n\t\t\t\t\t<\/div>\n\t\t<\/div>\n\t\t\t\t\t<\/div>\n\t\t<\/section>\n\t\t\t\t<\/div>\n\t\t","protected":false},"excerpt":{"rendered":"<p>Letn\u00e1 s\u00fa\u0165a\u017e ECG 2025 Zapojte sa do na\u0161ej s\u00fa\u0165a\u017ee a vyhrajte cestovn\u00fa chladni\u010dku ECG AC 3022 HC Dual ! Podmienky s\u00fa\u0165a\u017ee: \ud83d\udcc5 Kedy sa s\u00fa\u0165a\u017e kon\u00e1: S\u00fa\u0165a\u017e prebieha od 14. 7. 2025 do 20. 7. 2025. \ud83c\udf81 O \u010do sa s\u00fa\u0165a\u017e\u00ed: Dvaja \u00fa\u010dastn\u00edci, ktor\u00ed spr\u00e1vne odpovedia na s\u00fa\u0165a\u017en\u00fa ot\u00e1zku, z\u00edskaj\u00fa cestovn\u00fa chladni\u010dku ECG AC 3022 [&hellip;]<\/p>\n","protected":false},"author":19,"featured_media":0,"parent":0,"menu_order":0,"comment_status":"closed","ping_status":"closed","template":"","meta":{"_acf_changed":false,"_monsterinsights_skip_tracking":false,"_monsterinsights_sitenote_active":false,"_monsterinsights_sitenote_note":"","_monsterinsights_sitenote_category":0,"footnotes":""},"class_list":["post-2639889","page","type-page","status-publish","hentry"],"acf":[],"_links":{"self":[{"href":"https:\/\/ecg-electro.eu\/sk\/wp-json\/wp\/v2\/pages\/2639889","targetHints":{"allow":["GET"]}}],"collection":[{"href":"https:\/\/ecg-electro.eu\/sk\/wp-json\/wp\/v2\/pages"}],"about":[{"href":"https:\/\/ecg-electro.eu\/sk\/wp-json\/wp\/v2\/types\/page"}],"author":[{"embeddable":true,"href":"https:\/\/ecg-electro.eu\/sk\/wp-json\/wp\/v2\/users\/19"}],"replies":[{"embeddable":true,"href":"https:\/\/ecg-electro.eu\/sk\/wp-json\/wp\/v2\/comments?post=2639889"}],"version-history":[{"count":5,"href":"https:\/\/ecg-electro.eu\/sk\/wp-json\/wp\/v2\/pages\/2639889\/revisions"}],"predecessor-version":[{"id":3104228,"href":"https:\/\/ecg-electro.eu\/sk\/wp-json\/wp\/v2\/pages\/2639889\/revisions\/3104228"}],"wp:attachment":[{"href":"https:\/\/ecg-electro.eu\/sk\/wp-json\/wp\/v2\/media?parent=2639889"}],"curies":[{"name":"wp","href":"https:\/\/api.w.org\/{rel}","templated":true}]}}