{"id":243354,"date":"2021-03-06T16:23:37","date_gmt":"2021-03-06T16:23:37","guid":{"rendered":"https:\/\/ecg-electro.eu\/exkluzivna-predlzena-zaruka\/"},"modified":"2021-03-06T16:23:37","modified_gmt":"2021-03-06T16:23:37","slug":"exkluzivna-predlzena-zaruka","status":"publish","type":"page","link":"https:\/\/ecg-electro.eu\/sk\/exkluzivna-predlzena-zaruka\/","title":{"rendered":"Exkluzivna pred\u013a\u017een\u00e1 z\u00e1ruka"},"content":{"rendered":"<h3><img fetchpriority=\"high\" decoding=\"async\" class=\"aligncenter wp-image-45082 size-large\" src=\"https:\/\/ecg-electro.eu\/wp-content\/uploads\/2020\/02\/ecg_preden_zruka_main_web_sk-1-928x440.png\" alt=\"\" width=\"928\" height=\"440\" \/><\/h3>\n<h3>\u00a0<\/h3>\n<h3>V\u00e1\u017een\u00fd z\u00e1kazn\u00edk,<\/h3>\n<p>\u010fakujeme, \u017ee ste sa rozhodol zak\u00fapi\u0165 si v\u00fdrobok ECG a vyu\u017ei\u0165 bezplatn\u00e9 exkluz\u00edvne pred\u013a\u017eenie z\u00e1ruky. T\u00fato slu\u017ebu poskytovan\u00fa nad r\u00e1mec z\u00e1konnej z\u00e1ruky je nutn\u00e9 aktivova\u0165 pomocou registra\u010dn\u00e9ho formul\u00e1ra n\u00ed\u017e\u0161ie. Proveden\u00edm tejto registr\u00e1cie obdr\u017e\u00edte \u201eCertifik\u00e1t\u201c, kde bud\u00fa uveden\u00e9 V\u00e1mi vyplnen\u00e9 \u00fadaje. Tento certifik\u00e1t obdr\u017e\u00edte na e-mailovou adresu uveden\u00fa v registraci. Certifik\u00e1t odpor\u00fa\u010dame vytla\u010di\u0165 a d\u00f4kladne uschova\u0165 pre pr\u00edpadn\u00fa reklam\u00e1ciu v\u00fdrobku spolu s dokladom o k\u00fape.<\/p>\n<p>&nbsp;<\/p>\n<h3>Podmienky pre z\u00edskanie 10 ro\u010dnej pred\u013a\u017eenej z\u00e1ruky<\/h3>\n<p>&nbsp;<\/p>\n<p>Z\u00e1kladnou podmienkou je zak\u00fapenie vybran\u00e9ho dom\u00e1ceho spotrebi\u010da zna\u010dky ECG, na ktor\u00fd sa vz\u0165ahuje mo\u017enos\u0165 pred\u013a\u017eenej z\u00e1ruky. Spotrebi\u010d je nutn\u00e9 zaregistrova\u0165 najnesk\u00f4r do 14 dn\u00ed od d\u00e1tumu zak\u00fapenia, aby bolo mo\u017en\u00e9 z\u00edska\u0165 pred\u013a\u017een\u00fa z\u00e1ruku. Plat\u00ed pre produkty zakoupen\u00e9 po 1.1.2020. Registr\u00e1cia pred\u013a\u017eenej z\u00e1ruky plat\u00ed len pre 1. majite\u013ea spotrebi\u010da. V p\u00edpade probl\u00e9mu je potrebn\u00e9 reklamova\u0165 spotrebi\u010d bezodkladne po zisten\u00ed z\u00e1vady na bezplatnom telef\u00f3nnom \u010d\u00edsle 0800 333 003.<\/p>\n<p>&nbsp;<\/p>\n<h3>Inform\u00e1cie k pred\u013a\u017eenej z\u00e1ruke ECG 24+12<\/h3>\n<p>&nbsp;<\/p>\n<p>Ku ka\u017ed\u00e9mu produktu spolo\u010dnosti ECG je vystaven\u00fd z\u00e1ru\u010dn\u00fd list alebo predejn\u00fd doklad, kter\u00fd v pr\u00edpad\u011b z\u00e1vady sl\u00fa\u017ei k uplatneniu reklam\u00e1cie spotrebi\u010da. Vzh\u013eadem k tomu, \u017ee svoj\u00edm produktom ver\u00edme, poskytujeme na\u0161\u00edm z\u00e1kazn\u00edkom k z\u00e1konnej 24 mesa\u010dnej z\u00e1ru\u010dnej dobe naviac dal\u0161iu zmluvn\u00fa z\u00e1ru\u010dn\u00fa dobu v z\u00e1vislosti na type spotrebi\u010da, ktor\u00e1 za\u010d\u00edna ihned po uplynut\u00ed \u0161tandardnej z\u00e1ru\u010dnej doby. Tato pred\u013a\u017een\u00e1 z\u00e1ruka sa vz\u0165ahuje na vybran\u00e9 produkty zna\u010dky ECG, dod\u00e1van\u00e9 na \u010desk\u00fd a slovensk\u00fd trh prostrednictv\u00edm spolo\u010dnosti K+B Progres, a.s..<\/p>\n<p>&nbsp;<\/p>\n<h3>Podmienky pred\u013a\u017eenej z\u00e1ruky<\/h3>\n<p>&nbsp;<\/p>\n<p>V priebehu pred\u013a\u017eenej z\u00e1ruky (nad r\u00e1mec z\u00e1konnej dvojro\u010dnej), si spol. K+B Progres, a.s. vyhradzuje pr\u00e1vo na \u00fapravu t\u00fdchto z\u00e1ru\u010dn\u00fdch podmienok. Lehota pre bezplatn\u00fa opravu produktu sa z 30 dn\u00ed men\u00ed na max. 60 dn\u00ed. Autorizovan\u00e9 servisn\u00e9 stredisko (\u00b4dalej len \u201eservis\u201c) sa navzdory tejto \u00faprave zav\u00e4zuje uskuto\u010dni\u0165 bezplatn\u00fa opravu v \u010do najkrat\u0161ej mo\u017enej dob\u011b bez zbyto\u010dn\u00fdch odkladov. V\u0161etky n\u00e1klady na pr\u00e1cu, n\u00e1hradn\u00e9 diely a dopravu s\u00fa v priebehu pred\u013a\u017eenej z\u00e1ruky hraden\u00e9 spol. K+B Progres, a.s.. Ak sa v priebehu platnosti pred\u013a\u017eenej z\u00e1ruky (nad r\u00e1mec z\u00e1konnej 24 mesa\u010dnej z\u00e1ruky\u0148, vyskytne z\u00e1ru\u010dn\u00e1 z\u00e1vada produktu, ktor\u00e1 nie je v lehote odstr\u00e1nite\u013en\u00e1, nen\u00ed mo\u017en\u00e9 \u017eiada\u0165 o odstoupenie od k\u00fapnej zmluvy. Ako n\u00e1hradn\u00e9 plnenie, v\u0161ak pred\u00e1vaj\u00faci na z\u00e1klade tohto certifik\u00e1tu, dokladu o predaji a vadn\u00e9ho v\u00fdrobku,\u00a0 poskytne z\u00e1ru\u010dn\u00e9 plnenie formou v\u00fdmeny za in\u00fd nov\u00fd produkt v podobnej kvalite a s podobn\u00fdmi parametrami. Ak behom platnosti pred\u013a\u017eenej z\u00e1ru\u010dnej lehoty (po skon\u010den\u00ed z\u00e1konnej 24 mesa\u010dnej z\u00e1ruke) d\u00f4jde k v\u00fdmene v\u00fdrobku za nov\u00fd kus, nevznik\u00e1 automaticky n\u00e1rok na nov\u00fa z\u00e1konn\u00fa a pred\u013a\u017een\u00fa z\u00e1ruku. Na\u010falej plynie p\u00f4vodn\u00e1 poskytnut\u00e1 z\u00e1ru\u010dn\u00e1 doba.<\/p>\n<p>&nbsp;<\/p>\n<h3>Pred\u013a\u017een\u00fa z\u00e1ruku nie je mo\u017en\u00e9 uplatni\u0165 v pr\u00edpade:<\/h3>\n<p>&nbsp;<\/p>\n<p>Akejko\u013evek zmeny v z\u00e1ru\u010dnom liste (predejnom doklade) alebo certifik\u00e1te uskuto\u010dnen\u00e9 neopr\u00e1vnenou osobou, nevyplnenie alebo strata z\u00e1ru\u010dn\u00e9ho listu (predajn\u00e9ho dokladu). Pou\u017e\u00edvanie v\u00fdrobku k in\u00e9mu \u00fa\u010delu ne\u017e pre ktor\u00fd je v\u00fdrobek ur\u010den\u00fd (napr. k podnikaniu) alebo nedodr\u017eanie pokynov pre \u00fadr\u017ebu, prev\u00e1dzku a obsluhu v\u00fdrobku. Po\u0161kodenie v\u00fdrobku \u017eivelnou pohromou, z\u00e1sahom neopr\u00e1vnenej osoby alebo mechanicky vinou kupuj\u00faceho (napr. pri preprave, \u010disten\u00ed nevhodn\u00fdmi prostriedkami a pod.). Vystavenie nepriazniv\u00e9mu vonkaj\u0161iemu vplyvu, napr. slne\u010dn\u00e9mu a in\u00e9mu \u017eiareniu \u010di elektromagnetick\u00e9mu po\u013eu, vniknutiu tekutiny, vniknutiu predmetu, prep\u00e4tiu v sieti, kol\u00edsaniu siete, prep\u00e4tiu alebo skratu\u00a0 na vstupoch, v\u00fdstupoch, nap\u00e4tiu vzniknut\u00e9mu pri elektrostatickom v\u00fdboji (vr\u00e1tane blesku), chybn\u00e9mu nap\u00e1jeciemu alebo vstupn\u00e9mu nap\u00e4tiu a nevhodnej polarite tohoto nap\u00e4tia, vplyvom\u00a0 chemick\u00fdch procesov napr. pri pou\u017eit\u00fdch nap\u00e1jac\u00edch \u010dl\u00e1nkov a pod. Ak boli k\u00fdmko\u013evek uskuto\u010dn\u00e9n\u00e9 \u00fapravy, modifik\u00e1cie, zmeny kon\u0161trukcie alebo pokus o zmenu alebo roz\u0161\u00edrenie funkci\u00ed v\u00fdrobku oproti zak\u00fapen\u00e9mu vyhotoveniu, napr. z d\u00f4vodu mo\u017enosti jeho prev\u00e1dzky v inej krajine, ne\u017e pre ktor\u00fa bol navrhnut\u00fd, vyroben\u00fd a schv\u00e1len\u00fd.<\/p>\n<p>&nbsp;<\/p>\n<p><img decoding=\"async\" class=\"aligncenter size-full wp-image-45096\" src=\"https:\/\/ecg-electro.eu\/wp-content\/uploads\/2020\/02\/ecg_exkluzivna_preden_zruka_sk_pruh.png\" alt=\"\" width=\"928\" height=\"284\" \/><\/p>\n<p>&nbsp;<\/p>\n","protected":false},"excerpt":{"rendered":"<p>\u00a0 V\u00e1\u017een\u00fd z\u00e1kazn\u00edk, \u010fakujeme, \u017ee ste sa rozhodol zak\u00fapi\u0165 si v\u00fdrobok ECG a vyu\u017ei\u0165 bezplatn\u00e9 exkluz\u00edvne pred\u013a\u017eenie z\u00e1ruky. T\u00fato slu\u017ebu poskytovan\u00fa nad r\u00e1mec z\u00e1konnej z\u00e1ruky je nutn\u00e9 aktivova\u0165 pomocou registra\u010dn\u00e9ho formul\u00e1ra n\u00ed\u017e\u0161ie. Proveden\u00edm tejto registr\u00e1cie obdr\u017e\u00edte \u201eCertifik\u00e1t\u201c, kde bud\u00fa uveden\u00e9 V\u00e1mi vyplnen\u00e9 \u00fadaje. Tento certifik\u00e1t obdr\u017e\u00edte na e-mailovou adresu uveden\u00fa v registraci. Certifik\u00e1t odpor\u00fa\u010dame vytla\u010di\u0165 [&hellip;]<\/p>\n","protected":false},"author":0,"featured_media":243355,"parent":0,"menu_order":0,"comment_status":"closed","ping_status":"closed","template":"","meta":{"_acf_changed":false,"_monsterinsights_skip_tracking":false,"_monsterinsights_sitenote_active":false,"_monsterinsights_sitenote_note":"","_monsterinsights_sitenote_category":0,"footnotes":""},"class_list":["post-243354","page","type-page","status-publish","has-post-thumbnail","hentry"],"acf":[],"_links":{"self":[{"href":"https:\/\/ecg-electro.eu\/sk\/wp-json\/wp\/v2\/pages\/243354","targetHints":{"allow":["GET"]}}],"collection":[{"href":"https:\/\/ecg-electro.eu\/sk\/wp-json\/wp\/v2\/pages"}],"about":[{"href":"https:\/\/ecg-electro.eu\/sk\/wp-json\/wp\/v2\/types\/page"}],"replies":[{"embeddable":true,"href":"https:\/\/ecg-electro.eu\/sk\/wp-json\/wp\/v2\/comments?post=243354"}],"version-history":[{"count":0,"href":"https:\/\/ecg-electro.eu\/sk\/wp-json\/wp\/v2\/pages\/243354\/revisions"}],"wp:featuredmedia":[{"embeddable":true,"href":"https:\/\/ecg-electro.eu\/sk\/wp-json\/wp\/v2\/media\/243355"}],"wp:attachment":[{"href":"https:\/\/ecg-electro.eu\/sk\/wp-json\/wp\/v2\/media?parent=243354"}],"curies":[{"name":"wp","href":"https:\/\/api.w.org\/{rel}","templated":true}]}}