{"id":2410266,"date":"2024-03-15T13:13:12","date_gmt":"2024-03-15T12:13:12","guid":{"rendered":"https:\/\/ecg-electro.eu\/?page_id=2410266"},"modified":"2024-07-26T13:26:51","modified_gmt":"2024-07-26T11:26:51","slug":"velkonocna-sutaz","status":"publish","type":"page","link":"https:\/\/ecg-electro.eu\/sk\/letna-sutaz\/","title":{"rendered":"Letn\u00e1 s\u00fa\u0165a\u017e"},"content":{"rendered":"\t\t<div data-elementor-type=\"wp-page\" data-elementor-id=\"2410266\" class=\"elementor elementor-2410266\" data-elementor-post-type=\"page\">\n\t\t\t\t\t\t<section data-dce-background-color=\"#F6F6F6\" class=\"elementor-section elementor-top-section elementor-element elementor-element-5fcae01 elementor-section-boxed elementor-section-height-default elementor-section-height-default\" data-id=\"5fcae01\" data-element_type=\"section\" data-e-type=\"section\" data-settings=\"{&quot;background_background&quot;:&quot;classic&quot;}\">\n\t\t\t\t\t\t<div class=\"elementor-container elementor-column-gap-default\">\n\t\t\t\t\t<div class=\"elementor-column elementor-col-100 elementor-top-column elementor-element elementor-element-5ebaffe\" data-id=\"5ebaffe\" data-element_type=\"column\" data-e-type=\"column\">\n\t\t\t<div class=\"elementor-widget-wrap elementor-element-populated\">\n\t\t\t\t\t\t<div class=\"elementor-element elementor-element-b3ea9ca elementor-widget elementor-widget-image\" data-id=\"b3ea9ca\" data-element_type=\"widget\" data-e-type=\"widget\" data-widget_type=\"image.default\">\n\t\t\t\t<div class=\"elementor-widget-container\">\n\t\t\t\t\t\t\t\t\t\t\t\t\t\t\t<img fetchpriority=\"high\" decoding=\"async\" width=\"768\" height=\"465\" src=\"https:\/\/ecg-electro.eu\/wp-content\/uploads\/2024\/07\/SK_Microsite_Soutez-vyrobnik-ledu_1024x620px_7-2024-768x465.jpg\" class=\"attachment-medium_large size-medium_large wp-image-2441865\" alt=\"\" \/>\t\t\t\t\t\t\t\t\t\t\t\t\t\t\t<\/div>\n\t\t\t\t<\/div>\n\t\t\t\t\t<\/div>\n\t\t<\/div>\n\t\t\t\t\t<\/div>\n\t\t<\/section>\n\t\t\t\t<section class=\"elementor-section elementor-top-section elementor-element elementor-element-22236ac elementor-section-boxed elementor-section-height-default elementor-section-height-default\" data-id=\"22236ac\" data-element_type=\"section\" data-e-type=\"section\">\n\t\t\t\t\t\t<div class=\"elementor-container elementor-column-gap-default\">\n\t\t\t\t\t<div class=\"elementor-column elementor-col-100 elementor-top-column elementor-element elementor-element-d6b2c5a\" data-id=\"d6b2c5a\" data-element_type=\"column\" data-e-type=\"column\">\n\t\t\t<div class=\"elementor-widget-wrap elementor-element-populated\">\n\t\t\t\t\t\t<div class=\"elementor-element elementor-element-1aa656c elementor-widget__width-initial e-transform e-transform elementor-widget elementor-widget-text-editor\" data-id=\"1aa656c\" data-element_type=\"widget\" data-e-type=\"widget\" data-settings=\"{&quot;_transform_translateY_effect&quot;:{&quot;unit&quot;:&quot;px&quot;,&quot;size&quot;:0,&quot;sizes&quot;:[]},&quot;_transform_skewX_effect&quot;:{&quot;unit&quot;:&quot;px&quot;,&quot;size&quot;:0,&quot;sizes&quot;:[]},&quot;_transform_translateX_effect&quot;:{&quot;unit&quot;:&quot;px&quot;,&quot;size&quot;:&quot;&quot;,&quot;sizes&quot;:[]},&quot;_transform_translateX_effect_tablet&quot;:{&quot;unit&quot;:&quot;px&quot;,&quot;size&quot;:&quot;&quot;,&quot;sizes&quot;:[]},&quot;_transform_translateX_effect_mobile&quot;:{&quot;unit&quot;:&quot;px&quot;,&quot;size&quot;:&quot;&quot;,&quot;sizes&quot;:[]},&quot;_transform_translateY_effect_tablet&quot;:{&quot;unit&quot;:&quot;px&quot;,&quot;size&quot;:&quot;&quot;,&quot;sizes&quot;:[]},&quot;_transform_translateY_effect_mobile&quot;:{&quot;unit&quot;:&quot;px&quot;,&quot;size&quot;:&quot;&quot;,&quot;sizes&quot;:[]},&quot;_transform_skewX_effect_tablet&quot;:{&quot;unit&quot;:&quot;deg&quot;,&quot;size&quot;:&quot;&quot;,&quot;sizes&quot;:[]},&quot;_transform_skewX_effect_mobile&quot;:{&quot;unit&quot;:&quot;deg&quot;,&quot;size&quot;:&quot;&quot;,&quot;sizes&quot;:[]},&quot;_transform_skewY_effect&quot;:{&quot;unit&quot;:&quot;px&quot;,&quot;size&quot;:&quot;&quot;,&quot;sizes&quot;:[]},&quot;_transform_skewY_effect_tablet&quot;:{&quot;unit&quot;:&quot;deg&quot;,&quot;size&quot;:&quot;&quot;,&quot;sizes&quot;:[]},&quot;_transform_skewY_effect_mobile&quot;:{&quot;unit&quot;:&quot;deg&quot;,&quot;size&quot;:&quot;&quot;,&quot;sizes&quot;:[]}}\" data-widget_type=\"text-editor.default\">\n\t\t\t\t<div class=\"elementor-widget-container\">\n\t\t\t\t\t\t\t\t\t<p>Zapojte sa do na\u0161ej s\u00fa\u0165a\u017ee a vyhrajte v\u00fdrobn\u00edk \u013eadu ECG ICM 1253 Iceman<\/p><p><u>Podmienky s\u00fa\u0165a\u017ee:<\/u><\/p><p><strong>Kedy sa s\u00fa\u0165a\u017e kon\u00e1:<\/strong><\/p><p>S\u00fa\u0165a\u017e prebieha od 29. 7. 2024 do 4. 8. 2024<\/p><p><strong>O \u010do sa s\u00fa\u0165a\u017e\u00ed:<\/strong><\/p><p>Jeden \u00fa\u010dastn\u00edk s\u00fa\u0165a\u017ee, ktor\u00fd spr\u00e1vne zodpovie s\u00fa\u0165a\u017en\u00fa ot\u00e1zku, z\u00edska ECG ICM 1253 Iceman<\/p><p><strong>S\u00fa\u0165a\u017en\u00e1 ot\u00e1zka:<\/strong><\/p><p>Ko\u013eko kilogramov \u013eadu dok\u00e1\u017ee vyrobi\u0165 za jedin\u00fd de\u0148 ECG ICM 1253 Iceman ?<\/p><p>N\u00e1poveda na s\u00fa\u0165a\u017en\u00fa ot\u00e1zku je k n\u00e1jdeniu na webov\u00fdch str\u00e1nkach ecg.sk<\/p><p><strong>Ak\u00e9 s\u00fa podmienky \u00fa\u010dasti v s\u00fa\u0165a\u017ei?<\/strong><\/p><ol><li>Spr\u00e1vne odpoveda\u0165 na s\u00fa\u0165a\u017en\u00fa ot\u00e1zku do koment\u00e1ra na Facebooku<\/li><li>Da\u0165 to sa mi p\u00e1\u010di a sledova\u0165 Facebook str\u00e1nku ECG CZSK<\/li><li>Da\u0165 to sa mi p\u00e1\u010di tejto s\u00fa\u0165a\u017ei na Facebooku<\/li><\/ol><p>\u00a0<\/p><p><strong>Kto sa m\u00f4\u017ee z\u00fa\u010dastni\u0165:<\/strong><\/p><p>\u00da\u010dastn\u00edkom s\u00fa\u0165a\u017ee m\u00f4\u017ee by\u0165 osoba vo veku od 18 rokov s adresou na \u00fazem\u00ed \u010ceskej republiky alebo Slovenskej republiky, ktor\u00e1 je registrovan\u00e1 na soci\u00e1lnej sieti Facebook, m\u00e1 po cel\u00fd \u010das s\u00fa\u0165a\u017ee akt\u00edvny \u00fa\u010det na soci\u00e1lnej sieti Facebook a obozn\u00e1mila sa s t\u00fdmito zverejnen\u00fdmi pravidlami s\u00fa\u0165a\u017ee a \u00faplne ich spln\u00ed.<\/p><p><strong>Ak\u00fdm sp\u00f4sobom bude kontaktovan\u00fd v\u00fdherca?<\/strong><\/p><p>V\u00fdherca bude kontaktovan\u00fd organiz\u00e1torom, po zverejnen\u00ed spr\u00e1vnej odpovede na Facebooku, spr\u00e1vou na Facebooku do 10 pracovn\u00fdch dn\u00ed od ukon\u010denia s\u00fa\u0165a\u017ee na profil, z ktor\u00e9ho odoslal spr\u00e1vnu odpove\u010f do s\u00fa\u0165a\u017ee a n\u00e1sledne bude vyzvan\u00fd na prebratie v\u00fdhry.<\/p><p><strong>\u00dapln\u00e9 znenie platn\u00fdch pravidiel s\u00fa\u0165a\u017ee n\u00e1jdete <\/strong><span style=\"text-decoration: underline; color: #3366ff;\"><a style=\"color: #3366ff;\" href=\"https:\/\/ecg-electro.eu\/pdf_files\/obecne-obchodne-a-sutazne-podmienky-sk.pdf\"><strong>TU<\/strong><\/a><\/span><\/p>\t\t\t\t\t\t\t\t<\/div>\n\t\t\t\t<\/div>\n\t\t\t\t\t<\/div>\n\t\t<\/div>\n\t\t\t\t\t<\/div>\n\t\t<\/section>\n\t\t\t\t<\/div>\n\t\t","protected":false},"excerpt":{"rendered":"<p>Zapojte sa do na\u0161ej s\u00fa\u0165a\u017ee a vyhrajte v\u00fdrobn\u00edk \u013eadu ECG ICM 1253 Iceman Podmienky s\u00fa\u0165a\u017ee: Kedy sa s\u00fa\u0165a\u017e kon\u00e1: S\u00fa\u0165a\u017e prebieha od 29. 7. 2024 do 4. 8. 2024 O \u010do sa s\u00fa\u0165a\u017e\u00ed: Jeden \u00fa\u010dastn\u00edk s\u00fa\u0165a\u017ee, ktor\u00fd spr\u00e1vne zodpovie s\u00fa\u0165a\u017en\u00fa ot\u00e1zku, z\u00edska ECG ICM 1253 Iceman S\u00fa\u0165a\u017en\u00e1 ot\u00e1zka: Ko\u013eko kilogramov \u013eadu dok\u00e1\u017ee vyrobi\u0165 za jedin\u00fd [&hellip;]<\/p>\n","protected":false},"author":19,"featured_media":0,"parent":221324,"menu_order":0,"comment_status":"closed","ping_status":"closed","template":"","meta":{"_acf_changed":false,"_monsterinsights_skip_tracking":false,"_monsterinsights_sitenote_active":false,"_monsterinsights_sitenote_note":"","_monsterinsights_sitenote_category":0,"footnotes":""},"class_list":["post-2410266","page","type-page","status-publish","hentry"],"acf":[],"_links":{"self":[{"href":"https:\/\/ecg-electro.eu\/sk\/wp-json\/wp\/v2\/pages\/2410266","targetHints":{"allow":["GET"]}}],"collection":[{"href":"https:\/\/ecg-electro.eu\/sk\/wp-json\/wp\/v2\/pages"}],"about":[{"href":"https:\/\/ecg-electro.eu\/sk\/wp-json\/wp\/v2\/types\/page"}],"author":[{"embeddable":true,"href":"https:\/\/ecg-electro.eu\/sk\/wp-json\/wp\/v2\/users\/19"}],"replies":[{"embeddable":true,"href":"https:\/\/ecg-electro.eu\/sk\/wp-json\/wp\/v2\/comments?post=2410266"}],"version-history":[{"count":5,"href":"https:\/\/ecg-electro.eu\/sk\/wp-json\/wp\/v2\/pages\/2410266\/revisions"}],"predecessor-version":[{"id":2441947,"href":"https:\/\/ecg-electro.eu\/sk\/wp-json\/wp\/v2\/pages\/2410266\/revisions\/2441947"}],"up":[{"embeddable":true,"href":"https:\/\/ecg-electro.eu\/sk\/wp-json\/wp\/v2\/pages\/221324"}],"wp:attachment":[{"href":"https:\/\/ecg-electro.eu\/sk\/wp-json\/wp\/v2\/media?parent=2410266"}],"curies":[{"name":"wp","href":"https:\/\/api.w.org\/{rel}","templated":true}]}}