{"id":221294,"date":"2021-03-06T16:12:02","date_gmt":"2021-03-06T16:12:02","guid":{"rendered":"https:\/\/ecg-electro.eu\/ochrana-osobnych-udajov\/"},"modified":"2021-08-19T16:48:02","modified_gmt":"2021-08-19T16:48:02","slug":"ochrana-osobnych-udajov","status":"publish","type":"page","link":"https:\/\/ecg-electro.eu\/sk\/ochrana-osobnych-udajov\/","title":{"rendered":"Izjava o privatnosti"},"content":{"rendered":"\t\t<div data-elementor-type=\"wp-page\" data-elementor-id=\"221294\" class=\"elementor elementor-221294 elementor-216245\" data-elementor-post-type=\"page\">\n\t\t\t\t\t\t<section class=\"elementor-section elementor-top-section elementor-element elementor-element-b35d9c2 elementor-section-boxed elementor-section-height-default elementor-section-height-default\" data-id=\"b35d9c2\" data-element_type=\"section\" data-settings=\"{&quot;background_background&quot;:&quot;classic&quot;}\">\n\t\t\t\t\t\t<div class=\"elementor-container elementor-column-gap-default\">\n\t\t\t\t\t<div class=\"elementor-column elementor-col-100 elementor-top-column elementor-element elementor-element-9230513\" data-id=\"9230513\" data-element_type=\"column\">\n\t\t\t<div class=\"elementor-widget-wrap elementor-element-populated\">\n\t\t\t\t\t\t<div class=\"elementor-element elementor-element-31c47f4 elementor-widget elementor-widget-image\" data-id=\"31c47f4\" data-element_type=\"widget\" data-widget_type=\"image.default\">\n\t\t\t\t<div class=\"elementor-widget-container\">\n\t\t\t\t\t\t\t\t\t\t\t\t\t\t\t<img decoding=\"async\" src=\"https:\/\/ecg-electro.eu\/wp-content\/uploads\/2021\/04\/ecg_terms_conditions.jpg\" title=\"\" alt=\"\" loading=\"lazy\" \/>\t\t\t\t\t\t\t\t\t\t\t\t\t\t\t<\/div>\n\t\t\t\t<\/div>\n\t\t\t\t\t<\/div>\n\t\t<\/div>\n\t\t\t\t\t<\/div>\n\t\t<\/section>\n\t\t\t\t<section class=\"elementor-section elementor-top-section elementor-element elementor-element-aee027f elementor-section-boxed elementor-section-height-default elementor-section-height-default\" data-id=\"aee027f\" data-element_type=\"section\">\n\t\t\t\t\t\t<div class=\"elementor-container elementor-column-gap-default\">\n\t\t\t\t\t<div class=\"elementor-column elementor-col-100 elementor-top-column elementor-element elementor-element-ba85075\" data-id=\"ba85075\" data-element_type=\"column\">\n\t\t\t<div class=\"elementor-widget-wrap elementor-element-populated\">\n\t\t\t\t\t\t<div class=\"elementor-element elementor-element-94b5ab0 elementor-widget elementor-widget-heading\" data-id=\"94b5ab0\" data-element_type=\"widget\" data-widget_type=\"heading.default\">\n\t\t\t\t<div class=\"elementor-widget-container\">\n\t\t\t\t\t<h2 class=\"elementor-heading-title elementor-size-default\">Ochrana osobn\u00fdch \u00fadajov<\/h2>\t\t\t\t<\/div>\n\t\t\t\t<\/div>\n\t\t\t\t\t<\/div>\n\t\t<\/div>\n\t\t\t\t\t<\/div>\n\t\t<\/section>\n\t\t\t\t<section class=\"elementor-section elementor-top-section elementor-element elementor-element-4dafeb9 elementor-section-height-min-height elementor-section-items-top elementor-section-boxed elementor-section-height-default\" data-id=\"4dafeb9\" data-element_type=\"section\">\n\t\t\t\t\t\t<div class=\"elementor-container elementor-column-gap-default\">\n\t\t\t\t\t<div class=\"elementor-column elementor-col-50 elementor-top-column elementor-element elementor-element-3f84846\" data-id=\"3f84846\" data-element_type=\"column\">\n\t\t\t<div class=\"elementor-widget-wrap elementor-element-populated\">\n\t\t\t\t\t\t<div class=\"elementor-element elementor-element-a1b97da elementor-widget elementor-widget-heading\" data-id=\"a1b97da\" data-element_type=\"widget\" data-widget_type=\"heading.default\">\n\t\t\t\t<div class=\"elementor-widget-container\">\n\t\t\t\t\t<h2 class=\"elementor-heading-title elementor-size-default\">OCHRANA OSOBN\u00ddCH \u00daDAJOV\n<\/h2>\t\t\t\t<\/div>\n\t\t\t\t<\/div>\n\t\t\t\t\t<\/div>\n\t\t<\/div>\n\t\t\t\t<div class=\"elementor-column elementor-col-50 elementor-top-column elementor-element elementor-element-d8270c8\" data-id=\"d8270c8\" data-element_type=\"column\">\n\t\t\t<div class=\"elementor-widget-wrap elementor-element-populated\">\n\t\t\t\t\t\t<div class=\"elementor-element elementor-element-82aac9f elementor-widget elementor-widget-text-editor\" data-id=\"82aac9f\" data-element_type=\"widget\" data-widget_type=\"text-editor.default\">\n\t\t\t\t<div class=\"elementor-widget-container\">\n\t\t\t\t\t\t\t\t\t<p>Spolo\u010dnos\u0165 K + B Progres, a.s., si \u017eel\u00e1, aby bola \u010do najtransparentnej\u0161ia v tom, ako zhroma\u017e\u010fuje a spracov\u00e1va osobn\u00e9 \u00fadaje pou\u017e\u00edvate\u013eov, ktor\u00ed prehliadaj\u00fa a \/ alebo vyu\u017e\u00edvaj\u00fa slu\u017eby webovej str\u00e1nky\u00a0<a href=\"https:\/\/ecg-electro.eu\/\">ecg-electro.eu<\/a>.<br \/>Pravidl\u00e1 ochrany osobn\u00fdch \u00fadajov (\u010falej len \u201cPravidl\u00e1\u201d), ktor\u00e9 s\u00fa uveden\u00e9 ni\u017e\u0161ie, opisuj\u00fa, ako sa pou\u017e\u00edvaj\u00fa osobn\u00e9 \u00fadaje zhroma\u017eden\u00e9 v s\u00favislosti s touto webovou str\u00e1nkou, ak je to vhodn\u00e9, poskytnut\u00e9 tret\u00edm stran\u00e1m spolo\u010dnos\u0165ou K + B Progres, opatrenia prijat\u00e9 na zabezpe\u010denie ich d\u00f4vernosti a bezpe\u010dnosti V\u00e1\u0161ho rozhodnutia t\u00fdkaj\u00faceho sa zhroma\u017e\u010fovania a pou\u017e\u00edvania va\u0161ich osobn\u00fdch \u00fadajov.<\/p>\t\t\t\t\t\t\t\t<\/div>\n\t\t\t\t<\/div>\n\t\t\t\t\t<\/div>\n\t\t<\/div>\n\t\t\t\t\t<\/div>\n\t\t<\/section>\n\t\t\t\t<section class=\"elementor-section elementor-top-section elementor-element elementor-element-afe00c7 elementor-section-height-min-height elementor-section-items-top elementor-section-boxed elementor-section-height-default\" data-id=\"afe00c7\" data-element_type=\"section\">\n\t\t\t\t\t\t<div class=\"elementor-container elementor-column-gap-default\">\n\t\t\t\t\t<div class=\"elementor-column elementor-col-50 elementor-top-column elementor-element elementor-element-a14db8a\" data-id=\"a14db8a\" data-element_type=\"column\">\n\t\t\t<div class=\"elementor-widget-wrap elementor-element-populated\">\n\t\t\t\t\t\t<div class=\"elementor-element elementor-element-3943ec6 elementor-widget elementor-widget-heading\" data-id=\"3943ec6\" data-element_type=\"widget\" data-widget_type=\"heading.default\">\n\t\t\t\t<div class=\"elementor-widget-container\">\n\t\t\t\t\t<h2 class=\"elementor-heading-title elementor-size-default\">\u010cO JE COOKIE?<\/h2>\t\t\t\t<\/div>\n\t\t\t\t<\/div>\n\t\t\t\t\t<\/div>\n\t\t<\/div>\n\t\t\t\t<div class=\"elementor-column elementor-col-50 elementor-top-column elementor-element elementor-element-0f036f2\" data-id=\"0f036f2\" data-element_type=\"column\">\n\t\t\t<div class=\"elementor-widget-wrap elementor-element-populated\">\n\t\t\t\t\t\t<div class=\"elementor-element elementor-element-a928c53 elementor-widget elementor-widget-text-editor\" data-id=\"a928c53\" data-element_type=\"widget\" data-widget_type=\"text-editor.default\">\n\t\t\t\t<div class=\"elementor-widget-container\">\n\t\t\t\t\t\t\t\t\t<p>Str\u00e1nka\u00a0<a href=\"https:\/\/ecg-electro.eu\/\">ecg-electro.eu<\/a>\u00a0pou\u017e\u00edva s\u00fabory cookie. S\u00fabory cookie s\u00fa mal\u00e9 s\u00fabory, ktor\u00e9 s\u00fa ulo\u017een\u00e9 v po\u010d\u00edta\u010doch pou\u017e\u00edvate\u013eov, najm\u00e4 na to, aby sa navig\u00e1cia na webov\u00fdch str\u00e1nkach u\u013eah\u010dila a prisp\u00f4sobila pon\u00fakan\u00fa slu\u017ebu.<br \/>K + B Progres informuje pou\u017e\u00edvate\u013eov, \u017ee m\u00f4\u017eu zabr\u00e1ni\u0165 ukladaniu s\u00faborov cookie zmenou nastaven\u00ed prehliada\u010da. Aby ste v\u0161ak mali prospech zo v\u0161etk\u00fdch funkci\u00ed webov\u00fdch str\u00e1nok, mali by ste svoj prehliada\u010d nastavi\u0165 na prijatie cookies.<\/p>\t\t\t\t\t\t\t\t<\/div>\n\t\t\t\t<\/div>\n\t\t\t\t\t<\/div>\n\t\t<\/div>\n\t\t\t\t\t<\/div>\n\t\t<\/section>\n\t\t\t\t<section class=\"elementor-section elementor-top-section elementor-element elementor-element-aefa1b7 elementor-section-height-min-height elementor-section-items-top elementor-section-boxed elementor-section-height-default\" data-id=\"aefa1b7\" data-element_type=\"section\">\n\t\t\t\t\t\t<div class=\"elementor-container elementor-column-gap-default\">\n\t\t\t\t\t<div class=\"elementor-column elementor-col-50 elementor-top-column elementor-element elementor-element-d521691\" data-id=\"d521691\" data-element_type=\"column\">\n\t\t\t<div class=\"elementor-widget-wrap elementor-element-populated\">\n\t\t\t\t\t\t<div class=\"elementor-element elementor-element-bd77278 elementor-widget elementor-widget-heading\" data-id=\"bd77278\" data-element_type=\"widget\" data-widget_type=\"heading.default\">\n\t\t\t\t<div class=\"elementor-widget-container\">\n\t\t\t\t\t<h2 class=\"elementor-heading-title elementor-size-default\">AKO POU\u017d\u00cdVAME COOKIES?<\/h2>\t\t\t\t<\/div>\n\t\t\t\t<\/div>\n\t\t\t\t\t<\/div>\n\t\t<\/div>\n\t\t\t\t<div class=\"elementor-column elementor-col-50 elementor-top-column elementor-element elementor-element-c8eb094\" data-id=\"c8eb094\" data-element_type=\"column\">\n\t\t\t<div class=\"elementor-widget-wrap elementor-element-populated\">\n\t\t\t\t\t\t<div class=\"elementor-element elementor-element-08d222f elementor-widget elementor-widget-text-editor\" data-id=\"08d222f\" data-element_type=\"widget\" data-widget_type=\"text-editor.default\">\n\t\t\t\t<div class=\"elementor-widget-container\">\n\t\t\t\t\t\t\t\t\t<p>Cookies pou\u017e\u00edvame na to, aby sme zlep\u0161ili inform\u00e1cie a slu\u017eby, ktor\u00e9 poskytujeme na webov\u00fdch str\u00e1nkach, a aby sme u\u013eah\u010dili navig\u00e1ciu na na\u0161ej webovej str\u00e1nke, napr\u00edklad aby sme v\u00e1s poznali, ke\u010f sa vr\u00e1tite na na\u0161u webov\u00fa str\u00e1nku a vyhnete sa prihl\u00e1seniu, ak ste si vytvorili pou\u017e\u00edvate\u013esk\u00fd \u00fa\u010det alebo povolili spr\u00e1vu svojho n\u00e1kupn\u00e9ho ko\u0161\u00edka po\u010das rel\u00e1cie prehliadania.<br \/>T\u00e1to webov\u00e1 lokalita pou\u017e\u00edva slu\u017ebu Google Analytics, webov\u00fa analytick\u00fa slu\u017ebu spolo\u010dnosti Google Inc. (\u201cGoogle\u201d). Slu\u017eba Google Analytics pou\u017e\u00edva s\u00fabory cookie, ktor\u00e9 s\u00fa ulo\u017een\u00e9 vo va\u0161om po\u010d\u00edta\u010di a ktor\u00e9 umo\u017e\u0148uj\u00fa analyzova\u0165 pou\u017e\u00edvanie webov\u00fdch str\u00e1nok. Inform\u00e1cie o pou\u017e\u00edvan\u00ed t\u00fdchto webov\u00fdch str\u00e1nok vygenerovan\u00e9 t\u00fdmto s\u00faborom cookie (vr\u00e1tane va\u0161ej adresy IP) s\u00fa prenesen\u00e9 na server Google a ulo\u017een\u00e9 na serveri v USA.<br \/>Spolo\u010dnos\u0165 Google pou\u017e\u00edva tieto inform\u00e1cie na pos\u00fadenie v\u00e1\u0161ho pou\u017e\u00edvania t\u00fdchto webov\u00fdch str\u00e1nok na zostavovanie preh\u013eadov o \u010dinnostiach webov\u00fdch str\u00e1nok pre majite\u013eov webov\u00fdch str\u00e1nok a na poskytovanie \u010fal\u0161\u00edch slu\u017eieb na pou\u017e\u00edvanie webov\u00fdch str\u00e1nok a internetu.<br \/>Spolo\u010dnos\u0165 Google spr\u00edstupn\u00ed tieto inform\u00e1cie tret\u00edm stran\u00e1m, ak je spolo\u010dnos\u0165 Google opr\u00e1vnen\u00e1 tak urobi\u0165, alebo ak sa spolo\u010dnos\u0165 Google zmluvne dohodne s\u00a0t\u00fdmito stranami na spracovan\u00ed \u00fadajov. Spolo\u010dnos\u0165 Google nebude va\u0161u IP adresu prep\u00e1ja\u0165 so \u017eiadnymi in\u00fdmi \u00fadajmi v spolo\u010dnosti Google Inc. In\u0161tal\u00e1cii t\u00fdchto cookies m\u00f4\u017eete zabr\u00e1ni\u0165 nastaven\u00edm svojho prehliada\u010da. Upozor\u0148ujeme, \u017ee v pr\u00edpade, ak tak urob\u00edte, nebudete ma\u0165 pr\u00edstup k v\u0161etk\u00fdm funkci\u00e1m tejto webovej str\u00e1nky. Pou\u017e\u00edvan\u00edm t\u00fdchto webov\u00fdch str\u00e1nok v\u00fdslovne povol\u00edte spolo\u010dnosti Google spracov\u00e1va\u0165 \u00fadaje zhroma\u017eden\u00e9 sp\u00f4sobom, ktor\u00fd je uveden\u00fd vy\u0161\u0161ie.<br \/>Okrem toho spolupracujeme s \u010fal\u0161\u00edmi spolo\u010dnos\u0165ami, ktor\u00e9 pou\u017e\u00edvaj\u00fa sledovacie technol\u00f3gie (sledovanie) na zobrazovanie rekl\u00e1m v na\u0161om mene na internete. Tieto spolo\u010dnosti m\u00f4\u017eu zhroma\u017e\u010fova\u0165 neidentifikovate\u013en\u00e9 inform\u00e1cie o va\u0161ich n\u00e1v\u0161tev\u00e1ch na na\u0161ich webov\u00fdch str\u00e1nkach a va\u0161u interakciu s na\u0161ou komunik\u00e1ciou, ako je reklama.<\/p>\t\t\t\t\t\t\t\t<\/div>\n\t\t\t\t<\/div>\n\t\t\t\t\t<\/div>\n\t\t<\/div>\n\t\t\t\t\t<\/div>\n\t\t<\/section>\n\t\t\t\t<section class=\"elementor-section elementor-top-section elementor-element elementor-element-3987805 elementor-section-height-min-height elementor-section-items-top elementor-section-boxed elementor-section-height-default\" data-id=\"3987805\" data-element_type=\"section\">\n\t\t\t\t\t\t<div class=\"elementor-container elementor-column-gap-default\">\n\t\t\t\t\t<div class=\"elementor-column elementor-col-50 elementor-top-column elementor-element elementor-element-aad1358\" data-id=\"aad1358\" data-element_type=\"column\">\n\t\t\t<div class=\"elementor-widget-wrap elementor-element-populated\">\n\t\t\t\t\t\t<div class=\"elementor-element elementor-element-fd2f80d elementor-widget elementor-widget-heading\" data-id=\"fd2f80d\" data-element_type=\"widget\" data-widget_type=\"heading.default\">\n\t\t\t\t<div class=\"elementor-widget-container\">\n\t\t\t\t\t<h2 class=\"elementor-heading-title elementor-size-default\">AKO ZMENI\u0164 NASTAVENIE M\u00d4JHO PO\u010c\u00cdTA\u010cA S OH\u013dADOM NA POU\u017d\u00cdVANIE COOKIES A ICH ZAK\u00c1ZANIE?<\/h2>\t\t\t\t<\/div>\n\t\t\t\t<\/div>\n\t\t\t\t\t<\/div>\n\t\t<\/div>\n\t\t\t\t<div class=\"elementor-column elementor-col-50 elementor-top-column elementor-element elementor-element-b9a8dfd\" data-id=\"b9a8dfd\" data-element_type=\"column\">\n\t\t\t<div class=\"elementor-widget-wrap elementor-element-populated\">\n\t\t\t\t\t\t<div class=\"elementor-element elementor-element-5c13003 elementor-widget elementor-widget-text-editor\" data-id=\"5c13003\" data-element_type=\"widget\" data-widget_type=\"text-editor.default\">\n\t\t\t\t<div class=\"elementor-widget-container\">\n\t\t\t\t\t\t\t\t\t<p>Po\u010d\u00edta\u010d m\u00f4\u017eete nastavi\u0165 tak, aby pri ka\u017edom odoslan\u00ed s\u00faboru cookie dostal upozornenie alebo zak\u00e1za\u0165 v\u0161etky s\u00fabory cookie. Tieto oper\u00e1cie m\u00f4\u017eete vykona\u0165 pr\u00edstupom nastaven\u00ed prehliada\u010da. Ka\u017ed\u00fd prehliada\u010d je trochu in\u00fd, pre\u010d\u00edtajte si pros\u00edm ponuku Pomocn\u00edka v\u00e1\u0161ho prehliada\u010da a zistite, ako spr\u00e1vne spravova\u0165 s\u00fabory cookie. Ak zak\u00e1\u017eete s\u00fabory cookie, nebudete ma\u0165 pr\u00edstup k mnoh\u00fdm funkci\u00e1m, ktor\u00e9 u\u013eah\u010duj\u00fa pou\u017e\u00edvanie tejto webovej str\u00e1nky a niektor\u00e9 na\u0161e slu\u017eby nebud\u00fa fungova\u0165 spr\u00e1vne.<\/p>\t\t\t\t\t\t\t\t<\/div>\n\t\t\t\t<\/div>\n\t\t\t\t\t<\/div>\n\t\t<\/div>\n\t\t\t\t\t<\/div>\n\t\t<\/section>\n\t\t\t\t<section class=\"elementor-section elementor-top-section elementor-element elementor-element-415fc36 elementor-section-height-min-height elementor-section-items-top elementor-section-boxed elementor-section-height-default\" data-id=\"415fc36\" data-element_type=\"section\">\n\t\t\t\t\t\t<div class=\"elementor-container elementor-column-gap-default\">\n\t\t\t\t\t<div class=\"elementor-column elementor-col-50 elementor-top-column elementor-element elementor-element-75aa63c\" data-id=\"75aa63c\" data-element_type=\"column\">\n\t\t\t<div class=\"elementor-widget-wrap elementor-element-populated\">\n\t\t\t\t\t\t<div class=\"elementor-element elementor-element-38d0e81 elementor-widget elementor-widget-heading\" data-id=\"38d0e81\" data-element_type=\"widget\" data-widget_type=\"heading.default\">\n\t\t\t\t<div class=\"elementor-widget-container\">\n\t\t\t\t\t<h2 class=\"elementor-heading-title elementor-size-default\">WEBOV\u00c9 STR\u00c1NKY TRET\u00cdCH STR\u00c1N<\/h2>\t\t\t\t<\/div>\n\t\t\t\t<\/div>\n\t\t\t\t\t<\/div>\n\t\t<\/div>\n\t\t\t\t<div class=\"elementor-column elementor-col-50 elementor-top-column elementor-element elementor-element-f565eb7\" data-id=\"f565eb7\" data-element_type=\"column\">\n\t\t\t<div class=\"elementor-widget-wrap elementor-element-populated\">\n\t\t\t\t\t\t<div class=\"elementor-element elementor-element-2a2cafc elementor-widget elementor-widget-text-editor\" data-id=\"2a2cafc\" data-element_type=\"widget\" data-widget_type=\"text-editor.default\">\n\t\t\t\t<div class=\"elementor-widget-container\">\n\t\t\t\t\t\t\t\t\t<p>Na\u0161a webov\u00e1 str\u00e1nka m\u00f4\u017ee obsahova\u0165 odkazy na webov\u00e9 str\u00e1nky prev\u00e1dzkovan\u00e9 tret\u00edmi stranami, na ktor\u00e9 sa nevz\u0165ahuj\u00fa tieto pravidl\u00e1, a kde sa postupy t\u00fdkaj\u00face sa zhroma\u017e\u010fovania a pou\u017e\u00edvania osobn\u00fdch \u00fadajov m\u00f4\u017eu l\u00ed\u0161i\u0165 od na\u0161ich postupov. Za predpokladu, \u017ee nevlastn\u00edme ani nepodporujeme tak\u00e9to webov\u00e9 str\u00e1nky, nem\u00f4\u017eeme by\u0165 zodpovedn\u00ed za pou\u017e\u00edvanie va\u0161ich osobn\u00fdch \u00fadajov t\u00fdmito webov\u00fdmi str\u00e1nkami tret\u00edch str\u00e1n. Odpor\u00fa\u010dame, aby ste si pre\u010d\u00edtali inform\u00e1cie t\u00fdkaj\u00face sa spracovania osobn\u00fdch \u00fadajov poskytovan\u00fdch t\u00fdmito webov\u00fdmi str\u00e1nkami.<\/p>\t\t\t\t\t\t\t\t<\/div>\n\t\t\t\t<\/div>\n\t\t\t\t\t<\/div>\n\t\t<\/div>\n\t\t\t\t\t<\/div>\n\t\t<\/section>\n\t\t\t\t<section class=\"elementor-section elementor-top-section elementor-element elementor-element-5bbe040 elementor-section-height-min-height elementor-section-items-top elementor-section-boxed elementor-section-height-default\" data-id=\"5bbe040\" data-element_type=\"section\">\n\t\t\t\t\t\t<div class=\"elementor-container elementor-column-gap-default\">\n\t\t\t\t\t<div class=\"elementor-column elementor-col-50 elementor-top-column elementor-element elementor-element-589bc92\" data-id=\"589bc92\" data-element_type=\"column\">\n\t\t\t<div class=\"elementor-widget-wrap elementor-element-populated\">\n\t\t\t\t\t\t<div class=\"elementor-element elementor-element-0b57a01 elementor-widget elementor-widget-heading\" data-id=\"0b57a01\" data-element_type=\"widget\" data-widget_type=\"heading.default\">\n\t\t\t\t<div class=\"elementor-widget-container\">\n\t\t\t\t\t<h2 class=\"elementor-heading-title elementor-size-default\">ZMENY VO VLASTN\u00cdCKEJ POLITIKE<\/h2>\t\t\t\t<\/div>\n\t\t\t\t<\/div>\n\t\t\t\t\t<\/div>\n\t\t<\/div>\n\t\t\t\t<div class=\"elementor-column elementor-col-50 elementor-top-column elementor-element elementor-element-d9875d1\" data-id=\"d9875d1\" data-element_type=\"column\">\n\t\t\t<div class=\"elementor-widget-wrap elementor-element-populated\">\n\t\t\t\t\t\t<div class=\"elementor-element elementor-element-de75581 elementor-widget elementor-widget-text-editor\" data-id=\"de75581\" data-element_type=\"widget\" data-widget_type=\"text-editor.default\">\n\t\t\t\t<div class=\"elementor-widget-container\">\n\t\t\t\t\t\t\t\t\t<p>Ak sa rozhodneme zmeni\u0165 na\u0161e pravidl\u00e1 ochrany osobn\u00fdch \u00fadajov, budeme uverej\u0148ova\u0165 nov\u00e9 pravidl\u00e1 na tejto webovej str\u00e1nke. Odpor\u00fa\u010dame pravidelne kontrolova\u0165, \u010di na\u0161e pravidl\u00e1 ochrany osobn\u00fdch \u00fadajov neboli zmenen\u00e9.<\/p>\t\t\t\t\t\t\t\t<\/div>\n\t\t\t\t<\/div>\n\t\t\t\t\t<\/div>\n\t\t<\/div>\n\t\t\t\t\t<\/div>\n\t\t<\/section>\n\t\t\t\t<section class=\"elementor-section elementor-top-section elementor-element elementor-element-3e8890f elementor-section-height-min-height elementor-section-items-top elementor-section-boxed elementor-section-height-default\" data-id=\"3e8890f\" data-element_type=\"section\">\n\t\t\t\t\t\t<div class=\"elementor-container elementor-column-gap-default\">\n\t\t\t\t\t<div class=\"elementor-column elementor-col-50 elementor-top-column elementor-element elementor-element-88207b1\" data-id=\"88207b1\" data-element_type=\"column\">\n\t\t\t<div class=\"elementor-widget-wrap elementor-element-populated\">\n\t\t\t\t\t\t<div class=\"elementor-element elementor-element-d0e9bac elementor-widget elementor-widget-heading\" data-id=\"d0e9bac\" data-element_type=\"widget\" data-widget_type=\"heading.default\">\n\t\t\t\t<div class=\"elementor-widget-container\">\n\t\t\t\t\t<h2 class=\"elementor-heading-title elementor-size-default\">PR\u00c1VA PR\u00cdSTUPU, ODSTR\u00c1NENIE KOREKCIE A ODPOVEDE NA SPRACOVANIE VA\u0160ICH \u00daDAJOV<\/h2>\t\t\t\t<\/div>\n\t\t\t\t<\/div>\n\t\t\t\t\t<\/div>\n\t\t<\/div>\n\t\t\t\t<div class=\"elementor-column elementor-col-50 elementor-top-column elementor-element elementor-element-ba1373c\" data-id=\"ba1373c\" data-element_type=\"column\">\n\t\t\t<div class=\"elementor-widget-wrap elementor-element-populated\">\n\t\t\t\t\t\t<div class=\"elementor-element elementor-element-2e38908 elementor-widget elementor-widget-text-editor\" data-id=\"2e38908\" data-element_type=\"widget\" data-widget_type=\"text-editor.default\">\n\t\t\t\t<div class=\"elementor-widget-container\">\n\t\t\t\t\t\t\t\t\t<p>V s\u00falade so z\u00e1konom m\u00e1 ka\u017ed\u00e1 osoba, ktorej \u00fadaje s\u00fa zhroma\u017e\u010fovan\u00e9 a spracov\u00e1van\u00e9 na webovej str\u00e1nke, pr\u00e1vo na pr\u00edstup, opravu, vymazanie ak\u00fdchko\u013evek osobn\u00fdch \u00fadajov, ktor\u00e9 sa jej t\u00fdkaj\u00fa, ako aj pr\u00e1vo namieta\u0165 z opr\u00e1vnen\u00fdch d\u00f4vodov na spracovanie jeho \/ jej \u00fadajov. Ak chcete tieto pr\u00e1va uplatni\u0165, m\u00f4\u017eete n\u00e1s kontaktova\u0165 nap\u00edsan\u00edm na adresu: <a href=\"mailto:info@ecg-electro.eu\">info@ecg-electro.eu<\/a><\/p>\t\t\t\t\t\t\t\t<\/div>\n\t\t\t\t<\/div>\n\t\t\t\t\t<\/div>\n\t\t<\/div>\n\t\t\t\t\t<\/div>\n\t\t<\/section>\n\t\t\t\t<\/div>\n\t\t","protected":false},"excerpt":{"rendered":"<p>Ochrana osobn\u00fdch \u00fadajov OCHRANA OSOBN\u00ddCH \u00daDAJOV Spolo\u010dnos\u0165 K + B Progres, a.s., si \u017eel\u00e1, aby bola \u010do najtransparentnej\u0161ia v tom, ako zhroma\u017e\u010fuje a spracov\u00e1va osobn\u00e9 \u00fadaje pou\u017e\u00edvate\u013eov, ktor\u00ed prehliadaj\u00fa a \/ alebo vyu\u017e\u00edvaj\u00fa slu\u017eby webovej str\u00e1nky\u00a0ecg-electro.eu.Pravidl\u00e1 ochrany osobn\u00fdch \u00fadajov (\u010falej len \u201cPravidl\u00e1\u201d), ktor\u00e9 s\u00fa uveden\u00e9 ni\u017e\u0161ie, opisuj\u00fa, ako sa pou\u017e\u00edvaj\u00fa osobn\u00e9 \u00fadaje zhroma\u017eden\u00e9 v s\u00favislosti [&hellip;]<\/p>\n","protected":false},"author":1,"featured_media":0,"parent":0,"menu_order":0,"comment_status":"closed","ping_status":"closed","template":"elementor_header_footer","meta":{"_acf_changed":false,"_monsterinsights_skip_tracking":false,"_monsterinsights_sitenote_active":false,"_monsterinsights_sitenote_note":"","_monsterinsights_sitenote_category":0,"footnotes":""},"class_list":["post-221294","page","type-page","status-publish","hentry"],"acf":[],"_links":{"self":[{"href":"https:\/\/ecg-electro.eu\/sk\/wp-json\/wp\/v2\/pages\/221294","targetHints":{"allow":["GET"]}}],"collection":[{"href":"https:\/\/ecg-electro.eu\/sk\/wp-json\/wp\/v2\/pages"}],"about":[{"href":"https:\/\/ecg-electro.eu\/sk\/wp-json\/wp\/v2\/types\/page"}],"author":[{"embeddable":true,"href":"https:\/\/ecg-electro.eu\/sk\/wp-json\/wp\/v2\/users\/1"}],"replies":[{"embeddable":true,"href":"https:\/\/ecg-electro.eu\/sk\/wp-json\/wp\/v2\/comments?post=221294"}],"version-history":[{"count":5,"href":"https:\/\/ecg-electro.eu\/sk\/wp-json\/wp\/v2\/pages\/221294\/revisions"}],"predecessor-version":[{"id":2091457,"href":"https:\/\/ecg-electro.eu\/sk\/wp-json\/wp\/v2\/pages\/221294\/revisions\/2091457"}],"wp:attachment":[{"href":"https:\/\/ecg-electro.eu\/sk\/wp-json\/wp\/v2\/media?parent=221294"}],"curies":[{"name":"wp","href":"https:\/\/api.w.org\/{rel}","templated":true}]}}