{"id":221249,"date":"2021-03-06T16:12:01","date_gmt":"2021-03-06T16:12:01","guid":{"rendered":"https:\/\/ecg-electro.eu\/zarucne-podmienky\/"},"modified":"2021-06-24T08:56:26","modified_gmt":"2021-06-24T08:56:26","slug":"zarucne-podmienky","status":"publish","type":"page","link":"https:\/\/ecg-electro.eu\/sk\/zarucne-podmienky\/","title":{"rendered":"Z\u00e1ru\u010dn\u00e9 podmienky"},"content":{"rendered":"\t\t<div data-elementor-type=\"wp-page\" data-elementor-id=\"221249\" class=\"elementor elementor-221249 elementor-216290\" data-elementor-post-type=\"page\">\n\t\t\t\t\t\t<section data-dce-background-color=\"#F6F6F6\" class=\"elementor-section elementor-top-section elementor-element elementor-element-d7fd64c elementor-section-boxed elementor-section-height-default elementor-section-height-default\" data-id=\"d7fd64c\" data-element_type=\"section\" data-e-type=\"section\" data-settings=\"{&quot;background_background&quot;:&quot;classic&quot;}\">\n\t\t\t\t\t\t<div class=\"elementor-container elementor-column-gap-default\">\n\t\t\t\t\t<div class=\"elementor-column elementor-col-100 elementor-top-column elementor-element elementor-element-204815f\" data-id=\"204815f\" data-element_type=\"column\" data-e-type=\"column\">\n\t\t\t<div class=\"elementor-widget-wrap elementor-element-populated\">\n\t\t\t\t\t\t<div class=\"elementor-element elementor-element-4afce37 elementor-widget elementor-widget-image\" data-id=\"4afce37\" data-element_type=\"widget\" data-e-type=\"widget\" data-widget_type=\"image.default\">\n\t\t\t\t<div class=\"elementor-widget-container\">\n\t\t\t\t\t\t\t\t\t\t\t\t\t\t\t<img decoding=\"async\" src=\"https:\/\/ecg-electro.eu\/wp-content\/uploads\/2021\/04\/ecg_terms_conditions.jpg\" title=\"\" alt=\"\" loading=\"lazy\" \/>\t\t\t\t\t\t\t\t\t\t\t\t\t\t\t<\/div>\n\t\t\t\t<\/div>\n\t\t\t\t\t<\/div>\n\t\t<\/div>\n\t\t\t\t\t<\/div>\n\t\t<\/section>\n\t\t\t\t<section class=\"elementor-section elementor-top-section elementor-element elementor-element-23d40a8 elementor-section-boxed elementor-section-height-default elementor-section-height-default\" data-id=\"23d40a8\" data-element_type=\"section\" data-e-type=\"section\">\n\t\t\t\t\t\t<div class=\"elementor-container elementor-column-gap-default\">\n\t\t\t\t\t<div class=\"elementor-column elementor-col-100 elementor-top-column elementor-element elementor-element-9f9c222\" data-id=\"9f9c222\" data-element_type=\"column\" data-e-type=\"column\">\n\t\t\t<div class=\"elementor-widget-wrap elementor-element-populated\">\n\t\t\t\t\t\t<div data-dce-title-color=\"#272727\" class=\"elementor-element elementor-element-8818706 elementor-widget elementor-widget-heading\" data-id=\"8818706\" data-element_type=\"widget\" data-e-type=\"widget\" data-widget_type=\"heading.default\">\n\t\t\t\t<div class=\"elementor-widget-container\">\n\t\t\t\t\t<h1 class=\"elementor-heading-title elementor-size-default\">Z\u00e1ru\u010dn\u00e9 podmienky<\/h1>\t\t\t\t<\/div>\n\t\t\t\t<\/div>\n\t\t\t\t\t<\/div>\n\t\t<\/div>\n\t\t\t\t\t<\/div>\n\t\t<\/section>\n\t\t\t\t<section class=\"elementor-section elementor-top-section elementor-element elementor-element-9bfa8c1 elementor-section-height-min-height elementor-section-items-top elementor-section-boxed elementor-section-height-default\" data-id=\"9bfa8c1\" data-element_type=\"section\" data-e-type=\"section\">\n\t\t\t\t\t\t<div class=\"elementor-container elementor-column-gap-default\">\n\t\t\t\t\t<div class=\"elementor-column elementor-col-50 elementor-top-column elementor-element elementor-element-fec28e6\" data-id=\"fec28e6\" data-element_type=\"column\" data-e-type=\"column\">\n\t\t\t<div class=\"elementor-widget-wrap elementor-element-populated\">\n\t\t\t\t\t\t<div class=\"elementor-element elementor-element-bf552bb elementor-widget elementor-widget-heading\" data-id=\"bf552bb\" data-element_type=\"widget\" data-e-type=\"widget\" data-widget_type=\"heading.default\">\n\t\t\t\t<div class=\"elementor-widget-container\">\n\t\t\t\t\t<h2 class=\"elementor-heading-title elementor-size-default\">Z\u00c1RU\u010cN\u00c9 PODMIENKY<\/h2>\t\t\t\t<\/div>\n\t\t\t\t<\/div>\n\t\t\t\t\t<\/div>\n\t\t<\/div>\n\t\t\t\t<div class=\"elementor-column elementor-col-50 elementor-top-column elementor-element elementor-element-7a4c3e7\" data-id=\"7a4c3e7\" data-element_type=\"column\" data-e-type=\"column\">\n\t\t\t<div class=\"elementor-widget-wrap elementor-element-populated\">\n\t\t\t\t\t\t<div class=\"elementor-element elementor-element-b1f8c4e elementor-widget elementor-widget-text-editor\" data-id=\"b1f8c4e\" data-element_type=\"widget\" data-e-type=\"widget\" data-widget_type=\"text-editor.default\">\n\t\t\t\t<div class=\"elementor-widget-container\">\n\t\t\t\t\t\t\t\t\t<p>Ka\u017ed\u00fd produkt je v z\u00e1ruke po dobu 24 mesiacov od d\u00e1tumu zak\u00fapenia koncov\u00fdm pou\u017e\u00edvate\u013eom. Z\u00e1ruka je obmedzen\u00e1 na nasleduj\u00face podmienky. Z\u00e1ruka sa vz\u0165ahuje iba na tovary pou\u017e\u00edvan\u00e9 na be\u017en\u00e9 dom\u00e1ce pou\u017eitie. N\u00e1rok na servis je mo\u017en\u00e9 uplatni\u0165 bu\u010f v predajni, kde bol produkt zak\u00fapen\u00fd, alebo v ni\u017e\u0161ie uveden\u00fdch autorizovan\u00fdch servisoch. Koncov\u00fd pou\u017e\u00edvate\u013e je povinn\u00fd reklam\u00e1ciu okam\u017eite nahl\u00e1si\u0165 ke\u010f sa objav\u00ed chyba, len do konca z\u00e1ru\u010dnej lehoty. Koncov\u00fd pou\u017e\u00edvate\u013e je povinn\u00fd spolupracova\u0165 na potvrden\u00ed nedostatkov, ktor\u00e9 s\u00fa n\u00e1rokovan\u00e9. Iba kompletn\u00e9 a \u010dist\u00e9 v\u00fdrobky (pod\u013ea hygienick\u00fdch noriem) bud\u00fa akceptovan\u00e9. V pr\u00edpade opr\u00e1vnenosti na z\u00e1ruku sa z\u00e1ru\u010dn\u00e1 lehota predl\u017euje o obdobie od d\u00e1tumu podania \u017eiadosti a\u017e po d\u00e1tum prevzatia v\u00fdrobku koncov\u00fdm pou\u017e\u00edvate\u013eom alebo d\u00e1tum, kedy je koncov\u00fd u\u017e\u00edvate\u013e povinn\u00fd prevzia\u0165 ho. Na z\u00edskanie slu\u017eby v r\u00e1mci tejto z\u00e1ruky je koncov\u00fd pou\u017e\u00edvate\u013e povinn\u00fd svoju \u017eiados\u0165 potvrdi\u0165 prostredn\u00edctvom riadne vyplnen\u00fdch dokumentov: potvrdenie o prijat\u00ed, z\u00e1ru\u010dn\u00fd list, osved\u010denie o mont\u00e1\u017ei.<\/p>\n<p><strong>T\u00e1to z\u00e1ruka je neplatn\u00e1, najm\u00e4 ak plat\u00ed niektor\u00e1 z nasleduj\u00facich podmienok:<\/strong><\/p>\n<ul>\n<li>V\u00fdrobok bol predan\u00fd s\u00a0vadou o\u00a0ktorej bol z\u00e1kazn\u00edk informovan\u00fd.<\/li>\n<li>V\u00fdrobok je opotrebovan\u00fd alebo po\u0161kodenie bolo sp\u00f4soben\u00e9 be\u017en\u00fdm pou\u017e\u00edvan\u00edm.<\/li>\n<li>V\u00fdrobok bol po\u0161koden\u00fd neprofesion\u00e1lnou alebo nespr\u00e1vnou in\u0161tal\u00e1ciou pou\u017e\u00edvanou v rozpore s pr\u00edslu\u0161nou pr\u00edru\u010dkou, ktor\u00e1 bola pou\u017eit\u00e1 v rozpore s pr\u00e1vnym predpisom a be\u017en\u00fdm postupom pou\u017e\u00edvania alebo bola pou\u017eit\u00e1 na in\u00fd \u00fa\u010del, ne\u017e na ktor\u00fd bol ur\u010den\u00fd.<\/li>\n<li>V\u00fdrobok nebol po\u0161koden\u00fd alebo po\u0161koden\u00fd nedostato\u010dnou \u00fadr\u017ebou.<\/li>\n<li>V\u00fdrobok bol po\u0161koden\u00fd ne\u010distotou, nehodou vy\u0161\u0161ej moci (pr\u00edrodn\u00e1 katastrofa, po\u017eiar, z\u00e1plava, \u2026).<\/li>\n<li>V\u00fdrobok bol po\u0161koden\u00fd n\u00edzkou dualitou sign\u00e1lu, interferenciou elektromagnetick\u00e9ho po\u013ea at\u010f.<\/li>\n<li>V\u00fdrobok bol mechanicky po\u0161koden\u00fd (napr. zlomen\u00e9 tla\u010didlo, spadnutie \u2026).<\/li>\n<li>Po\u0161kodenie sp\u00f4soben\u00e9 pou\u017e\u00edvan\u00edm nevhodn\u00fdch m\u00e9di\u00ed, n\u00e1pln\u00ed, spotrebn\u00e9ho materi\u00e1lu (bat\u00e9ri\u00ed) alebo nevhodn\u00fdmi pracovn\u00fdmi podmienkami (napr. vysok\u00fdmi teplotami, vysokou vlhkos\u0165ou, zemetrasen\u00edm \u2026).<\/li>\n<li>V\u00fdrobok bol po\u0161koden\u00fd opravou, \u00fapravou alebo in\u00fdm zlyhan\u00edm neopr\u00e1vnenou osobou.<\/li>\n<li>Koncov\u00fd pou\u017e\u00edvate\u013e dostato\u010dne nepreuk\u00e1zal svoje pr\u00e1vo na uplatnenie z\u00e1ruky (\u010das a miesto n\u00e1kupu).<\/li>\n<li>\u00dadaje v predlo\u017een\u00fdch dokumentoch sa l\u00ed\u0161ia od \u00fadajov o produktoch.<\/li>\n<li>Pr\u00edpady, kedy n\u00e1rokovan\u00fd produkt nie je mo\u017en\u00e9 identifikova\u0165 pod\u013ea predlo\u017een\u00fdch dokumentov (napr\u00edklad po\u0161kodenie s\u00e9riov\u00e9ho \u010d\u00edsla alebo z\u00e1ru\u010dn\u00e9ho \u0161t\u00edtku).<\/li>\n<\/ul>\n\t\t\t\t\t\t\t\t<\/div>\n\t\t\t\t<\/div>\n\t\t\t\t\t<\/div>\n\t\t<\/div>\n\t\t\t\t\t<\/div>\n\t\t<\/section>\n\t\t\t\t<section class=\"elementor-section elementor-top-section elementor-element elementor-element-4f1642d elementor-section-height-min-height elementor-section-items-top elementor-section-boxed elementor-section-height-default\" data-id=\"4f1642d\" data-element_type=\"section\" data-e-type=\"section\">\n\t\t\t\t\t\t<div class=\"elementor-container elementor-column-gap-default\">\n\t\t\t\t\t<div class=\"elementor-column elementor-col-50 elementor-top-column elementor-element elementor-element-941e8c6\" data-id=\"941e8c6\" data-element_type=\"column\" data-e-type=\"column\">\n\t\t\t<div class=\"elementor-widget-wrap elementor-element-populated\">\n\t\t\t\t\t\t<div class=\"elementor-element elementor-element-303587d elementor-widget elementor-widget-heading\" data-id=\"303587d\" data-element_type=\"widget\" data-e-type=\"widget\" data-widget_type=\"heading.default\">\n\t\t\t\t<div class=\"elementor-widget-container\">\n\t\t\t\t\t<h2 class=\"elementor-heading-title elementor-size-default\">LIKVID\u00c1CIA<\/h2>\t\t\t\t<\/div>\n\t\t\t\t<\/div>\n\t\t\t\t\t<\/div>\n\t\t<\/div>\n\t\t\t\t<div class=\"elementor-column elementor-col-50 elementor-top-column elementor-element elementor-element-c6883ac\" data-id=\"c6883ac\" data-element_type=\"column\" data-e-type=\"column\">\n\t\t\t<div class=\"elementor-widget-wrap elementor-element-populated\">\n\t\t\t\t\t\t<div class=\"elementor-element elementor-element-3a29199 elementor-widget elementor-widget-text-editor\" data-id=\"3a29199\" data-element_type=\"widget\" data-e-type=\"widget\" data-widget_type=\"text-editor.default\">\n\t\t\t\t<div class=\"elementor-widget-container\">\n\t\t\t\t\t\t\t\t\t<p>POKYNY A INFORM\u00c1CIE O ZNE\u0160KOD\u0147OVAN\u00cd POU\u017dIT\u00ddCH OBALOV\u00ddCH MATERI\u00c1LOV<br \/>\nObalov\u00fd materi\u00e1l zlikvidujte na verejn\u00fdch miestach na likvid\u00e1ciu odpadu.<br \/>\nLIKVID\u00c1CIA POU\u017dIT\u00ddCH ELEKTRICK\u00ddCH A ELEKTRONICK\u00ddCH ZARIADEN\u00cd<br \/>\nV\u00fdznam symbolu na v\u00fdrobku, jeho pr\u00edslu\u0161enstve alebo obale znamen\u00e1, \u017ee s t\u00fdmto v\u00fdrobkom sa nebude zaobch\u00e1dza\u0165 ako s domov\u00fdm odpadom. Pros\u00edm, zlikvidujte tento v\u00fdrobok na pr\u00edslu\u0161nom zbernom mieste pre recykl\u00e1ciu odpadu z elektrick\u00fdch a elektronick\u00fdch zariaden\u00ed. Alternat\u00edvne m\u00f4\u017eete v niektor\u00fdch \u0161t\u00e1toch Eur\u00f3pskej \u00fanie alebo in\u00fdch eur\u00f3pskych krajin\u00e1ch vr\u00e1ti\u0165 svoje v\u00fdrobky miestnemu predajcovi pri n\u00e1kupe ekvivalentn\u00e9ho nov\u00e9ho produktu.<br \/>\nSpr\u00e1vna likvid\u00e1cia tohto produktu pom\u00f4\u017ee u\u0161etri\u0165 cenn\u00e9 pr\u00edrodn\u00e9 zdroje a pom\u00f4\u017ee pri prevencii potenci\u00e1lneho negat\u00edvneho vplyvu na \u017eivotn\u00e9 prostredie a \u013eudsk\u00e9 zdravie, ktor\u00fd by mohol vznikn\u00fa\u0165 v d\u00f4sledku nespr\u00e1vnej likvid\u00e1cie odpadu. Po\u017eiadajte miestne \u00farady alebo najbli\u017e\u0161ie zbern\u00e9 stredisko o \u010fal\u0161ie podrobnosti. Nespr\u00e1vne zne\u0161kodnenie tohto druhu odpadu m\u00f4\u017ee podlieha\u0165 vn\u00fatro\u0161t\u00e1tnym predpisom o pokut\u00e1ch.<br \/>\nPre podnikate\u013esk\u00e9 subjekty v Eur\u00f3pskej \u00fanii<br \/>\nAk chcete zlikvidova\u0165 elektrick\u00e9 alebo elektronick\u00e9 zariadenie, vy\u017eiadajte si potrebn\u00e9 inform\u00e1cie od svojho predajcu alebo dod\u00e1vate\u013ea.<br \/>\nLikvid\u00e1cia v in\u00fdch krajin\u00e1ch mimo Eur\u00f3pskej \u00fanie.<br \/>\nAk chcete tento v\u00fdrobok zlikvidova\u0165, vy\u017eiadajte si potrebn\u00e9 inform\u00e1cie o spr\u00e1vnom sp\u00f4sobe likvid\u00e1cie od miestnych \u00faradov alebo od svojho predajcu.<br \/>\nTento spotrebi\u010d sp\u013a\u0148a predpisy a po\u017eiadavky E\u00da t\u00fdkaj\u00face sa elektromagnetickej a elektrickej bezpe\u010dnosti.<br \/>\nZmeny v texte, dizajne a technick\u00fdch \u0161pecifik\u00e1ci\u00e1ch sa m\u00f4\u017eu vyskytn\u00fa\u0165 bez predch\u00e1dzaj\u00faceho upozornenia a vyhradzujeme si pr\u00e1vo vykona\u0165 tieto zmeny.<\/p>\n\t\t\t\t\t\t\t\t<\/div>\n\t\t\t\t<\/div>\n\t\t\t\t\t<\/div>\n\t\t<\/div>\n\t\t\t\t\t<\/div>\n\t\t<\/section>\n\t\t\t\t<\/div>\n\t\t","protected":false},"excerpt":{"rendered":"<p>Z\u00e1ru\u010dn\u00e9 podmienky Z\u00c1RU\u010cN\u00c9 PODMIENKY Ka\u017ed\u00fd produkt je v z\u00e1ruke po dobu 24 mesiacov od d\u00e1tumu zak\u00fapenia koncov\u00fdm pou\u017e\u00edvate\u013eom. Z\u00e1ruka je obmedzen\u00e1 na nasleduj\u00face podmienky. Z\u00e1ruka sa vz\u0165ahuje iba na tovary pou\u017e\u00edvan\u00e9 na be\u017en\u00e9 dom\u00e1ce pou\u017eitie. N\u00e1rok na servis je mo\u017en\u00e9 uplatni\u0165 bu\u010f v predajni, kde bol produkt zak\u00fapen\u00fd, alebo v ni\u017e\u0161ie uveden\u00fdch autorizovan\u00fdch servisoch. Koncov\u00fd [&hellip;]<\/p>\n","protected":false},"author":8,"featured_media":0,"parent":0,"menu_order":0,"comment_status":"closed","ping_status":"closed","template":"","meta":{"_acf_changed":false,"_monsterinsights_skip_tracking":false,"_monsterinsights_sitenote_active":false,"_monsterinsights_sitenote_note":"","_monsterinsights_sitenote_category":0,"footnotes":""},"class_list":["post-221249","page","type-page","status-publish","hentry"],"acf":[],"_links":{"self":[{"href":"https:\/\/ecg-electro.eu\/sk\/wp-json\/wp\/v2\/pages\/221249","targetHints":{"allow":["GET"]}}],"collection":[{"href":"https:\/\/ecg-electro.eu\/sk\/wp-json\/wp\/v2\/pages"}],"about":[{"href":"https:\/\/ecg-electro.eu\/sk\/wp-json\/wp\/v2\/types\/page"}],"author":[{"embeddable":true,"href":"https:\/\/ecg-electro.eu\/sk\/wp-json\/wp\/v2\/users\/8"}],"replies":[{"embeddable":true,"href":"https:\/\/ecg-electro.eu\/sk\/wp-json\/wp\/v2\/comments?post=221249"}],"version-history":[{"count":3,"href":"https:\/\/ecg-electro.eu\/sk\/wp-json\/wp\/v2\/pages\/221249\/revisions"}],"predecessor-version":[{"id":2027761,"href":"https:\/\/ecg-electro.eu\/sk\/wp-json\/wp\/v2\/pages\/221249\/revisions\/2027761"}],"wp:attachment":[{"href":"https:\/\/ecg-electro.eu\/sk\/wp-json\/wp\/v2\/media?parent=221249"}],"curies":[{"name":"wp","href":"https:\/\/api.w.org\/{rel}","templated":true}]}}