{"id":236910,"date":"2021-03-06T16:19:56","date_gmt":"2021-03-06T16:19:56","guid":{"rendered":"https:\/\/ecg-electro.eu\/ochrona-danych-osobowych\/"},"modified":"2021-06-24T08:55:35","modified_gmt":"2021-06-24T08:55:35","slug":"ochrona-danych-osobowych","status":"publish","type":"page","link":"https:\/\/ecg-electro.eu\/pl\/ochrona-danych-osobowych\/","title":{"rendered":"Ochrona danych osobowych"},"content":{"rendered":"\t\t<div data-elementor-type=\"wp-page\" data-elementor-id=\"236910\" class=\"elementor elementor-236910 elementor-216245\" data-elementor-post-type=\"page\">\n\t\t\t\t\t\t<section class=\"elementor-section elementor-top-section elementor-element elementor-element-b35d9c2 elementor-section-boxed elementor-section-height-default elementor-section-height-default\" data-id=\"b35d9c2\" data-element_type=\"section\" data-settings=\"{&quot;background_background&quot;:&quot;classic&quot;}\">\n\t\t\t\t\t\t<div class=\"elementor-container elementor-column-gap-default\">\n\t\t\t\t\t<div class=\"elementor-column elementor-col-100 elementor-top-column elementor-element elementor-element-9230513\" data-id=\"9230513\" data-element_type=\"column\">\n\t\t\t<div class=\"elementor-widget-wrap elementor-element-populated\">\n\t\t\t\t\t\t<div class=\"elementor-element elementor-element-31c47f4 elementor-widget elementor-widget-image\" data-id=\"31c47f4\" data-element_type=\"widget\" data-widget_type=\"image.default\">\n\t\t\t\t<div class=\"elementor-widget-container\">\n\t\t\t\t\t\t\t\t\t\t\t\t\t\t\t<img decoding=\"async\" src=\"https:\/\/ecg-electro.eu\/wp-content\/uploads\/2021\/04\/ecg_terms_conditions.jpg\" title=\"\" alt=\"\" loading=\"lazy\" \/>\t\t\t\t\t\t\t\t\t\t\t\t\t\t\t<\/div>\n\t\t\t\t<\/div>\n\t\t\t\t\t<\/div>\n\t\t<\/div>\n\t\t\t\t\t<\/div>\n\t\t<\/section>\n\t\t\t\t<section class=\"elementor-section elementor-top-section elementor-element elementor-element-aee027f elementor-section-boxed elementor-section-height-default elementor-section-height-default\" data-id=\"aee027f\" data-element_type=\"section\">\n\t\t\t\t\t\t<div class=\"elementor-container elementor-column-gap-default\">\n\t\t\t\t\t<div class=\"elementor-column elementor-col-100 elementor-top-column elementor-element elementor-element-ba85075\" data-id=\"ba85075\" data-element_type=\"column\">\n\t\t\t<div class=\"elementor-widget-wrap elementor-element-populated\">\n\t\t\t\t\t\t<div class=\"elementor-element elementor-element-94b5ab0 elementor-widget elementor-widget-heading\" data-id=\"94b5ab0\" data-element_type=\"widget\" data-widget_type=\"heading.default\">\n\t\t\t\t<div class=\"elementor-widget-container\">\n\t\t\t\t\t<h2 class=\"elementor-heading-title elementor-size-default\">Ochrona danych osobowych<\/h2>\t\t\t\t<\/div>\n\t\t\t\t<\/div>\n\t\t\t\t\t<\/div>\n\t\t<\/div>\n\t\t\t\t\t<\/div>\n\t\t<\/section>\n\t\t\t\t<section class=\"elementor-section elementor-top-section elementor-element elementor-element-4dafeb9 elementor-section-height-min-height elementor-section-items-top elementor-section-boxed elementor-section-height-default\" data-id=\"4dafeb9\" data-element_type=\"section\">\n\t\t\t\t\t\t<div class=\"elementor-container elementor-column-gap-default\">\n\t\t\t\t\t<div class=\"elementor-column elementor-col-50 elementor-top-column elementor-element elementor-element-3f84846\" data-id=\"3f84846\" data-element_type=\"column\">\n\t\t\t<div class=\"elementor-widget-wrap elementor-element-populated\">\n\t\t\t\t\t\t<div class=\"elementor-element elementor-element-a1b97da elementor-widget elementor-widget-heading\" data-id=\"a1b97da\" data-element_type=\"widget\" data-widget_type=\"heading.default\">\n\t\t\t\t<div class=\"elementor-widget-container\">\n\t\t\t\t\t<h2 class=\"elementor-heading-title elementor-size-default\">O\u015aWIADCZENIE O PRYWATNO\u015aCI<\/h2>\t\t\t\t<\/div>\n\t\t\t\t<\/div>\n\t\t\t\t\t<\/div>\n\t\t<\/div>\n\t\t\t\t<div class=\"elementor-column elementor-col-50 elementor-top-column elementor-element elementor-element-d8270c8\" data-id=\"d8270c8\" data-element_type=\"column\">\n\t\t\t<div class=\"elementor-widget-wrap elementor-element-populated\">\n\t\t\t\t\t\t<div class=\"elementor-element elementor-element-82aac9f elementor-widget elementor-widget-text-editor\" data-id=\"82aac9f\" data-element_type=\"widget\" data-widget_type=\"text-editor.default\">\n\t\t\t\t<div class=\"elementor-widget-container\">\n\t\t\t\t\t\t\t\t\t<p>K+B Progres, a.s. pragnie w jak najbardziej przejrzysty spos\u00f3b informowa\u0107 o sposobie gromadzenia i przetwarzania danych osobowych u\u017cytkownik\u00f3w przegl\u0105daj\u0105cych i \/ lub korzystaj\u0105cych ze strony internetowej <a href=\"https:\/\/ecg-electro.eu\/\">ecg-electro.eu<\/a><br \/>Polityka prywatno\u015bci (zwana dalej \u201ePolityk\u0105\u201d) okre\u015blona poni\u017cej opisuje, w jaki spos\u00f3b wykorzystywane s\u0105 dane osobowe gromadzone w zwi\u0105zku z niniejsz\u0105 stron\u0105 internetow\u0105 i przekazywane osobom trzecim przez K+B w stosownych przypadkach, \u015brodki podj\u0119te w celu zapewnienia ich poufno\u015bci i bezpiecze\u0144stwa oraz preferencje u\u017cytkownika w odniesieniu do zbierania i wykorzystywania danych osobowych.<\/p>\n\t\t\t\t\t\t\t\t<\/div>\n\t\t\t\t<\/div>\n\t\t\t\t\t<\/div>\n\t\t<\/div>\n\t\t\t\t\t<\/div>\n\t\t<\/section>\n\t\t\t\t<section class=\"elementor-section elementor-top-section elementor-element elementor-element-afe00c7 elementor-section-height-min-height elementor-section-items-top elementor-section-boxed elementor-section-height-default\" data-id=\"afe00c7\" data-element_type=\"section\">\n\t\t\t\t\t\t<div class=\"elementor-container elementor-column-gap-default\">\n\t\t\t\t\t<div class=\"elementor-column elementor-col-50 elementor-top-column elementor-element elementor-element-a14db8a\" data-id=\"a14db8a\" data-element_type=\"column\">\n\t\t\t<div class=\"elementor-widget-wrap elementor-element-populated\">\n\t\t\t\t\t\t<div class=\"elementor-element elementor-element-3943ec6 elementor-widget elementor-widget-heading\" data-id=\"3943ec6\" data-element_type=\"widget\" data-widget_type=\"heading.default\">\n\t\t\t\t<div class=\"elementor-widget-container\">\n\t\t\t\t\t<h2 class=\"elementor-heading-title elementor-size-default\">CZYM JEST COOKIE?<\/h2>\t\t\t\t<\/div>\n\t\t\t\t<\/div>\n\t\t\t\t\t<\/div>\n\t\t<\/div>\n\t\t\t\t<div class=\"elementor-column elementor-col-50 elementor-top-column elementor-element elementor-element-0f036f2\" data-id=\"0f036f2\" data-element_type=\"column\">\n\t\t\t<div class=\"elementor-widget-wrap elementor-element-populated\">\n\t\t\t\t\t\t<div class=\"elementor-element elementor-element-a928c53 elementor-widget elementor-widget-text-editor\" data-id=\"a928c53\" data-element_type=\"widget\" data-widget_type=\"text-editor.default\">\n\t\t\t\t<div class=\"elementor-widget-container\">\n\t\t\t\t\t\t\t\t\t<p>Strona internetowa ecg-electro.eu korzysta z plik\u00f3w cookie. Pliki cookie to ma\u0142e pliki przechowywane na komputerach u\u017cytkownik\u00f3w, kt\u00f3re s\u0142u\u017c\u0105 do u\u0142atwienia nawigacji na stronach internetowych i personalizacji oferowanych przez nie us\u0142ug. <br \/>K+B Progres informuje u\u017cytkownik\u00f3w o mo\u017cliwo\u015bci wy\u0142\u0105czenia przechowywania plik\u00f3w cookie przez zmian\u0119 ustawie\u0144 przegl\u0105darki internetowej. Jednak\u017ce, aby korzysta\u0107 ze wszystkich funkcji strony internetowej, nale\u017cy skonfigurowa\u0107 przegl\u0105dark\u0119 tak, aby akceptowa\u0142a pliki cookie. <\/p>\n\t\t\t\t\t\t\t\t<\/div>\n\t\t\t\t<\/div>\n\t\t\t\t\t<\/div>\n\t\t<\/div>\n\t\t\t\t\t<\/div>\n\t\t<\/section>\n\t\t\t\t<section class=\"elementor-section elementor-top-section elementor-element elementor-element-aefa1b7 elementor-section-height-min-height elementor-section-items-top elementor-section-boxed elementor-section-height-default\" data-id=\"aefa1b7\" data-element_type=\"section\">\n\t\t\t\t\t\t<div class=\"elementor-container elementor-column-gap-default\">\n\t\t\t\t\t<div class=\"elementor-column elementor-col-50 elementor-top-column elementor-element elementor-element-d521691\" data-id=\"d521691\" data-element_type=\"column\">\n\t\t\t<div class=\"elementor-widget-wrap elementor-element-populated\">\n\t\t\t\t\t\t<div class=\"elementor-element elementor-element-bd77278 elementor-widget elementor-widget-heading\" data-id=\"bd77278\" data-element_type=\"widget\" data-widget_type=\"heading.default\">\n\t\t\t\t<div class=\"elementor-widget-container\">\n\t\t\t\t\t<h2 class=\"elementor-heading-title elementor-size-default\">W JAKI SPOS\u00d3B WYKORZYSTUJEMY PLIKI COOKIE?<\/h2>\t\t\t\t<\/div>\n\t\t\t\t<\/div>\n\t\t\t\t\t<\/div>\n\t\t<\/div>\n\t\t\t\t<div class=\"elementor-column elementor-col-50 elementor-top-column elementor-element elementor-element-c8eb094\" data-id=\"c8eb094\" data-element_type=\"column\">\n\t\t\t<div class=\"elementor-widget-wrap elementor-element-populated\">\n\t\t\t\t\t\t<div class=\"elementor-element elementor-element-08d222f elementor-widget elementor-widget-text-editor\" data-id=\"08d222f\" data-element_type=\"widget\" data-widget_type=\"text-editor.default\">\n\t\t\t\t<div class=\"elementor-widget-container\">\n\t\t\t\t\t\t\t\t\t<p>Korzystamy z plik\u00f3w cookie w celu udoskonalenia informacji i \u015bwiadczonych przez nas us\u0142ug na stronie internetowej, a tak\u017ce w celu u\u0142atwienia nawigacji, na przyk\u0142ad w celu rozpoznania u\u017cytkownika po powrocie bez konieczno\u015bci ponownego logowania (je\u017celi u\u017cytkownik utworzy\u0142 konto u\u017cytkownika) lub w celu umo\u017cliwienia zarz\u0105dzania koszem zakup\u00f3w podczas przegl\u0105dania strony.<br \/>Niniejsza strona internetowa stosuje us\u0142ug\u0119 Google Analytics firmy Google Inc. s\u0142u\u017c\u0105c\u0105 do analizy zachowania na stronach internetowych (zwan\u0105 dalej \u201eGoogle\u201d). Us\u0142uga Google Analytics korzysta z plik\u00f3w cookie przechowywanych na komputerze u\u017cytkownika w celu analizy sposobu korzystania ze strony internetowej. Informacje odno\u015bnie sposobu przegl\u0105dania zasob\u00f3w strony utworzone w tym pliku cookie (\u0142\u0105cznie z adresem IP) s\u0105 przekazywane i przechowywane na serwerze firmy Google w USA.   <br \/>Firma Google wykorzystuje te informacje do analizy sposobu przegl\u0105dania zasob\u00f3w strony internetowej w celu tworzenia raport\u00f3w dotycz\u0105cych aktywno\u015bci strony internetowej dla w\u0142a\u015bcicieli stron internetowych oraz do \u015bwiadczenia innych us\u0142ug dla stron internetowych oraz sieci internet. Firma Google udost\u0119pni te informacje osobom trzecim, je\u017celi zostanie zobligowana do tego prawnie lub je\u017celi firma Google zakontraktuje podmioty trzecie do przetwarzania danych. Firma Google nie do\u0142\u0105czy adresu IP u\u017cytkownika do innych danych przechowywanych w firmie Google. Mo\u017cna uniemo\u017cliwi\u0107 instalowanie plik\u00f3w cookie przez odpowiedni\u0105 zmian\u0119 konfiguracji przegl\u0105darki internetowej. Nale\u017cy pami\u0119ta\u0107, \u017ce w takim wypadku mo\u017cna utraci\u0107 dost\u0119p do niekt\u00f3rych funkcji strony internetowej. Korzystaj\u0105c z niniejszej strony internetowej u\u017cytkownik wyra\u017ca zgod\u0119 na przetwarzanie przez firm\u0119 Google danych zgromadzonych w spos\u00f3b opisany powy\u017cej.    <br \/>Ponadto wsp\u00f3\u0142pracujemy z innymi firmami, kt\u00f3re u\u017cywaj\u0105 technologii \u015bledzenia (tracking) do obs\u0142ugiwania w naszym imieniu wy\u015bwietlania reklam w internecie. Firmy te mog\u0105 zbiera\u0107 informacje nieosobowe o wizytach u\u017cytkownik\u00f3w na naszej stronie internetowej i interakcjach z r\u00f3\u017cnymi formami przekazu, jak np. reklama. <\/p>\n\t\t\t\t\t\t\t\t<\/div>\n\t\t\t\t<\/div>\n\t\t\t\t\t<\/div>\n\t\t<\/div>\n\t\t\t\t\t<\/div>\n\t\t<\/section>\n\t\t\t\t<section class=\"elementor-section elementor-top-section elementor-element elementor-element-3987805 elementor-section-height-min-height elementor-section-items-top elementor-section-boxed elementor-section-height-default\" data-id=\"3987805\" data-element_type=\"section\">\n\t\t\t\t\t\t<div class=\"elementor-container elementor-column-gap-default\">\n\t\t\t\t\t<div class=\"elementor-column elementor-col-50 elementor-top-column elementor-element elementor-element-aad1358\" data-id=\"aad1358\" data-element_type=\"column\">\n\t\t\t<div class=\"elementor-widget-wrap elementor-element-populated\">\n\t\t\t\t\t\t<div class=\"elementor-element elementor-element-fd2f80d elementor-widget elementor-widget-heading\" data-id=\"fd2f80d\" data-element_type=\"widget\" data-widget_type=\"heading.default\">\n\t\t\t\t<div class=\"elementor-widget-container\">\n\t\t\t\t\t<h2 class=\"elementor-heading-title elementor-size-default\">JAK ZMIENI\u0106 USTAWIENIA PLIK\u00d3W COOKIE W KOMPUTERZE I WY\u0141\u0104CZY\u0106 JE?<\/h2>\t\t\t\t<\/div>\n\t\t\t\t<\/div>\n\t\t\t\t\t<\/div>\n\t\t<\/div>\n\t\t\t\t<div class=\"elementor-column elementor-col-50 elementor-top-column elementor-element elementor-element-b9a8dfd\" data-id=\"b9a8dfd\" data-element_type=\"column\">\n\t\t\t<div class=\"elementor-widget-wrap elementor-element-populated\">\n\t\t\t\t\t\t<div class=\"elementor-element elementor-element-5c13003 elementor-widget elementor-widget-text-editor\" data-id=\"5c13003\" data-element_type=\"widget\" data-widget_type=\"text-editor.default\">\n\t\t\t\t<div class=\"elementor-widget-container\">\n\t\t\t\t\t\t\t\t\t<p>Mo\u017cna zmieni\u0107 ustawienia komputera tak, aby by\u0142o wy\u015bwietlane ostrze\u017cenie odno\u015bnie ka\u017cdego wys\u0142anego pliku cookie lub wy\u0142\u0105czy\u0107 wszystkie pliki cookie. Operacje te mo\u017cna wykona\u0107 w ustawieniach przegl\u0105darki internetowej. Ka\u017cda przegl\u0105darka internetowa jest nieco inna, nale\u017cy zapozna\u0107 si\u0119 z menu Pomoc w przegl\u0105darce, aby dowiedzie\u0107 si\u0119, jak zarz\u0105dza\u0107 swoimi plikami cookie. Je\u017celi wy\u0142\u0105czysz pliki cookie ca\u0142kowicie, utracisz dost\u0119p do wielu funkcji u\u0142atwiaj\u0105cych korzystanie z tej witryny, a niekt\u00f3re z naszych us\u0142ug nie b\u0119d\u0105 dzia\u0142a\u0107 poprawnie.   <\/p>\n\t\t\t\t\t\t\t\t<\/div>\n\t\t\t\t<\/div>\n\t\t\t\t\t<\/div>\n\t\t<\/div>\n\t\t\t\t\t<\/div>\n\t\t<\/section>\n\t\t\t\t<section class=\"elementor-section elementor-top-section elementor-element elementor-element-415fc36 elementor-section-height-min-height elementor-section-items-top elementor-section-boxed elementor-section-height-default\" data-id=\"415fc36\" data-element_type=\"section\">\n\t\t\t\t\t\t<div class=\"elementor-container elementor-column-gap-default\">\n\t\t\t\t\t<div class=\"elementor-column elementor-col-50 elementor-top-column elementor-element elementor-element-75aa63c\" data-id=\"75aa63c\" data-element_type=\"column\">\n\t\t\t<div class=\"elementor-widget-wrap elementor-element-populated\">\n\t\t\t\t\t\t<div class=\"elementor-element elementor-element-38d0e81 elementor-widget elementor-widget-heading\" data-id=\"38d0e81\" data-element_type=\"widget\" data-widget_type=\"heading.default\">\n\t\t\t\t<div class=\"elementor-widget-container\">\n\t\t\t\t\t<h2 class=\"elementor-heading-title elementor-size-default\">STRONY INTERNETOWE PODMIOT\u00d3W TRZECICH<\/h2>\t\t\t\t<\/div>\n\t\t\t\t<\/div>\n\t\t\t\t\t<\/div>\n\t\t<\/div>\n\t\t\t\t<div class=\"elementor-column elementor-col-50 elementor-top-column elementor-element elementor-element-f565eb7\" data-id=\"f565eb7\" data-element_type=\"column\">\n\t\t\t<div class=\"elementor-widget-wrap elementor-element-populated\">\n\t\t\t\t\t\t<div class=\"elementor-element elementor-element-2a2cafc elementor-widget elementor-widget-text-editor\" data-id=\"2a2cafc\" data-element_type=\"widget\" data-widget_type=\"text-editor.default\">\n\t\t\t\t<div class=\"elementor-widget-container\">\n\t\t\t\t\t\t\t\t\t<p>Nasza witryna internetowa mo\u017ce zawiera\u0107 linki do witryn prowadzonych przez podmioty trzecie, kt\u00f3re nie podlegaj\u0105 postanowieniom niniejszej Polityki i na kt\u00f3rych praktyka zwi\u0105zana z gromadzeniem i wykorzystywaniem danych osobowych mo\u017ce r\u00f3\u017cni\u0107 si\u0119 od naszej. Je\u017celi nie prowadzimy takich witryn internetowych, nie ponosimy odpowiedzialno\u015bci za wykorzystanie danych osobowych u\u017cytkownika przez strony internetowe podmiot\u00f3w trzecich. Zalecamy przeczytanie informacji dotycz\u0105cych przetwarzania danych osobowych udost\u0119pnianych przez te strony internetowe.  <\/p>\n\t\t\t\t\t\t\t\t<\/div>\n\t\t\t\t<\/div>\n\t\t\t\t\t<\/div>\n\t\t<\/div>\n\t\t\t\t\t<\/div>\n\t\t<\/section>\n\t\t\t\t<section class=\"elementor-section elementor-top-section elementor-element elementor-element-5bbe040 elementor-section-height-min-height elementor-section-items-top elementor-section-boxed elementor-section-height-default\" data-id=\"5bbe040\" data-element_type=\"section\">\n\t\t\t\t\t\t<div class=\"elementor-container elementor-column-gap-default\">\n\t\t\t\t\t<div class=\"elementor-column elementor-col-50 elementor-top-column elementor-element elementor-element-589bc92\" data-id=\"589bc92\" data-element_type=\"column\">\n\t\t\t<div class=\"elementor-widget-wrap elementor-element-populated\">\n\t\t\t\t\t\t<div class=\"elementor-element elementor-element-0b57a01 elementor-widget elementor-widget-heading\" data-id=\"0b57a01\" data-element_type=\"widget\" data-widget_type=\"heading.default\">\n\t\t\t\t<div class=\"elementor-widget-container\">\n\t\t\t\t\t<h2 class=\"elementor-heading-title elementor-size-default\">ZMIANY NASZEJ POLITYKI PRYWATNO\u015aCI<\/h2>\t\t\t\t<\/div>\n\t\t\t\t<\/div>\n\t\t\t\t\t<\/div>\n\t\t<\/div>\n\t\t\t\t<div class=\"elementor-column elementor-col-50 elementor-top-column elementor-element elementor-element-d9875d1\" data-id=\"d9875d1\" data-element_type=\"column\">\n\t\t\t<div class=\"elementor-widget-wrap elementor-element-populated\">\n\t\t\t\t\t\t<div class=\"elementor-element elementor-element-de75581 elementor-widget elementor-widget-text-editor\" data-id=\"de75581\" data-element_type=\"widget\" data-widget_type=\"text-editor.default\">\n\t\t\t\t<div class=\"elementor-widget-container\">\n\t\t\t\t\t\t\t\t\t<p>Je\u017celi zdecydujemy si\u0119 zmieni\u0107 nasz\u0105 polityk\u0119 prywatno\u015bci, opublikujemy now\u0105 polityk\u0119 na tej stronie. Zalecamy regularne sprawdzanie, czy nasza polityka prywatno\u015bci nie zosta\u0142a zmodyfikowana. <\/p>\n\t\t\t\t\t\t\t\t<\/div>\n\t\t\t\t<\/div>\n\t\t\t\t\t<\/div>\n\t\t<\/div>\n\t\t\t\t\t<\/div>\n\t\t<\/section>\n\t\t\t\t<section class=\"elementor-section elementor-top-section elementor-element elementor-element-3e8890f elementor-section-height-min-height elementor-section-items-top elementor-section-boxed elementor-section-height-default\" data-id=\"3e8890f\" data-element_type=\"section\">\n\t\t\t\t\t\t<div class=\"elementor-container elementor-column-gap-default\">\n\t\t\t\t\t<div class=\"elementor-column elementor-col-50 elementor-top-column elementor-element elementor-element-88207b1\" data-id=\"88207b1\" data-element_type=\"column\">\n\t\t\t<div class=\"elementor-widget-wrap elementor-element-populated\">\n\t\t\t\t\t\t<div class=\"elementor-element elementor-element-d0e9bac elementor-widget elementor-widget-heading\" data-id=\"d0e9bac\" data-element_type=\"widget\" data-widget_type=\"heading.default\">\n\t\t\t\t<div class=\"elementor-widget-container\">\n\t\t\t\t\t<h2 class=\"elementor-heading-title elementor-size-default\">PRAWA DOST\u0118PU, MODYFIKACJI, USUWANIA I SPRZECIWU DO PRZETWARZANIA DANYCH<\/h2>\t\t\t\t<\/div>\n\t\t\t\t<\/div>\n\t\t\t\t\t<\/div>\n\t\t<\/div>\n\t\t\t\t<div class=\"elementor-column elementor-col-50 elementor-top-column elementor-element elementor-element-ba1373c\" data-id=\"ba1373c\" data-element_type=\"column\">\n\t\t\t<div class=\"elementor-widget-wrap elementor-element-populated\">\n\t\t\t\t\t\t<div class=\"elementor-element elementor-element-2e38908 elementor-widget elementor-widget-text-editor\" data-id=\"2e38908\" data-element_type=\"widget\" data-widget_type=\"text-editor.default\">\n\t\t\t\t<div class=\"elementor-widget-container\">\n\t\t\t\t\t\t\t\t\t<p>Zgodnie z prawem ka\u017cda osoba, kt\u00f3rej dane s\u0105 gromadzone i przetwarzane na stronie internetowej, ma prawo dost\u0119pu, modyfikacji, usuni\u0119cia wszelkich danych osobowych zwi\u0105zanych ze sob\u0105, a tak\u017ce ma prawo do sprzeciwu wobec przetwarzania swoich danych na uzasadnionych podstawach. Aby skorzysta\u0107 z tych praw, nale\u017cy skontaktowa\u0107 si\u0119 z nami pisz\u0105c na nast\u0119puj\u0105cy adres e-mail: <span style=\"color: #800000;\"><a style=\"color: #800000;\" href=\"mailto:info@ecg-electro.eu\">info@ecg-electro.eu<\/a><\/span> <\/p>\n\t\t\t\t\t\t\t\t<\/div>\n\t\t\t\t<\/div>\n\t\t\t\t\t<\/div>\n\t\t<\/div>\n\t\t\t\t\t<\/div>\n\t\t<\/section>\n\t\t\t\t<\/div>\n\t\t","protected":false},"excerpt":{"rendered":"<p>Ochrona danych osobowych O\u015aWIADCZENIE O PRYWATNO\u015aCI K+B Progres, a.s. pragnie w jak najbardziej przejrzysty spos\u00f3b informowa\u0107 o sposobie gromadzenia i przetwarzania danych osobowych u\u017cytkownik\u00f3w przegl\u0105daj\u0105cych i \/ lub korzystaj\u0105cych ze strony internetowej ecg-electro.euPolityka prywatno\u015bci (zwana dalej \u201ePolityk\u0105\u201d) okre\u015blona poni\u017cej opisuje, w jaki spos\u00f3b wykorzystywane s\u0105 dane osobowe gromadzone w zwi\u0105zku z niniejsz\u0105 stron\u0105 internetow\u0105 i [&hellip;]<\/p>\n","protected":false},"author":1,"featured_media":0,"parent":0,"menu_order":0,"comment_status":"closed","ping_status":"closed","template":"elementor_header_footer","meta":{"_acf_changed":false,"_monsterinsights_skip_tracking":false,"_monsterinsights_sitenote_active":false,"_monsterinsights_sitenote_note":"","_monsterinsights_sitenote_category":0,"footnotes":""},"class_list":["post-236910","page","type-page","status-publish","hentry"],"acf":[],"_links":{"self":[{"href":"https:\/\/ecg-electro.eu\/pl\/wp-json\/wp\/v2\/pages\/236910","targetHints":{"allow":["GET"]}}],"collection":[{"href":"https:\/\/ecg-electro.eu\/pl\/wp-json\/wp\/v2\/pages"}],"about":[{"href":"https:\/\/ecg-electro.eu\/pl\/wp-json\/wp\/v2\/types\/page"}],"author":[{"embeddable":true,"href":"https:\/\/ecg-electro.eu\/pl\/wp-json\/wp\/v2\/users\/1"}],"replies":[{"embeddable":true,"href":"https:\/\/ecg-electro.eu\/pl\/wp-json\/wp\/v2\/comments?post=236910"}],"version-history":[{"count":3,"href":"https:\/\/ecg-electro.eu\/pl\/wp-json\/wp\/v2\/pages\/236910\/revisions"}],"predecessor-version":[{"id":2027681,"href":"https:\/\/ecg-electro.eu\/pl\/wp-json\/wp\/v2\/pages\/236910\/revisions\/2027681"}],"wp:attachment":[{"href":"https:\/\/ecg-electro.eu\/pl\/wp-json\/wp\/v2\/media?parent=236910"}],"curies":[{"name":"wp","href":"https:\/\/api.w.org\/{rel}","templated":true}]}}