{"id":236895,"date":"2021-03-06T16:19:55","date_gmt":"2021-03-06T16:19:55","guid":{"rendered":"https:\/\/ecg-electro.eu\/warunki-gwarancji\/"},"modified":"2021-06-24T08:56:26","modified_gmt":"2021-06-24T08:56:26","slug":"warunki-gwarancji","status":"publish","type":"page","link":"https:\/\/ecg-electro.eu\/pl\/warunki-gwarancji\/","title":{"rendered":"Warunki gwarancji"},"content":{"rendered":"\t\t<div data-elementor-type=\"wp-page\" data-elementor-id=\"236895\" class=\"elementor elementor-236895 elementor-216290\" data-elementor-post-type=\"page\">\n\t\t\t\t\t\t<section data-dce-background-color=\"#F6F6F6\" class=\"elementor-section elementor-top-section elementor-element elementor-element-d7fd64c elementor-section-boxed elementor-section-height-default elementor-section-height-default\" data-id=\"d7fd64c\" data-element_type=\"section\" data-e-type=\"section\" data-settings=\"{&quot;background_background&quot;:&quot;classic&quot;}\">\n\t\t\t\t\t\t<div class=\"elementor-container elementor-column-gap-default\">\n\t\t\t\t\t<div class=\"elementor-column elementor-col-100 elementor-top-column elementor-element elementor-element-204815f\" data-id=\"204815f\" data-element_type=\"column\" data-e-type=\"column\">\n\t\t\t<div class=\"elementor-widget-wrap elementor-element-populated\">\n\t\t\t\t\t\t<div class=\"elementor-element elementor-element-4afce37 elementor-widget elementor-widget-image\" data-id=\"4afce37\" data-element_type=\"widget\" data-e-type=\"widget\" data-widget_type=\"image.default\">\n\t\t\t\t<div class=\"elementor-widget-container\">\n\t\t\t\t\t\t\t\t\t\t\t\t\t\t\t<img decoding=\"async\" src=\"https:\/\/ecg-electro.eu\/wp-content\/uploads\/2021\/04\/ecg_terms_conditions.jpg\" title=\"\" alt=\"\" loading=\"lazy\" \/>\t\t\t\t\t\t\t\t\t\t\t\t\t\t\t<\/div>\n\t\t\t\t<\/div>\n\t\t\t\t\t<\/div>\n\t\t<\/div>\n\t\t\t\t\t<\/div>\n\t\t<\/section>\n\t\t\t\t<section class=\"elementor-section elementor-top-section elementor-element elementor-element-23d40a8 elementor-section-boxed elementor-section-height-default elementor-section-height-default\" data-id=\"23d40a8\" data-element_type=\"section\" data-e-type=\"section\">\n\t\t\t\t\t\t<div class=\"elementor-container elementor-column-gap-default\">\n\t\t\t\t\t<div class=\"elementor-column elementor-col-100 elementor-top-column elementor-element elementor-element-9f9c222\" data-id=\"9f9c222\" data-element_type=\"column\" data-e-type=\"column\">\n\t\t\t<div class=\"elementor-widget-wrap elementor-element-populated\">\n\t\t\t\t\t\t<div data-dce-title-color=\"#272727\" class=\"elementor-element elementor-element-8818706 elementor-widget elementor-widget-heading\" data-id=\"8818706\" data-element_type=\"widget\" data-e-type=\"widget\" data-widget_type=\"heading.default\">\n\t\t\t\t<div class=\"elementor-widget-container\">\n\t\t\t\t\t<h1 class=\"elementor-heading-title elementor-size-default\">Warunki gwarancji<\/h1>\t\t\t\t<\/div>\n\t\t\t\t<\/div>\n\t\t\t\t\t<\/div>\n\t\t<\/div>\n\t\t\t\t\t<\/div>\n\t\t<\/section>\n\t\t\t\t<section class=\"elementor-section elementor-top-section elementor-element elementor-element-9bfa8c1 elementor-section-height-min-height elementor-section-items-top elementor-section-boxed elementor-section-height-default\" data-id=\"9bfa8c1\" data-element_type=\"section\" data-e-type=\"section\">\n\t\t\t\t\t\t<div class=\"elementor-container elementor-column-gap-default\">\n\t\t\t\t\t<div class=\"elementor-column elementor-col-50 elementor-top-column elementor-element elementor-element-fec28e6\" data-id=\"fec28e6\" data-element_type=\"column\" data-e-type=\"column\">\n\t\t\t<div class=\"elementor-widget-wrap elementor-element-populated\">\n\t\t\t\t\t\t<div class=\"elementor-element elementor-element-bf552bb elementor-widget elementor-widget-heading\" data-id=\"bf552bb\" data-element_type=\"widget\" data-e-type=\"widget\" data-widget_type=\"heading.default\">\n\t\t\t\t<div class=\"elementor-widget-container\">\n\t\t\t\t\t<h2 class=\"elementor-heading-title elementor-size-default\">WARUNKI GWARANCJI<\/h2>\t\t\t\t<\/div>\n\t\t\t\t<\/div>\n\t\t\t\t\t<\/div>\n\t\t<\/div>\n\t\t\t\t<div class=\"elementor-column elementor-col-50 elementor-top-column elementor-element elementor-element-7a4c3e7\" data-id=\"7a4c3e7\" data-element_type=\"column\" data-e-type=\"column\">\n\t\t\t<div class=\"elementor-widget-wrap elementor-element-populated\">\n\t\t\t\t\t\t<div class=\"elementor-element elementor-element-b1f8c4e elementor-widget elementor-widget-text-editor\" data-id=\"b1f8c4e\" data-element_type=\"widget\" data-e-type=\"widget\" data-widget_type=\"text-editor.default\">\n\t\t\t\t<div class=\"elementor-widget-container\">\n\t\t\t\t\t\t\t\t\t<p>Ka\u017cdy produkt jest obj\u0119ty gwarancj\u0105 przez okres 24 miesi\u0119cy od daty zakupu przez u\u017cytkownika ko\u0144cowego. Gwarancja ograniczona jest do nast\u0119puj\u0105cych warunk\u00f3w. Gwarancja dotyczy tylko towar\u00f3w u\u017cywanych do zwyk\u0142ego u\u017cytku domowego. Roszczenie dotycz\u0105ce \u015bwiadczenia us\u0142ugi mo\u017ce by\u0107 zastosowane w sklepie sprzedawcy, w kt\u00f3rym produkt zosta\u0142 zakupiony lub w ni\u017cej wymienionych autoryzowanych punktach serwisowych. U\u017cytkownik ko\u0144cowy jest zobowi\u0105zany do niezw\u0142ocznego zg\u0142oszenia roszczenia gwarancyjnego po wyst\u0105pieniu usterki, jednak\u017ce przed up\u0142ywem okresu gwarancyjnego. U\u017cytkownik ko\u0144cowy jest zobowi\u0105zany do wsp\u00f3\u0142pracy przy potwierdzaniu zg\u0142oszonych wad. Tylko kompletne i czyste produkty (zgodnie ze standardami higienicznymi) zostan\u0105 przyj\u0119te. W razie uzasadnionego roszczenia gwarancyjnego okres gwarancji zostanie przed\u0142u\u017cony o\u00a0okres od daty zg\u0142oszenia reklamacji do dnia odbioru produktu przez u\u017cytkownika ko\u0144cowego lub do daty, w kt\u00f3rej u\u017cytkownik ko\u0144cowy ma obowi\u0105zek odebrania produktu. Aby skorzysta\u0107 ze \u015bwiadczenia gwarancyjnego, u\u017cytkownik ko\u0144cowy jest zobowi\u0105zany do po\u015bwiadczenia swojego roszczenia za pomoc\u0105 nale\u017cycie wype\u0142nionych dokument\u00f3w: paragonu, certyfikatu gwarancyjnego, certyfikatu instalacji.<\/p>\n<p><strong>Niniejsza gwarancja jest niewa\u017cna, je\u017celi ma zastosowanie dowolny z nast\u0119puj\u0105cych warunk\u00f3w:<\/strong><\/p>\n<ul>\n<li>Produkt zosta\u0142 przeznaczony do sprzeda\u017cy ze wzgl\u0119du na jego wad\u0119.<\/li>\n<li>Produkt jest zu\u017cyty lub uszkodzony pod wp\u0142ywem naturalnego u\u017cytkowania.<\/li>\n<li>Produkt zosta\u0142 uszkodzony przez nieprofesjonaln\u0105 lub niew\u0142a\u015bciw\u0105 instalacj\u0119, u\u017cytkowany w\u00a0spos\u00f3b niezgodny z obowi\u0105zuj\u0105c\u0105 instrukcj\u0105 obs\u0142ugi, u\u017cytkowany w spos\u00f3b niezgodny z\u00a0prawem lub typowym u\u017cytkowaniem lub u\u017cytkowany w innym celu ni\u017c ten, dla kt\u00f3rego zosta\u0142 zaprojektowany.<\/li>\n<li>Produkt by\u0142 zaniedbany lub uszkodzony przez niewystarczaj\u0105c\u0105 konserwacj\u0119.<\/li>\n<li>Produkt zosta\u0142 uszkodzony przez brud, wypadek, si\u0142\u0119 wy\u017csz\u0105 (kl\u0119ska \u017cywio\u0142owa, po\u017car, pow\u00f3d\u017a, \u2026).<\/li>\n<li>Produkt zosta\u0142 uszkodzony przez nisk\u0105 dwoisto\u015b\u0107 sygna\u0142u, zak\u0142\u00f3cenia pola elektromagnetycznego itp.<\/li>\n<li>Produkt zosta\u0142 mechanicznie uszkodzony (np. uszkodzony przycisk, upadek\u2026).<\/li>\n<li>Uszkodzenia spowodowane przez nieodpowiedni no\u015bnik, materia\u0142 wype\u0142niaj\u0105cy, materia\u0142y eksploatacyjne (baterie) lub nieodpowiednie warunki pracy (np. wysoka temperatura, wysoka wilgotno\u015b\u0107, trz\u0119sienia ziemi,\u2026).<\/li>\n<li>Produkt zosta\u0142 uszkodzony w wyniku naprawy, modyfikacji lub innego nieudanego dzia\u0142ania przez osob\u0119 nieupowa\u017cnion\u0105.<\/li>\n<li>U\u017cytkownik ko\u0144cowy nie udowodni\u0142 w wystarczaj\u0105cy spos\u00f3b prawa do \u015bwiadczenia gwarancyjnego (czas i miejsce zakupu).<\/li>\n<li>Dane dotycz\u0105ce prezentowanych dokument\u00f3w r\u00f3\u017cni\u0105 si\u0119 od danych na produktach.<\/li>\n<li>Przypadki, w kt\u00f3rych nie mo\u017cna zidentyfikowa\u0107 zg\u0142oszonego produktu zgodnie z\u00a0przedstawionymi dokumentami (np. uszkodzenie numeru seryjnego lub plomby gwarancyjnej).<\/li>\n<\/ul>\n\t\t\t\t\t\t\t\t<\/div>\n\t\t\t\t<\/div>\n\t\t\t\t\t<\/div>\n\t\t<\/div>\n\t\t\t\t\t<\/div>\n\t\t<\/section>\n\t\t\t\t<section class=\"elementor-section elementor-top-section elementor-element elementor-element-4f1642d elementor-section-height-min-height elementor-section-items-top elementor-section-boxed elementor-section-height-default\" data-id=\"4f1642d\" data-element_type=\"section\" data-e-type=\"section\">\n\t\t\t\t\t\t<div class=\"elementor-container elementor-column-gap-default\">\n\t\t\t\t\t<div class=\"elementor-column elementor-col-50 elementor-top-column elementor-element elementor-element-941e8c6\" data-id=\"941e8c6\" data-element_type=\"column\" data-e-type=\"column\">\n\t\t\t<div class=\"elementor-widget-wrap elementor-element-populated\">\n\t\t\t\t\t\t<div class=\"elementor-element elementor-element-303587d elementor-widget elementor-widget-heading\" data-id=\"303587d\" data-element_type=\"widget\" data-e-type=\"widget\" data-widget_type=\"heading.default\">\n\t\t\t\t<div class=\"elementor-widget-container\">\n\t\t\t\t\t<h2 class=\"elementor-heading-title elementor-size-default\">UTYLIZACJA<\/h2>\t\t\t\t<\/div>\n\t\t\t\t<\/div>\n\t\t\t\t\t<\/div>\n\t\t<\/div>\n\t\t\t\t<div class=\"elementor-column elementor-col-50 elementor-top-column elementor-element elementor-element-c6883ac\" data-id=\"c6883ac\" data-element_type=\"column\" data-e-type=\"column\">\n\t\t\t<div class=\"elementor-widget-wrap elementor-element-populated\">\n\t\t\t\t\t\t<div class=\"elementor-element elementor-element-3a29199 elementor-widget elementor-widget-text-editor\" data-id=\"3a29199\" data-element_type=\"widget\" data-e-type=\"widget\" data-widget_type=\"text-editor.default\">\n\t\t\t\t<div class=\"elementor-widget-container\">\n\t\t\t\t\t\t\t\t\t<p>INSTRUKCJE ORAZ INFORMACJE DOTYCZ\u0104CE UTYLIZACJI ZU\u017bYTYCH MATERIA\u0141\u00d3W OPAKOWANIOWYCH<br \/>\nMateria\u0142 opakowaniowy nale\u017cy zutylizowa\u0107 w miejscu sk\u0142adowania odpad\u00f3w komunalnych.<br \/>\nUTYLIZACJA ZU\u017bYTYCH URZ\u0104DZE\u0143 ELEKTRYCZNYCH I ELEKTRONICZNYCH<br \/>\nSymbol na produkcie, akcesoriach i opakowaniu oznacza, \u017ce produkt nie powinien by\u0107 traktowany jako odpad domowy. Produkt nale\u017cy zutylizowa\u0107 w odpowiednim punkcie zbi\u00f3rki odpad\u00f3w elektrycznych i elektronicznych. W niekt\u00f3rych pa\u0144stwach Unii Europejskiej lub innych pa\u0144stwach europejskich mo\u017cna zwr\u00f3ci\u0107 zu\u017cyty produkt u lokalnego sprzedawcy przy zakupie nowego produktu.<br \/>\nW\u0142a\u015bciwy spos\u00f3b utylizacji niniejszego produktu pozwala na zachowanie cennych zasob\u00f3w naturalnych do wykorzystania w przysz\u0142o\u015bci i zmniejszenie negatywnego wp\u0142ywu na ludzkie zdrowie wskutek niew\u0142a\u015bciwej utylizacji odpad\u00f3w elektrycznych. Wi\u0119cej informacji mo\u017cna uzyska\u0107 od odpowiedniego urz\u0119du lub w najbli\u017cszym punkcie zbi\u00f3rki. W przypadku niew\u0142a\u015bciwej utylizacji tego rodzaju odpad\u00f3w nara\u017casz si\u0119 na ryzyko kar zgodnie z krajowymi przepisami.<br \/>\nDla podmiot\u00f3w gospodarczych w Unii Europejskiej<br \/>\nW celu utylizacji urz\u0105dze\u0144 elektrycznych i elektronicznych nale\u017cy uzyska\u0107 wszystkie potrzebne informacje od sprzedawcy lub dostawcy.<br \/>\nUtylizacja sprz\u0119tu elektrycznego i elektronicznego w krajach spoza Unii Europejskiej.<br \/>\nAby zlikwidowa\u0107 ten produkt, nale\u017cy uzyska\u0107 potrzebne informacje o prawid\u0142owej utylizacji od odpowiednich urz\u0119d\u00f3w lub od sprzedawcy.<br \/>\nNiniejsze urz\u0105dzenie spe\u0142nia normy i przepisy UE dotycz\u0105ce bezpiecze\u0144stwa elektromagnetycznego i elektrycznego.<br \/>\nZmiany tekstu, wygl\u0105du oraz specyfikacji technicznych mog\u0105 pojawi\u0107 si\u0119 bez uprzedzenia \u2013 zastrzegamy sobie prawo do wprowadzenia tych zmian.<\/p>\n\t\t\t\t\t\t\t\t<\/div>\n\t\t\t\t<\/div>\n\t\t\t\t\t<\/div>\n\t\t<\/div>\n\t\t\t\t\t<\/div>\n\t\t<\/section>\n\t\t\t\t<\/div>\n\t\t","protected":false},"excerpt":{"rendered":"<p>Warunki gwarancji WARUNKI GWARANCJI Ka\u017cdy produkt jest obj\u0119ty gwarancj\u0105 przez okres 24 miesi\u0119cy od daty zakupu przez u\u017cytkownika ko\u0144cowego. Gwarancja ograniczona jest do nast\u0119puj\u0105cych warunk\u00f3w. Gwarancja dotyczy tylko towar\u00f3w u\u017cywanych do zwyk\u0142ego u\u017cytku domowego. Roszczenie dotycz\u0105ce \u015bwiadczenia us\u0142ugi mo\u017ce by\u0107 zastosowane w sklepie sprzedawcy, w kt\u00f3rym produkt zosta\u0142 zakupiony lub w ni\u017cej wymienionych autoryzowanych punktach [&hellip;]<\/p>\n","protected":false},"author":8,"featured_media":0,"parent":0,"menu_order":0,"comment_status":"closed","ping_status":"closed","template":"","meta":{"_acf_changed":false,"_monsterinsights_skip_tracking":false,"_monsterinsights_sitenote_active":false,"_monsterinsights_sitenote_note":"","_monsterinsights_sitenote_category":0,"footnotes":""},"class_list":["post-236895","page","type-page","status-publish","hentry"],"acf":[],"_links":{"self":[{"href":"https:\/\/ecg-electro.eu\/pl\/wp-json\/wp\/v2\/pages\/236895","targetHints":{"allow":["GET"]}}],"collection":[{"href":"https:\/\/ecg-electro.eu\/pl\/wp-json\/wp\/v2\/pages"}],"about":[{"href":"https:\/\/ecg-electro.eu\/pl\/wp-json\/wp\/v2\/types\/page"}],"author":[{"embeddable":true,"href":"https:\/\/ecg-electro.eu\/pl\/wp-json\/wp\/v2\/users\/8"}],"replies":[{"embeddable":true,"href":"https:\/\/ecg-electro.eu\/pl\/wp-json\/wp\/v2\/comments?post=236895"}],"version-history":[{"count":3,"href":"https:\/\/ecg-electro.eu\/pl\/wp-json\/wp\/v2\/pages\/236895\/revisions"}],"predecessor-version":[{"id":2027757,"href":"https:\/\/ecg-electro.eu\/pl\/wp-json\/wp\/v2\/pages\/236895\/revisions\/2027757"}],"wp:attachment":[{"href":"https:\/\/ecg-electro.eu\/pl\/wp-json\/wp\/v2\/media?parent=236895"}],"curies":[{"name":"wp","href":"https:\/\/api.w.org\/{rel}","templated":true}]}}