{"id":229075,"date":"2021-03-06T16:15:49","date_gmt":"2021-03-06T16:15:49","guid":{"rendered":"https:\/\/ecg-electro.eu\/uslovi-garancije\/"},"modified":"2021-06-24T08:56:26","modified_gmt":"2021-06-24T08:56:26","slug":"uslovi-garancije","status":"publish","type":"page","link":"https:\/\/ecg-electro.eu\/mne\/uslovi-garancije\/","title":{"rendered":"Uslovi garancije"},"content":{"rendered":"\t\t<div data-elementor-type=\"wp-page\" data-elementor-id=\"229075\" class=\"elementor elementor-229075 elementor-216290\" data-elementor-post-type=\"page\">\n\t\t\t\t\t\t<section class=\"elementor-section elementor-top-section elementor-element elementor-element-d7fd64c elementor-section-boxed elementor-section-height-default elementor-section-height-default\" data-id=\"d7fd64c\" data-element_type=\"section\" data-settings=\"{&quot;background_background&quot;:&quot;classic&quot;}\">\n\t\t\t\t\t\t<div class=\"elementor-container elementor-column-gap-default\">\n\t\t\t\t\t<div class=\"elementor-column elementor-col-100 elementor-top-column elementor-element elementor-element-204815f\" data-id=\"204815f\" data-element_type=\"column\">\n\t\t\t<div class=\"elementor-widget-wrap elementor-element-populated\">\n\t\t\t\t\t\t<div class=\"elementor-element elementor-element-4afce37 elementor-widget elementor-widget-image\" data-id=\"4afce37\" data-element_type=\"widget\" data-widget_type=\"image.default\">\n\t\t\t\t<div class=\"elementor-widget-container\">\n\t\t\t\t\t\t\t\t\t\t\t\t\t\t\t<img decoding=\"async\" src=\"https:\/\/ecg-electro.eu\/wp-content\/uploads\/2021\/04\/ecg_terms_conditions.jpg\" title=\"\" alt=\"\" loading=\"lazy\" \/>\t\t\t\t\t\t\t\t\t\t\t\t\t\t\t<\/div>\n\t\t\t\t<\/div>\n\t\t\t\t\t<\/div>\n\t\t<\/div>\n\t\t\t\t\t<\/div>\n\t\t<\/section>\n\t\t\t\t<section class=\"elementor-section elementor-top-section elementor-element elementor-element-23d40a8 elementor-section-boxed elementor-section-height-default elementor-section-height-default\" data-id=\"23d40a8\" data-element_type=\"section\">\n\t\t\t\t\t\t<div class=\"elementor-container elementor-column-gap-default\">\n\t\t\t\t\t<div class=\"elementor-column elementor-col-100 elementor-top-column elementor-element elementor-element-9f9c222\" data-id=\"9f9c222\" data-element_type=\"column\">\n\t\t\t<div class=\"elementor-widget-wrap elementor-element-populated\">\n\t\t\t\t\t\t<div class=\"elementor-element elementor-element-8818706 elementor-widget elementor-widget-heading\" data-id=\"8818706\" data-element_type=\"widget\" data-widget_type=\"heading.default\">\n\t\t\t\t<div class=\"elementor-widget-container\">\n\t\t\t\t\t<h1 class=\"elementor-heading-title elementor-size-default\">Uslovi garancije<\/h1>\t\t\t\t<\/div>\n\t\t\t\t<\/div>\n\t\t\t\t\t<\/div>\n\t\t<\/div>\n\t\t\t\t\t<\/div>\n\t\t<\/section>\n\t\t\t\t<section class=\"elementor-section elementor-top-section elementor-element elementor-element-9bfa8c1 elementor-section-height-min-height elementor-section-items-top elementor-section-boxed elementor-section-height-default\" data-id=\"9bfa8c1\" data-element_type=\"section\">\n\t\t\t\t\t\t<div class=\"elementor-container elementor-column-gap-default\">\n\t\t\t\t\t<div class=\"elementor-column elementor-col-50 elementor-top-column elementor-element elementor-element-fec28e6\" data-id=\"fec28e6\" data-element_type=\"column\">\n\t\t\t<div class=\"elementor-widget-wrap elementor-element-populated\">\n\t\t\t\t\t\t<div class=\"elementor-element elementor-element-bf552bb elementor-widget elementor-widget-heading\" data-id=\"bf552bb\" data-element_type=\"widget\" data-widget_type=\"heading.default\">\n\t\t\t\t<div class=\"elementor-widget-container\">\n\t\t\t\t\t<h2 class=\"elementor-heading-title elementor-size-default\">GARANTNI USLOVI<\/h2>\t\t\t\t<\/div>\n\t\t\t\t<\/div>\n\t\t\t\t\t<\/div>\n\t\t<\/div>\n\t\t\t\t<div class=\"elementor-column elementor-col-50 elementor-top-column elementor-element elementor-element-7a4c3e7\" data-id=\"7a4c3e7\" data-element_type=\"column\">\n\t\t\t<div class=\"elementor-widget-wrap elementor-element-populated\">\n\t\t\t\t\t\t<div class=\"elementor-element elementor-element-b1f8c4e elementor-widget elementor-widget-text-editor\" data-id=\"b1f8c4e\" data-element_type=\"widget\" data-widget_type=\"text-editor.default\">\n\t\t\t\t<div class=\"elementor-widget-container\">\n\t\t\t\t\t\t\t\t\t<p>Za svaki proizvod vredi garantni rok od 24 meseca od datuma prodaje krajnjem korisniku. Garancija je ograni\u010dena slede\u0107im uslovima. Garancija vredi samo za robu koja se koristi za uobi\u010dajenu doma\u0107u upotrebu. Zahtev za garanciju mo\u017ee se podneti u prodavnici distributera u kojoj je proizvod kupljen ili u dole navedenim ovla\u0161\u0107enim servisima. Krajnji korisnik je du\u017ean da podnese zahtev za garanciju odmah nakon pojave kvara, ali samo pre isteka garantnog roka. Krajnji korisnik je du\u017ean da sara\u0111uje u postupku utvr\u0111ivanja nedostataka koji su temelj zahteva za garanciju. Prihvataju se samo potpuni i \u010disti proizvodi (prema higijenskim standardima). U slu\u010daju utemeljenog zahteva za garanciju, garancija \u0107e se produ\u017eiti za razdoblje jednako proteklom vremenu od datuma podno\u0161enja zahteva do datuma predaje proizvoda krajnjem korisniku ili datuma na koji ga je krajnji korisnik du\u017ean preuzeti. Kako bi na temelju ove garancije ostvario svoje garantno pravo, krajnji korisnik je du\u017ean da dokumentuje svoj zahtev propisno ispunjenim dokumentima: ra\u010dunom, garantnim listom, potvrdom o ugradnji.<\/p>\n<p><strong>Ova garancija je posebno neva\u017ee\u0107a ako je bilo \u0161ta od dole navedenog istinito:<\/strong><\/p>\n<ul>\n<li>Proizvod je bio na rasprodaji zbog svojih nedostataka.<\/li>\n<li>Proizvod je istro\u0161en ili o\u0161te\u0107en uobi\u010dajenom upotrebom.<\/li>\n<li>Proizvod je o\u0161te\u0107en neprofesionalnom ili nepravilnom ugradnjom, koristio se suprotno va\u017ee\u0107em priru\u010dniku za upotrebu, protivno zakonskoj regulativi i uobi\u010dajenom postupku upotrebe ili se koristio u svrhu druga\u010diju od njegove namenjene svrhe.<\/li>\n<li>Proizvod nije bio bri\u017eno \u010duvan ili je o\u0161te\u0107enje nastalo usled nedovoljnog odr\u017eavanja.<\/li>\n<li>Proizvod je o\u0161te\u0107en prljav\u0161tinom, nezgodom prouzrokovanom delovanjem vi\u0161e sile (prirodne katastrofe, po\u017eara, poplave itd.).<\/li>\n<li>Proizvod je o\u0161te\u0107en zbog lo\u0161eg kvaliteta signala, elektromagnetskog polja, itd.<\/li>\n<li>Proizvod je mehani\u010dki o\u0161te\u0107en (npr. slomljen taster, pad\u2026).<\/li>\n<li>\u0160tete prouzrokovane upotrebom neodgovaraju\u0107ih medija, nadeva, potro\u0161nih materijala (baterija) ili neodgovaraju\u0107im radnim uslovima (npr. visokim temperaturama ili vlagom, potresima\u2026).<\/li>\n<li>Proizvod je o\u0161te\u0107en popravkom, izmenom ili drugim nedopu\u0161tenim intervencijama neovla\u0161\u0107ene osobe.<\/li>\n<li>Krajnji korisnik nije dokazao svoje pravo na garanciju (vreme i mesto kupovine).<\/li>\n<li>Podaci na prikazanim dokumentima razlikuju se od podataka na proizvodima.<\/li>\n<li>Slu\u010dajevi u kojima se reklamirani proizvod ne mo\u017ee identifikovati u skladu s prikazanim dokumentima (na primer, o\u0161te\u0107en je serijski broj ili garantni pe\u010dat).<\/li>\n<\/ul>\n\t\t\t\t\t\t\t\t<\/div>\n\t\t\t\t<\/div>\n\t\t\t\t\t<\/div>\n\t\t<\/div>\n\t\t\t\t\t<\/div>\n\t\t<\/section>\n\t\t\t\t<section class=\"elementor-section elementor-top-section elementor-element elementor-element-4f1642d elementor-section-height-min-height elementor-section-items-top elementor-section-boxed elementor-section-height-default\" data-id=\"4f1642d\" data-element_type=\"section\">\n\t\t\t\t\t\t<div class=\"elementor-container elementor-column-gap-default\">\n\t\t\t\t\t<div class=\"elementor-column elementor-col-50 elementor-top-column elementor-element elementor-element-941e8c6\" data-id=\"941e8c6\" data-element_type=\"column\">\n\t\t\t<div class=\"elementor-widget-wrap elementor-element-populated\">\n\t\t\t\t\t\t<div class=\"elementor-element elementor-element-303587d elementor-widget elementor-widget-heading\" data-id=\"303587d\" data-element_type=\"widget\" data-widget_type=\"heading.default\">\n\t\t\t\t<div class=\"elementor-widget-container\">\n\t\t\t\t\t<h2 class=\"elementor-heading-title elementor-size-default\">ODLAGANJE<\/h2>\t\t\t\t<\/div>\n\t\t\t\t<\/div>\n\t\t\t\t\t<\/div>\n\t\t<\/div>\n\t\t\t\t<div class=\"elementor-column elementor-col-50 elementor-top-column elementor-element elementor-element-c6883ac\" data-id=\"c6883ac\" data-element_type=\"column\">\n\t\t\t<div class=\"elementor-widget-wrap elementor-element-populated\">\n\t\t\t\t\t\t<div class=\"elementor-element elementor-element-3a29199 elementor-widget elementor-widget-text-editor\" data-id=\"3a29199\" data-element_type=\"widget\" data-widget_type=\"text-editor.default\">\n\t\t\t\t<div class=\"elementor-widget-container\">\n\t\t\t\t\t\t\t\t\t<p>UPUTSTVA I INFORMACIJE O ODLAGANJU ISKOR\u0160\u0106ENOG AMBALA\u017dNOG MATERIJALA<br \/>\nAmbala\u017eni materijal odlo\u017eite na javno odlagali\u0161te otpada.<br \/>\nODLAGANJE UPOTREBLJIVANIH ELEKTRI\u010cNIH I ELEKTRONI\u010cKIH URE\u0110AJA<br \/>\nZna\u010denje oznake na proizvodu, njegovom priboru ili ambala\u017ei je da se taj proizvod ne tretira kao komunalni (ku\u0107ni) otpad. Molimo, odlo\u017eite ovaj proizvod na odgovaraju\u0107em sabirnom mestu za recikliranje elektri\u010dnog i elektroni\u010dkog otpada. Alternativno, u nekim dr\u017eavama Evropske unije ili drugim evropskim dr\u017eavama, svoje proizvode mo\u017eete vratiti lokalnom trgovcu prilikom kupovine novog ekvivalentnog proizvoda.<br \/>\nPravilno odlaganje ovog proizvoda pomo\u0107i \u0107e da se u\u0161tede dragoceni prirodni resursi i pomo\u0107i u\u00a0spre\u010davanju potencijalnih negativnih uticaja na okolinu i zdravlje ljudi koje bi nepravilno zbrinjavanje otpada moglo prouzrokovati. Detaljnije informacije zatra\u017eite od lokalne samouprave ili najbli\u017eeg centra za sakupljanje otpada. Nepropisno odlaganje otpada ove vrste mo\u017ee prema nacionalnim propisima biti nov\u010dano ka\u017enjivo.<\/p>\n\t\t\t\t\t\t\t\t<\/div>\n\t\t\t\t<\/div>\n\t\t\t\t\t<\/div>\n\t\t<\/div>\n\t\t\t\t\t<\/div>\n\t\t<\/section>\n\t\t\t\t<\/div>\n\t\t","protected":false},"excerpt":{"rendered":"<p>Uslovi garancije GARANTNI USLOVI Za svaki proizvod vredi garantni rok od 24 meseca od datuma prodaje krajnjem korisniku. Garancija je ograni\u010dena slede\u0107im uslovima. Garancija vredi samo za robu koja se koristi za uobi\u010dajenu doma\u0107u upotrebu. Zahtev za garanciju mo\u017ee se podneti u prodavnici distributera u kojoj je proizvod kupljen ili u dole navedenim ovla\u0161\u0107enim servisima. [&hellip;]<\/p>\n","protected":false},"author":8,"featured_media":0,"parent":0,"menu_order":0,"comment_status":"closed","ping_status":"closed","template":"","meta":{"_acf_changed":false,"_monsterinsights_skip_tracking":false,"_monsterinsights_sitenote_active":false,"_monsterinsights_sitenote_note":"","_monsterinsights_sitenote_category":0,"footnotes":""},"class_list":["post-229075","page","type-page","status-publish","hentry"],"acf":[],"_links":{"self":[{"href":"https:\/\/ecg-electro.eu\/mne\/wp-json\/wp\/v2\/pages\/229075","targetHints":{"allow":["GET"]}}],"collection":[{"href":"https:\/\/ecg-electro.eu\/mne\/wp-json\/wp\/v2\/pages"}],"about":[{"href":"https:\/\/ecg-electro.eu\/mne\/wp-json\/wp\/v2\/types\/page"}],"author":[{"embeddable":true,"href":"https:\/\/ecg-electro.eu\/mne\/wp-json\/wp\/v2\/users\/8"}],"replies":[{"embeddable":true,"href":"https:\/\/ecg-electro.eu\/mne\/wp-json\/wp\/v2\/comments?post=229075"}],"version-history":[{"count":3,"href":"https:\/\/ecg-electro.eu\/mne\/wp-json\/wp\/v2\/pages\/229075\/revisions"}],"predecessor-version":[{"id":2027755,"href":"https:\/\/ecg-electro.eu\/mne\/wp-json\/wp\/v2\/pages\/229075\/revisions\/2027755"}],"wp:attachment":[{"href":"https:\/\/ecg-electro.eu\/mne\/wp-json\/wp\/v2\/media?parent=229075"}],"curies":[{"name":"wp","href":"https:\/\/api.w.org\/{rel}","templated":true}]}}