{"id":240464,"date":"2021-03-06T16:21:57","date_gmt":"2021-03-06T16:21:57","guid":{"rendered":"https:\/\/ecg-electro.eu\/garantijos-salygos\/"},"modified":"2021-06-24T08:56:26","modified_gmt":"2021-06-24T08:56:26","slug":"garantijos-salygos","status":"publish","type":"page","link":"https:\/\/ecg-electro.eu\/lt\/garantijos-salygos\/","title":{"rendered":"Garantijos s\u0105lygos"},"content":{"rendered":"\t\t<div data-elementor-type=\"wp-page\" data-elementor-id=\"240464\" class=\"elementor elementor-240464 elementor-216290\" data-elementor-post-type=\"page\">\n\t\t\t\t\t\t<section data-dce-background-color=\"#F6F6F6\" class=\"elementor-section elementor-top-section elementor-element elementor-element-d7fd64c elementor-section-boxed elementor-section-height-default elementor-section-height-default\" data-id=\"d7fd64c\" data-element_type=\"section\" data-e-type=\"section\" data-settings=\"{&quot;background_background&quot;:&quot;classic&quot;}\">\n\t\t\t\t\t\t<div class=\"elementor-container elementor-column-gap-default\">\n\t\t\t\t\t<div class=\"elementor-column elementor-col-100 elementor-top-column elementor-element elementor-element-204815f\" data-id=\"204815f\" data-element_type=\"column\" data-e-type=\"column\">\n\t\t\t<div class=\"elementor-widget-wrap elementor-element-populated\">\n\t\t\t\t\t\t<div class=\"elementor-element elementor-element-4afce37 elementor-widget elementor-widget-image\" data-id=\"4afce37\" data-element_type=\"widget\" data-e-type=\"widget\" data-widget_type=\"image.default\">\n\t\t\t\t<div class=\"elementor-widget-container\">\n\t\t\t\t\t\t\t\t\t\t\t\t\t\t\t<img decoding=\"async\" src=\"https:\/\/ecg-electro.eu\/wp-content\/uploads\/2021\/04\/ecg_terms_conditions.jpg\" title=\"\" alt=\"\" loading=\"lazy\" \/>\t\t\t\t\t\t\t\t\t\t\t\t\t\t\t<\/div>\n\t\t\t\t<\/div>\n\t\t\t\t\t<\/div>\n\t\t<\/div>\n\t\t\t\t\t<\/div>\n\t\t<\/section>\n\t\t\t\t<section class=\"elementor-section elementor-top-section elementor-element elementor-element-23d40a8 elementor-section-boxed elementor-section-height-default elementor-section-height-default\" data-id=\"23d40a8\" data-element_type=\"section\" data-e-type=\"section\">\n\t\t\t\t\t\t<div class=\"elementor-container elementor-column-gap-default\">\n\t\t\t\t\t<div class=\"elementor-column elementor-col-100 elementor-top-column elementor-element elementor-element-9f9c222\" data-id=\"9f9c222\" data-element_type=\"column\" data-e-type=\"column\">\n\t\t\t<div class=\"elementor-widget-wrap elementor-element-populated\">\n\t\t\t\t\t\t<div data-dce-title-color=\"#272727\" class=\"elementor-element elementor-element-8818706 elementor-widget elementor-widget-heading\" data-id=\"8818706\" data-element_type=\"widget\" data-e-type=\"widget\" data-widget_type=\"heading.default\">\n\t\t\t\t<div class=\"elementor-widget-container\">\n\t\t\t\t\t<h1 class=\"elementor-heading-title elementor-size-default\">Garantijos s\u0105lygos<\/h1>\t\t\t\t<\/div>\n\t\t\t\t<\/div>\n\t\t\t\t\t<\/div>\n\t\t<\/div>\n\t\t\t\t\t<\/div>\n\t\t<\/section>\n\t\t\t\t<section class=\"elementor-section elementor-top-section elementor-element elementor-element-9bfa8c1 elementor-section-height-min-height elementor-section-items-top elementor-section-boxed elementor-section-height-default\" data-id=\"9bfa8c1\" data-element_type=\"section\" data-e-type=\"section\">\n\t\t\t\t\t\t<div class=\"elementor-container elementor-column-gap-default\">\n\t\t\t\t\t<div class=\"elementor-column elementor-col-50 elementor-top-column elementor-element elementor-element-fec28e6\" data-id=\"fec28e6\" data-element_type=\"column\" data-e-type=\"column\">\n\t\t\t<div class=\"elementor-widget-wrap elementor-element-populated\">\n\t\t\t\t\t\t<div class=\"elementor-element elementor-element-bf552bb elementor-widget elementor-widget-heading\" data-id=\"bf552bb\" data-element_type=\"widget\" data-e-type=\"widget\" data-widget_type=\"heading.default\">\n\t\t\t\t<div class=\"elementor-widget-container\">\n\t\t\t\t\t<h2 class=\"elementor-heading-title elementor-size-default\">GARANTIJOS S\u0104LYGOS<\/h2>\t\t\t\t<\/div>\n\t\t\t\t<\/div>\n\t\t\t\t\t<\/div>\n\t\t<\/div>\n\t\t\t\t<div class=\"elementor-column elementor-col-50 elementor-top-column elementor-element elementor-element-7a4c3e7\" data-id=\"7a4c3e7\" data-element_type=\"column\" data-e-type=\"column\">\n\t\t\t<div class=\"elementor-widget-wrap elementor-element-populated\">\n\t\t\t\t\t\t<div class=\"elementor-element elementor-element-b1f8c4e elementor-widget elementor-widget-text-editor\" data-id=\"b1f8c4e\" data-element_type=\"widget\" data-e-type=\"widget\" data-widget_type=\"text-editor.default\">\n\t\t\t\t<div class=\"elementor-widget-container\">\n\t\t\t\t\t\t\t\t\t<p>Kiekvienam gaminiui nuo tos dienos, kai j\u012f \u012fsigyja galutinis naudotojas, taikoma 24 m\u0117nesi\u0173 garantija. Garantija ribojama toliau nurodytomis s\u0105lygomis. Garantija galioja tik prek\u0117ms, kurios \u012fprastai naudojamos buityje. Pra\u0161ym\u0105 d\u0117l taisymo galima pateikti prekybos atstovo parduotuv\u0117je, i\u0161 kurios gaminys pirktas, arba toliau nurodytose \u012fgaliotose remonto \u012fmon\u0117se. Atsiradus gedimui galutinis naudotojas pra\u0161ym\u0105 turi pateikti tuoj pat, ta\u010diau ne v\u0117liau kaip iki garantijos laikotarpio pabaigos. Galutinis naudotojas turi pad\u0117ti i\u0161siai\u0161kinti gedim\u0105, d\u0117l kurio teikiamas pra\u0161ymas. Gaminiai priimami tik \u0161var\u016bs (pagal higienos standartus) ir nei\u0161ardyti. Jei garantinis pra\u0161ymas pripa\u017e\u012fstamas galiojan\u010diu, garantijos laikotarpis prat\u0119siamas tiek laiko, kiek pra\u0117jo nuo garantinio pra\u0161ymo pateikimo iki gaminio perdavimo galutiniam naudotojui arba iki dienos, kuri\u0105 galutinis naudotojas gamin\u012f tur\u0117jo atsiimti. Gaminys pagal \u0161i\u0105 garantij\u0105 bus taisomas tik tuo atveju, jei galutinis naudotojas su pra\u0161ymu pateiks tinkamus toliau nurodytus dokumentus: pirkimo kvit\u0105, garantijos liudijim\u0105, sumontavimo pa\u017eym\u0105.<\/p>\n<p><strong>\u0160i garantija netaikoma, jei galioja bent viena i\u0161 toliau nurodyt\u0173 s\u0105lyg\u0173:<\/strong><\/p>\n<ul>\n<li>Gaminys d\u0117l defekt\u0173 parduotas suma\u017einta kaina.<\/li>\n<li>Gaminys nusid\u0117v\u0117j\u0119s arba suged\u0119s d\u0117l \u012fprastinio naudojimo.<\/li>\n<li>Gaminys sugadinamas j\u012f neprofesionaliai arba netinkamai montuojant, naudojamas pa\u017eeid\u017eiant naudojimo instrukcij\u0105, naudojamas pa\u017eeid\u017eiant teis\u0117s aktus ir \u012fprastin\u0119 naudojimo praktik\u0105 arba naudojamas ne tam tikslui, kuriam buvo sukurtas.<\/li>\n<li>Gaminys nebuvo pri\u017ei\u016brimas arba sugedo d\u0117l netinkamos prie\u017ei\u016bros.<\/li>\n<li>Gaminys sugedo nuo purvo ar \u012fvykus ne\u012fveikiam\u0173 aplinkybi\u0173 \u012fvykiui (gaivalinei nelaimei, gaisrui, potvyniui ir pan.).<\/li>\n<li>Gaminys sugedo d\u0117l prastos kokyb\u0117s signalo, elektromagnetini\u0173 trukd\u017ei\u0173 ar pan.<\/li>\n<li>Gaminys nukent\u0117jo fizi\u0161kai (pvz., nulau\u017etas mygtukas, gaminys nukrito ir pan.).<\/li>\n<li>Gaminys sugedo panaudojus netinkam\u0105 terp\u0119, u\u017epildus, eksploatacines med\u017eiagas (maitinimo elementus) arba d\u0117l to, kad buvo naudojamas netinkamomis s\u0105lygomis (pvz., auk\u0161ta temperat\u016bra, didelis dr\u0117gnis, vibracija ir pan.).<\/li>\n<li>Gaminys sugadintas j\u012f taisant, modifikuojant ar kitais netinkamais ne\u012fgalioto asmens veiksmais.<\/li>\n<li>Galutinis naudotojas ne\u012frod\u0117 tur\u012fs teis\u0119 teikti garantin\u012f pra\u0161ym\u0105 (nepatvirtino \u012fsigijimo datos ir vietos).<\/li>\n<li>Duomenys pateiktuose dokumentuose skiriasi nuo duomen\u0173, nurodyt\u0173 ant gaminio.<\/li>\n<li>Tais atvejais, kai pagal pateiktus dokumentus ne\u012fmanoma atpa\u017einti gaminio (pvz., apgadintas serijos numeris arba garantinio liudijimo antspaudas).<\/li>\n<\/ul>\n\t\t\t\t\t\t\t\t<\/div>\n\t\t\t\t<\/div>\n\t\t\t\t\t<\/div>\n\t\t<\/div>\n\t\t\t\t\t<\/div>\n\t\t<\/section>\n\t\t\t\t<section class=\"elementor-section elementor-top-section elementor-element elementor-element-4f1642d elementor-section-height-min-height elementor-section-items-top elementor-section-boxed elementor-section-height-default\" data-id=\"4f1642d\" data-element_type=\"section\" data-e-type=\"section\">\n\t\t\t\t\t\t<div class=\"elementor-container elementor-column-gap-default\">\n\t\t\t\t\t<div class=\"elementor-column elementor-col-50 elementor-top-column elementor-element elementor-element-941e8c6\" data-id=\"941e8c6\" data-element_type=\"column\" data-e-type=\"column\">\n\t\t\t<div class=\"elementor-widget-wrap elementor-element-populated\">\n\t\t\t\t\t\t<div class=\"elementor-element elementor-element-303587d elementor-widget elementor-widget-heading\" data-id=\"303587d\" data-element_type=\"widget\" data-e-type=\"widget\" data-widget_type=\"heading.default\">\n\t\t\t\t<div class=\"elementor-widget-container\">\n\t\t\t\t\t<h2 class=\"elementor-heading-title elementor-size-default\">\u0160ALINIMAS<\/h2>\t\t\t\t<\/div>\n\t\t\t\t<\/div>\n\t\t\t\t\t<\/div>\n\t\t<\/div>\n\t\t\t\t<div class=\"elementor-column elementor-col-50 elementor-top-column elementor-element elementor-element-c6883ac\" data-id=\"c6883ac\" data-element_type=\"column\" data-e-type=\"column\">\n\t\t\t<div class=\"elementor-widget-wrap elementor-element-populated\">\n\t\t\t\t\t\t<div class=\"elementor-element elementor-element-3a29199 elementor-widget elementor-widget-text-editor\" data-id=\"3a29199\" data-element_type=\"widget\" data-e-type=\"widget\" data-widget_type=\"text-editor.default\">\n\t\t\t\t<div class=\"elementor-widget-container\">\n\t\t\t\t\t\t\t\t\t<p><strong>INSTRUKCIJOS IR INFORMACIJA D\u0116L PANAUDOT\u0172 PAKAVIMO MED\u017dIAG\u0172 \u0160ALINIMO<\/strong><br \/>\nPakavimo med\u017eiagas i\u0161meskite vie\u0161ojoje atliek\u0173 surinkimo aik\u0161tel\u0117je.<br \/>\n<strong>NAUDOT\u0172 ELEKTROS IR ELEKTRONINI\u0172 PRIETAIS\u0172 \u0160ALINIMAS<\/strong><br \/>\nAnt gaminio, jo priedo ar pakuot\u0117s atvaizduotas simbolis rei\u0161kia, kad \u0161io gaminio negalima i\u0161mesti kartu su buitin\u0117mis atliekomis. \u0160\u012f gamin\u012f nune\u0161kite \u012f tinkam\u0105 perdirbamos elektros ir elektronin\u0117s \u012frangos atliek\u0173 surinkimo aik\u0161tel\u0119. Be to, kai kuriose Europos S\u0105jungos arba jai nepriklausan\u010diose valstyb\u0117se gaminius galima gr\u0105\u017einti vietiniams ma\u017emenininkams, jei i\u0161 j\u0173 perkamas atitinkamas naujas gaminys.<br \/>\nTinkamai atiduodami \u0161\u012f gamin\u012f utilizuoti pad\u0117site tausoti gamtos i\u0161teklius ir neprisid\u0117site prie neigiamo poveikio aplinkai ir \u017emoni\u0173 sveikatai, kur\u012f gali sukelti netinkamai likviduojamos atliekos. I\u0161samesn\u0117s informacijos teiraukit\u0117s vietin\u0117se institucijose arba artimiausiame atliek\u0173 surinkimo centre. U\u017e netinkam\u0105 \u0161ios r\u016b\u0161ies atliek\u0173 \u0161alinim\u0105 gali b\u016bti baud\u017eiama pagal \u0161alyje galiojan\u010dius reglamentus.Informacija Europos S\u0105jungos verslo subjektams. Jei reikia pa\u0161alinti elektros arba elektronin\u012f \u012ftais\u0105, informacijos teiraukit\u0117s pardav\u0117jo arba tiek\u0117jo, i\u0161 kurio \u012fsigijote prek\u0119. \u0160alinimas Europos S\u0105jungai nepriklausan\u010diose valstyb\u0117se. Jei reikia pa\u0161alinti elektros arba elektronin\u012f \u012ftais\u0105, informacijos apie tinkam\u0105 \u0161alinimo metod\u0105 teiraukit\u0117s vietiniuose vald\u017eios skyriuose arba pardav\u0117jo, i\u0161 kurio \u012fsigijote prek\u0119. \u0160is prietaisas atitinka ES taisykles ir reglamentus d\u0117l elektromagnetinio suderinamumo ir saugos nuo elektros. Mes pasiliekame teis\u0119 ne\u012fsp\u0117j\u0119 keisti tekst\u0105, dizain\u0105 ir techninius duomenis.<\/p>\n\t\t\t\t\t\t\t\t<\/div>\n\t\t\t\t<\/div>\n\t\t\t\t\t<\/div>\n\t\t<\/div>\n\t\t\t\t\t<\/div>\n\t\t<\/section>\n\t\t\t\t<\/div>\n\t\t","protected":false},"excerpt":{"rendered":"<p>Garantijos s\u0105lygos GARANTIJOS S\u0104LYGOS Kiekvienam gaminiui nuo tos dienos, kai j\u012f \u012fsigyja galutinis naudotojas, taikoma 24 m\u0117nesi\u0173 garantija. Garantija ribojama toliau nurodytomis s\u0105lygomis. Garantija galioja tik prek\u0117ms, kurios \u012fprastai naudojamos buityje. Pra\u0161ym\u0105 d\u0117l taisymo galima pateikti prekybos atstovo parduotuv\u0117je, i\u0161 kurios gaminys pirktas, arba toliau nurodytose \u012fgaliotose remonto \u012fmon\u0117se. Atsiradus gedimui galutinis naudotojas pra\u0161ym\u0105 turi [&hellip;]<\/p>\n","protected":false},"author":8,"featured_media":0,"parent":0,"menu_order":0,"comment_status":"closed","ping_status":"closed","template":"","meta":{"_acf_changed":false,"_monsterinsights_skip_tracking":false,"_monsterinsights_sitenote_active":false,"_monsterinsights_sitenote_note":"","_monsterinsights_sitenote_category":0,"footnotes":""},"class_list":["post-240464","page","type-page","status-publish","hentry"],"acf":[],"_links":{"self":[{"href":"https:\/\/ecg-electro.eu\/lt\/wp-json\/wp\/v2\/pages\/240464","targetHints":{"allow":["GET"]}}],"collection":[{"href":"https:\/\/ecg-electro.eu\/lt\/wp-json\/wp\/v2\/pages"}],"about":[{"href":"https:\/\/ecg-electro.eu\/lt\/wp-json\/wp\/v2\/types\/page"}],"author":[{"embeddable":true,"href":"https:\/\/ecg-electro.eu\/lt\/wp-json\/wp\/v2\/users\/8"}],"replies":[{"embeddable":true,"href":"https:\/\/ecg-electro.eu\/lt\/wp-json\/wp\/v2\/comments?post=240464"}],"version-history":[{"count":3,"href":"https:\/\/ecg-electro.eu\/lt\/wp-json\/wp\/v2\/pages\/240464\/revisions"}],"predecessor-version":[{"id":2027753,"href":"https:\/\/ecg-electro.eu\/lt\/wp-json\/wp\/v2\/pages\/240464\/revisions\/2027753"}],"wp:attachment":[{"href":"https:\/\/ecg-electro.eu\/lt\/wp-json\/wp\/v2\/media?parent=240464"}],"curies":[{"name":"wp","href":"https:\/\/api.w.org\/{rel}","templated":true}]}}