{"id":3737537,"date":"2026-01-15T15:14:01","date_gmt":"2026-01-15T14:39:27","guid":{"rendered":"https:\/\/ecg-electro.eu\/?post_type=product&#038;p=3737537"},"modified":"2026-04-07T17:40:21","modified_gmt":"2026-04-07T15:40:21","slug":"ecg-efp-12930-we","status":"publish","type":"product","link":"https:\/\/ecg-electro.eu\/hu\/ecg-efp-12930-we\/","title":{"rendered":"ECG EFP 12930 WE"},"content":{"rendered":"<p>Ez a l\u00e1d\u00e1s fagyaszt\u00f3 t\u00f6bb hasznos r\u00e9szlet\u00e9vel is elnyeri a tetsz\u00e9s\u00e9t, amelyek megk\u00f6nny\u00edtik a haszn\u00e1lat\u00e1t. \u00c9rdemes megeml\u00edteni a <strong>riaszt\u00f3<\/strong> <strong>jelz\u0151l\u00e1mp\u00e1j\u00e1t<\/strong>, amely sz\u00fcks\u00e9g eset\u00e9n figyelmeztet a k\u00e9sz\u00fcl\u00e9k belsej\u00e9ben l\u00e9v\u0151 t\u00fal magas h\u0151m\u00e9rs\u00e9kletre. A k\u00f6nny\u0171 kezel\u00e9st egy modern elektronikus panel biztos\u00edt <strong>\u00e1ttekinthet\u0151<\/strong> <strong>kijelz\u0151vel<\/strong> \u00e9s <strong>egyszer\u0171 gombokkal<\/strong>. A fagyaszt\u00f3 nem k\u00edv\u00e1nt haszn\u00e1lat\u00e1t (p\u00e9ld\u00e1ul k\u00edv\u00e1ncsi gyermekek \u00e1ltal) egy praktikus <strong>gombz\u00e1r<\/strong> akad\u00e1lyozza meg.<\/p>\n<p>A fagyaszt\u00f3 teljes m\u00e9retei: <strong>84,4 \u00d7 106,5 \u00d7 59,2 cm<\/strong>.<\/p>\n","protected":false},"excerpt":{"rendered":"<p>Ez a l\u00e1d\u00e1s fagyaszt\u00f3 t\u00f6bb hasznos r\u00e9szlet\u00e9vel is elnyeri a tetsz\u00e9s\u00e9t, amelyek megk\u00f6nny\u00edtik a haszn\u00e1lat\u00e1t. \u00c9rdemes megeml\u00edteni a riaszt\u00f3 jelz\u0151l\u00e1mp\u00e1j\u00e1t, amely sz\u00fcks\u00e9g eset\u00e9n figyelmeztet a k\u00e9sz\u00fcl\u00e9k belsej\u00e9ben l\u00e9v\u0151 t\u00fal magas h\u0151m\u00e9rs\u00e9kletre. A k\u00f6nny\u0171 kezel\u00e9st egy modern elektronikus panel biztos\u00edt \u00e1ttekinthet\u0151 kijelz\u0151vel \u00e9s egyszer\u0171 gombokkal. A fagyaszt\u00f3 nem k\u00edv\u00e1nt haszn\u00e1lat\u00e1t (p\u00e9ld\u00e1ul k\u00edv\u00e1ncsi gyermekek \u00e1ltal) egy praktikus [&hellip;]<\/p>\n","protected":false},"featured_media":3737548,"template":"","meta":{"_acf_changed":false,"_monsterinsights_skip_tracking":false,"_monsterinsights_sitenote_active":false,"_monsterinsights_sitenote_note":"","_monsterinsights_sitenote_category":0},"product_cat":[45374],"product_tag":[],"class_list":{"0":"post-3737537","1":"product","2":"type-product","3":"status-publish","4":"has-post-thumbnail","6":"product_cat-fagyasztoszekreny-fagyasztolada-haztartasi-nagygepek","8":"first","9":"instock","10":"product-type-simple"},"acf":[],"_links":{"self":[{"href":"https:\/\/ecg-electro.eu\/hu\/wp-json\/wp\/v2\/product\/3737537","targetHints":{"allow":["GET"]}}],"collection":[{"href":"https:\/\/ecg-electro.eu\/hu\/wp-json\/wp\/v2\/product"}],"about":[{"href":"https:\/\/ecg-electro.eu\/hu\/wp-json\/wp\/v2\/types\/product"}],"wp:featuredmedia":[{"embeddable":true,"href":"https:\/\/ecg-electro.eu\/hu\/wp-json\/wp\/v2\/media\/3737548"}],"wp:attachment":[{"href":"https:\/\/ecg-electro.eu\/hu\/wp-json\/wp\/v2\/media?parent=3737537"}],"wp:term":[{"taxonomy":"product_cat","embeddable":true,"href":"https:\/\/ecg-electro.eu\/hu\/wp-json\/wp\/v2\/product_cat?post=3737537"},{"taxonomy":"product_tag","embeddable":true,"href":"https:\/\/ecg-electro.eu\/hu\/wp-json\/wp\/v2\/product_tag?post=3737537"}],"curies":[{"name":"wp","href":"https:\/\/api.w.org\/{rel}","templated":true}]}}