{"id":241019,"date":"2021-03-06T16:22:16","date_gmt":"2021-03-06T16:22:16","guid":{"rendered":"https:\/\/ecg-electro.eu\/adatvedelmi-beallitasok\/"},"modified":"2021-06-24T08:55:18","modified_gmt":"2021-06-24T08:55:18","slug":"adatvedelmi-beallitasok","status":"publish","type":"page","link":"https:\/\/ecg-electro.eu\/hu\/adatvedelmi-beallitasok\/","title":{"rendered":"Adatv\u00e9delmi be\u00e1ll\u00edt\u00e1sok"},"content":{"rendered":"<p>[wordpress_gdpr_privacy_settings]<\/p>\n","protected":false},"excerpt":{"rendered":"<p>[wordpress_gdpr_privacy_settings]<\/p>\n","protected":false},"author":0,"featured_media":0,"parent":0,"menu_order":0,"comment_status":"closed","ping_status":"closed","template":"","meta":{"_acf_changed":false,"_monsterinsights_skip_tracking":false,"_monsterinsights_sitenote_active":false,"_monsterinsights_sitenote_note":"","_monsterinsights_sitenote_category":0,"footnotes":""},"class_list":["post-241019","page","type-page","status-publish","hentry"],"acf":[],"_links":{"self":[{"href":"https:\/\/ecg-electro.eu\/hu\/wp-json\/wp\/v2\/pages\/241019","targetHints":{"allow":["GET"]}}],"collection":[{"href":"https:\/\/ecg-electro.eu\/hu\/wp-json\/wp\/v2\/pages"}],"about":[{"href":"https:\/\/ecg-electro.eu\/hu\/wp-json\/wp\/v2\/types\/page"}],"replies":[{"embeddable":true,"href":"https:\/\/ecg-electro.eu\/hu\/wp-json\/wp\/v2\/comments?post=241019"}],"version-history":[{"count":1,"href":"https:\/\/ecg-electro.eu\/hu\/wp-json\/wp\/v2\/pages\/241019\/revisions"}],"predecessor-version":[{"id":2027656,"href":"https:\/\/ecg-electro.eu\/hu\/wp-json\/wp\/v2\/pages\/241019\/revisions\/2027656"}],"wp:attachment":[{"href":"https:\/\/ecg-electro.eu\/hu\/wp-json\/wp\/v2\/media?parent=241019"}],"curies":[{"name":"wp","href":"https:\/\/api.w.org\/{rel}","templated":true}]}}