{"id":223191,"date":"2021-03-06T16:12:55","date_gmt":"2021-03-06T16:12:55","guid":{"rendered":"https:\/\/ecg-electro.eu\/adatvedelmi-nyilatkozat\/"},"modified":"2021-06-24T08:55:35","modified_gmt":"2021-06-24T08:55:35","slug":"adatvedelmi-nyilatkozat","status":"publish","type":"page","link":"https:\/\/ecg-electro.eu\/hu\/adatvedelmi-nyilatkozat\/","title":{"rendered":"Adatv\u00e9delmi nyilatkozat"},"content":{"rendered":"\t\t<div data-elementor-type=\"wp-page\" data-elementor-id=\"223191\" class=\"elementor elementor-223191 elementor-216245\" data-elementor-post-type=\"page\">\n\t\t\t\t\t\t<section data-dce-background-color=\"#F6F6F6\" class=\"elementor-section elementor-top-section elementor-element elementor-element-b35d9c2 elementor-section-boxed elementor-section-height-default elementor-section-height-default\" data-id=\"b35d9c2\" data-element_type=\"section\" data-e-type=\"section\" data-settings=\"{&quot;background_background&quot;:&quot;classic&quot;}\">\n\t\t\t\t\t\t<div class=\"elementor-container elementor-column-gap-default\">\n\t\t\t\t\t<div class=\"elementor-column elementor-col-100 elementor-top-column elementor-element elementor-element-9230513\" data-id=\"9230513\" data-element_type=\"column\" data-e-type=\"column\">\n\t\t\t<div class=\"elementor-widget-wrap elementor-element-populated\">\n\t\t\t\t\t\t<div class=\"elementor-element elementor-element-31c47f4 elementor-widget elementor-widget-image\" data-id=\"31c47f4\" data-element_type=\"widget\" data-e-type=\"widget\" data-widget_type=\"image.default\">\n\t\t\t\t<div class=\"elementor-widget-container\">\n\t\t\t\t\t\t\t\t\t\t\t\t\t\t\t<img decoding=\"async\" src=\"https:\/\/ecg-electro.eu\/wp-content\/uploads\/2021\/04\/ecg_terms_conditions.jpg\" title=\"\" alt=\"\" loading=\"lazy\" \/>\t\t\t\t\t\t\t\t\t\t\t\t\t\t\t<\/div>\n\t\t\t\t<\/div>\n\t\t\t\t\t<\/div>\n\t\t<\/div>\n\t\t\t\t\t<\/div>\n\t\t<\/section>\n\t\t\t\t<section class=\"elementor-section elementor-top-section elementor-element elementor-element-aee027f elementor-section-boxed elementor-section-height-default elementor-section-height-default\" data-id=\"aee027f\" data-element_type=\"section\" data-e-type=\"section\">\n\t\t\t\t\t\t<div class=\"elementor-container elementor-column-gap-default\">\n\t\t\t\t\t<div class=\"elementor-column elementor-col-100 elementor-top-column elementor-element elementor-element-ba85075\" data-id=\"ba85075\" data-element_type=\"column\" data-e-type=\"column\">\n\t\t\t<div class=\"elementor-widget-wrap elementor-element-populated\">\n\t\t\t\t\t\t<div data-dce-title-color=\"#272727\" class=\"elementor-element elementor-element-94b5ab0 elementor-widget elementor-widget-heading\" data-id=\"94b5ab0\" data-element_type=\"widget\" data-e-type=\"widget\" data-widget_type=\"heading.default\">\n\t\t\t\t<div class=\"elementor-widget-container\">\n\t\t\t\t\t<h2 class=\"elementor-heading-title elementor-size-default\">Adatv\u00e9delmi nyilatkozat<\/h2>\t\t\t\t<\/div>\n\t\t\t\t<\/div>\n\t\t\t\t\t<\/div>\n\t\t<\/div>\n\t\t\t\t\t<\/div>\n\t\t<\/section>\n\t\t\t\t<section class=\"elementor-section elementor-top-section elementor-element elementor-element-4dafeb9 elementor-section-height-min-height elementor-section-items-top elementor-section-boxed elementor-section-height-default\" data-id=\"4dafeb9\" data-element_type=\"section\" data-e-type=\"section\">\n\t\t\t\t\t\t<div class=\"elementor-container elementor-column-gap-default\">\n\t\t\t\t\t<div class=\"elementor-column elementor-col-50 elementor-top-column elementor-element elementor-element-3f84846\" data-id=\"3f84846\" data-element_type=\"column\" data-e-type=\"column\">\n\t\t\t<div class=\"elementor-widget-wrap elementor-element-populated\">\n\t\t\t\t\t\t<div class=\"elementor-element elementor-element-a1b97da elementor-widget elementor-widget-heading\" data-id=\"a1b97da\" data-element_type=\"widget\" data-e-type=\"widget\" data-widget_type=\"heading.default\">\n\t\t\t\t<div class=\"elementor-widget-container\">\n\t\t\t\t\t<h2 class=\"elementor-heading-title elementor-size-default\">ADATV\u00c9DELMI NYILATKOZAT<\/h2>\t\t\t\t<\/div>\n\t\t\t\t<\/div>\n\t\t\t\t\t<\/div>\n\t\t<\/div>\n\t\t\t\t<div class=\"elementor-column elementor-col-50 elementor-top-column elementor-element elementor-element-d8270c8\" data-id=\"d8270c8\" data-element_type=\"column\" data-e-type=\"column\">\n\t\t\t<div class=\"elementor-widget-wrap elementor-element-populated\">\n\t\t\t\t\t\t<div class=\"elementor-element elementor-element-82aac9f elementor-widget elementor-widget-text-editor\" data-id=\"82aac9f\" data-element_type=\"widget\" data-e-type=\"widget\" data-widget_type=\"text-editor.default\">\n\t\t\t\t<div class=\"elementor-widget-container\">\n\t\t\t\t\t\t\t\t\t<p>A K+B Progres, a.s. a <a href=\"https:\/\/ecg-electro.eu\/\">ecg-electro.eu<\/a> webhely szolg\u00e1ltat\u00e1sai k\u00f6z\u00f6tt b\u00f6ng\u00e9sz\u0151 \u00e9s\/vagy azokat ig\u00e9nybe vev\u0151 felhaszn\u00e1l\u00f3k szem\u00e9lyes adatainak gy\u0171jt\u00e9se \u00e9s feldolgoz\u00e1sa tekintet\u00e9ben a lehet\u0151 legnagyobb m\u00e9rt\u00e9k\u0171 \u00e1tl\u00e1that\u00f3s\u00e1gra t\u00f6rekszik.<br \/>\nAz al\u00e1bbiakban ismertetett Adatv\u00e9delmi szab\u00e1lyzat (\u201eSzab\u00e1lyzat\u201d) a jelen webhellyel \u00f6sszef\u00fcgg\u00e9sben gy\u0171jt\u00f6tt szem\u00e9lyes adatok felhaszn\u00e1l\u00e1s\u00e1t, az adatok harmadik felek r\u00e9sz\u00e9re t\u00f6rt\u00e9n\u0151, K+B Progres \u00e1ltali esetleges \u00e1tad\u00e1s\u00e1t, az adatok biztons\u00e1gos \u00e9s bizalmas jelleg\u0171 kezel\u00e9se \u00e9rdek\u00e9ben foganatos\u00edtott int\u00e9zked\u00e9seket, valamint a szem\u00e9lyes adatok gy\u0171jt\u00e9s\u00e9vel \u00e9s felhaszn\u00e1l\u00e1s\u00e1val kapcsolatos felhaszn\u00e1l\u00f3i jogosults\u00e1gokat r\u00e9szletezi.<\/p>\n\t\t\t\t\t\t\t\t<\/div>\n\t\t\t\t<\/div>\n\t\t\t\t\t<\/div>\n\t\t<\/div>\n\t\t\t\t\t<\/div>\n\t\t<\/section>\n\t\t\t\t<section class=\"elementor-section elementor-top-section elementor-element elementor-element-afe00c7 elementor-section-height-min-height elementor-section-items-top elementor-section-boxed elementor-section-height-default\" data-id=\"afe00c7\" data-element_type=\"section\" data-e-type=\"section\">\n\t\t\t\t\t\t<div class=\"elementor-container elementor-column-gap-default\">\n\t\t\t\t\t<div class=\"elementor-column elementor-col-50 elementor-top-column elementor-element elementor-element-a14db8a\" data-id=\"a14db8a\" data-element_type=\"column\" data-e-type=\"column\">\n\t\t\t<div class=\"elementor-widget-wrap elementor-element-populated\">\n\t\t\t\t\t\t<div class=\"elementor-element elementor-element-3943ec6 elementor-widget elementor-widget-heading\" data-id=\"3943ec6\" data-element_type=\"widget\" data-e-type=\"widget\" data-widget_type=\"heading.default\">\n\t\t\t\t<div class=\"elementor-widget-container\">\n\t\t\t\t\t<h2 class=\"elementor-heading-title elementor-size-default\">MIK AZOK A COOKIE-K?<\/h2>\t\t\t\t<\/div>\n\t\t\t\t<\/div>\n\t\t\t\t\t<\/div>\n\t\t<\/div>\n\t\t\t\t<div class=\"elementor-column elementor-col-50 elementor-top-column elementor-element elementor-element-0f036f2\" data-id=\"0f036f2\" data-element_type=\"column\" data-e-type=\"column\">\n\t\t\t<div class=\"elementor-widget-wrap elementor-element-populated\">\n\t\t\t\t\t\t<div class=\"elementor-element elementor-element-a928c53 elementor-widget elementor-widget-text-editor\" data-id=\"a928c53\" data-element_type=\"widget\" data-e-type=\"widget\" data-widget_type=\"text-editor.default\">\n\t\t\t\t<div class=\"elementor-widget-container\">\n\t\t\t\t\t\t\t\t\t<p>A ecg-electro.eu webhely cookie-kat haszn\u00e1l. A cookie-k a felhaszn\u00e1l\u00f3k sz\u00e1m\u00edt\u00f3g\u00e9pein t\u00e1rolt olyan, kism\u00e9ret\u0171 f\u00e1jlok, melyek a webhelyen bel\u00fcli navig\u00e1ci\u00f3 el\u0151seg\u00edt\u00e9s\u00e9re, valamint a szolg\u00e1ltat\u00e1sok szem\u00e9lyre szab\u00e1s\u00e1ra szolg\u00e1lnak.<br \/>\nA K+B Progres valamennyi felhaszn\u00e1l\u00f3ja figyelm\u00e9t felh\u00edvja arra, hogy a b\u00f6ng\u00e9sz\u0151 be\u00e1ll\u00edt\u00e1sainak m\u00f3dos\u00edt\u00e1s\u00e1val megakad\u00e1lyozhatj\u00e1k a cookie-k t\u00e1rol\u00e1s\u00e1t. A webhely \u00e1ltal ny\u00fajtott funkci\u00f3k teljes k\u00f6r\u0171 el\u00e9r\u00e9se azonban csak a cookie-k elfogad\u00e1sa eset\u00e9n lehets\u00e9ges.<\/p>\n\t\t\t\t\t\t\t\t<\/div>\n\t\t\t\t<\/div>\n\t\t\t\t\t<\/div>\n\t\t<\/div>\n\t\t\t\t\t<\/div>\n\t\t<\/section>\n\t\t\t\t<section class=\"elementor-section elementor-top-section elementor-element elementor-element-aefa1b7 elementor-section-height-min-height elementor-section-items-top elementor-section-boxed elementor-section-height-default\" data-id=\"aefa1b7\" data-element_type=\"section\" data-e-type=\"section\">\n\t\t\t\t\t\t<div class=\"elementor-container elementor-column-gap-default\">\n\t\t\t\t\t<div class=\"elementor-column elementor-col-50 elementor-top-column elementor-element elementor-element-d521691\" data-id=\"d521691\" data-element_type=\"column\" data-e-type=\"column\">\n\t\t\t<div class=\"elementor-widget-wrap elementor-element-populated\">\n\t\t\t\t\t\t<div class=\"elementor-element elementor-element-bd77278 elementor-widget elementor-widget-heading\" data-id=\"bd77278\" data-element_type=\"widget\" data-e-type=\"widget\" data-widget_type=\"heading.default\">\n\t\t\t\t<div class=\"elementor-widget-container\">\n\t\t\t\t\t<h2 class=\"elementor-heading-title elementor-size-default\">HOGYAN T\u00d6RT\u00c9NIK A COOKIE-K HASZN\u00c1LATA?<\/h2>\t\t\t\t<\/div>\n\t\t\t\t<\/div>\n\t\t\t\t\t<\/div>\n\t\t<\/div>\n\t\t\t\t<div class=\"elementor-column elementor-col-50 elementor-top-column elementor-element elementor-element-c8eb094\" data-id=\"c8eb094\" data-element_type=\"column\" data-e-type=\"column\">\n\t\t\t<div class=\"elementor-widget-wrap elementor-element-populated\">\n\t\t\t\t\t\t<div class=\"elementor-element elementor-element-08d222f elementor-widget elementor-widget-text-editor\" data-id=\"08d222f\" data-element_type=\"widget\" data-e-type=\"widget\" data-widget_type=\"text-editor.default\">\n\t\t\t\t<div class=\"elementor-widget-container\">\n\t\t\t\t\t\t\t\t\t<p>A cookie-k haszn\u00e1lata a webhelyen kereszt\u00fcl ny\u00fajtott inform\u00e1ci\u00f3k \u00e9s szolg\u00e1ltat\u00e1sok jav\u00edt\u00e1s\u00e1ra, valamint a webhelyen bel\u00fcli navig\u00e1ci\u00f3 el\u0151seg\u00edt\u00e9s\u00e9re szolg\u00e1l. A cookie-k t\u00f6bbek k\u00f6z\u00f6tt lehet\u0151v\u00e9 teszik sz\u00e1munkra, hogy felismerj\u00fck \u00d6nt webhely\u00fcnk \u00fajb\u00f3li felkeres\u00e9sekor, a haszn\u00e1latuknak k\u00f6sz\u00f6nhet\u0151en hat\u00e9konyabban kezelhetj\u00fck bev\u00e1s\u00e1rl\u00f3kosar\u00e1t b\u00f6ng\u00e9sz\u00e9se k\u00f6zben, felhaszn\u00e1l\u00f3 fi\u00f3k el\u0151zetes l\u00e9trehoz\u00e1sa eset\u00e9n pedig nem sz\u00fcks\u00e9ges minden egyes alkalommal bejelentkeznie.<br \/>\nWebhely\u00fcnk a Google Inc. (\u201eGoogle\u201d) Google Analytics elnevez\u00e9s\u0171 webanalitikai szolg\u00e1ltat\u00e1s\u00e1t haszn\u00e1lja. A Google Analytics a webhellyel kapcsolatos felhaszn\u00e1l\u00f3i szok\u00e1sait a sz\u00e1m\u00edt\u00f3g\u00e9p\u00e9n t\u00e1rolt cookie-k seg\u00edts\u00e9g\u00e9vel elemzi ki. Az eml\u00edtett cookie-k (valamint az \u00d6n IP-c\u00edme) \u00e1ltal l\u00e9trehozott, webhely-haszn\u00e1lattal \u00f6sszef\u00fcgg\u0151 inform\u00e1ci\u00f3k t\u00e1rol\u00e1s c\u00e9lj\u00e1b\u00f3l a Google egyes\u00fclt \u00e1llamokbeli kiszolg\u00e1l\u00f3j\u00e1ra tov\u00e1bb\u00edt\u00f3dnak.<br \/>\nA Google ezeket az inform\u00e1ci\u00f3kat haszn\u00e1lja fel ahhoz, hogy jelent\u00e9seket \u00e1ll\u00edtson \u00f6ssze a webhellyel kapcsolatos felhaszn\u00e1l\u00f3i szok\u00e1sokr\u00f3l a webhely tulajdonosai sz\u00e1m\u00e1ra, illetve, hogy \u00fajabb szolg\u00e1ltat\u00e1sok v\u00e1ljanak el\u00e9rhet\u0151v\u00e9 a webhelyen kereszt\u00fcl. A Google harmadik felek sz\u00e1m\u00e1ra is el\u00e9rhet\u0151v\u00e9 teszi ezeket az inform\u00e1ci\u00f3kat, ha azt jogszab\u00e1ly \u00edrja el\u0151, vagy ha a Google adatfeldolgoz\u00e1s c\u00e9lj\u00e1b\u00f3l szerz\u0151d\u00e9st k\u00f6t\u00f6tt az eml\u00edtett felekkel. A Google az \u00d6n IP-c\u00edm\u00e9t a Google Inc. \u00e1ltal kezelt semmilyen egy\u00e9b adattal nem kapcsolja \u00f6ssze. B\u00f6ng\u00e9sz\u0151je megfelel\u0151 be\u00e1ll\u00edt\u00e1saival megakad\u00e1lyozhatja az eml\u00edtett cookie-k telep\u00edt\u00e9s\u00e9t. Felh\u00edvjuk azonban a figyelm\u00e9t, hogy az ut\u00f3bbi esetben a webhely bizonyos funkci\u00f3inak el\u00e9r\u00e9se nem lehets\u00e9ges. A webhely haszn\u00e1lat\u00e1val \u00d6n kifejezetten hozz\u00e1j\u00e1rul az \u00f6sszegy\u0171jt\u00f6tt adatok fent ismertetett c\u00e9lokb\u00f3l t\u00f6rt\u00e9n\u0151, Google \u00e1ltali feldolgoz\u00e1s\u00e1hoz.<br \/>\nEzenk\u00edv\u00fcl olyan v\u00e1llalatokkal is egy\u00fcttm\u0171k\u00f6d\u00fcnk, amelyek nyomk\u00f6vet\u00e9si technol\u00f3gi\u00e1kat (tracking) haszn\u00e1lnak annak \u00e9rdek\u00e9ben, hogy hirdet\u00e9seket tegyenek k\u00f6zz\u00e9 a nev\u00fcnkben az interneten. E v\u00e1llalatok szem\u00e9lyazonos\u00edt\u00e1sra nem alkalmas adatokat gy\u0171jthetnek a webhely\u00fcnkre l\u00e1togat\u00f3kr\u00f3l, valamint a k\u00f6zlem\u00e9nyeink, \u00edgy p\u00e9ld\u00e1ul a hirdet\u00e9seink megtekint\u00e9seir\u0151l.<\/p>\n\t\t\t\t\t\t\t\t<\/div>\n\t\t\t\t<\/div>\n\t\t\t\t\t<\/div>\n\t\t<\/div>\n\t\t\t\t\t<\/div>\n\t\t<\/section>\n\t\t\t\t<section class=\"elementor-section elementor-top-section elementor-element elementor-element-3987805 elementor-section-height-min-height elementor-section-items-top elementor-section-boxed elementor-section-height-default\" data-id=\"3987805\" data-element_type=\"section\" data-e-type=\"section\">\n\t\t\t\t\t\t<div class=\"elementor-container elementor-column-gap-default\">\n\t\t\t\t\t<div class=\"elementor-column elementor-col-50 elementor-top-column elementor-element elementor-element-aad1358\" data-id=\"aad1358\" data-element_type=\"column\" data-e-type=\"column\">\n\t\t\t<div class=\"elementor-widget-wrap elementor-element-populated\">\n\t\t\t\t\t\t<div class=\"elementor-element elementor-element-fd2f80d elementor-widget elementor-widget-heading\" data-id=\"fd2f80d\" data-element_type=\"widget\" data-e-type=\"widget\" data-widget_type=\"heading.default\">\n\t\t\t\t<div class=\"elementor-widget-container\">\n\t\t\t\t\t<h2 class=\"elementor-heading-title elementor-size-default\">HOGYAN \u00c1LL\u00cdTHATOM BE A SZ\u00c1M\u00cdT\u00d3G\u00c9PEMET, HOGY \u00c9RTES\u00dcLJEK A COOKIE-K HASZN\u00c1LAT\u00c1R\u00d3L, ILLETVE, HOGY LETILTHASSAM AZOKAT?<\/h2>\t\t\t\t<\/div>\n\t\t\t\t<\/div>\n\t\t\t\t\t<\/div>\n\t\t<\/div>\n\t\t\t\t<div class=\"elementor-column elementor-col-50 elementor-top-column elementor-element elementor-element-b9a8dfd\" data-id=\"b9a8dfd\" data-element_type=\"column\" data-e-type=\"column\">\n\t\t\t<div class=\"elementor-widget-wrap elementor-element-populated\">\n\t\t\t\t\t\t<div class=\"elementor-element elementor-element-5c13003 elementor-widget elementor-widget-text-editor\" data-id=\"5c13003\" data-element_type=\"widget\" data-e-type=\"widget\" data-widget_type=\"text-editor.default\">\n\t\t\t\t<div class=\"elementor-widget-container\">\n\t\t\t\t\t\t\t\t\t<p>Be\u00e1ll\u00edthatja a sz\u00e1m\u00edt\u00f3g\u00e9p\u00e9t, hogy az minden egyes cookie elk\u00fcld\u00e9s\u00e9r\u0151l figyelmeztesse \u00d6nt, illetve letilthatja az \u00f6sszes cookie-t. Az ehhez sz\u00fcks\u00e9ges m\u0171veleteket a b\u00f6ng\u00e9sz\u0151 be\u00e1ll\u00edt\u00e1sai k\u00f6z\u00f6tt v\u00e9gezheti el. Mivel a k\u00fcl\u00f6nb\u00f6z\u0151 b\u00f6ng\u00e9sz\u0151k n\u00e9mileg elt\u00e9rnek egym\u00e1st\u00f3l, a k\u00edv\u00e1nt cookie-be\u00e1ll\u00edt\u00e1sok elv\u00e9gz\u00e9s\u00e9hez tekintse meg az adott b\u00f6ng\u00e9sz\u0151 S\u00fag\u00f3 men\u00fcj\u00e9t. A cookie-k letilt\u00e1sakor sz\u00e1mos, a webhely haszn\u00e1lat\u00e1nak el\u0151seg\u00edt\u00e9s\u00e9re szolg\u00e1l\u00f3 funkci\u00f3 el\u00e9rhetetlenn\u00e9 v\u00e1lik, bizonyos szolg\u00e1ltat\u00e1saink pedig nem fognak megfelel\u0151en m\u0171k\u00f6dni.<\/p>\n\t\t\t\t\t\t\t\t<\/div>\n\t\t\t\t<\/div>\n\t\t\t\t\t<\/div>\n\t\t<\/div>\n\t\t\t\t\t<\/div>\n\t\t<\/section>\n\t\t\t\t<section class=\"elementor-section elementor-top-section elementor-element elementor-element-415fc36 elementor-section-height-min-height elementor-section-items-top elementor-section-boxed elementor-section-height-default\" data-id=\"415fc36\" data-element_type=\"section\" data-e-type=\"section\">\n\t\t\t\t\t\t<div class=\"elementor-container elementor-column-gap-default\">\n\t\t\t\t\t<div class=\"elementor-column elementor-col-50 elementor-top-column elementor-element elementor-element-75aa63c\" data-id=\"75aa63c\" data-element_type=\"column\" data-e-type=\"column\">\n\t\t\t<div class=\"elementor-widget-wrap elementor-element-populated\">\n\t\t\t\t\t\t<div class=\"elementor-element elementor-element-38d0e81 elementor-widget elementor-widget-heading\" data-id=\"38d0e81\" data-element_type=\"widget\" data-e-type=\"widget\" data-widget_type=\"heading.default\">\n\t\t\t\t<div class=\"elementor-widget-container\">\n\t\t\t\t\t<h2 class=\"elementor-heading-title elementor-size-default\">HARMADIK FELEK \u00c1LTAL \u00dcZEMELTETETT WEBHELYEK<\/h2>\t\t\t\t<\/div>\n\t\t\t\t<\/div>\n\t\t\t\t\t<\/div>\n\t\t<\/div>\n\t\t\t\t<div class=\"elementor-column elementor-col-50 elementor-top-column elementor-element elementor-element-f565eb7\" data-id=\"f565eb7\" data-element_type=\"column\" data-e-type=\"column\">\n\t\t\t<div class=\"elementor-widget-wrap elementor-element-populated\">\n\t\t\t\t\t\t<div class=\"elementor-element elementor-element-2a2cafc elementor-widget elementor-widget-text-editor\" data-id=\"2a2cafc\" data-element_type=\"widget\" data-e-type=\"widget\" data-widget_type=\"text-editor.default\">\n\t\t\t\t<div class=\"elementor-widget-container\">\n\t\t\t\t\t\t\t\t\t<p>Webhely\u00fcnk harmadik felek \u00e1ltal \u00fczemeltetett webhelyekre mutat\u00f3 hivatkoz\u00e1sokat tartalmazhat. Az ilyen webhelyek nem tartoznak a jelen Szab\u00e1lyzat hat\u00e1lya al\u00e1, az \u00e1ltaluk alkalmazott adatgy\u0171jt\u00e9si \u00e9s adatkezel\u00e9si gyakorlatok pedig elt\u00e9rhetnek a mieinkt\u0151l. Mivel az eml\u00edtett webhelyek mind a tulajdonjog, mind pedig az \u00fczemeltet\u00e9s tekintet\u00e9ben teljes m\u00e9rt\u00e9kben f\u00fcggetlenek a c\u00e9g\u00fcnkt\u0151l, semmilyen felel\u0151ss\u00e9get nem v\u00e1llalunk a szem\u00e9lyes adatok ilyen webhelyek \u00e1ltali felhaszn\u00e1l\u00e1s\u00e1\u00e9rt. Azt javasoljuk, hogy figyelmesen olvassa v\u00e9gig a harmadik felek \u00e1ltal \u00fczemeltetett webhelyek adatfeldolgoz\u00e1sra vonatkoz\u00f3 t\u00e1j\u00e9koztat\u00f3it.<\/p>\n\t\t\t\t\t\t\t\t<\/div>\n\t\t\t\t<\/div>\n\t\t\t\t\t<\/div>\n\t\t<\/div>\n\t\t\t\t\t<\/div>\n\t\t<\/section>\n\t\t\t\t<section class=\"elementor-section elementor-top-section elementor-element elementor-element-5bbe040 elementor-section-height-min-height elementor-section-items-top elementor-section-boxed elementor-section-height-default\" data-id=\"5bbe040\" data-element_type=\"section\" data-e-type=\"section\">\n\t\t\t\t\t\t<div class=\"elementor-container elementor-column-gap-default\">\n\t\t\t\t\t<div class=\"elementor-column elementor-col-50 elementor-top-column elementor-element elementor-element-589bc92\" data-id=\"589bc92\" data-element_type=\"column\" data-e-type=\"column\">\n\t\t\t<div class=\"elementor-widget-wrap elementor-element-populated\">\n\t\t\t\t\t\t<div class=\"elementor-element elementor-element-0b57a01 elementor-widget elementor-widget-heading\" data-id=\"0b57a01\" data-element_type=\"widget\" data-e-type=\"widget\" data-widget_type=\"heading.default\">\n\t\t\t\t<div class=\"elementor-widget-container\">\n\t\t\t\t\t<h2 class=\"elementor-heading-title elementor-size-default\">ADATV\u00c9DELMI SZAB\u00c1LYZATUNK M\u00d3DOS\u00cdT\u00c1SA<\/h2>\t\t\t\t<\/div>\n\t\t\t\t<\/div>\n\t\t\t\t\t<\/div>\n\t\t<\/div>\n\t\t\t\t<div class=\"elementor-column elementor-col-50 elementor-top-column elementor-element elementor-element-d9875d1\" data-id=\"d9875d1\" data-element_type=\"column\" data-e-type=\"column\">\n\t\t\t<div class=\"elementor-widget-wrap elementor-element-populated\">\n\t\t\t\t\t\t<div class=\"elementor-element elementor-element-de75581 elementor-widget elementor-widget-text-editor\" data-id=\"de75581\" data-element_type=\"widget\" data-e-type=\"widget\" data-widget_type=\"text-editor.default\">\n\t\t\t\t<div class=\"elementor-widget-container\">\n\t\t\t\t\t\t\t\t\t<p>Adatv\u00e9delmi szab\u00e1lyzatunk esetleges m\u00f3dos\u00edt\u00e1sakor az \u00faj Szab\u00e1lyzatot jelen webhelyen tessz\u00fck k\u00f6zz\u00e9. Javasoljuk, hogy rendszeresen tekintse meg Adatv\u00e9delmi szab\u00e1lyzatunkat, hogy nem m\u00f3dosult-e esetleg.<\/p>\n\t\t\t\t\t\t\t\t<\/div>\n\t\t\t\t<\/div>\n\t\t\t\t\t<\/div>\n\t\t<\/div>\n\t\t\t\t\t<\/div>\n\t\t<\/section>\n\t\t\t\t<section class=\"elementor-section elementor-top-section elementor-element elementor-element-3e8890f elementor-section-height-min-height elementor-section-items-top elementor-section-boxed elementor-section-height-default\" data-id=\"3e8890f\" data-element_type=\"section\" data-e-type=\"section\">\n\t\t\t\t\t\t<div class=\"elementor-container elementor-column-gap-default\">\n\t\t\t\t\t<div class=\"elementor-column elementor-col-50 elementor-top-column elementor-element elementor-element-88207b1\" data-id=\"88207b1\" data-element_type=\"column\" data-e-type=\"column\">\n\t\t\t<div class=\"elementor-widget-wrap elementor-element-populated\">\n\t\t\t\t\t\t<div class=\"elementor-element elementor-element-d0e9bac elementor-widget elementor-widget-heading\" data-id=\"d0e9bac\" data-element_type=\"widget\" data-e-type=\"widget\" data-widget_type=\"heading.default\">\n\t\t\t\t<div class=\"elementor-widget-container\">\n\t\t\t\t\t<h2 class=\"elementor-heading-title elementor-size-default\">HOZZ\u00c1F\u00c9R\u00c9SI, HELYESB\u00cdT\u00c9SI \u00c9S T\u00d6RL\u00c9SI JOGOSULTS\u00c1GOK, VALAMINT AZ ADATFELDOLGOZ\u00c1SSAL SZEMBENI TILTAKOZ\u00c1S JOGA<\/h2>\t\t\t\t<\/div>\n\t\t\t\t<\/div>\n\t\t\t\t\t<\/div>\n\t\t<\/div>\n\t\t\t\t<div class=\"elementor-column elementor-col-50 elementor-top-column elementor-element elementor-element-ba1373c\" data-id=\"ba1373c\" data-element_type=\"column\" data-e-type=\"column\">\n\t\t\t<div class=\"elementor-widget-wrap elementor-element-populated\">\n\t\t\t\t\t\t<div class=\"elementor-element elementor-element-2e38908 elementor-widget elementor-widget-text-editor\" data-id=\"2e38908\" data-element_type=\"widget\" data-e-type=\"widget\" data-widget_type=\"text-editor.default\">\n\t\t\t\t<div class=\"elementor-widget-container\">\n\t\t\t\t\t\t\t\t\t<p>A vonatkoz\u00f3 jogszab\u00e1lyokkal \u00f6sszhangban a webhely \u00e1ltal folytatott adatgy\u0171jt\u00e9ssel \u00e9s adatfeldolgoz\u00e1ssal \u00e9rintett b\u00e1rmely szem\u00e9ly hozz\u00e1f\u00e9rhet a r\u00e1 vonatkoz\u00f3 szem\u00e9lyes adatokhoz, valamint k\u00e9rheti azok helyesb\u00edt\u00e9s\u00e9t \u00e9s t\u00f6rl\u00e9s\u00e9t, tov\u00e1bb\u00e1 jogszer\u0171 indokok alapj\u00e1n megtilthatja azok feldolgoz\u00e1s\u00e1t. Az eml\u00edtett jogok \u00e9rv\u00e9nyes\u00edt\u00e9se \u00e9rdek\u00e9ben a k\u00f6vetkez\u0151 c\u00edmen veheti fel vel\u00fcnk a kapcsolatot: <span style=\"color: #800000;\"><a style=\"color: #800000;\" href=\"mailto:info@ecg-electro.eu\">info@ecg-electro.eu<\/a><\/span><\/p>\n\t\t\t\t\t\t\t\t<\/div>\n\t\t\t\t<\/div>\n\t\t\t\t\t<\/div>\n\t\t<\/div>\n\t\t\t\t\t<\/div>\n\t\t<\/section>\n\t\t\t\t<\/div>\n\t\t","protected":false},"excerpt":{"rendered":"<p>Adatv\u00e9delmi nyilatkozat ADATV\u00c9DELMI NYILATKOZAT A K+B Progres, a.s. a ecg-electro.eu webhely szolg\u00e1ltat\u00e1sai k\u00f6z\u00f6tt b\u00f6ng\u00e9sz\u0151 \u00e9s\/vagy azokat ig\u00e9nybe vev\u0151 felhaszn\u00e1l\u00f3k szem\u00e9lyes adatainak gy\u0171jt\u00e9se \u00e9s feldolgoz\u00e1sa tekintet\u00e9ben a lehet\u0151 legnagyobb m\u00e9rt\u00e9k\u0171 \u00e1tl\u00e1that\u00f3s\u00e1gra t\u00f6rekszik. Az al\u00e1bbiakban ismertetett Adatv\u00e9delmi szab\u00e1lyzat (\u201eSzab\u00e1lyzat\u201d) a jelen webhellyel \u00f6sszef\u00fcgg\u00e9sben gy\u0171jt\u00f6tt szem\u00e9lyes adatok felhaszn\u00e1l\u00e1s\u00e1t, az adatok harmadik felek r\u00e9sz\u00e9re t\u00f6rt\u00e9n\u0151, K+B Progres \u00e1ltali esetleges [&hellip;]<\/p>\n","protected":false},"author":1,"featured_media":0,"parent":0,"menu_order":0,"comment_status":"closed","ping_status":"closed","template":"elementor_header_footer","meta":{"_acf_changed":false,"_monsterinsights_skip_tracking":false,"_monsterinsights_sitenote_active":false,"_monsterinsights_sitenote_note":"","_monsterinsights_sitenote_category":0,"footnotes":""},"class_list":["post-223191","page","type-page","status-publish","hentry"],"acf":[],"_links":{"self":[{"href":"https:\/\/ecg-electro.eu\/hu\/wp-json\/wp\/v2\/pages\/223191","targetHints":{"allow":["GET"]}}],"collection":[{"href":"https:\/\/ecg-electro.eu\/hu\/wp-json\/wp\/v2\/pages"}],"about":[{"href":"https:\/\/ecg-electro.eu\/hu\/wp-json\/wp\/v2\/types\/page"}],"author":[{"embeddable":true,"href":"https:\/\/ecg-electro.eu\/hu\/wp-json\/wp\/v2\/users\/1"}],"replies":[{"embeddable":true,"href":"https:\/\/ecg-electro.eu\/hu\/wp-json\/wp\/v2\/comments?post=223191"}],"version-history":[{"count":3,"href":"https:\/\/ecg-electro.eu\/hu\/wp-json\/wp\/v2\/pages\/223191\/revisions"}],"predecessor-version":[{"id":2027675,"href":"https:\/\/ecg-electro.eu\/hu\/wp-json\/wp\/v2\/pages\/223191\/revisions\/2027675"}],"wp:attachment":[{"href":"https:\/\/ecg-electro.eu\/hu\/wp-json\/wp\/v2\/media?parent=223191"}],"curies":[{"name":"wp","href":"https:\/\/api.w.org\/{rel}","templated":true}]}}