{"id":223146,"date":"2021-03-06T16:12:54","date_gmt":"2021-03-06T16:12:54","guid":{"rendered":"https:\/\/ecg-electro.eu\/garancialis-feltetelek\/"},"modified":"2021-06-24T08:56:26","modified_gmt":"2021-06-24T08:56:26","slug":"garancialis-feltetelek","status":"publish","type":"page","link":"https:\/\/ecg-electro.eu\/hu\/garancialis-feltetelek\/","title":{"rendered":"Garanci\u00e1lis felt\u00e9telek"},"content":{"rendered":"\t\t<div data-elementor-type=\"wp-page\" data-elementor-id=\"223146\" class=\"elementor elementor-223146 elementor-216290\" data-elementor-post-type=\"page\">\n\t\t\t\t\t\t<section data-dce-background-color=\"#F6F6F6\" class=\"elementor-section elementor-top-section elementor-element elementor-element-d7fd64c elementor-section-boxed elementor-section-height-default elementor-section-height-default\" data-id=\"d7fd64c\" data-element_type=\"section\" data-e-type=\"section\" data-settings=\"{&quot;background_background&quot;:&quot;classic&quot;}\">\n\t\t\t\t\t\t<div class=\"elementor-container elementor-column-gap-default\">\n\t\t\t\t\t<div class=\"elementor-column elementor-col-100 elementor-top-column elementor-element elementor-element-204815f\" data-id=\"204815f\" data-element_type=\"column\" data-e-type=\"column\">\n\t\t\t<div class=\"elementor-widget-wrap elementor-element-populated\">\n\t\t\t\t\t\t<div class=\"elementor-element elementor-element-4afce37 elementor-widget elementor-widget-image\" data-id=\"4afce37\" data-element_type=\"widget\" data-e-type=\"widget\" data-widget_type=\"image.default\">\n\t\t\t\t<div class=\"elementor-widget-container\">\n\t\t\t\t\t\t\t\t\t\t\t\t\t\t\t<img decoding=\"async\" src=\"https:\/\/ecg-electro.eu\/wp-content\/uploads\/2021\/04\/ecg_terms_conditions.jpg\" title=\"\" alt=\"\" loading=\"lazy\" \/>\t\t\t\t\t\t\t\t\t\t\t\t\t\t\t<\/div>\n\t\t\t\t<\/div>\n\t\t\t\t\t<\/div>\n\t\t<\/div>\n\t\t\t\t\t<\/div>\n\t\t<\/section>\n\t\t\t\t<section class=\"elementor-section elementor-top-section elementor-element elementor-element-23d40a8 elementor-section-boxed elementor-section-height-default elementor-section-height-default\" data-id=\"23d40a8\" data-element_type=\"section\" data-e-type=\"section\">\n\t\t\t\t\t\t<div class=\"elementor-container elementor-column-gap-default\">\n\t\t\t\t\t<div class=\"elementor-column elementor-col-100 elementor-top-column elementor-element elementor-element-9f9c222\" data-id=\"9f9c222\" data-element_type=\"column\" data-e-type=\"column\">\n\t\t\t<div class=\"elementor-widget-wrap elementor-element-populated\">\n\t\t\t\t\t\t<div data-dce-title-color=\"#272727\" class=\"elementor-element elementor-element-8818706 elementor-widget elementor-widget-heading\" data-id=\"8818706\" data-element_type=\"widget\" data-e-type=\"widget\" data-widget_type=\"heading.default\">\n\t\t\t\t<div class=\"elementor-widget-container\">\n\t\t\t\t\t<h1 class=\"elementor-heading-title elementor-size-default\">Garanci\u00e1lis felt\u00e9telek<\/h1>\t\t\t\t<\/div>\n\t\t\t\t<\/div>\n\t\t\t\t\t<\/div>\n\t\t<\/div>\n\t\t\t\t\t<\/div>\n\t\t<\/section>\n\t\t\t\t<section class=\"elementor-section elementor-top-section elementor-element elementor-element-9bfa8c1 elementor-section-height-min-height elementor-section-items-top elementor-section-boxed elementor-section-height-default\" data-id=\"9bfa8c1\" data-element_type=\"section\" data-e-type=\"section\">\n\t\t\t\t\t\t<div class=\"elementor-container elementor-column-gap-default\">\n\t\t\t\t\t<div class=\"elementor-column elementor-col-50 elementor-top-column elementor-element elementor-element-fec28e6\" data-id=\"fec28e6\" data-element_type=\"column\" data-e-type=\"column\">\n\t\t\t<div class=\"elementor-widget-wrap elementor-element-populated\">\n\t\t\t\t\t\t<div class=\"elementor-element elementor-element-bf552bb elementor-widget elementor-widget-heading\" data-id=\"bf552bb\" data-element_type=\"widget\" data-e-type=\"widget\" data-widget_type=\"heading.default\">\n\t\t\t\t<div class=\"elementor-widget-container\">\n\t\t\t\t\t<h2 class=\"elementor-heading-title elementor-size-default\">GARANCI\u00c1LIS FELT\u00c9TELEK<\/h2>\t\t\t\t<\/div>\n\t\t\t\t<\/div>\n\t\t\t\t\t<\/div>\n\t\t<\/div>\n\t\t\t\t<div class=\"elementor-column elementor-col-50 elementor-top-column elementor-element elementor-element-7a4c3e7\" data-id=\"7a4c3e7\" data-element_type=\"column\" data-e-type=\"column\">\n\t\t\t<div class=\"elementor-widget-wrap elementor-element-populated\">\n\t\t\t\t\t\t<div class=\"elementor-element elementor-element-b1f8c4e elementor-widget elementor-widget-text-editor\" data-id=\"b1f8c4e\" data-element_type=\"widget\" data-e-type=\"widget\" data-widget_type=\"text-editor.default\">\n\t\t\t\t<div class=\"elementor-widget-container\">\n\t\t\t\t\t\t\t\t\t<p>A v\u00e9gfelhaszn\u00e1l\u00f3 \u00e1ltali v\u00e1s\u00e1rl\u00e1s napj\u00e1t\u00f3l sz\u00e1m\u00edtott 24 h\u00f3napig valamennyi term\u00e9k\u00fcnkre garanci\u00e1t v\u00e1llalunk. A garanci\u00e1ra a k\u00f6vetkez\u0151 felt\u00e9telek vonatkoznak. A garancia kiz\u00e1r\u00f3lag a szok\u00e1sos h\u00e1ztart\u00e1si c\u00e9lokra felhaszn\u00e1lt \u00e1rucikkekre terjed ki. A garancia a term\u00e9ket \u00e9rt\u00e9kes\u00edt\u0151 forgalmaz\u00f3n\u00e1l, vagy az al\u00e1bbiakban ismertetett hivatalos szervizm\u0171helyekben \u00e9rv\u00e9nyes\u00edthet\u0151. A v\u00e9gfelhaszn\u00e1l\u00f3 k\u00f6zvetlen\u00fcl a hiba \u00e9szlel\u00e9s\u00e9t k\u00f6vet\u0151en k\u00f6teles bejelentenie garanci\u00e1lis ig\u00e9ny\u00e9t, legfeljebb azonban a garanci\u00e1lis id\u0151szak lej\u00e1rt\u00e1ig ny\u00edlik arra lehet\u0151s\u00e9ge. A bejelentett hiba felt\u00e1r\u00e1sa \u00e9s kijav\u00edt\u00e1sa \u00e9rdek\u00e9ben a v\u00e9gfelhaszn\u00e1l\u00f3 k\u00f6teles egy\u00fcttm\u0171k\u00f6dni az \u00e9rintett szakemberekkel. A garancia kiz\u00e1r\u00f3lag a hi\u00e1nytalan \u00e9s (a vonatkoz\u00f3 higi\u00e9niai el\u0151\u00edr\u00e1sok szerint) tiszta \u00e1llapotban \u00e1tadott term\u00e9kekre vonatkozik. Amennyiben a garanci\u00e1lis ig\u00e9ny megalapozott, a garanci\u00e1lis id\u0151szak meghosszabbodik az ig\u00e9ny el\u0151terjeszt\u00e9s\u00e9t\u0151l a term\u00e9k v\u00e9gfelhaszn\u00e1l\u00f3 \u00e1ltali \u00e1tv\u00e9tel\u00e9nek napj\u00e1ig, illetve az erre ir\u00e1nyul\u00f3 k\u00f6telezetts\u00e9g teljes\u00edt\u00e9s\u00e9re meg\u00e1llap\u00edtott hat\u00e1rid\u0151 utols\u00f3 napj\u00e1ig terjed\u0151 id\u0151szakkal. A garanci\u00e1lis szolg\u00e1ltat\u00e1sok ig\u00e9nybev\u00e9tel\u00e9hez a v\u00e9gfelhaszn\u00e1l\u00f3 a k\u00f6vetkez\u0151, pontosan kit\u00f6lt\u00f6tt dokumentumok bemutat\u00e1s\u00e1val k\u00f6teles al\u00e1t\u00e1masztania garanci\u00e1lis ig\u00e9ny\u00e9t: nyugta, garanciajegy, telep\u00edt\u00e9si tan\u00fas\u00edtv\u00e1ny.<\/p>\n<p><strong>Jelen garancia \u00e9rv\u00e9ny\u00e9t veszti, ha az al\u00e1bbiak valamelyike fenn\u00e1ll:<\/strong><\/p>\n<ul>\n<li>A term\u00e9ket megl\u00e9v\u0151 hib\u00e1ib\u00f3l kifoly\u00f3lag kedvezm\u00e9nyes \u00e1ron \u00e9rt\u00e9kes\u00edtett\u00e9k.<\/li>\n<li>A szok\u00e1sos jelleg\u0171 haszn\u00e1latb\u00f3l ered\u0151en a term\u00e9k elhaszn\u00e1l\u00f3dott vagy megs\u00e9r\u00fclt.<\/li>\n<li>Megs\u00e9r\u00fclt a term\u00e9k a szakszer\u0171tlen, illetve helytelen \u00fczembe helyez\u00e9s k\u00f6vetkezt\u00e9ben, azt a vonatkoz\u00f3 Haszn\u00e1lati \u00fatmutat\u00f3val, az ir\u00e1nyad\u00f3 jogszab\u00e1lyi el\u0151\u00edr\u00e1sokkal, vagy az \u00e1ltal\u00e1nosan elfogadott elj\u00e1r\u00e1sokkal ellent\u00e9tesen, illetve rendeltet\u00e9sellenes m\u00f3don haszn\u00e1lt\u00e1k.<\/li>\n<li>A term\u00e9k elhanyagolt \u00e1llapot\u00fa, vagy megs\u00e9r\u00fclt az el\u00e9gtelen karbantart\u00e1s k\u00f6vetkezt\u00e9ben.<\/li>\n<li>Szennyez\u0151d\u00e9sek, illetve vis maior (term\u00e9szeti katasztr\u00f3fa, t\u0171z, \u00e1rv\u00edz stb.) okozta k\u00e1r \u00e9rte a term\u00e9ket.<\/li>\n<li>K\u00e1rosodott a term\u00e9k az alacsony fok\u00fa jelkett\u0151z\u0151d\u00e9s, elektrom\u00e1gneses interferencia stb. k\u00f6vetkezt\u00e9ben.<\/li>\n<li>Mechanikai jelleg\u0171 s\u00e9r\u00fcl\u00e9s (p\u00e9ld\u00e1ul t\u00f6r\u00f6tt kezel\u0151gombok, leejtett\u00e9k a k\u00e9sz\u00fcl\u00e9ket\u2026) \u00e9rte a term\u00e9ket.<\/li>\n<li>Alkalmatlan k\u00f6zeg, t\u00f6lt\u00e9s, fogy\u00f3eszk\u00f6z (elemek), illetve nem megfelel\u0151 \u00fczemi k\u00f6r\u00fclm\u00e9nyek (p\u00e9ld\u00e1ul magas h\u0151m\u00e9rs\u00e9klet vagy p\u00e1ratartalom, r\u00e1zk\u00f3d\u00e1s\u2026) okozta s\u00e9r\u00fcl\u00e9s.<\/li>\n<li>Jav\u00edt\u00e1s, m\u00f3dos\u00edt\u00e1s, vagy illet\u00e9ktelen szem\u00e9ly \u00e1ltal v\u00e9gzett egy\u00e9b beavatkoz\u00e1s k\u00f6vetkezt\u00e9ben megrong\u00e1l\u00f3dott a term\u00e9k.<\/li>\n<li>A v\u00e9gfelhaszn\u00e1l\u00f3nak nem siker\u00fclt kiel\u00e9g\u00edt\u0151 m\u00f3don al\u00e1t\u00e1masztania garanci\u00e1lis ig\u00e9ny\u00e9t (p\u00e9ld\u00e1ul nem igazolta megfelel\u0151en a v\u00e1s\u00e1rl\u00e1s d\u00e1tum\u00e1t \u00e9s hely\u00e9t).<\/li>\n<li>A bemutatott dokumentumokban szerepl\u0151 \u00e9s a term\u00e9ken felt\u00fcntetett adatok elt\u00e9rnek egym\u00e1st\u00f3l.<\/li>\n<li>Nem lehets\u00e9ges a sz\u00f3ban forg\u00f3 term\u00e9k azonos\u00edt\u00e1sa a vonatkoz\u00f3 dokumentumok alapj\u00e1n (p\u00e9ld\u00e1ul megs\u00e9r\u00fclt a sorozatsz\u00e1m vagy a garanciapecs\u00e9t).<\/li>\n<\/ul>\n\t\t\t\t\t\t\t\t<\/div>\n\t\t\t\t<\/div>\n\t\t\t\t\t<\/div>\n\t\t<\/div>\n\t\t\t\t\t<\/div>\n\t\t<\/section>\n\t\t\t\t<section class=\"elementor-section elementor-top-section elementor-element elementor-element-4f1642d elementor-section-height-min-height elementor-section-items-top elementor-section-boxed elementor-section-height-default\" data-id=\"4f1642d\" data-element_type=\"section\" data-e-type=\"section\">\n\t\t\t\t\t\t<div class=\"elementor-container elementor-column-gap-default\">\n\t\t\t\t\t<div class=\"elementor-column elementor-col-50 elementor-top-column elementor-element elementor-element-941e8c6\" data-id=\"941e8c6\" data-element_type=\"column\" data-e-type=\"column\">\n\t\t\t<div class=\"elementor-widget-wrap elementor-element-populated\">\n\t\t\t\t\t\t<div class=\"elementor-element elementor-element-303587d elementor-widget elementor-widget-heading\" data-id=\"303587d\" data-element_type=\"widget\" data-e-type=\"widget\" data-widget_type=\"heading.default\">\n\t\t\t\t<div class=\"elementor-widget-container\">\n\t\t\t\t\t<h2 class=\"elementor-heading-title elementor-size-default\">\u00c1RTALMATLAN\u00cdT\u00c1S<\/h2>\t\t\t\t<\/div>\n\t\t\t\t<\/div>\n\t\t\t\t\t<\/div>\n\t\t<\/div>\n\t\t\t\t<div class=\"elementor-column elementor-col-50 elementor-top-column elementor-element elementor-element-c6883ac\" data-id=\"c6883ac\" data-element_type=\"column\" data-e-type=\"column\">\n\t\t\t<div class=\"elementor-widget-wrap elementor-element-populated\">\n\t\t\t\t\t\t<div class=\"elementor-element elementor-element-3a29199 elementor-widget elementor-widget-text-editor\" data-id=\"3a29199\" data-element_type=\"widget\" data-e-type=\"widget\" data-widget_type=\"text-editor.default\">\n\t\t\t\t<div class=\"elementor-widget-container\">\n\t\t\t\t\t\t\t\t\t<p>HASZN\u00c1LT CSOMAGOL\u00d3ANYAGOK \u00c1RTALMATLAN\u00cdT\u00c1S\u00c1RA VONATKOZ\u00d3 EL\u0150\u00cdR\u00c1SOK \u00c9S TUDNIVAL\u00d3K<br \/>\nA csomagol\u00f3anyagot az arra kijel\u00f6lt hullad\u00e9kgy\u0171jt\u0151 telephelyen kell leadni.<br \/>\nLESELEJTEZETT ELEKTROMOS \u00c9S ELEKTRONIKUS K\u00c9SZ\u00dcL\u00c9KEK \u00c1RTALMATLAN\u00cdT\u00c1SA<br \/>\nA term\u00e9ken, valamint annak tartoz\u00e9kain, illetve csomagol\u00e1s\u00e1n felt\u00fcntetett szimb\u00f3lum azt jelzi, hogy a k\u00e9sz\u00fcl\u00e9k a szok\u00e1sos h\u00e1ztart\u00e1si hullad\u00e9kokt\u00f3l elk\u00fcl\u00f6n\u00edtve kezelend\u0151. K\u00e9rj\u00fck, hogy a term\u00e9ket a leselejtezett elektromos \u00e9s elektronikus berendez\u00e9sek \u00fajrahasznos\u00edt\u00e1sa c\u00e9lj\u00e1b\u00f3l kijel\u00f6lt, helyi hullad\u00e9kgy\u0171jt\u0151 telephelyen adja le. Az Eur\u00f3pai Uni\u00f3 bizonyos tag\u00e1llamaiban, vagy m\u00e1s eur\u00f3pai orsz\u00e1gokban a term\u00e9k \u00faj, azzal egyen\u00e9rt\u00e9k\u0171 k\u00e9sz\u00fcl\u00e9k v\u00e1s\u00e1rl\u00e1sakor a helyi forgalmaz\u00f3n\u00e1l is leadhat\u00f3.<br \/>\nA term\u00e9k szakszer\u0171 \u00e1rtalmatlan\u00edt\u00e1s\u00e1val \u00d6n is hozz\u00e1j\u00e1rulhat az \u00e9rt\u00e9kes term\u00e9szeti er\u0151forr\u00e1sok meg\u00f3v\u00e1s\u00e1hoz, valamint a k\u00f6rnyezetre \u00e9s az emberi eg\u00e9szs\u00e9gre gyakorolt, a hullad\u00e9kok szakszer\u0171tlen \u00e1rtalmatlan\u00edt\u00e1sa okozta esetleges k\u00e1ros hat\u00e1sok megel\u0151z\u00e9s\u00e9hez. Tov\u00e1bbi inform\u00e1ci\u00f3k\u00e9rt forduljon a helyi \u00f6nkorm\u00e1nyzat illet\u00e9kes oszt\u00e1ly\u00e1hoz, vagy a legk\u00f6zelebbi hullad\u00e9kgy\u0171jt\u0151 telephelyhez. A sz\u00f3ban forg\u00f3 hullad\u00e9kok szakszer\u0171tlen \u00e1rtalmatlan\u00edt\u00e1sa a helyi szab\u00e1lyoz\u00e1s alapj\u00e1n adott esetben b\u00edrs\u00e1g kiszab\u00e1s\u00e1t is maga ut\u00e1n vonhatja.<br \/>\n\u00c1rtalmatlan\u00edt\u00e1s az Eur\u00f3pai Uni\u00f3ban m\u0171k\u00f6d\u0151 v\u00e1llalkoz\u00e1sok eset\u00e9n: az elektromos, illetve elektronikus k\u00e9sz\u00fcl\u00e9kek szakszer\u0171 \u00e1rtalmatlan\u00edt\u00e1s\u00e1ra vonatkoz\u00f3 inform\u00e1ci\u00f3k\u00e9rt forduljon a forgalmaz\u00f3hoz, illetve a besz\u00e1ll\u00edt\u00f3hoz.<br \/>\n\u00c1rtalmatlan\u00edt\u00e1s az Eur\u00f3pai Uni\u00f3n k\u00edv\u00fcli orsz\u00e1gokban: a term\u00e9k szakszer\u0171 \u00e1rtalmatlan\u00edt\u00e1s\u00e1ra vonatkoz\u00f3 inform\u00e1ci\u00f3k\u00e9rt forduljon a helyi \u00f6nkorm\u00e1nyzat illet\u00e9kes oszt\u00e1ly\u00e1hoz, illetve a forgalmaz\u00f3hoz.<br \/>\nJelen k\u00e9sz\u00fcl\u00e9k megfelel az Eur\u00f3pai Uni\u00f3 elektrom\u00e1gneses \u00e9s elektromos biztons\u00e1gra vonatkoz\u00f3 rendelkez\u00e9seinek.<br \/>\nFenntartjuk a sz\u00f6vegek, a kialak\u00edt\u00e1s \u00e9s a m\u0171szaki adatok el\u0151zetes \u00e9rtes\u00edt\u00e9s n\u00e9lk\u00fcli m\u00f3dos\u00edt\u00e1s\u00e1nak a jog\u00e1t.<\/p>\n\t\t\t\t\t\t\t\t<\/div>\n\t\t\t\t<\/div>\n\t\t\t\t\t<\/div>\n\t\t<\/div>\n\t\t\t\t\t<\/div>\n\t\t<\/section>\n\t\t\t\t<\/div>\n\t\t","protected":false},"excerpt":{"rendered":"<p>Garanci\u00e1lis felt\u00e9telek GARANCI\u00c1LIS FELT\u00c9TELEK A v\u00e9gfelhaszn\u00e1l\u00f3 \u00e1ltali v\u00e1s\u00e1rl\u00e1s napj\u00e1t\u00f3l sz\u00e1m\u00edtott 24 h\u00f3napig valamennyi term\u00e9k\u00fcnkre garanci\u00e1t v\u00e1llalunk. A garanci\u00e1ra a k\u00f6vetkez\u0151 felt\u00e9telek vonatkoznak. A garancia kiz\u00e1r\u00f3lag a szok\u00e1sos h\u00e1ztart\u00e1si c\u00e9lokra felhaszn\u00e1lt \u00e1rucikkekre terjed ki. A garancia a term\u00e9ket \u00e9rt\u00e9kes\u00edt\u0151 forgalmaz\u00f3n\u00e1l, vagy az al\u00e1bbiakban ismertetett hivatalos szervizm\u0171helyekben \u00e9rv\u00e9nyes\u00edthet\u0151. A v\u00e9gfelhaszn\u00e1l\u00f3 k\u00f6zvetlen\u00fcl a hiba \u00e9szlel\u00e9s\u00e9t k\u00f6vet\u0151en k\u00f6teles bejelentenie [&hellip;]<\/p>\n","protected":false},"author":8,"featured_media":0,"parent":0,"menu_order":0,"comment_status":"closed","ping_status":"closed","template":"","meta":{"_acf_changed":false,"_monsterinsights_skip_tracking":false,"_monsterinsights_sitenote_active":false,"_monsterinsights_sitenote_note":"","_monsterinsights_sitenote_category":0,"footnotes":""},"class_list":["post-223146","page","type-page","status-publish","hentry"],"acf":[],"_links":{"self":[{"href":"https:\/\/ecg-electro.eu\/hu\/wp-json\/wp\/v2\/pages\/223146","targetHints":{"allow":["GET"]}}],"collection":[{"href":"https:\/\/ecg-electro.eu\/hu\/wp-json\/wp\/v2\/pages"}],"about":[{"href":"https:\/\/ecg-electro.eu\/hu\/wp-json\/wp\/v2\/types\/page"}],"author":[{"embeddable":true,"href":"https:\/\/ecg-electro.eu\/hu\/wp-json\/wp\/v2\/users\/8"}],"replies":[{"embeddable":true,"href":"https:\/\/ecg-electro.eu\/hu\/wp-json\/wp\/v2\/comments?post=223146"}],"version-history":[{"count":3,"href":"https:\/\/ecg-electro.eu\/hu\/wp-json\/wp\/v2\/pages\/223146\/revisions"}],"predecessor-version":[{"id":2027751,"href":"https:\/\/ecg-electro.eu\/hu\/wp-json\/wp\/v2\/pages\/223146\/revisions\/2027751"}],"wp:attachment":[{"href":"https:\/\/ecg-electro.eu\/hu\/wp-json\/wp\/v2\/media?parent=223146"}],"curies":[{"name":"wp","href":"https:\/\/api.w.org\/{rel}","templated":true}]}}