{"id":2024086,"date":"2021-04-14T08:06:53","date_gmt":"2021-04-14T08:06:53","guid":{"rendered":"https:\/\/ecg-electro.eu\/where-to-buy\/"},"modified":"2023-10-03T10:59:54","modified_gmt":"2023-10-03T08:59:54","slug":"where-to-buy","status":"publish","type":"page","link":"https:\/\/ecg-electro.eu\/hu\/hol-kaphato\/","title":{"rendered":"Hol kaphat\u00f3"},"content":{"rendered":"\t\t<div data-elementor-type=\"wp-page\" data-elementor-id=\"2024086\" class=\"elementor elementor-2024086 elementor-253639\" data-elementor-post-type=\"page\">\n\t\t\t\t\t\t<section data-dce-background-color=\"#F6F6F6\" class=\"elementor-section elementor-top-section elementor-element elementor-element-b432f42 elementor-section-height-min-height elementor-section-boxed elementor-section-height-default elementor-section-items-middle\" data-id=\"b432f42\" data-element_type=\"section\" data-e-type=\"section\" data-settings=\"{&quot;background_background&quot;:&quot;classic&quot;}\">\n\t\t\t\t\t\t<div class=\"elementor-container elementor-column-gap-default\">\n\t\t\t\t\t<div class=\"elementor-column elementor-col-100 elementor-top-column elementor-element elementor-element-2eca32a\" data-id=\"2eca32a\" data-element_type=\"column\" data-e-type=\"column\">\n\t\t\t<div class=\"elementor-widget-wrap elementor-element-populated\">\n\t\t\t\t\t\t<div class=\"elementor-element elementor-element-f898446 elementor-widget elementor-widget-heading\" data-id=\"f898446\" data-element_type=\"widget\" data-e-type=\"widget\" data-widget_type=\"heading.default\">\n\t\t\t\t<div class=\"elementor-widget-container\">\n\t\t\t\t\t<h1 class=\"elementor-heading-title elementor-size-xxl\">Hol kaphat\u00f3<\/h1>\t\t\t\t<\/div>\n\t\t\t\t<\/div>\n\t\t\t\t<section class=\"elementor-section elementor-inner-section elementor-element elementor-element-3b6cc2e elementor-section-boxed elementor-section-height-default elementor-section-height-default\" data-id=\"3b6cc2e\" data-element_type=\"section\" data-e-type=\"section\">\n\t\t\t\t\t\t<div class=\"elementor-container elementor-column-gap-default\">\n\t\t\t\t\t<div class=\"elementor-column elementor-col-33 elementor-inner-column elementor-element elementor-element-75fc67d\" data-id=\"75fc67d\" data-element_type=\"column\" data-e-type=\"column\">\n\t\t\t<div class=\"elementor-widget-wrap elementor-element-populated\">\n\t\t\t\t\t\t<div class=\"elementor-element elementor-element-4fbabaf elementor-widget elementor-widget-heading\" data-id=\"4fbabaf\" data-element_type=\"widget\" data-e-type=\"widget\" data-widget_type=\"heading.default\">\n\t\t\t\t<div class=\"elementor-widget-container\">\n\t\t\t\t\t<h2 class=\"elementor-heading-title elementor-size-default\">PARTNEREINK<\/h2>\t\t\t\t<\/div>\n\t\t\t\t<\/div>\n\t\t\t\t\t<\/div>\n\t\t<\/div>\n\t\t\t\t<div class=\"elementor-column elementor-col-66 elementor-inner-column elementor-element elementor-element-9c59103\" data-id=\"9c59103\" data-element_type=\"column\" data-e-type=\"column\">\n\t\t\t<div class=\"elementor-widget-wrap elementor-element-populated\">\n\t\t\t\t\t\t<div class=\"elementor-element elementor-element-d0cba45 elementor-widget elementor-widget-text-editor\" data-id=\"d0cba45\" data-element_type=\"widget\" data-e-type=\"widget\" data-widget_type=\"text-editor.default\">\n\t\t\t\t<div class=\"elementor-widget-container\">\n\t\t\t\t\t\t\t\t\t<p>Az ECG m\u00e1rka egyik alapelve, hogy min\u00e9l t\u00f6bb vev\u0151 r\u00e9sz\u00e9re el\u00e9rhet\u0151 legyen. Emiatt minden t\u00edpus\u00fa \u00e9rt\u00e9kes\u00edt\u00e9si csatorn\u00e1val nyitottak vagyunk az egy\u00fcttm\u0171k\u00f6d\u00e9sre. Az ECG term\u00e9keket megv\u00e1s\u00e1rolhatja a professzion\u00e1lis elektronikai szak\u00fczletekben, melyek f\u0151leg nagy v\u00e1rosokban helyezkednek el, valamint a helyi kiskeresked\u0151kt\u0151l a kisebb v\u00e1rosokban \u00e9s k\u00f6zs\u00e9gekben. Az ECG term\u00e9kek megrendelhet\u0151ek online csatorn\u00e1n is, nagy \u00e9s a kis e-boltokt\u00f3l. A v\u00e9gfelhaszn\u00e1l\u00f3k a nemzetk\u00f6zi kiskereskedelmi l\u00e1ncok hipermarketj\u00e9nek polcain is megtal\u00e1lj\u00e1k az ECG term\u00e9keket.<\/p>\n\t\t\t\t\t\t\t\t<\/div>\n\t\t\t\t<\/div>\n\t\t\t\t<div class=\"elementor-element elementor-element-d86262e elementor-widget elementor-widget-spacer\" data-id=\"d86262e\" data-element_type=\"widget\" data-e-type=\"widget\" data-settings=\"{&quot;enabled_visibility&quot;:&quot;yes&quot;,&quot;dce_visibility_selected&quot;:&quot;yes&quot;}\" data-widget_type=\"spacer.default\">\n\t\t\t\t<div class=\"elementor-widget-container\">\n\t\t\t\t\t\t\t<div class=\"elementor-spacer\">\n\t\t\t<div class=\"elementor-spacer-inner\"><\/div>\n\t\t<\/div>\n\t\t\t\t\t\t<\/div>\n\t\t\t\t<\/div>\n\t\t\t\t<div class=\"elementor-element elementor-element-38db1c4 elementor-widget elementor-widget-text-editor\" data-id=\"38db1c4\" data-element_type=\"widget\" data-e-type=\"widget\" data-widget_type=\"text-editor.default\">\n\t\t\t\t<div class=\"elementor-widget-container\">\n\t\t\t\t\t\t\t\t\t<p><strong>Az ECG term\u00e9kek megv\u00e1s\u00e1rolhat\u00f3k mind az elektronikai szak\u00fczletekt\u0151l \u00e9s a helyi kiskeresked\u0151kt\u0151l.<\/strong><\/p>\n\t\t\t\t\t\t\t\t<\/div>\n\t\t\t\t<\/div>\n\t\t\t\t<div class=\"elementor-element elementor-element-d785b6f elementor-widget elementor-widget-spacer\" data-id=\"d785b6f\" data-element_type=\"widget\" data-e-type=\"widget\" data-settings=\"{&quot;enabled_visibility&quot;:&quot;yes&quot;,&quot;dce_visibility_selected&quot;:&quot;yes&quot;}\" data-widget_type=\"spacer.default\">\n\t\t\t\t<div class=\"elementor-widget-container\">\n\t\t\t\t\t\t\t<div class=\"elementor-spacer\">\n\t\t\t<div class=\"elementor-spacer-inner\"><\/div>\n\t\t<\/div>\n\t\t\t\t\t\t<\/div>\n\t\t\t\t<\/div>\n\t\t\t\t<div class=\"elementor-element elementor-element-a810a96 elementor-widget elementor-widget-text-editor\" data-id=\"a810a96\" data-element_type=\"widget\" data-e-type=\"widget\" data-widget_type=\"text-editor.default\">\n\t\t\t\t<div class=\"elementor-widget-container\">\n\t\t\t\t\t\t\t\t\t<p>Az ECG nem csak egy helyi m\u00e1rka, mint a m\u00faltban. Id\u0151vel a term\u00e9kek ismertt\u00e9 tett\u00e9k a m\u00e1rk\u00e1t Eur\u00f3p\u00e1n bel\u00fcl \u00e9s k\u00edv\u00fcl is. Az ECG term\u00e9kek n\u00e9pszer\u0171s\u00e9ge folyamatosan n\u00f6vekszik, k\u00fcl\u00f6n\u00f6sen az eur\u00f3pai orsz\u00e1gokban ahol megn\u0151tt az \u00e9rdekl\u0151d\u00e9s a keresked\u0151k, valamint a fogyaszt\u00f3k r\u00e9sz\u00e9r\u0151l.<\/p>\n\t\t\t\t\t\t\t\t<\/div>\n\t\t\t\t<\/div>\n\t\t\t\t<div class=\"elementor-element elementor-element-d2567e0 elementor-widget elementor-widget-spacer\" data-id=\"d2567e0\" data-element_type=\"widget\" data-e-type=\"widget\" data-settings=\"{&quot;enabled_visibility&quot;:&quot;yes&quot;,&quot;dce_visibility_selected&quot;:&quot;yes&quot;}\" data-widget_type=\"spacer.default\">\n\t\t\t\t<div class=\"elementor-widget-container\">\n\t\t\t\t\t\t\t<div class=\"elementor-spacer\">\n\t\t\t<div class=\"elementor-spacer-inner\"><\/div>\n\t\t<\/div>\n\t\t\t\t\t\t<\/div>\n\t\t\t\t<\/div>\n\t\t\t\t<div class=\"elementor-element elementor-element-e62499f elementor-widget elementor-widget-text-editor\" data-id=\"e62499f\" data-element_type=\"widget\" data-e-type=\"widget\" data-widget_type=\"text-editor.default\">\n\t\t\t\t<div class=\"elementor-widget-container\">\n\t\t\t\t\t\t\t\t\t<p><strong>Az ECG term\u00e9kek n\u00e9pszer\u0171ek a v\u00e1s\u00e1rl\u00f3k k\u00f6r\u00e9ben Eur\u00f3pa szerte.<\/strong><\/p>\n\t\t\t\t\t\t\t\t<\/div>\n\t\t\t\t<\/div>\n\t\t\t\t\t<\/div>\n\t\t<\/div>\n\t\t\t\t\t<\/div>\n\t\t<\/section>\n\t\t\t\t\t<\/div>\n\t\t<\/div>\n\t\t\t\t\t<\/div>\n\t\t<\/section>\n\t\t\t\t<section class=\"elementor-section elementor-top-section elementor-element elementor-element-eef33ba elementor-section-boxed elementor-section-height-default elementor-section-height-default\" data-id=\"eef33ba\" data-element_type=\"section\" data-e-type=\"section\">\n\t\t\t\t\t\t<div class=\"elementor-container elementor-column-gap-default\">\n\t\t\t\t\t<div class=\"elementor-column elementor-col-100 elementor-top-column elementor-element elementor-element-f2b22ec\" data-id=\"f2b22ec\" data-element_type=\"column\" data-e-type=\"column\">\n\t\t\t<div class=\"elementor-widget-wrap elementor-element-populated\">\n\t\t\t\t\t\t<div class=\"elementor-element elementor-element-9425c30 elementor-widget elementor-widget-shortcode\" data-id=\"9425c30\" data-element_type=\"widget\" data-e-type=\"widget\" data-widget_type=\"shortcode.default\">\n\t\t\t\t<div class=\"elementor-widget-container\">\n\t\t\t\t\t<div class=\"partners-container\"><div class=\"country-column\">\r\n\t\t<h2>Magyarorsz\u00e1g<\/h2>\r\n\t\t<\/div><div class=\"sellers-column\"><div class=\"sellers-container\"><a href=\"https:\/\/allegro.hu\/kereses?string=ecg\" target=\"_blank\" rel=\"noopener\"><div class=\"seller\"><img decoding=\"async\" src=\"https:\/\/ecg-electro.eu\/wp-content\/uploads\/2021\/06\/allegro_logo.png\" alt=\"mall\"><\/div><\/a><a href=\"https:\/\/www.alza.hu\/ecg\/v1825.htm?layoutAutoChange=1\" target=\"_blank\" rel=\"noopener\"><div class=\"seller\"><img decoding=\"async\" src=\"https:\/\/ecg-electro.eu\/wp-content\/uploads\/2021\/06\/alza_hu_logo.png\" alt=\"alza-hu\"><\/div><\/a><a href=\"https:\/\/www.emag.hu\/search\/ecg?ref=autosuggest_keyword1\" target=\"_blank\" rel=\"noopener\"><div class=\"seller\"><img decoding=\"async\" src=\"https:\/\/ecg-electro.eu\/wp-content\/uploads\/2021\/06\/emag_logo.png\" alt=\"emag\"><\/div><\/a><a href=\"https:\/\/www.topelektrocenter.hu\/index.php?view=keres&amp;keres=ECG\" target=\"_blank\" rel=\"noopener\"><div class=\"seller\"><img decoding=\"async\" src=\"https:\/\/ecg-electro.eu\/wp-content\/uploads\/2021\/06\/logo-39.jpg\" alt=\"topelektrocenter\"><\/div><\/a><a href=\"https:\/\/digitalnet.hu\/shop_search.php?search=ecg\" target=\"_blank\" rel=\"noopener\"><div class=\"seller\"><img decoding=\"async\" src=\"https:\/\/ecg-electro.eu\/wp-content\/uploads\/2022\/02\/digitalnet.png\" alt=\"digitalnet\"><\/div><\/a><\/div><\/div><\/div>\t\t<div class=\"elementor-shortcode\"><\/div>\n\t\t\t\t\t\t<\/div>\n\t\t\t\t<\/div>\n\t\t\t\t\t<\/div>\n\t\t<\/div>\n\t\t\t\t\t<\/div>\n\t\t<\/section>\n\t\t\t\t<\/div>\n\t\t","protected":false},"excerpt":{"rendered":"<p>PARTNEREINK Az ECG m\u00e1rka egyik alapelve, hogy min\u00e9l t\u00f6bb vev\u0151 r\u00e9sz\u00e9re el\u00e9rhet\u0151 legyen. Emiatt minden t\u00edpus\u00fa \u00e9rt\u00e9kes\u00edt\u00e9si csatorn\u00e1val nyitottak vagyunk az egy\u00fcttm\u0171k\u00f6d\u00e9sre. Az ECG term\u00e9keket megv\u00e1s\u00e1rolhatja a professzion\u00e1lis elektronikai szak\u00fczletekben, melyek f\u0151leg nagy v\u00e1rosokban helyezkednek el, valamint a helyi kiskeresked\u0151kt\u0151l a kisebb v\u00e1rosokban \u00e9s k\u00f6zs\u00e9gekben. Az ECG term\u00e9kek megrendelhet\u0151ek online csatorn\u00e1n is, nagy \u00e9s a [&hellip;]<\/p>\n","protected":false},"author":1,"featured_media":0,"parent":0,"menu_order":0,"comment_status":"closed","ping_status":"closed","template":"elementor_header_footer","meta":{"_acf_changed":false,"_monsterinsights_skip_tracking":false,"_monsterinsights_sitenote_active":false,"_monsterinsights_sitenote_note":"","_monsterinsights_sitenote_category":0,"footnotes":""},"class_list":["post-2024086","page","type-page","status-publish","hentry"],"acf":[],"_links":{"self":[{"href":"https:\/\/ecg-electro.eu\/hu\/wp-json\/wp\/v2\/pages\/2024086","targetHints":{"allow":["GET"]}}],"collection":[{"href":"https:\/\/ecg-electro.eu\/hu\/wp-json\/wp\/v2\/pages"}],"about":[{"href":"https:\/\/ecg-electro.eu\/hu\/wp-json\/wp\/v2\/types\/page"}],"author":[{"embeddable":true,"href":"https:\/\/ecg-electro.eu\/hu\/wp-json\/wp\/v2\/users\/1"}],"replies":[{"embeddable":true,"href":"https:\/\/ecg-electro.eu\/hu\/wp-json\/wp\/v2\/comments?post=2024086"}],"version-history":[{"count":4,"href":"https:\/\/ecg-electro.eu\/hu\/wp-json\/wp\/v2\/pages\/2024086\/revisions"}],"predecessor-version":[{"id":2161639,"href":"https:\/\/ecg-electro.eu\/hu\/wp-json\/wp\/v2\/pages\/2024086\/revisions\/2161639"}],"wp:attachment":[{"href":"https:\/\/ecg-electro.eu\/hu\/wp-json\/wp\/v2\/media?parent=2024086"}],"curies":[{"name":"wp","href":"https:\/\/api.w.org\/{rel}","templated":true}]}}