{"id":3101328,"date":"2025-07-04T12:34:06","date_gmt":"2025-07-04T11:16:49","guid":{"rendered":"https:\/\/ecg-electro.eu\/?post_type=product&#038;p=3101328"},"modified":"2026-04-07T17:42:37","modified_gmt":"2026-04-07T15:42:37","slug":"ecg-eds-300763-blackline","status":"publish","type":"product","link":"https:\/\/ecg-electro.eu\/hr\/ecg-eds-300763-blackline\/","title":{"rendered":"ECG EDS 300763 BlackLine"},"content":{"rendered":"<p style=\"text-align: center;\"><strong>ECG EDS 300763 BlackLine<\/strong> je poluugradbena perilica posu\u0111a koja se savr\u0161eno prilago\u0111ava svakoj kuhinji. Kupac kupuje perilicu posu\u0111a s crnom upravlja\u010dkom plo\u010dom, a prednja vrata <strong>mo\u017ee fino podesiti prema vlastitom stilu i dizajnu<\/strong> kuhinjskog elementa. Zahvaljuju\u0107i tome, stvarno se uklapa bilo gdje &#8211; od modernog interijera do rustikalne kuhinje.<\/p>\n<p style=\"text-align: center;\">Prozirna plo\u010da nalazi se na prednjoj strani, tako da nema potrebe za otvaranjem perilice posu\u0111a &#8211; sve va\u017eno je ispred vas. S kapacitetom za <strong>14 blagovaonskih setova<\/strong> idealan je pomo\u0107nik za ve\u0107a ku\u0107anstva. Iznimno tihi rad s razinom buke od samo<strong> 44 dB<\/strong> osigurava da vas ni na koji na\u010din ne\u0107e ometati tijekom normalnog rada. A odli\u010dan trik je automatsko otvaranje vrata nakon zavr\u0161etka ciklusa, zahvaljuju\u0107i kojem \u0107e su\u0111e biti ne samo savr\u0161eno oprano, ve\u0107 i suho.<\/p>\n<p style=\"text-align: center;\">Dimenzije ove perilice posu\u0111a su <strong>84,5 x 59,8 x 60 cm<\/strong>.<\/p>\n","protected":false},"excerpt":{"rendered":"<p>ECG EDS 300763 BlackLine je poluugradbena perilica posu\u0111a koja se savr\u0161eno prilago\u0111ava svakoj kuhinji. Kupac kupuje perilicu posu\u0111a s crnom upravlja\u010dkom plo\u010dom, a prednja vrata mo\u017ee fino podesiti prema vlastitom stilu i dizajnu kuhinjskog elementa. Zahvaljuju\u0107i tome, stvarno se uklapa bilo gdje &#8211; od modernog interijera do rustikalne kuhinje. Prozirna plo\u010da nalazi se na prednjoj [&hellip;]<\/p>\n","protected":false},"featured_media":3079435,"template":"","meta":{"_acf_changed":false,"_monsterinsights_skip_tracking":false,"_monsterinsights_sitenote_active":false,"_monsterinsights_sitenote_note":"","_monsterinsights_sitenote_category":0},"product_cat":[45188],"product_tag":[],"class_list":{"0":"post-3101328","1":"product","2":"type-product","3":"status-publish","4":"has-post-thumbnail","6":"product_cat-perilica-suda-ugradbeni-kuhinjski-aparati-uredaji-za-kucanstvo-3","8":"first","9":"instock","10":"product-type-simple"},"acf":[],"_links":{"self":[{"href":"https:\/\/ecg-electro.eu\/hr\/wp-json\/wp\/v2\/product\/3101328","targetHints":{"allow":["GET"]}}],"collection":[{"href":"https:\/\/ecg-electro.eu\/hr\/wp-json\/wp\/v2\/product"}],"about":[{"href":"https:\/\/ecg-electro.eu\/hr\/wp-json\/wp\/v2\/types\/product"}],"wp:featuredmedia":[{"embeddable":true,"href":"https:\/\/ecg-electro.eu\/hr\/wp-json\/wp\/v2\/media\/3079435"}],"wp:attachment":[{"href":"https:\/\/ecg-electro.eu\/hr\/wp-json\/wp\/v2\/media?parent=3101328"}],"wp:term":[{"taxonomy":"product_cat","embeddable":true,"href":"https:\/\/ecg-electro.eu\/hr\/wp-json\/wp\/v2\/product_cat?post=3101328"},{"taxonomy":"product_tag","embeddable":true,"href":"https:\/\/ecg-electro.eu\/hr\/wp-json\/wp\/v2\/product_tag?post=3101328"}],"curies":[{"name":"wp","href":"https:\/\/api.w.org\/{rel}","templated":true}]}}