{"id":241154,"date":"2021-03-06T16:22:20","date_gmt":"2021-03-06T16:22:20","guid":{"rendered":"https:\/\/ecg-electro.eu\/zastita-osobnih-podataka\/"},"modified":"2021-06-27T17:21:35","modified_gmt":"2021-06-27T17:21:35","slug":"zastita-osobnih-podataka","status":"publish","type":"page","link":"https:\/\/ecg-electro.eu\/hr\/zastita-osobnih-podataka\/","title":{"rendered":"Za\u0161tita osobnih podataka"},"content":{"rendered":"\t\t<div data-elementor-type=\"wp-page\" data-elementor-id=\"241154\" class=\"elementor elementor-241154 elementor-217752\" data-elementor-post-type=\"page\">\n\t\t\t\t\t\t<section class=\"elementor-section elementor-top-section elementor-element elementor-element-8dc5467 elementor-section-boxed elementor-section-height-default elementor-section-height-default\" data-id=\"8dc5467\" data-element_type=\"section\" data-settings=\"{&quot;background_background&quot;:&quot;classic&quot;}\">\n\t\t\t\t\t\t<div class=\"elementor-container elementor-column-gap-default\">\n\t\t\t\t\t<div class=\"elementor-column elementor-col-100 elementor-top-column elementor-element elementor-element-aa40a3e\" data-id=\"aa40a3e\" data-element_type=\"column\">\n\t\t\t<div class=\"elementor-widget-wrap elementor-element-populated\">\n\t\t\t\t\t\t<div class=\"elementor-element elementor-element-3408882 elementor-widget elementor-widget-image\" data-id=\"3408882\" data-element_type=\"widget\" data-widget_type=\"image.default\">\n\t\t\t\t<div class=\"elementor-widget-container\">\n\t\t\t\t\t\t\t\t\t\t\t\t\t\t\t<img decoding=\"async\" src=\"https:\/\/ecg-electro.eu\/wp-content\/uploads\/2021\/04\/ecg_terms_conditions.jpg\" title=\"\" alt=\"\" loading=\"lazy\" \/>\t\t\t\t\t\t\t\t\t\t\t\t\t\t\t<\/div>\n\t\t\t\t<\/div>\n\t\t\t\t\t<\/div>\n\t\t<\/div>\n\t\t\t\t\t<\/div>\n\t\t<\/section>\n\t\t\t\t<section class=\"elementor-section elementor-top-section elementor-element elementor-element-0cf60f3 elementor-section-boxed elementor-section-height-default elementor-section-height-default\" data-id=\"0cf60f3\" data-element_type=\"section\">\n\t\t\t\t\t\t<div class=\"elementor-container elementor-column-gap-default\">\n\t\t\t\t\t<div class=\"elementor-column elementor-col-100 elementor-top-column elementor-element elementor-element-44d8585\" data-id=\"44d8585\" data-element_type=\"column\">\n\t\t\t<div class=\"elementor-widget-wrap elementor-element-populated\">\n\t\t\t\t\t\t<div class=\"elementor-element elementor-element-bcad61e elementor-widget elementor-widget-heading\" data-id=\"bcad61e\" data-element_type=\"widget\" data-widget_type=\"heading.default\">\n\t\t\t\t<div class=\"elementor-widget-container\">\n\t\t\t\t\t<h2 class=\"elementor-heading-title elementor-size-default\">ZA\u0160TITA LI\u010cNIH PODATAKA<\/h2>\t\t\t\t<\/div>\n\t\t\t\t<\/div>\n\t\t\t\t\t<\/div>\n\t\t<\/div>\n\t\t\t\t\t<\/div>\n\t\t<\/section>\n\t\t\t\t<section class=\"elementor-section elementor-top-section elementor-element elementor-element-8c8eefa elementor-section-boxed elementor-section-height-default elementor-section-height-default\" data-id=\"8c8eefa\" data-element_type=\"section\">\n\t\t\t\t\t\t<div class=\"elementor-container elementor-column-gap-default\">\n\t\t\t\t\t<div class=\"elementor-column elementor-col-100 elementor-top-column elementor-element elementor-element-605559d\" data-id=\"605559d\" data-element_type=\"column\">\n\t\t\t<div class=\"elementor-widget-wrap elementor-element-populated\">\n\t\t\t\t\t\t<div class=\"elementor-element elementor-element-c781242 elementor-widget elementor-widget-text-editor\" data-id=\"c781242\" data-element_type=\"widget\" data-widget_type=\"text-editor.default\">\n\t\t\t\t<div class=\"elementor-widget-container\">\n\t\t\t\t\t\t\t\t\t<p>K+B Progres a.s (\u201cwe\u201d, \u201cus\u201d, \u201cour\u201d, etc.) vlasnik je vlasnik veb-stranice ecg-electro.eu (\u201eveb-stranica\u201d). Izradili smo ovu izjavu o pravilima za\u0161tite li\u010dnih podataka kako bismo pokazali na\u0161u odlu\u010dnost da \u0161titimo li\u010dne podatke i informisali fizi\u010dke osobe o na\u010dinima na koje prikupljamo i obra\u0111ujemo li\u010dne podatke za potrebe ove veb-stranice.<br \/>\nPa\u017eljivo pro\u010ditajte ova pravila za\u0161tite li\u010dnih podataka da biste saznali kako prikupljamo, obra\u0111ujemo i\u00a0\u0161titimo va\u0161e li\u010dne podatke i na drugi na\u010din rukujemo njima.<\/p>\n\t\t\t\t\t\t\t\t<\/div>\n\t\t\t\t<\/div>\n\t\t\t\t\t<\/div>\n\t\t<\/div>\n\t\t\t\t\t<\/div>\n\t\t<\/section>\n\t\t\t\t<section class=\"elementor-section elementor-top-section elementor-element elementor-element-a5c6331 elementor-section-height-min-height elementor-section-items-top elementor-section-boxed elementor-section-height-default\" data-id=\"a5c6331\" data-element_type=\"section\">\n\t\t\t\t\t\t<div class=\"elementor-container elementor-column-gap-default\">\n\t\t\t\t\t<div class=\"elementor-column elementor-col-50 elementor-top-column elementor-element elementor-element-f8c965c\" data-id=\"f8c965c\" data-element_type=\"column\">\n\t\t\t<div class=\"elementor-widget-wrap elementor-element-populated\">\n\t\t\t\t\t\t<div class=\"elementor-element elementor-element-528d901 elementor-widget elementor-widget-heading\" data-id=\"528d901\" data-element_type=\"widget\" data-widget_type=\"heading.default\">\n\t\t\t\t<div class=\"elementor-widget-container\">\n\t\t\t\t\t<h2 class=\"elementor-heading-title elementor-size-default\">SLU\u017dBENIK ZA ZA\u0160TITU PODATAKA<\/h2>\t\t\t\t<\/div>\n\t\t\t\t<\/div>\n\t\t\t\t\t<\/div>\n\t\t<\/div>\n\t\t\t\t<div class=\"elementor-column elementor-col-50 elementor-top-column elementor-element elementor-element-d6e904f\" data-id=\"d6e904f\" data-element_type=\"column\">\n\t\t\t<div class=\"elementor-widget-wrap elementor-element-populated\">\n\t\t\t\t\t\t<div class=\"elementor-element elementor-element-be6d827 elementor-widget elementor-widget-text-editor\" data-id=\"be6d827\" data-element_type=\"widget\" data-widget_type=\"text-editor.default\">\n\t\t\t\t<div class=\"elementor-widget-container\">\n\t\t\t\t\t\t\t\t\t<p>Vlasnik i izvr\u0161itelj obrade veb-stranice ecg-electro.eu je K + B Progres, a.s., sa sedi\u0161tem na adresi U Expertu 91, 250 69 Kl\u00ed\u010dany, identifikaciona oznaka trgova\u010dkog dru\u0161tva: 61860123, \u0161to je u\u00a0skladu sa zakonom broj 121\/2000 zbirke zakona, zakona o autorskom pravu, ima pravo u\u017eivanja vlasni\u010dkih prava na tim veb-stranicama (u nastavku ozna\u010den kao izvr\u0161itelj \u201eoperater\u201c).<br \/>\nKontakt-informacije administratora su slede\u0107e:<br \/>\nAdresa za dostavu po\u0161te: K+B Progres,a.s., U Expertu 91, 250 69, Kl\u00ed\u010dany<br \/>\nAdresa e-po\u0161te: oou@kbprogres.cz<\/p>\n\t\t\t\t\t\t\t\t<\/div>\n\t\t\t\t<\/div>\n\t\t\t\t\t<\/div>\n\t\t<\/div>\n\t\t\t\t\t<\/div>\n\t\t<\/section>\n\t\t\t\t<section class=\"elementor-section elementor-top-section elementor-element elementor-element-157b202 elementor-section-height-min-height elementor-section-items-top elementor-section-boxed elementor-section-height-default\" data-id=\"157b202\" data-element_type=\"section\">\n\t\t\t\t\t\t<div class=\"elementor-container elementor-column-gap-default\">\n\t\t\t\t\t<div class=\"elementor-column elementor-col-50 elementor-top-column elementor-element elementor-element-3df056e\" data-id=\"3df056e\" data-element_type=\"column\">\n\t\t\t<div class=\"elementor-widget-wrap elementor-element-populated\">\n\t\t\t\t\t\t<div class=\"elementor-element elementor-element-2401701 elementor-widget elementor-widget-heading\" data-id=\"2401701\" data-element_type=\"widget\" data-widget_type=\"heading.default\">\n\t\t\t\t<div class=\"elementor-widget-container\">\n\t\t\t\t\t<h2 class=\"elementor-heading-title elementor-size-default\">PRIKUPLJANJE PODATAKA<\/h2>\t\t\t\t<\/div>\n\t\t\t\t<\/div>\n\t\t\t\t\t<\/div>\n\t\t<\/div>\n\t\t\t\t<div class=\"elementor-column elementor-col-50 elementor-top-column elementor-element elementor-element-0b44142\" data-id=\"0b44142\" data-element_type=\"column\">\n\t\t\t<div class=\"elementor-widget-wrap elementor-element-populated\">\n\t\t\t\t\t\t<div class=\"elementor-element elementor-element-7a51faa elementor-widget elementor-widget-text-editor\" data-id=\"7a51faa\" data-element_type=\"widget\" data-widget_type=\"text-editor.default\">\n\t\t\t\t<div class=\"elementor-widget-container\">\n\t\t\t\t\t\t\t\t\t<p>Li\u010dni podaci su svi oni podaci koji se odnose na utvr\u0111enu osobu ili fizi\u010dku osobu koju je mogu\u0107e utvrditi (ispitanik). Utvr\u0111eno fizi\u010dka osoba je ona koja mo\u017ee biti utvr\u0111ena, direktno ili indirektno, posebno putem reference na identifikacioni podatak kao \u0161to je ime, identifikacioni broj, podaci o\u00a0lokaciji, onlajn identifikacija ili jedan ili vi\u0161e faktora koji su specifi\u010dni za fizi\u010dke, fiziolo\u0161ke, genetske, mentalne, ekonomske, kulturne ili socijalne identitete te fizi\u010dke osobe.<br \/>\nNe prikupljamo li\u010dne podatke o pojedincima osim kada odre\u0111eni pojedinci izri\u010dito pru\u017ee te informacije na dobrovoljnoj osnovi. Va\u0161e informacije prikupljamo kada ispunjavate obrazac za kontakt, ili se prijavljujete za dostavu biltena.<br \/>\nKorisnici bi tako\u0111e trebalo da budu svesni da \u0107emo mo\u017eda prikupljati neli\u010dne podatke i informacije putem standardnog rada na\u0161ih internet servera ili upotrebe kola\u010di\u0107a. za vi\u0161e informacija o na\u0161em kori\u0161\u0107enju kola\u010di\u0107a.<br \/>\nPrimeri informacija koje prikupljamo o va\u0161em kori\u0161\u0107enju izme\u0111u ostalog sadr\u017ee: najva\u017enije pregledane i pose\u0107ene stranice i linkove na na\u0161oj veb-stranici, broj ispunjavanja obrazaca, vreme provedeno na stranicama, glavne klju\u010dne re\u010di upotrebljene izvan stranica koje su kupce dovele na na\u0161e veb-stranice, va\u0161a adresa internet protokola (IP), informacije prikupljene putem kola\u010di\u0107a, informacije o doga\u0111ajima ure\u0111aja kao \u0161to su aktivnosti sistema, hardverske postavke, vrsta pregleda\u010da i tako dalje.<\/p>\n\t\t\t\t\t\t\t\t<\/div>\n\t\t\t\t<\/div>\n\t\t\t\t\t<\/div>\n\t\t<\/div>\n\t\t\t\t\t<\/div>\n\t\t<\/section>\n\t\t\t\t<section class=\"elementor-section elementor-top-section elementor-element elementor-element-e01ee99 elementor-section-height-min-height elementor-section-items-top elementor-section-boxed elementor-section-height-default\" data-id=\"e01ee99\" data-element_type=\"section\">\n\t\t\t\t\t\t<div class=\"elementor-container elementor-column-gap-default\">\n\t\t\t\t\t<div class=\"elementor-column elementor-col-50 elementor-top-column elementor-element elementor-element-b0f9bf4\" data-id=\"b0f9bf4\" data-element_type=\"column\">\n\t\t\t<div class=\"elementor-widget-wrap elementor-element-populated\">\n\t\t\t\t\t\t<div class=\"elementor-element elementor-element-eaa0db7 elementor-widget elementor-widget-heading\" data-id=\"eaa0db7\" data-element_type=\"widget\" data-widget_type=\"heading.default\">\n\t\t\t\t<div class=\"elementor-widget-container\">\n\t\t\t\t\t<h2 class=\"elementor-heading-title elementor-size-default\">OBRADA PODATAKA<\/h2>\t\t\t\t<\/div>\n\t\t\t\t<\/div>\n\t\t\t\t\t<\/div>\n\t\t<\/div>\n\t\t\t\t<div class=\"elementor-column elementor-col-50 elementor-top-column elementor-element elementor-element-ed40116\" data-id=\"ed40116\" data-element_type=\"column\">\n\t\t\t<div class=\"elementor-widget-wrap elementor-element-populated\">\n\t\t\t\t\t\t<div class=\"elementor-element elementor-element-170a422 elementor-widget elementor-widget-text-editor\" data-id=\"170a422\" data-element_type=\"widget\" data-widget_type=\"text-editor.default\">\n\t\t\t\t<div class=\"elementor-widget-container\">\n\t\t\t\t\t\t\t\t\t<p>Sve informacije koje od vas prikupimo mogu se upotrebljavati za jednu ili vi\u0161e slede\u0107ih svrha:<br \/>\nKako bismo vama li\u010dno prilagodili va\u0161 do\u017eivljaj (informacije \u0107e nam pomo\u0107i da bolje odgovorimo na va\u0161e individualne potrebe);<br \/>\nKako bismo pobolj\u0161ali na\u0161u veb-stranicu (neprestano nastojimo da pobolj\u0161amo ponudu na\u0161ih veb-stranica na osnovu informacija i povratnih informacija koje primimo od na\u0161ih kupaca);<br \/>\nKako bismo uspostavili primarni kanal za komunikaciju s vama;<br \/>\nKako bismo vam povremeno slali e-po\u0161tu (za dostavu povremenih novosti (pod uslovom da ih prihvatite), a\u017euriranja, s tim povezane informacije o uslugama ili proizvodima itd.)<\/p>\n\t\t\t\t\t\t\t\t<\/div>\n\t\t\t\t<\/div>\n\t\t\t\t\t<\/div>\n\t\t<\/div>\n\t\t\t\t\t<\/div>\n\t\t<\/section>\n\t\t\t\t<section class=\"elementor-section elementor-top-section elementor-element elementor-element-b217d51 elementor-section-height-min-height elementor-section-items-top elementor-section-boxed elementor-section-height-default\" data-id=\"b217d51\" data-element_type=\"section\">\n\t\t\t\t\t\t<div class=\"elementor-container elementor-column-gap-default\">\n\t\t\t\t\t<div class=\"elementor-column elementor-col-50 elementor-top-column elementor-element elementor-element-6e1f022\" data-id=\"6e1f022\" data-element_type=\"column\">\n\t\t\t<div class=\"elementor-widget-wrap elementor-element-populated\">\n\t\t\t\t\t\t<div class=\"elementor-element elementor-element-c50ca83 elementor-widget elementor-widget-heading\" data-id=\"c50ca83\" data-element_type=\"widget\" data-widget_type=\"heading.default\">\n\t\t\t\t<div class=\"elementor-widget-container\">\n\t\t\t\t\t<h2 class=\"elementor-heading-title elementor-size-default\">UPOTREBA KOLA\u010cI\u0106A<\/h2>\t\t\t\t<\/div>\n\t\t\t\t<\/div>\n\t\t\t\t\t<\/div>\n\t\t<\/div>\n\t\t\t\t<div class=\"elementor-column elementor-col-50 elementor-top-column elementor-element elementor-element-174a2f7\" data-id=\"174a2f7\" data-element_type=\"column\">\n\t\t\t<div class=\"elementor-widget-wrap elementor-element-populated\">\n\t\t\t\t\t\t<div class=\"elementor-element elementor-element-74deb14 elementor-widget elementor-widget-text-editor\" data-id=\"74deb14\" data-element_type=\"widget\" data-widget_type=\"text-editor.default\">\n\t\t\t\t<div class=\"elementor-widget-container\">\n\t\t\t\t\t\t\t\t\t<p>Za vi\u0161e informacija o na\u010dinu upotrebe kola\u010di\u0107a pogledajte na\u0161u politiku upotrebe kola\u010di\u0107a.<\/p>\n\t\t\t\t\t\t\t\t<\/div>\n\t\t\t\t<\/div>\n\t\t\t\t\t<\/div>\n\t\t<\/div>\n\t\t\t\t\t<\/div>\n\t\t<\/section>\n\t\t\t\t<section class=\"elementor-section elementor-top-section elementor-element elementor-element-67132cb elementor-section-height-min-height elementor-section-items-top elementor-section-boxed elementor-section-height-default\" data-id=\"67132cb\" data-element_type=\"section\">\n\t\t\t\t\t\t<div class=\"elementor-container elementor-column-gap-default\">\n\t\t\t\t\t<div class=\"elementor-column elementor-col-50 elementor-top-column elementor-element elementor-element-263f866\" data-id=\"263f866\" data-element_type=\"column\">\n\t\t\t<div class=\"elementor-widget-wrap elementor-element-populated\">\n\t\t\t\t\t\t<div class=\"elementor-element elementor-element-55e1362 elementor-widget elementor-widget-heading\" data-id=\"55e1362\" data-element_type=\"widget\" data-widget_type=\"heading.default\">\n\t\t\t\t<div class=\"elementor-widget-container\">\n\t\t\t\t\t<h2 class=\"elementor-heading-title elementor-size-default\">ZA\u0160TITA VA\u0160IH INFORMACIJA<\/h2>\t\t\t\t<\/div>\n\t\t\t\t<\/div>\n\t\t\t\t\t<\/div>\n\t\t<\/div>\n\t\t\t\t<div class=\"elementor-column elementor-col-50 elementor-top-column elementor-element elementor-element-e272412\" data-id=\"e272412\" data-element_type=\"column\">\n\t\t\t<div class=\"elementor-widget-wrap elementor-element-populated\">\n\t\t\t\t\t\t<div class=\"elementor-element elementor-element-dba36ed elementor-widget elementor-widget-text-editor\" data-id=\"dba36ed\" data-element_type=\"widget\" data-widget_type=\"text-editor.default\">\n\t\t\t\t<div class=\"elementor-widget-container\">\n\t\t\t\t\t\t\t\t\t<p>Kako bismo unapredili za\u0161titu sigurnosti podataka i informacija kojima se mo\u017ee utvrditi va\u0161 identitet, a koje prenosite upotrebom ove veb-stranice, imamo stalne mere fizi\u010dke, tehni\u010dke i administrativne za\u0161tite. A\u017euriramo i unapre\u0111ujemo, ispitujemo na\u0161u sigurnosnu tehnologiju neprestano. Pristup va\u0161im li\u010dnim podacima ograni\u010davamo samo na one zaposlene koji moraju raspolagati tim informacijama kako bi vam pru\u017eili neko dobro ili uslugu. Dodatno podu\u010davamo na\u0161e zaposlene o\u00a0va\u017enosti poverljivosti podataka i o\u010duvanja za\u0161tite i sigurnosti va\u0161ih informacija. Mi smo se opredelili da po potrebi preduzmemo disciplinske mere kako bismo osigurali da na\u0161i zaposleni postupaju u\u00a0skladu sa zahtevima za\u0161tite va\u0161ih li\u010dnih podataka.<\/p>\n\t\t\t\t\t\t\t\t<\/div>\n\t\t\t\t<\/div>\n\t\t\t\t\t<\/div>\n\t\t<\/div>\n\t\t\t\t\t<\/div>\n\t\t<\/section>\n\t\t\t\t<section class=\"elementor-section elementor-top-section elementor-element elementor-element-a7c96c7 elementor-section-height-min-height elementor-section-items-top elementor-section-boxed elementor-section-height-default\" data-id=\"a7c96c7\" data-element_type=\"section\">\n\t\t\t\t\t\t<div class=\"elementor-container elementor-column-gap-default\">\n\t\t\t\t\t<div class=\"elementor-column elementor-col-50 elementor-top-column elementor-element elementor-element-6404a0c\" data-id=\"6404a0c\" data-element_type=\"column\">\n\t\t\t<div class=\"elementor-widget-wrap elementor-element-populated\">\n\t\t\t\t\t\t<div class=\"elementor-element elementor-element-b23218e elementor-widget elementor-widget-heading\" data-id=\"b23218e\" data-element_type=\"widget\" data-widget_type=\"heading.default\">\n\t\t\t\t<div class=\"elementor-widget-container\">\n\t\t\t\t\t<h2 class=\"elementor-heading-title elementor-size-default\">PRAVA ISPITANIKA<\/h2>\t\t\t\t<\/div>\n\t\t\t\t<\/div>\n\t\t\t\t\t<\/div>\n\t\t<\/div>\n\t\t\t\t<div class=\"elementor-column elementor-col-50 elementor-top-column elementor-element elementor-element-cff4523\" data-id=\"cff4523\" data-element_type=\"column\">\n\t\t\t<div class=\"elementor-widget-wrap elementor-element-populated\">\n\t\t\t\t\t\t<div class=\"elementor-element elementor-element-0f7dcae elementor-widget elementor-widget-text-editor\" data-id=\"0f7dcae\" data-element_type=\"widget\" data-widget_type=\"text-editor.default\">\n\t\t\t\t<div class=\"elementor-widget-container\">\n\t\t\t\t\t\t\t\t\t<p>Ako \u017eelite da potvrdite da obra\u0111ujemo va\u0161e li\u010dne podatke, ili \u017eelite da pristupite li\u010dnim podacima koje mo\u017eda o vama posedujemo, molimo da nam se javite na adresu info@ecg-electro.eu.<\/p>\n<p>Osim toga, mo\u017eete zatra\u017eiti informacije o svrsi obrade, kategorijama li\u010dnih podataka, ko je sve osim nas mo\u017eda dobio te podatke od nas, koji je bio izvor informacija (u slu\u010daju da nam ih niste direktno pru\u017eili) i koliko dugo \u0107e biti pohranjene. Imate pravo na ispravku zapisa va\u0161ih li\u010dnih podataka koje vodimo, ako su neta\u010dni. Osim pod odre\u0111enim uslovima, mo\u017eete tra\u017eiti da obri\u0161emo va\u0161e podatke ili da ih prestanemo obra\u0111ivati. Tako\u0111e mo\u017eete zatra\u017eiti da prestanemo s kori\u0161\u0107enjem va\u0161ih podataka u\u00a0svrhe direktnog marketinga. U mnogim zemljama imate pravo da podnesete prigovor kod odgovaraju\u0107eg javnog tela za za\u0161titu podataka ako niste sigurni u ispravnost na\u0161eg postupanja s\u00a0podacima. Kad god je to tehni\u010dki izvodljivo, mi \u0107emo vam na va\u0161 zahtev predati va\u0161e li\u010dne podatke ili ih preneti direktno nekom drugom kontroleru.<\/p>\n<p>Pristup va\u0161im li\u010dnim podacima u razumnoj meri omogu\u0107i\u0107emo vam besplatno nakon \u0161to to zatra\u017eite na po@gdprinformer.com. Ako pristup nije mogu\u0107e omogu\u0107iti u razumnom roku, da\u0107emo vam datum kada \u0107e informacija biti pru\u017eena. Ako vam pristup iz nekog razloga bude odbijen, objasni\u0107emo vam za\u0161to je odbijen.<\/p>\n\t\t\t\t\t\t\t\t<\/div>\n\t\t\t\t<\/div>\n\t\t\t\t\t<\/div>\n\t\t<\/div>\n\t\t\t\t\t<\/div>\n\t\t<\/section>\n\t\t\t\t<section class=\"elementor-section elementor-top-section elementor-element elementor-element-38b2cb4 elementor-section-height-min-height elementor-section-items-top elementor-section-boxed elementor-section-height-default\" data-id=\"38b2cb4\" data-element_type=\"section\">\n\t\t\t\t\t\t<div class=\"elementor-container elementor-column-gap-default\">\n\t\t\t\t\t<div class=\"elementor-column elementor-col-50 elementor-top-column elementor-element elementor-element-0fb4907\" data-id=\"0fb4907\" data-element_type=\"column\">\n\t\t\t<div class=\"elementor-widget-wrap elementor-element-populated\">\n\t\t\t\t\t\t<div class=\"elementor-element elementor-element-8869a77 elementor-widget elementor-widget-heading\" data-id=\"8869a77\" data-element_type=\"widget\" data-widget_type=\"heading.default\">\n\t\t\t\t<div class=\"elementor-widget-container\">\n\t\t\t\t\t<h2 class=\"elementor-heading-title elementor-size-default\">OBAVE\u0160TENJE O POVREDI SIGURNOSTI LI\u010cNIH PODATAKA<\/h2>\t\t\t\t<\/div>\n\t\t\t\t<\/div>\n\t\t\t\t\t<\/div>\n\t\t<\/div>\n\t\t\t\t<div class=\"elementor-column elementor-col-50 elementor-top-column elementor-element elementor-element-66c69dc\" data-id=\"66c69dc\" data-element_type=\"column\">\n\t\t\t<div class=\"elementor-widget-wrap elementor-element-populated\">\n\t\t\t\t\t\t<div class=\"elementor-element elementor-element-f5be2c3 elementor-widget elementor-widget-text-editor\" data-id=\"f5be2c3\" data-element_type=\"widget\" data-widget_type=\"text-editor.default\">\n\t\t\t\t<div class=\"elementor-widget-container\">\n\t\t\t\t\t\t\t\t\t<p>U slu\u010daju da va\u0161i podaci budu kompromitovani, obavesti\u0107emo vas i nadle\u017ena nadzorna tela u roku od 72 sata putem e-po\u0161te s informacijama o razmerama povrede, podacima na koje je povreda imala uticaj, svakom uticaju na usluge i na\u0161em akcionom planu za mere s ciljem osiguranja podataka i\u00a0ograni\u010denja bilo kakvog mogu\u0107eg negativnog efekta na ispitanike.<br \/>\nNe\u0107emo vas obavestiti u slede\u0107im slu\u010dajevima:<\/p>\n<p>uveli smo odgovaraju\u0107e tehni\u010dke i organizacione mere za\u0161tite (kao \u0161to je enkripcija) i te mere su bile primenjene na li\u010dne podatke koji su obuhva\u0107eni povredom sigurnosti li\u010dnih podataka, posebno one mere za\u0161tite koje podatke \u010dine nerazumljivima svakoj osobi koja nije ovla\u0161\u0107ena za pristup tim podacima;<br \/>\npreduzeli smo naknadne mere koje su osigurale da vrlo verovatno ne\u0107e do\u0107i do visokog rizika za prava i slobode ispitanika;<br \/>\nto bi uklju\u010dilo neproporcionalne napore (u tom slu\u010daju \u0107emo vas obavestiti na jednako efikasan na\u010din javnim saop\u0161tenjem ili sli\u010dnom merom).<\/p>\n<p>Povreda sigurnosti li\u010dnih podataka ozna\u010dava sigurnosnu povredu koja dovodi do slu\u010dajnog i\u00a0protivzakonitog uni\u0161tenja, gubitka, promene, neovla\u0161\u0107enog otkrivanja ili pristupa li\u010dnim podacima koji su preneseni, pohranjeni ili druga\u010dije obra\u0111eni u vezi s pru\u017eanjem usluga.<\/p>\n\t\t\t\t\t\t\t\t<\/div>\n\t\t\t\t<\/div>\n\t\t\t\t\t<\/div>\n\t\t<\/div>\n\t\t\t\t\t<\/div>\n\t\t<\/section>\n\t\t\t\t<section class=\"elementor-section elementor-top-section elementor-element elementor-element-87e6f27 elementor-section-height-min-height elementor-section-items-top elementor-section-boxed elementor-section-height-default\" data-id=\"87e6f27\" data-element_type=\"section\">\n\t\t\t\t\t\t<div class=\"elementor-container elementor-column-gap-default\">\n\t\t\t\t\t<div class=\"elementor-column elementor-col-50 elementor-top-column elementor-element elementor-element-34c676e\" data-id=\"34c676e\" data-element_type=\"column\">\n\t\t\t<div class=\"elementor-widget-wrap elementor-element-populated\">\n\t\t\t\t\t\t<div class=\"elementor-element elementor-element-e6e9a6a elementor-widget elementor-widget-heading\" data-id=\"e6e9a6a\" data-element_type=\"widget\" data-widget_type=\"heading.default\">\n\t\t\t\t<div class=\"elementor-widget-container\">\n\t\t\t\t\t<h2 class=\"elementor-heading-title elementor-size-default\">PROMENE NA\u0160IH PRAVILA ZA\u0160TITE PODATAKA O LI\u010cNOSTI<\/h2>\t\t\t\t<\/div>\n\t\t\t\t<\/div>\n\t\t\t\t\t<\/div>\n\t\t<\/div>\n\t\t\t\t<div class=\"elementor-column elementor-col-50 elementor-top-column elementor-element elementor-element-330661c\" data-id=\"330661c\" data-element_type=\"column\">\n\t\t\t<div class=\"elementor-widget-wrap elementor-element-populated\">\n\t\t\t\t\t\t<div class=\"elementor-element elementor-element-dc8f661 elementor-widget elementor-widget-text-editor\" data-id=\"dc8f661\" data-element_type=\"widget\" data-widget_type=\"text-editor.default\">\n\t\t\t\t<div class=\"elementor-widget-container\">\n\t\t\t\t\t\t\t\t\t<p>Ako odlu\u010dimo da promenimo ova Pravila za\u0161tite podataka o li\u010dnosti, te \u0107emo promene oglasiti na ovoj stranici i\/ili izmeniti datum izmene koji se navodi u nastavku.<br \/>\nZadnja izmena ovih Pravila o za\u0161titi podataka o li\u010dnosti bila je 25. maja 2018.<\/p>\n\t\t\t\t\t\t\t\t<\/div>\n\t\t\t\t<\/div>\n\t\t\t\t\t<\/div>\n\t\t<\/div>\n\t\t\t\t\t<\/div>\n\t\t<\/section>\n\t\t\t\t<\/div>\n\t\t","protected":false},"excerpt":{"rendered":"<p>ZA\u0160TITA LI\u010cNIH PODATAKA K+B Progres a.s (\u201cwe\u201d, \u201cus\u201d, \u201cour\u201d, etc.) vlasnik je vlasnik veb-stranice ecg-electro.eu (\u201eveb-stranica\u201d). Izradili smo ovu izjavu o pravilima za\u0161tite li\u010dnih podataka kako bismo pokazali na\u0161u odlu\u010dnost da \u0161titimo li\u010dne podatke i informisali fizi\u010dke osobe o na\u010dinima na koje prikupljamo i obra\u0111ujemo li\u010dne podatke za potrebe ove veb-stranice. Pa\u017eljivo pro\u010ditajte ova pravila [&hellip;]<\/p>\n","protected":false},"author":1,"featured_media":0,"parent":0,"menu_order":0,"comment_status":"closed","ping_status":"closed","template":"elementor_header_footer","meta":{"_acf_changed":false,"_monsterinsights_skip_tracking":false,"_monsterinsights_sitenote_active":false,"_monsterinsights_sitenote_note":"","_monsterinsights_sitenote_category":0,"footnotes":""},"class_list":["post-241154","page","type-page","status-publish","hentry"],"acf":[],"_links":{"self":[{"href":"https:\/\/ecg-electro.eu\/hr\/wp-json\/wp\/v2\/pages\/241154","targetHints":{"allow":["GET"]}}],"collection":[{"href":"https:\/\/ecg-electro.eu\/hr\/wp-json\/wp\/v2\/pages"}],"about":[{"href":"https:\/\/ecg-electro.eu\/hr\/wp-json\/wp\/v2\/types\/page"}],"author":[{"embeddable":true,"href":"https:\/\/ecg-electro.eu\/hr\/wp-json\/wp\/v2\/users\/1"}],"replies":[{"embeddable":true,"href":"https:\/\/ecg-electro.eu\/hr\/wp-json\/wp\/v2\/comments?post=241154"}],"version-history":[{"count":5,"href":"https:\/\/ecg-electro.eu\/hr\/wp-json\/wp\/v2\/pages\/241154\/revisions"}],"predecessor-version":[{"id":2053408,"href":"https:\/\/ecg-electro.eu\/hr\/wp-json\/wp\/v2\/pages\/241154\/revisions\/2053408"}],"wp:attachment":[{"href":"https:\/\/ecg-electro.eu\/hr\/wp-json\/wp\/v2\/media?parent=241154"}],"curies":[{"name":"wp","href":"https:\/\/api.w.org\/{rel}","templated":true}]}}