{"id":225148,"date":"2021-03-06T16:13:52","date_gmt":"2021-03-06T16:13:52","guid":{"rendered":"https:\/\/ecg-electro.eu\/uvjeti-garancije\/"},"modified":"2021-06-24T08:56:26","modified_gmt":"2021-06-24T08:56:26","slug":"uvjeti-garancije","status":"publish","type":"page","link":"https:\/\/ecg-electro.eu\/hr\/uvjeti-garancije\/","title":{"rendered":"Uvjeti garancije"},"content":{"rendered":"\t\t<div data-elementor-type=\"wp-page\" data-elementor-id=\"225148\" class=\"elementor elementor-225148 elementor-216290\" data-elementor-post-type=\"page\">\n\t\t\t\t\t\t<section data-dce-background-color=\"#F6F6F6\" class=\"elementor-section elementor-top-section elementor-element elementor-element-d7fd64c elementor-section-boxed elementor-section-height-default elementor-section-height-default\" data-id=\"d7fd64c\" data-element_type=\"section\" data-e-type=\"section\" data-settings=\"{&quot;background_background&quot;:&quot;classic&quot;}\">\n\t\t\t\t\t\t<div class=\"elementor-container elementor-column-gap-default\">\n\t\t\t\t\t<div class=\"elementor-column elementor-col-100 elementor-top-column elementor-element elementor-element-204815f\" data-id=\"204815f\" data-element_type=\"column\" data-e-type=\"column\">\n\t\t\t<div class=\"elementor-widget-wrap elementor-element-populated\">\n\t\t\t\t\t\t<div class=\"elementor-element elementor-element-4afce37 elementor-widget elementor-widget-image\" data-id=\"4afce37\" data-element_type=\"widget\" data-e-type=\"widget\" data-widget_type=\"image.default\">\n\t\t\t\t<div class=\"elementor-widget-container\">\n\t\t\t\t\t\t\t\t\t\t\t\t\t\t\t<img decoding=\"async\" src=\"https:\/\/ecg-electro.eu\/wp-content\/uploads\/2021\/04\/ecg_terms_conditions.jpg\" title=\"\" alt=\"\" loading=\"lazy\" \/>\t\t\t\t\t\t\t\t\t\t\t\t\t\t\t<\/div>\n\t\t\t\t<\/div>\n\t\t\t\t\t<\/div>\n\t\t<\/div>\n\t\t\t\t\t<\/div>\n\t\t<\/section>\n\t\t\t\t<section class=\"elementor-section elementor-top-section elementor-element elementor-element-23d40a8 elementor-section-boxed elementor-section-height-default elementor-section-height-default\" data-id=\"23d40a8\" data-element_type=\"section\" data-e-type=\"section\">\n\t\t\t\t\t\t<div class=\"elementor-container elementor-column-gap-default\">\n\t\t\t\t\t<div class=\"elementor-column elementor-col-100 elementor-top-column elementor-element elementor-element-9f9c222\" data-id=\"9f9c222\" data-element_type=\"column\" data-e-type=\"column\">\n\t\t\t<div class=\"elementor-widget-wrap elementor-element-populated\">\n\t\t\t\t\t\t<div data-dce-title-color=\"#272727\" class=\"elementor-element elementor-element-8818706 elementor-widget elementor-widget-heading\" data-id=\"8818706\" data-element_type=\"widget\" data-e-type=\"widget\" data-widget_type=\"heading.default\">\n\t\t\t\t<div class=\"elementor-widget-container\">\n\t\t\t\t\t<h1 class=\"elementor-heading-title elementor-size-default\">Uvjeti garancije<\/h1>\t\t\t\t<\/div>\n\t\t\t\t<\/div>\n\t\t\t\t\t<\/div>\n\t\t<\/div>\n\t\t\t\t\t<\/div>\n\t\t<\/section>\n\t\t\t\t<section class=\"elementor-section elementor-top-section elementor-element elementor-element-9bfa8c1 elementor-section-height-min-height elementor-section-items-top elementor-section-boxed elementor-section-height-default\" data-id=\"9bfa8c1\" data-element_type=\"section\" data-e-type=\"section\">\n\t\t\t\t\t\t<div class=\"elementor-container elementor-column-gap-default\">\n\t\t\t\t\t<div class=\"elementor-column elementor-col-50 elementor-top-column elementor-element elementor-element-fec28e6\" data-id=\"fec28e6\" data-element_type=\"column\" data-e-type=\"column\">\n\t\t\t<div class=\"elementor-widget-wrap elementor-element-populated\">\n\t\t\t\t\t\t<div class=\"elementor-element elementor-element-bf552bb elementor-widget elementor-widget-heading\" data-id=\"bf552bb\" data-element_type=\"widget\" data-e-type=\"widget\" data-widget_type=\"heading.default\">\n\t\t\t\t<div class=\"elementor-widget-container\">\n\t\t\t\t\t<h2 class=\"elementor-heading-title elementor-size-default\">JAMSTVENI UVJETI<\/h2>\t\t\t\t<\/div>\n\t\t\t\t<\/div>\n\t\t\t\t\t<\/div>\n\t\t<\/div>\n\t\t\t\t<div class=\"elementor-column elementor-col-50 elementor-top-column elementor-element elementor-element-7a4c3e7\" data-id=\"7a4c3e7\" data-element_type=\"column\" data-e-type=\"column\">\n\t\t\t<div class=\"elementor-widget-wrap elementor-element-populated\">\n\t\t\t\t\t\t<div class=\"elementor-element elementor-element-b1f8c4e elementor-widget elementor-widget-text-editor\" data-id=\"b1f8c4e\" data-element_type=\"widget\" data-e-type=\"widget\" data-widget_type=\"text-editor.default\">\n\t\t\t\t<div class=\"elementor-widget-container\">\n\t\t\t\t\t\t\t\t\t<p>Za svaki proizvod vrijedi jamstveni rok od 24 mjeseca od datuma prodaje krajnjem korisniku. Jamstvo je ograni\u010deno sljede\u0107im uvjetima. Jamstvo vrijedi samo za robu koja se koristi za uobi\u010dajenu doma\u0107u uporabu. Jamstveni zahtjev mo\u017ee se podnijeti u prodavaonici distributera u kojoj je proizvod kupljen ili u ni\u017ee navedenim ovla\u0161tenim servisima. Krajnji je korisnik du\u017ean podnijeti jamstveni zahtjev odmah po pojavi kvara, ali samo prije isteka jamstvenog roka. Krajnji korisnik du\u017ean je sura\u0111ivati u postupku utvr\u0111ivanja nedostataka koji su temelj jamstvenog zahtjeva. Prihva\u0107aju se samo potpuni i \u010disti proizvodi (prema higijenskim standardima). U slu\u010daju utemeljenog jamstvenog zahtjeva, jamstvo \u0107e se produljiti za razdoblje jednako proteku vremena od datuma podno\u0161enja zahtjeva do datuma predaje proizvoda krajnjem korisniku, ili datuma na koji ga je krajnji korisnik du\u017ean preuzeti. Kako bi na temelju ovog jamstva ishodio servis, krajnji korisnik je du\u017ean dokumentirati svoj zahtjev propisno ispunjenim dokumentima: ra\u010dunom, jamstvenim listom, potvrdom o ugradnji.<\/p>\n<p><strong>Ovo jamstvo je osobito neva\u017ee\u0107e ako ne vrijedi bilo \u0161to od ni\u017ee navedenog:<\/strong><\/p>\n<ul>\n<li>Proizvod je bio na rasprodaji zbog svojih nedostataka.<\/li>\n<li>Proizvod je istro\u0161en ili o\u0161te\u0107en uobi\u010dajenom uporabom.<\/li>\n<li>Proizvod je o\u0161te\u0107en neprofesionalnom ili nepravilnom ugradnjom, koristio se suprotno va\u017ee\u0107em priru\u010dniku za uporabu, protivno zakonskoj regulativi i uobi\u010dajenom postupku uporabe ili se koristio u svrhu druk\u010diju od njegove namijenjene svrhe.<\/li>\n<li>Proizvod nije bio bri\u017eno \u010duvan ili je o\u0161te\u0107enje nastalo uslijed nedovoljnog odr\u017eavanja.<\/li>\n<li>Proizvod je o\u0161te\u0107en prljav\u0161tinom, nezgodom uzrokovanom djelovanjem vi\u0161e sile (prirodne katastrofe, po\u017eara, poplave itd.).<\/li>\n<li>Proizvod je o\u0161te\u0107en zbog lo\u0161e kvalitete signala, elektromagnetskog polja, itd.<\/li>\n<li>Proizvod je mehani\u010dki o\u0161te\u0107en (npr. slomljena tipka, pad,\u2026).<\/li>\n<li>\u0160tete uzrokovane uporabom neodgovaraju\u0107ih medija, nadjeva, potro\u0161nih materijala (baterija) ili neodgovaraju\u0107im radnim uvjetima (npr. visokim temperaturama ili vlagom, potresima,\u2026).<\/li>\n<li>Proizvod je o\u0161te\u0107en popravkom, izmjenom ili drugim nedopu\u0161tenim intervencijama neovla\u0161tene osobe.<\/li>\n<li>Krajnji korisnik nije dokazao svoje pravo na jamstvo (vrijeme i mjesto kupnje).<\/li>\n<li>Podaci na predo\u010denim dokumentima razlikuju se od podataka na proizvodima.<\/li>\n<li>Slu\u010dajevi u kojima se reklamirani proizvod ne mo\u017ee identificirati u skladu s predo\u010denim dokumentima (primjerice, o\u0161te\u0107en je serijski broj ili jamstveni pe\u010dat).<\/li>\n<\/ul>\n\t\t\t\t\t\t\t\t<\/div>\n\t\t\t\t<\/div>\n\t\t\t\t\t<\/div>\n\t\t<\/div>\n\t\t\t\t\t<\/div>\n\t\t<\/section>\n\t\t\t\t<section class=\"elementor-section elementor-top-section elementor-element elementor-element-4f1642d elementor-section-height-min-height elementor-section-items-top elementor-section-boxed elementor-section-height-default\" data-id=\"4f1642d\" data-element_type=\"section\" data-e-type=\"section\">\n\t\t\t\t\t\t<div class=\"elementor-container elementor-column-gap-default\">\n\t\t\t\t\t<div class=\"elementor-column elementor-col-50 elementor-top-column elementor-element elementor-element-941e8c6\" data-id=\"941e8c6\" data-element_type=\"column\" data-e-type=\"column\">\n\t\t\t<div class=\"elementor-widget-wrap elementor-element-populated\">\n\t\t\t\t\t\t<div class=\"elementor-element elementor-element-303587d elementor-widget elementor-widget-heading\" data-id=\"303587d\" data-element_type=\"widget\" data-e-type=\"widget\" data-widget_type=\"heading.default\">\n\t\t\t\t<div class=\"elementor-widget-container\">\n\t\t\t\t\t<h2 class=\"elementor-heading-title elementor-size-default\">ODLAGANJE<\/h2>\t\t\t\t<\/div>\n\t\t\t\t<\/div>\n\t\t\t\t\t<\/div>\n\t\t<\/div>\n\t\t\t\t<div class=\"elementor-column elementor-col-50 elementor-top-column elementor-element elementor-element-c6883ac\" data-id=\"c6883ac\" data-element_type=\"column\" data-e-type=\"column\">\n\t\t\t<div class=\"elementor-widget-wrap elementor-element-populated\">\n\t\t\t\t\t\t<div class=\"elementor-element elementor-element-3a29199 elementor-widget elementor-widget-text-editor\" data-id=\"3a29199\" data-element_type=\"widget\" data-e-type=\"widget\" data-widget_type=\"text-editor.default\">\n\t\t\t\t<div class=\"elementor-widget-container\">\n\t\t\t\t\t\t\t\t\t<p>UPUTE I INFORMACIJE O ODLAGANJU ISKOR\u0160TENOG AMBALA\u017dNOG MATERIJALA<br \/>\nAmbala\u017eni materijal odlo\u017eite na javno odlagali\u0161te otpada.<br \/>\nODLAGANJE RABLJENIH ELEKTRI\u010cNIH I ELEKTRONI\u010cKIH URE\u0110AJA<br \/>\nZna\u010denje oznake na proizvodu, njegovom priboru ili ambala\u017ei ozna\u010dava da se taj proizvod ne tretira kao komunalni (ku\u0107ni) otpad. Molimo, odlo\u017eite ovaj proizvod na odgovaraju\u0107em sabirnom mjestu za recikliranje elektri\u010dnog i elektroni\u010dkog otpada. Alternativno, u nekim dr\u017eavama Europske unije ili drugim europskim dr\u017eavama, svoje proizvode mo\u017eete vratiti lokalnom trgovcu pri kupnji novog odgovaraju\u0107eg proizvoda.<br \/>\nPravilno odlaganje ovog proizvoda pomo\u0107i \u0107e u\u0161tedjeti vrijedne prirodne resurse i pomo\u0107i u\u00a0spre\u010davanju potencijalnih negativnih utjecaja na okoli\u0161 i zdravlje ljudi koje bi nepravilno zbrinjavanje otpada moglo prouzro\u010diti. Podrobnije informacije zatra\u017eite od lokalne samouprave ili najbli\u017eeg centra za sakupljanje otpada. Nepropisno odlaganje otpada ove vrste mo\u017ee, prema nacionalnim propisima, biti nov\u010dano ka\u017enjivo.<br \/>\nZa poslovne subjekte u Europskoj uniji:<br \/>\nAko \u017eelite odlo\u017eiti elektri\u010dni ili elektroni\u010dki ure\u0111aj, zatra\u017eite potrebne informacije od svog prodavatelja ili dobavlja\u010da. Zbrinjavanje u zemljama izvan Europske unije.<br \/>\nAko \u017eelite odlo\u017eiti ovaj proizvod, zatra\u017eite potrebne informacije o to\u010dnom na\u010dinu odlaganja od odgovaraju\u0107e slu\u017ebe lokalnih vlasti ili prodavatelja.<br \/>\nOvaj aparat udovoljava pravilima i propisima EU koji se odnose na elektromagnetsku i elektri\u010dnu sigurnost.<br \/>\nPromjene u tekstu, konstrukciji i tehni\u010dkim karakteristikama mogu biti u\u010dinjene bez prethodne obavijesti, i zadr\u017eavamo pravo izmjene.<\/p>\n\t\t\t\t\t\t\t\t<\/div>\n\t\t\t\t<\/div>\n\t\t\t\t\t<\/div>\n\t\t<\/div>\n\t\t\t\t\t<\/div>\n\t\t<\/section>\n\t\t\t\t<\/div>\n\t\t","protected":false},"excerpt":{"rendered":"<p>Uvjeti garancije JAMSTVENI UVJETI Za svaki proizvod vrijedi jamstveni rok od 24 mjeseca od datuma prodaje krajnjem korisniku. Jamstvo je ograni\u010deno sljede\u0107im uvjetima. Jamstvo vrijedi samo za robu koja se koristi za uobi\u010dajenu doma\u0107u uporabu. Jamstveni zahtjev mo\u017ee se podnijeti u prodavaonici distributera u kojoj je proizvod kupljen ili u ni\u017ee navedenim ovla\u0161tenim servisima. Krajnji [&hellip;]<\/p>\n","protected":false},"author":8,"featured_media":0,"parent":0,"menu_order":0,"comment_status":"closed","ping_status":"closed","template":"","meta":{"_acf_changed":false,"_monsterinsights_skip_tracking":false,"_monsterinsights_sitenote_active":false,"_monsterinsights_sitenote_note":"","_monsterinsights_sitenote_category":0,"footnotes":""},"class_list":["post-225148","page","type-page","status-publish","hentry"],"acf":[],"_links":{"self":[{"href":"https:\/\/ecg-electro.eu\/hr\/wp-json\/wp\/v2\/pages\/225148","targetHints":{"allow":["GET"]}}],"collection":[{"href":"https:\/\/ecg-electro.eu\/hr\/wp-json\/wp\/v2\/pages"}],"about":[{"href":"https:\/\/ecg-electro.eu\/hr\/wp-json\/wp\/v2\/types\/page"}],"author":[{"embeddable":true,"href":"https:\/\/ecg-electro.eu\/hr\/wp-json\/wp\/v2\/users\/8"}],"replies":[{"embeddable":true,"href":"https:\/\/ecg-electro.eu\/hr\/wp-json\/wp\/v2\/comments?post=225148"}],"version-history":[{"count":3,"href":"https:\/\/ecg-electro.eu\/hr\/wp-json\/wp\/v2\/pages\/225148\/revisions"}],"predecessor-version":[{"id":2027749,"href":"https:\/\/ecg-electro.eu\/hr\/wp-json\/wp\/v2\/pages\/225148\/revisions\/2027749"}],"wp:attachment":[{"href":"https:\/\/ecg-electro.eu\/hr\/wp-json\/wp\/v2\/media?parent=225148"}],"curies":[{"name":"wp","href":"https:\/\/api.w.org\/{rel}","templated":true}]}}