{"id":2024082,"date":"2021-04-14T08:06:53","date_gmt":"2021-04-14T08:06:53","guid":{"rendered":"https:\/\/ecg-electro.eu\/where-to-buy\/"},"modified":"2021-07-12T08:30:32","modified_gmt":"2021-07-12T08:30:32","slug":"where-to-buy","status":"publish","type":"page","link":"https:\/\/ecg-electro.eu\/hr\/gdje-kupiti\/","title":{"rendered":"Gdje kupiti"},"content":{"rendered":"\t\t<div data-elementor-type=\"wp-page\" data-elementor-id=\"2024082\" class=\"elementor elementor-2024082 elementor-253639\" data-elementor-post-type=\"page\">\n\t\t\t\t\t\t<section data-dce-background-color=\"#F6F6F6\" class=\"elementor-section elementor-top-section elementor-element elementor-element-b432f42 elementor-section-height-min-height elementor-section-boxed elementor-section-height-default elementor-section-items-middle\" data-id=\"b432f42\" data-element_type=\"section\" data-e-type=\"section\" data-settings=\"{&quot;background_background&quot;:&quot;classic&quot;}\">\n\t\t\t\t\t\t<div class=\"elementor-container elementor-column-gap-default\">\n\t\t\t\t\t<div class=\"elementor-column elementor-col-100 elementor-top-column elementor-element elementor-element-2eca32a\" data-id=\"2eca32a\" data-element_type=\"column\" data-e-type=\"column\">\n\t\t\t<div class=\"elementor-widget-wrap elementor-element-populated\">\n\t\t\t\t\t\t<div class=\"elementor-element elementor-element-f898446 elementor-widget elementor-widget-heading\" data-id=\"f898446\" data-element_type=\"widget\" data-e-type=\"widget\" data-widget_type=\"heading.default\">\n\t\t\t\t<div class=\"elementor-widget-container\">\n\t\t\t\t\t<h1 class=\"elementor-heading-title elementor-size-xxl\">Gdje kupiti<\/h1>\t\t\t\t<\/div>\n\t\t\t\t<\/div>\n\t\t\t\t<section class=\"elementor-section elementor-inner-section elementor-element elementor-element-3b6cc2e elementor-section-boxed elementor-section-height-default elementor-section-height-default\" data-id=\"3b6cc2e\" data-element_type=\"section\" data-e-type=\"section\">\n\t\t\t\t\t\t<div class=\"elementor-container elementor-column-gap-default\">\n\t\t\t\t\t<div class=\"elementor-column elementor-col-33 elementor-inner-column elementor-element elementor-element-75fc67d\" data-id=\"75fc67d\" data-element_type=\"column\" data-e-type=\"column\">\n\t\t\t<div class=\"elementor-widget-wrap elementor-element-populated\">\n\t\t\t\t\t\t<div class=\"elementor-element elementor-element-4fbabaf elementor-widget elementor-widget-heading\" data-id=\"4fbabaf\" data-element_type=\"widget\" data-e-type=\"widget\" data-widget_type=\"heading.default\">\n\t\t\t\t<div class=\"elementor-widget-container\">\n\t\t\t\t\t<h2 class=\"elementor-heading-title elementor-size-default\">NA\u0160I PARTNERI<\/h2>\t\t\t\t<\/div>\n\t\t\t\t<\/div>\n\t\t\t\t\t<\/div>\n\t\t<\/div>\n\t\t\t\t<div class=\"elementor-column elementor-col-66 elementor-inner-column elementor-element elementor-element-9c59103\" data-id=\"9c59103\" data-element_type=\"column\" data-e-type=\"column\">\n\t\t\t<div class=\"elementor-widget-wrap elementor-element-populated\">\n\t\t\t\t\t\t<div class=\"elementor-element elementor-element-d0cba45 elementor-widget elementor-widget-text-editor\" data-id=\"d0cba45\" data-element_type=\"widget\" data-e-type=\"widget\" data-widget_type=\"text-editor.default\">\n\t\t\t\t<div class=\"elementor-widget-container\">\n\t\t\t\t\t\t\t\t\t<p>Jedan od principa brenda ECG je velika dostupnost mnogim kupcima. Mi smo stoga otvoreni za suradnju sa svim vrstama prodajnih kanala. ECG robu mo\u017eete kupiti u trgovinama specijaliziranim za profesionalnu elektroniku \u010diji du\u0107ani se nalaze uglavnom u velikim gradovima, kao i kod lokalnih trgovaca smje\u0161tenih osobito u manjim gradovima i op\u0107inama. ECG proizvodi se mogu naru\u010diti putem on-line prodava\u010da s velikim i malim e-trgovinama. Kupci tako\u0111er mogu na\u0107i ECG proizvode u supermarketima me\u0111unarodnih maloprodajnih lanaca.<\/p>\n\t\t\t\t\t\t\t\t<\/div>\n\t\t\t\t<\/div>\n\t\t\t\t<div class=\"elementor-element elementor-element-d86262e elementor-widget elementor-widget-spacer\" data-id=\"d86262e\" data-element_type=\"widget\" data-e-type=\"widget\" data-settings=\"{&quot;enabled_visibility&quot;:&quot;yes&quot;,&quot;dce_visibility_selected&quot;:&quot;yes&quot;}\" data-widget_type=\"spacer.default\">\n\t\t\t\t<div class=\"elementor-widget-container\">\n\t\t\t\t\t\t\t<div class=\"elementor-spacer\">\n\t\t\t<div class=\"elementor-spacer-inner\"><\/div>\n\t\t<\/div>\n\t\t\t\t\t\t<\/div>\n\t\t\t\t<\/div>\n\t\t\t\t<div class=\"elementor-element elementor-element-38db1c4 elementor-widget elementor-widget-text-editor\" data-id=\"38db1c4\" data-element_type=\"widget\" data-e-type=\"widget\" data-widget_type=\"text-editor.default\">\n\t\t\t\t<div class=\"elementor-widget-container\">\n\t\t\t\t\t\t\t\t\t<p><strong>ECG proizvodi mogu se kupiti kod specijalista za elektroniku kao i kod lokalnih trgovaca.<\/strong><\/p>\n\t\t\t\t\t\t\t\t<\/div>\n\t\t\t\t<\/div>\n\t\t\t\t<div class=\"elementor-element elementor-element-d785b6f elementor-widget elementor-widget-spacer\" data-id=\"d785b6f\" data-element_type=\"widget\" data-e-type=\"widget\" data-settings=\"{&quot;enabled_visibility&quot;:&quot;yes&quot;,&quot;dce_visibility_selected&quot;:&quot;yes&quot;}\" data-widget_type=\"spacer.default\">\n\t\t\t\t<div class=\"elementor-widget-container\">\n\t\t\t\t\t\t\t<div class=\"elementor-spacer\">\n\t\t\t<div class=\"elementor-spacer-inner\"><\/div>\n\t\t<\/div>\n\t\t\t\t\t\t<\/div>\n\t\t\t\t<\/div>\n\t\t\t\t<div class=\"elementor-element elementor-element-a810a96 elementor-widget elementor-widget-text-editor\" data-id=\"a810a96\" data-element_type=\"widget\" data-e-type=\"widget\" data-widget_type=\"text-editor.default\">\n\t\t\t\t<div class=\"elementor-widget-container\">\n\t\t\t\t\t\t\t\t\t<p>ECG nije samo lokalni brend kao u pro\u0161losti. Tijekom vremena proizvodi ovog brenda pro\u0161irili su se na mnogim stranim tr\u017ei\u0161tima u Europi i izvan nje. Popularnost ECG proizvoda je u porastu, a osobito u europskim zemljama brend je zabilje\u017eio porast interesa trgovaca, kao i kupaca.<\/p>\n\t\t\t\t\t\t\t\t<\/div>\n\t\t\t\t<\/div>\n\t\t\t\t<div class=\"elementor-element elementor-element-d2567e0 elementor-widget elementor-widget-spacer\" data-id=\"d2567e0\" data-element_type=\"widget\" data-e-type=\"widget\" data-settings=\"{&quot;enabled_visibility&quot;:&quot;yes&quot;,&quot;dce_visibility_selected&quot;:&quot;yes&quot;}\" data-widget_type=\"spacer.default\">\n\t\t\t\t<div class=\"elementor-widget-container\">\n\t\t\t\t\t\t\t<div class=\"elementor-spacer\">\n\t\t\t<div class=\"elementor-spacer-inner\"><\/div>\n\t\t<\/div>\n\t\t\t\t\t\t<\/div>\n\t\t\t\t<\/div>\n\t\t\t\t<div class=\"elementor-element elementor-element-e62499f elementor-widget elementor-widget-text-editor\" data-id=\"e62499f\" data-element_type=\"widget\" data-e-type=\"widget\" data-widget_type=\"text-editor.default\">\n\t\t\t\t<div class=\"elementor-widget-container\">\n\t\t\t\t\t\t\t\t\t<p><strong>ECG proizvodi su popularni me\u0111u klijentima u razli\u010ditim dijelovima Europe.<\/strong><\/p>\n\t\t\t\t\t\t\t\t<\/div>\n\t\t\t\t<\/div>\n\t\t\t\t\t<\/div>\n\t\t<\/div>\n\t\t\t\t\t<\/div>\n\t\t<\/section>\n\t\t\t\t\t<\/div>\n\t\t<\/div>\n\t\t\t\t\t<\/div>\n\t\t<\/section>\n\t\t\t\t<section class=\"elementor-section elementor-top-section elementor-element elementor-element-eef33ba elementor-section-boxed elementor-section-height-default elementor-section-height-default\" data-id=\"eef33ba\" data-element_type=\"section\" data-e-type=\"section\">\n\t\t\t\t\t\t<div class=\"elementor-container elementor-column-gap-default\">\n\t\t\t\t\t<div class=\"elementor-column elementor-col-100 elementor-top-column elementor-element elementor-element-f2b22ec\" data-id=\"f2b22ec\" data-element_type=\"column\" data-e-type=\"column\">\n\t\t\t<div class=\"elementor-widget-wrap elementor-element-populated\">\n\t\t\t\t\t\t<div class=\"elementor-element elementor-element-9425c30 elementor-widget elementor-widget-shortcode\" data-id=\"9425c30\" data-element_type=\"widget\" data-e-type=\"widget\" data-widget_type=\"shortcode.default\">\n\t\t\t\t<div class=\"elementor-widget-container\">\n\t\t\t\t\t<div class=\"partners-container\"><div class=\"country-column\">\r\n\t\t<h2>Hrvatska<\/h2>\r\n\t\t<\/div><div class=\"sellers-column\"><div class=\"sellers-container\"><a href=\"http:\/\/www.spar.hr\/hr_HR.html\" target=\"_blank\" rel=\"noopener\"><div class=\"seller\"><img decoding=\"async\" src=\"https:\/\/ecg-electro.eu\/wp-content\/uploads\/2021\/05\/logo-2.jpg\" alt=\"interspar\"><\/div><\/a><a href=\"https:\/\/www.harveynorman.hr\/home\" target=\"_blank\" rel=\"noopener\"><div class=\"seller\"><img decoding=\"async\" src=\"https:\/\/ecg-electro.eu\/wp-content\/uploads\/2021\/06\/logo-1.jpg\" alt=\"harvey-norman\"><\/div><\/a><a href=\"http:\/\/www.plodine.hr\/\" target=\"_blank\" rel=\"noopener\"><div class=\"seller\"><img decoding=\"async\" src=\"https:\/\/ecg-electro.eu\/wp-content\/uploads\/2022\/02\/Plodine.png\" alt=\"plodine\"><\/div><\/a><a href=\"https:\/\/www.bodis.hr\/ecg\/\" target=\"_blank\" rel=\"noopener\"><div class=\"seller\"><img decoding=\"async\" src=\"https:\/\/ecg-electro.eu\/wp-content\/uploads\/2024\/03\/bodis_logo.jpg\" alt=\"bodis-2\"><\/div><\/a><a href=\"https:\/\/www.bigbang.hr\/\" target=\"_blank\" rel=\"noopener\"><div class=\"seller\"><img decoding=\"async\" src=\"https:\/\/ecg-electro.eu\/wp-content\/uploads\/2025\/05\/Bigbang-logo.png\" alt=\"bigbang\"><\/div><\/a><a href=\"https:\/\/termometal.hr\/\" target=\"_blank\" rel=\"noopener\"><div class=\"seller\"><img decoding=\"async\" src=\"https:\/\/ecg-electro.eu\/wp-content\/uploads\/2025\/05\/logo-termometal.png\" alt=\"termometal\"><\/div><\/a><a href=\"https:\/\/www.allmall.hr\/\" target=\"_blank\" rel=\"noopener\"><div class=\"seller\"><img decoding=\"async\" src=\"https:\/\/ecg-electro.eu\/wp-content\/uploads\/2025\/05\/logo-allmall-1.png\" alt=\"allmall\"><\/div><\/a><a href=\"https:\/\/bazzar.hr\/\" target=\"_blank\" rel=\"noopener\"><div class=\"seller\"><img decoding=\"async\" src=\"https:\/\/ecg-electro.eu\/wp-content\/uploads\/2025\/05\/Bazzar-logo-1.png\" alt=\"bazzar-3\"><\/div><\/a><a href=\"https:\/\/vacom.hr\/\" target=\"_blank\" rel=\"noopener\"><div class=\"seller\"><img decoding=\"async\" src=\"https:\/\/ecg-electro.eu\/wp-content\/uploads\/2025\/05\/Vacom-logo-e1747649024916.png\" alt=\"vacom\"><\/div><\/a><\/div><\/div><\/div>\t\t<div class=\"elementor-shortcode\"><\/div>\n\t\t\t\t\t\t<\/div>\n\t\t\t\t<\/div>\n\t\t\t\t\t<\/div>\n\t\t<\/div>\n\t\t\t\t\t<\/div>\n\t\t<\/section>\n\t\t\t\t<\/div>\n\t\t","protected":false},"excerpt":{"rendered":"<p>NA\u0160I PARTNERI Jedan od principa brenda ECG je velika dostupnost mnogim kupcima. Mi smo stoga otvoreni za suradnju sa svim vrstama prodajnih kanala. ECG robu mo\u017eete kupiti u trgovinama specijaliziranim za profesionalnu elektroniku \u010diji du\u0107ani se nalaze uglavnom u velikim gradovima, kao i kod lokalnih trgovaca smje\u0161tenih osobito u manjim gradovima i op\u0107inama. ECG proizvodi [&hellip;]<\/p>\n","protected":false},"author":1,"featured_media":0,"parent":0,"menu_order":0,"comment_status":"closed","ping_status":"closed","template":"elementor_header_footer","meta":{"_acf_changed":false,"_monsterinsights_skip_tracking":false,"_monsterinsights_sitenote_active":false,"_monsterinsights_sitenote_note":"","_monsterinsights_sitenote_category":0,"footnotes":""},"class_list":["post-2024082","page","type-page","status-publish","hentry"],"acf":[],"_links":{"self":[{"href":"https:\/\/ecg-electro.eu\/hr\/wp-json\/wp\/v2\/pages\/2024082","targetHints":{"allow":["GET"]}}],"collection":[{"href":"https:\/\/ecg-electro.eu\/hr\/wp-json\/wp\/v2\/pages"}],"about":[{"href":"https:\/\/ecg-electro.eu\/hr\/wp-json\/wp\/v2\/types\/page"}],"author":[{"embeddable":true,"href":"https:\/\/ecg-electro.eu\/hr\/wp-json\/wp\/v2\/users\/1"}],"replies":[{"embeddable":true,"href":"https:\/\/ecg-electro.eu\/hr\/wp-json\/wp\/v2\/comments?post=2024082"}],"version-history":[{"count":4,"href":"https:\/\/ecg-electro.eu\/hr\/wp-json\/wp\/v2\/pages\/2024082\/revisions"}],"predecessor-version":[{"id":2053791,"href":"https:\/\/ecg-electro.eu\/hr\/wp-json\/wp\/v2\/pages\/2024082\/revisions\/2053791"}],"wp:attachment":[{"href":"https:\/\/ecg-electro.eu\/hr\/wp-json\/wp\/v2\/media?parent=2024082"}],"curies":[{"name":"wp","href":"https:\/\/api.w.org\/{rel}","templated":true}]}}