{"id":241184,"date":"2021-03-06T16:22:21","date_gmt":"2021-03-06T16:22:21","guid":{"rendered":"https:\/\/ecg-electro.eu\/grundsaetze-zum-schutz-der-privatsphaere\/"},"modified":"2021-06-27T17:21:35","modified_gmt":"2021-06-27T17:21:35","slug":"grundsaetze-zum-schutz-der-privatsphaere","status":"publish","type":"page","link":"https:\/\/ecg-electro.eu\/de\/grundsaetze-zum-schutz-der-privatsphaere\/","title":{"rendered":"GrundS\u00e4tze zum Schutz der privatsph\u00e4re"},"content":{"rendered":"\t\t<div data-elementor-type=\"wp-page\" data-elementor-id=\"241184\" class=\"elementor elementor-241184 elementor-217752\" data-elementor-post-type=\"page\">\n\t\t\t\t\t\t<section class=\"elementor-section elementor-top-section elementor-element elementor-element-8dc5467 elementor-section-boxed elementor-section-height-default elementor-section-height-default\" data-id=\"8dc5467\" data-element_type=\"section\" data-settings=\"{&quot;background_background&quot;:&quot;classic&quot;}\">\n\t\t\t\t\t\t<div class=\"elementor-container elementor-column-gap-default\">\n\t\t\t\t\t<div class=\"elementor-column elementor-col-100 elementor-top-column elementor-element elementor-element-aa40a3e\" data-id=\"aa40a3e\" data-element_type=\"column\">\n\t\t\t<div class=\"elementor-widget-wrap elementor-element-populated\">\n\t\t\t\t\t\t<div class=\"elementor-element elementor-element-3408882 elementor-widget elementor-widget-image\" data-id=\"3408882\" data-element_type=\"widget\" data-widget_type=\"image.default\">\n\t\t\t\t<div class=\"elementor-widget-container\">\n\t\t\t\t\t\t\t\t\t\t\t\t\t\t\t<img decoding=\"async\" src=\"https:\/\/ecg-electro.eu\/wp-content\/uploads\/2021\/04\/ecg_terms_conditions.jpg\" title=\"\" alt=\"\" loading=\"lazy\" \/>\t\t\t\t\t\t\t\t\t\t\t\t\t\t\t<\/div>\n\t\t\t\t<\/div>\n\t\t\t\t\t<\/div>\n\t\t<\/div>\n\t\t\t\t\t<\/div>\n\t\t<\/section>\n\t\t\t\t<section class=\"elementor-section elementor-top-section elementor-element elementor-element-0cf60f3 elementor-section-boxed elementor-section-height-default elementor-section-height-default\" data-id=\"0cf60f3\" data-element_type=\"section\">\n\t\t\t\t\t\t<div class=\"elementor-container elementor-column-gap-default\">\n\t\t\t\t\t<div class=\"elementor-column elementor-col-100 elementor-top-column elementor-element elementor-element-44d8585\" data-id=\"44d8585\" data-element_type=\"column\">\n\t\t\t<div class=\"elementor-widget-wrap elementor-element-populated\">\n\t\t\t\t\t\t<div class=\"elementor-element elementor-element-bcad61e elementor-widget elementor-widget-heading\" data-id=\"bcad61e\" data-element_type=\"widget\" data-widget_type=\"heading.default\">\n\t\t\t\t<div class=\"elementor-widget-container\">\n\t\t\t\t\t<h2 class=\"elementor-heading-title elementor-size-default\">GRUNDS\u00c4TZE ZUM SCHUTZ DER PRIVATSPH\u00c4RE<\/h2>\t\t\t\t<\/div>\n\t\t\t\t<\/div>\n\t\t\t\t\t<\/div>\n\t\t<\/div>\n\t\t\t\t\t<\/div>\n\t\t<\/section>\n\t\t\t\t<section class=\"elementor-section elementor-top-section elementor-element elementor-element-8c8eefa elementor-section-boxed elementor-section-height-default elementor-section-height-default\" data-id=\"8c8eefa\" data-element_type=\"section\">\n\t\t\t\t\t\t<div class=\"elementor-container elementor-column-gap-default\">\n\t\t\t\t\t<div class=\"elementor-column elementor-col-100 elementor-top-column elementor-element elementor-element-605559d\" data-id=\"605559d\" data-element_type=\"column\">\n\t\t\t<div class=\"elementor-widget-wrap elementor-element-populated\">\n\t\t\t\t\t\t<div class=\"elementor-element elementor-element-c781242 elementor-widget elementor-widget-text-editor\" data-id=\"c781242\" data-element_type=\"widget\" data-widget_type=\"text-editor.default\">\n\t\t\t\t<div class=\"elementor-widget-container\">\n\t\t\t\t\t\t\t\t\t<p class=\"title-9\">Die Gesellschaft K + B Progres a.s. (\u201ewir\u201c, \u201euns\u201c, \u201eunsere\u201c usw.) ist Inhaber der Webseite ecg-electro.eu (\u201eWeb\u201c). Mit dieser Erkl\u00e4rung zum Schutz personenbezogener Daten \u00e4u\u00dfern wir unsere Verpflichtung zum Schutz der Privatsph\u00e4re einzelner Personen, die wir \u00fcber die Erfassung und Verarbeitung personenbezogener Daten f\u00fcr die Zwecke dieser Webseite zu informieren haben.<br \/>\nLesen Sie eingehend diese Grunds\u00e4tze zum Schutz der Privatsph\u00e4re, in denen Sie erfahren, wie Ihre Daten erfasst, verarbeitet und benutzt werden.<\/p>\n\t\t\t\t\t\t\t\t<\/div>\n\t\t\t\t<\/div>\n\t\t\t\t\t<\/div>\n\t\t<\/div>\n\t\t\t\t\t<\/div>\n\t\t<\/section>\n\t\t\t\t<section class=\"elementor-section elementor-top-section elementor-element elementor-element-a5c6331 elementor-section-height-min-height elementor-section-items-top elementor-section-boxed elementor-section-height-default\" data-id=\"a5c6331\" data-element_type=\"section\">\n\t\t\t\t\t\t<div class=\"elementor-container elementor-column-gap-default\">\n\t\t\t\t\t<div class=\"elementor-column elementor-col-50 elementor-top-column elementor-element elementor-element-f8c965c\" data-id=\"f8c965c\" data-element_type=\"column\">\n\t\t\t<div class=\"elementor-widget-wrap elementor-element-populated\">\n\t\t\t\t\t\t<div class=\"elementor-element elementor-element-528d901 elementor-widget elementor-widget-heading\" data-id=\"528d901\" data-element_type=\"widget\" data-widget_type=\"heading.default\">\n\t\t\t\t<div class=\"elementor-widget-container\">\n\t\t\t\t\t<h2 class=\"elementor-heading-title elementor-size-default\">BEAUFTRAGTER ZUM SCHUTZ PERSONENBEZOGENER DATEN<\/h2>\t\t\t\t<\/div>\n\t\t\t\t<\/div>\n\t\t\t\t\t<\/div>\n\t\t<\/div>\n\t\t\t\t<div class=\"elementor-column elementor-col-50 elementor-top-column elementor-element elementor-element-d6e904f\" data-id=\"d6e904f\" data-element_type=\"column\">\n\t\t\t<div class=\"elementor-widget-wrap elementor-element-populated\">\n\t\t\t\t\t\t<div class=\"elementor-element elementor-element-be6d827 elementor-widget elementor-widget-text-editor\" data-id=\"be6d827\" data-element_type=\"widget\" data-widget_type=\"text-editor.default\">\n\t\t\t\t<div class=\"elementor-widget-container\">\n\t\t\t\t\t\t\t\t\t<p>Inhaber und Betreiber der Webseiten ecg-electro.eu ist die Gesellschaft K + B Progres, a.s. mit Sitz in U Expertu 91, 250 69 Kl\u00ed\u010dany, IdNr.: 61860123, die im Einklang mit dem Gesetz Nr. 121\/2000 Slg., \u00fcber das Urheberrechtsgesetz, dazu berechtigt ist, Eigentumsrechte an diesen Webseiten geltend zu machen (weiter kurz \u201eBetreiber\u201c).<br \/>\nKontaktangaben des Verwalters:<br \/>\nZustellungsanschrift: K+B Progres,a.s., U Expertu 91, 250 69, Kl\u00ed\u010dany<br \/>\nEmail: oou@kbprogres.cz<\/p>\n\t\t\t\t\t\t\t\t<\/div>\n\t\t\t\t<\/div>\n\t\t\t\t\t<\/div>\n\t\t<\/div>\n\t\t\t\t\t<\/div>\n\t\t<\/section>\n\t\t\t\t<section class=\"elementor-section elementor-top-section elementor-element elementor-element-157b202 elementor-section-height-min-height elementor-section-items-top elementor-section-boxed elementor-section-height-default\" data-id=\"157b202\" data-element_type=\"section\">\n\t\t\t\t\t\t<div class=\"elementor-container elementor-column-gap-default\">\n\t\t\t\t\t<div class=\"elementor-column elementor-col-50 elementor-top-column elementor-element elementor-element-3df056e\" data-id=\"3df056e\" data-element_type=\"column\">\n\t\t\t<div class=\"elementor-widget-wrap elementor-element-populated\">\n\t\t\t\t\t\t<div class=\"elementor-element elementor-element-2401701 elementor-widget elementor-widget-heading\" data-id=\"2401701\" data-element_type=\"widget\" data-widget_type=\"heading.default\">\n\t\t\t\t<div class=\"elementor-widget-container\">\n\t\t\t\t\t<h2 class=\"elementor-heading-title elementor-size-default\">DATENERFASSUNG<\/h2>\t\t\t\t<\/div>\n\t\t\t\t<\/div>\n\t\t\t\t\t<\/div>\n\t\t<\/div>\n\t\t\t\t<div class=\"elementor-column elementor-col-50 elementor-top-column elementor-element elementor-element-0b44142\" data-id=\"0b44142\" data-element_type=\"column\">\n\t\t\t<div class=\"elementor-widget-wrap elementor-element-populated\">\n\t\t\t\t\t\t<div class=\"elementor-element elementor-element-7a51faa elementor-widget elementor-widget-text-editor\" data-id=\"7a51faa\" data-element_type=\"widget\" data-widget_type=\"text-editor.default\">\n\t\t\t\t<div class=\"elementor-widget-container\">\n\t\t\t\t\t\t\t\t\t<p>Personenbezogene Daten sind s\u00e4mtliche Informationen \u00fcber eine identifizierte oder identifizierbare physische Person (weiter kurz \u201eDatensubjekt\u201c). Eine identifizierbare physische Person ist eine physische Person, die direkt oder indirekt identifiziert werden kann, und zwar anhand von Identifizierungsmerkmalen wie Namen, Identifikationsnummer, Lokalisierungsangaben, Netzidentifikator oder eines bzw. mehrerer Sonderaspekte der physischen, physiologischen, genetischen, psychischen, \u00f6konomischen, kulturellen oder gesellschaftlichen Identit\u00e4t dieser Person.<br \/>\nWir sammeln nicht personenbezogene Daten physischer Personen, sofern diese nicht ausdr\u00fccklich und freiwillig gew\u00e4hrt werden. Ihre Daten werden erfasst, nach dem Sie ein Kontaktformular ausf\u00fcllen oder ein Mitteilungsblatt abonnieren.<br \/>\nDar\u00fcber hinaus m\u00fcssen Benutzer darauf aufmerksam gemacht werden, dass auch andere als personenbezogene Daten im Rahmen des Betriebes unserer Internet-Server oder bei der Benutzung von \u201eCookies\u201c automatisch erfasst werden k\u00f6nnen. Weitere Informationen dar\u00fcber, wie wir Cookies nutzen.<br \/>\nBeispiele von Informationen, die wir \u00fcber die Benutzung unserer Webseiten erfassen: die meist besuchten Webseiten und Links auf unserer Webseite, Anzahl der ausgef\u00fcllten Formulare, wie lange Sie auf der Webseite bleiben, die erfolgreichsten Schl\u00fcsselw\u00f6rter au\u00dferhalb unserer Webseiten, die Kunden auf unserer Webseite bringen, die Adresse Ihres Computers (IP-Adresse), mit Cookies gesammelte Informationen, Informationen \u00fcber Ger\u00e4teprozesse wie Systemaktivit\u00e4t, Hardware-Einstellung, Browsertyp usw.<\/p>\n\t\t\t\t\t\t\t\t<\/div>\n\t\t\t\t<\/div>\n\t\t\t\t\t<\/div>\n\t\t<\/div>\n\t\t\t\t\t<\/div>\n\t\t<\/section>\n\t\t\t\t<section class=\"elementor-section elementor-top-section elementor-element elementor-element-e01ee99 elementor-section-height-min-height elementor-section-items-top elementor-section-boxed elementor-section-height-default\" data-id=\"e01ee99\" data-element_type=\"section\">\n\t\t\t\t\t\t<div class=\"elementor-container elementor-column-gap-default\">\n\t\t\t\t\t<div class=\"elementor-column elementor-col-50 elementor-top-column elementor-element elementor-element-b0f9bf4\" data-id=\"b0f9bf4\" data-element_type=\"column\">\n\t\t\t<div class=\"elementor-widget-wrap elementor-element-populated\">\n\t\t\t\t\t\t<div class=\"elementor-element elementor-element-eaa0db7 elementor-widget elementor-widget-heading\" data-id=\"eaa0db7\" data-element_type=\"widget\" data-widget_type=\"heading.default\">\n\t\t\t\t<div class=\"elementor-widget-container\">\n\t\t\t\t\t<h2 class=\"elementor-heading-title elementor-size-default\">DATENVERARBEITUNG<\/h2>\t\t\t\t<\/div>\n\t\t\t\t<\/div>\n\t\t\t\t\t<\/div>\n\t\t<\/div>\n\t\t\t\t<div class=\"elementor-column elementor-col-50 elementor-top-column elementor-element elementor-element-ed40116\" data-id=\"ed40116\" data-element_type=\"column\">\n\t\t\t<div class=\"elementor-widget-wrap elementor-element-populated\">\n\t\t\t\t\t\t<div class=\"elementor-element elementor-element-170a422 elementor-widget elementor-widget-text-editor\" data-id=\"170a422\" data-element_type=\"widget\" data-widget_type=\"text-editor.default\">\n\t\t\t\t<div class=\"elementor-widget-container\">\n\t\t\t\t\t\t\t\t\t<p>S\u00e4mtliche \u00fcber Sie erfasste Informationen k\u00f6nnen f\u00fcr einen oder mehrere Zwecke benutzt werden:<br \/>\n\u2022 Personalisierung Ihrer Erfahrung (mit diesen Informationen k\u00f6nnen wir besser auf Ihre individuellen Bed\u00fcrfnisse eingehen);<br \/>\n\u2022 Verbesserung unserer Webseite (wir bem\u00fchen uns darum, stets das Angebot auf unseren Webseiten anhand von Informationen und Kunden-Feedback zu verbessern);<br \/>\n\u2022 Errichtung eines prim\u00e4ren Kanals zur Kommunikation mit Ihnen;<br \/>\n\u2022 Versendung von periodischen Emails (gelegentlich mit Neuigkeiten, sofern Sie sich damit einverstanden erkl\u00e4rten, Aktuelles, Produktinformationen, Betriebsinfo usw.)<\/p>\n\t\t\t\t\t\t\t\t<\/div>\n\t\t\t\t<\/div>\n\t\t\t\t\t<\/div>\n\t\t<\/div>\n\t\t\t\t\t<\/div>\n\t\t<\/section>\n\t\t\t\t<section class=\"elementor-section elementor-top-section elementor-element elementor-element-b217d51 elementor-section-height-min-height elementor-section-items-top elementor-section-boxed elementor-section-height-default\" data-id=\"b217d51\" data-element_type=\"section\">\n\t\t\t\t\t\t<div class=\"elementor-container elementor-column-gap-default\">\n\t\t\t\t\t<div class=\"elementor-column elementor-col-50 elementor-top-column elementor-element elementor-element-6e1f022\" data-id=\"6e1f022\" data-element_type=\"column\">\n\t\t\t<div class=\"elementor-widget-wrap elementor-element-populated\">\n\t\t\t\t\t\t<div class=\"elementor-element elementor-element-c50ca83 elementor-widget elementor-widget-heading\" data-id=\"c50ca83\" data-element_type=\"widget\" data-widget_type=\"heading.default\">\n\t\t\t\t<div class=\"elementor-widget-container\">\n\t\t\t\t\t<h2 class=\"elementor-heading-title elementor-size-default\">VERWENDUNG VON COOKIES<\/h2>\t\t\t\t<\/div>\n\t\t\t\t<\/div>\n\t\t\t\t\t<\/div>\n\t\t<\/div>\n\t\t\t\t<div class=\"elementor-column elementor-col-50 elementor-top-column elementor-element elementor-element-174a2f7\" data-id=\"174a2f7\" data-element_type=\"column\">\n\t\t\t<div class=\"elementor-widget-wrap elementor-element-populated\">\n\t\t\t\t\t\t<div class=\"elementor-element elementor-element-74deb14 elementor-widget elementor-widget-text-editor\" data-id=\"74deb14\" data-element_type=\"widget\" data-widget_type=\"text-editor.default\">\n\t\t\t\t<div class=\"elementor-widget-container\">\n\t\t\t\t\t\t\t\t\t<p>Informationen dar\u00fcber, wie wir Cookies benutzen, sind den Grunds\u00e4tzen zur Verwendung von Cookie-Dateien zu entnehmen.<\/p>\n\t\t\t\t\t\t\t\t<\/div>\n\t\t\t\t<\/div>\n\t\t\t\t\t<\/div>\n\t\t<\/div>\n\t\t\t\t\t<\/div>\n\t\t<\/section>\n\t\t\t\t<section class=\"elementor-section elementor-top-section elementor-element elementor-element-67132cb elementor-section-height-min-height elementor-section-items-top elementor-section-boxed elementor-section-height-default\" data-id=\"67132cb\" data-element_type=\"section\">\n\t\t\t\t\t\t<div class=\"elementor-container elementor-column-gap-default\">\n\t\t\t\t\t<div class=\"elementor-column elementor-col-50 elementor-top-column elementor-element elementor-element-263f866\" data-id=\"263f866\" data-element_type=\"column\">\n\t\t\t<div class=\"elementor-widget-wrap elementor-element-populated\">\n\t\t\t\t\t\t<div class=\"elementor-element elementor-element-55e1362 elementor-widget elementor-widget-heading\" data-id=\"55e1362\" data-element_type=\"widget\" data-widget_type=\"heading.default\">\n\t\t\t\t<div class=\"elementor-widget-container\">\n\t\t\t\t\t<h2 class=\"elementor-heading-title elementor-size-default\">SICHERUNG IHRER PERSONENBEZOGENER DATEN<\/h2>\t\t\t\t<\/div>\n\t\t\t\t<\/div>\n\t\t\t\t\t<\/div>\n\t\t<\/div>\n\t\t\t\t<div class=\"elementor-column elementor-col-50 elementor-top-column elementor-element elementor-element-e272412\" data-id=\"e272412\" data-element_type=\"column\">\n\t\t\t<div class=\"elementor-widget-wrap elementor-element-populated\">\n\t\t\t\t\t\t<div class=\"elementor-element elementor-element-dba36ed elementor-widget elementor-widget-text-editor\" data-id=\"dba36ed\" data-element_type=\"widget\" data-widget_type=\"text-editor.default\">\n\t\t\t\t<div class=\"elementor-widget-container\">\n\t\t\t\t\t\t\t\t\t<p>Den privaten Charakter von Daten und pers\u00f6nlich identifizierbaren Informationen, die Sie uns durch die Nutzung unserer Webseite \u00fcbergeben, werden mit Hilfe von physischen, technischen und administrativen Mitteln gesch\u00fctzt. Unsere Sicherheitstechnologien werden stets aktualisiert und getestet. Zugang zu Ihren pers\u00f6nlichen Daten haben nur diejenigen Angestellten, welche diese Informationen ben\u00f6tigen, um Ihnen geeignete Beg\u00fcnstigungen oder Dienstleistungen anbieten zu k\u00f6nnen. Unsere Mitarbeiter werden geschult, damit sie sich des \u00e4u\u00dfert privaten Charakters Ihrer Daten und der Anforderung an die Wahrung der Vertraulichkeit sowie an den Schutz dieser Daten bewusst sind. Wir verpflichten uns dazu, angemessene disziplinarische Ma\u00dfnahmen zu treffen, um die Wahrung der Vertraulichkeit seitens unserer Mitarbeiter zu gew\u00e4hrleisten.<\/p>\n\t\t\t\t\t\t\t\t<\/div>\n\t\t\t\t<\/div>\n\t\t\t\t\t<\/div>\n\t\t<\/div>\n\t\t\t\t\t<\/div>\n\t\t<\/section>\n\t\t\t\t<section class=\"elementor-section elementor-top-section elementor-element elementor-element-a7c96c7 elementor-section-height-min-height elementor-section-items-top elementor-section-boxed elementor-section-height-default\" data-id=\"a7c96c7\" data-element_type=\"section\">\n\t\t\t\t\t\t<div class=\"elementor-container elementor-column-gap-default\">\n\t\t\t\t\t<div class=\"elementor-column elementor-col-50 elementor-top-column elementor-element elementor-element-6404a0c\" data-id=\"6404a0c\" data-element_type=\"column\">\n\t\t\t<div class=\"elementor-widget-wrap elementor-element-populated\">\n\t\t\t\t\t\t<div class=\"elementor-element elementor-element-b23218e elementor-widget elementor-widget-heading\" data-id=\"b23218e\" data-element_type=\"widget\" data-widget_type=\"heading.default\">\n\t\t\t\t<div class=\"elementor-widget-container\">\n\t\t\t\t\t<h2 class=\"elementor-heading-title elementor-size-default\">RECHTE VON DATENSUBJEKTEN<\/h2>\t\t\t\t<\/div>\n\t\t\t\t<\/div>\n\t\t\t\t\t<\/div>\n\t\t<\/div>\n\t\t\t\t<div class=\"elementor-column elementor-col-50 elementor-top-column elementor-element elementor-element-cff4523\" data-id=\"cff4523\" data-element_type=\"column\">\n\t\t\t<div class=\"elementor-widget-wrap elementor-element-populated\">\n\t\t\t\t\t\t<div class=\"elementor-element elementor-element-0f7dcae elementor-widget elementor-widget-text-editor\" data-id=\"0f7dcae\" data-element_type=\"widget\" data-widget_type=\"text-editor.default\">\n\t\t\t\t<div class=\"elementor-widget-container\">\n\t\t\t\t\t\t\t\t\t<p>W\u00fcnschen Sie eine Best\u00e4tigung dar\u00fcber, dass wir Ihre pers\u00f6nlichen Daten verarbeiten? M\u00f6chten Sie Zugang zu Ihren pers\u00f6nlichen Daten erhalten? Kontaktieren Sie uns unter folgender Email: info@ecg-electro.eu.<\/p>\n<p>Sie k\u00f6nnen u.a. folgende Informationen einfordern: Verarbeitungszweck; Kategorien personenbezogener Daten; wer au\u00dfer uns die Daten gewinnen konnte; Informationsquelle (sofern die Angaben nicht von Ihnen stammen); wie lange die Daten aufbewahrt werden. Sie k\u00f6nnen eine \u00c4nderung Ihrer pers\u00f6nlichen Daten beantragen, falls die Angaben nicht richtig sind. Sie k\u00f6nnen sowohl eine L\u00f6schung oder ein Auslassen von Daten beantragen, sofern keine Ausnahmen gemacht werden. Sie k\u00f6nnen uns darum bitten, Ihre Daten weiterhin nicht mehr f\u00fcr direktes Marketing zu verwenden. Sollten Sie Bemerkungen zur der Art und Weise der Verarbeitung Ihrer Daten haben, k\u00f6nnen Sie sich in zahlreichen L\u00e4ndern an zust\u00e4ndigen Beh\u00f6rden zum Schutz personenbezogener Daten wenden. Falls technisch m\u00f6glich, \u00fcbergeben wir Ihre pers\u00f6nlichen Daten Ihnen oder direkt einem anderen Verwalter.<\/p>\n<p>Ein angemessener kostenloser Zugang zu Ihren Daten ist auf Anfrage unter dpo@gdprinformer.com m\u00f6glich. Sollte die Daten innerhalb einer angemessenen Frist nicht zug\u00e4nglich sein, teilen wir Ihnen mit, wann diese gew\u00e4hrt werden. Sollte der Zugang aus irgendeinem Grund verweigert werden, geben wir bzgl. dieser Ablehnung eine Erkl\u00e4rung ab.<\/p>\n\t\t\t\t\t\t\t\t<\/div>\n\t\t\t\t<\/div>\n\t\t\t\t\t<\/div>\n\t\t<\/div>\n\t\t\t\t\t<\/div>\n\t\t<\/section>\n\t\t\t\t<section class=\"elementor-section elementor-top-section elementor-element elementor-element-38b2cb4 elementor-section-height-min-height elementor-section-items-top elementor-section-boxed elementor-section-height-default\" data-id=\"38b2cb4\" data-element_type=\"section\">\n\t\t\t\t\t\t<div class=\"elementor-container elementor-column-gap-default\">\n\t\t\t\t\t<div class=\"elementor-column elementor-col-50 elementor-top-column elementor-element elementor-element-0fb4907\" data-id=\"0fb4907\" data-element_type=\"column\">\n\t\t\t<div class=\"elementor-widget-wrap elementor-element-populated\">\n\t\t\t\t\t\t<div class=\"elementor-element elementor-element-8869a77 elementor-widget elementor-widget-heading\" data-id=\"8869a77\" data-element_type=\"widget\" data-widget_type=\"heading.default\">\n\t\t\t\t<div class=\"elementor-widget-container\">\n\t\t\t\t\t<h2 class=\"elementor-heading-title elementor-size-default\">MEDEPFLICHT BEI DATENSCHUTZVERLETZUNG<\/h2>\t\t\t\t<\/div>\n\t\t\t\t<\/div>\n\t\t\t\t\t<\/div>\n\t\t<\/div>\n\t\t\t\t<div class=\"elementor-column elementor-col-50 elementor-top-column elementor-element elementor-element-66c69dc\" data-id=\"66c69dc\" data-element_type=\"column\">\n\t\t\t<div class=\"elementor-widget-wrap elementor-element-populated\">\n\t\t\t\t\t\t<div class=\"elementor-element elementor-element-f5be2c3 elementor-widget elementor-widget-text-editor\" data-id=\"f5be2c3\" data-element_type=\"widget\" data-widget_type=\"text-editor.default\">\n\t\t\t\t<div class=\"elementor-widget-container\">\n\t\t\t\t\t\t\t\t\t<p>Im Falle eines Missbrauchs Ihrer Daten, werden Sie und eine Aufsichtsbeh\u00f6rde hier\u00fcber innerhalb von 72 Stunden per Email zusammen mit folgenden Informationen informiert: Umfang der Verletzung, betroffene Daten, Auswirkungen auf die Dienstleistungen, unser Aktionsplan zur Sicherung der Daten und Minimierung weiterer negativer Auswirkungen auf Datensubjekte.<br \/>\nWir informieren Sie, falls:<\/p>\n<p>\u2022 wir angemessene technische und organisatorische Ma\u00dfnahmen (Verschl\u00fcsselung) eingef\u00fchrt und diese bei den betroffenen Daten benutzen, wobei vor allem diejenigen Ma\u00dfnahmen gemeint sind, aufgrund denen die Daten unverst\u00e4ndlich f\u00fcr Personen sind, denen kein Zugang gew\u00e4hrt wurde;<br \/>\n\u2022 wir Folgema\u00dfnahmen getroffen haben, die daf\u00fcr sorgen, dass h\u00f6chstwahrscheinlich nicht mehr ein hohes Risiko f\u00fcr die Rechte und Freiheiten der Datensubjekte besteht;<br \/>\n\u2022 ein unangemessener Aufwand n\u00f6tig ist (in einem solchen Fall informieren wir Sie auf dieselbe Weise wie bei einer \u00f6ffentlichen Bekanntmachung oder einer vergleichbaren Ma\u00dfnahme).<\/p>\n<p>\u201eMit der Verletzung personenbezogener Daten\u201c ist eine Verletzung der Sicherheit gemeint, die zur einer zuf\u00e4lligen und rechtswidrigen Vernichtung, einem Verlust, einer \u00c4nderung oder einer unberechtigten \u00dcbermittlung bzw. Zug\u00e4nglichmachung von \u00fcbertragenen, gespeicherten oder anderswie verarbeiteten personenbezogenen Daten im Rahmen des Dienstes f\u00fchrt.<\/p>\n\t\t\t\t\t\t\t\t<\/div>\n\t\t\t\t<\/div>\n\t\t\t\t\t<\/div>\n\t\t<\/div>\n\t\t\t\t\t<\/div>\n\t\t<\/section>\n\t\t\t\t<section class=\"elementor-section elementor-top-section elementor-element elementor-element-87e6f27 elementor-section-height-min-height elementor-section-items-top elementor-section-boxed elementor-section-height-default\" data-id=\"87e6f27\" data-element_type=\"section\">\n\t\t\t\t\t\t<div class=\"elementor-container elementor-column-gap-default\">\n\t\t\t\t\t<div class=\"elementor-column elementor-col-50 elementor-top-column elementor-element elementor-element-34c676e\" data-id=\"34c676e\" data-element_type=\"column\">\n\t\t\t<div class=\"elementor-widget-wrap elementor-element-populated\">\n\t\t\t\t\t\t<div class=\"elementor-element elementor-element-e6e9a6a elementor-widget elementor-widget-heading\" data-id=\"e6e9a6a\" data-element_type=\"widget\" data-widget_type=\"heading.default\">\n\t\t\t\t<div class=\"elementor-widget-container\">\n\t\t\t\t\t<h2 class=\"elementor-heading-title elementor-size-default\">\u00c4NDERUNGEN UNSERER GRUNDS\u00c4TZE ZUM SCHUTZ DER PRIVATSPH\u00c4RE<\/h2>\t\t\t\t<\/div>\n\t\t\t\t<\/div>\n\t\t\t\t\t<\/div>\n\t\t<\/div>\n\t\t\t\t<div class=\"elementor-column elementor-col-50 elementor-top-column elementor-element elementor-element-330661c\" data-id=\"330661c\" data-element_type=\"column\">\n\t\t\t<div class=\"elementor-widget-wrap elementor-element-populated\">\n\t\t\t\t\t\t<div class=\"elementor-element elementor-element-dc8f661 elementor-widget elementor-widget-text-editor\" data-id=\"dc8f661\" data-element_type=\"widget\" data-widget_type=\"text-editor.default\">\n\t\t\t\t<div class=\"elementor-widget-container\">\n\t\t\t\t\t\t\t\t\t<p>Falls wir beschlie\u00dfen, unsere Grunds\u00e4tze zum Schutz der Privatsph\u00e4re zu \u00e4ndern, verk\u00fcndigen wir diese \u00c4nderungen auf dieser Webseite ggf. \u00e4ndern das Datum der letzten \u00c4nderung dieser Grunds\u00e4tze zum Schutz der Privatsph\u00e4re, siehe weiter unten.<br \/>\nDiese Grunds\u00e4tze zum Schutz der Privatsph\u00e4re wurden zuletzt am 25. Mai 2018 ge\u00e4ndert.<\/p>\n\t\t\t\t\t\t\t\t<\/div>\n\t\t\t\t<\/div>\n\t\t\t\t\t<\/div>\n\t\t<\/div>\n\t\t\t\t\t<\/div>\n\t\t<\/section>\n\t\t\t\t<\/div>\n\t\t","protected":false},"excerpt":{"rendered":"<p>GRUNDS\u00c4TZE ZUM SCHUTZ DER PRIVATSPH\u00c4RE Die Gesellschaft K + B Progres a.s. (\u201ewir\u201c, \u201euns\u201c, \u201eunsere\u201c usw.) ist Inhaber der Webseite ecg-electro.eu (\u201eWeb\u201c). Mit dieser Erkl\u00e4rung zum Schutz personenbezogener Daten \u00e4u\u00dfern wir unsere Verpflichtung zum Schutz der Privatsph\u00e4re einzelner Personen, die wir \u00fcber die Erfassung und Verarbeitung personenbezogener Daten f\u00fcr die Zwecke dieser Webseite zu informieren [&hellip;]<\/p>\n","protected":false},"author":1,"featured_media":0,"parent":0,"menu_order":0,"comment_status":"closed","ping_status":"closed","template":"elementor_header_footer","meta":{"_acf_changed":false,"_monsterinsights_skip_tracking":false,"_monsterinsights_sitenote_active":false,"_monsterinsights_sitenote_note":"","_monsterinsights_sitenote_category":0,"footnotes":""},"class_list":["post-241184","page","type-page","status-publish","hentry"],"acf":[],"_links":{"self":[{"href":"https:\/\/ecg-electro.eu\/de\/wp-json\/wp\/v2\/pages\/241184","targetHints":{"allow":["GET"]}}],"collection":[{"href":"https:\/\/ecg-electro.eu\/de\/wp-json\/wp\/v2\/pages"}],"about":[{"href":"https:\/\/ecg-electro.eu\/de\/wp-json\/wp\/v2\/types\/page"}],"author":[{"embeddable":true,"href":"https:\/\/ecg-electro.eu\/de\/wp-json\/wp\/v2\/users\/1"}],"replies":[{"embeddable":true,"href":"https:\/\/ecg-electro.eu\/de\/wp-json\/wp\/v2\/comments?post=241184"}],"version-history":[{"count":5,"href":"https:\/\/ecg-electro.eu\/de\/wp-json\/wp\/v2\/pages\/241184\/revisions"}],"predecessor-version":[{"id":2053404,"href":"https:\/\/ecg-electro.eu\/de\/wp-json\/wp\/v2\/pages\/241184\/revisions\/2053404"}],"wp:attachment":[{"href":"https:\/\/ecg-electro.eu\/de\/wp-json\/wp\/v2\/media?parent=241184"}],"curies":[{"name":"wp","href":"https:\/\/api.w.org\/{rel}","templated":true}]}}