{"id":240824,"date":"2021-03-06T16:22:09","date_gmt":"2021-03-06T16:22:09","guid":{"rendered":"https:\/\/ecg-electro.eu\/grundsaetze-zur-nutzung-von-cookie-dateien\/"},"modified":"2021-06-30T12:13:38","modified_gmt":"2021-06-30T12:13:38","slug":"grundsaetze-zur-nutzung-von-cookie-dateien","status":"publish","type":"page","link":"https:\/\/ecg-electro.eu\/de\/grundsaetze-zur-nutzung-von-cookie-dateien\/","title":{"rendered":"GRUNDS\u00c4TZE ZUR NUTZUNG VON COOKIE-DATEIEN"},"content":{"rendered":"\t\t<div data-elementor-type=\"wp-page\" data-elementor-id=\"240824\" class=\"elementor elementor-240824 elementor-240809\" data-elementor-post-type=\"page\">\n\t\t\t\t\t\t<section data-dce-background-color=\"#F6F6F6\" class=\"elementor-section elementor-top-section elementor-element elementor-element-acaabb7 elementor-section-boxed elementor-section-height-default elementor-section-height-default\" data-id=\"acaabb7\" data-element_type=\"section\" data-e-type=\"section\" data-settings=\"{&quot;background_background&quot;:&quot;classic&quot;}\">\n\t\t\t\t\t\t<div class=\"elementor-container elementor-column-gap-default\">\n\t\t\t\t\t<div class=\"elementor-column elementor-col-100 elementor-top-column elementor-element elementor-element-52e6931\" data-id=\"52e6931\" data-element_type=\"column\" data-e-type=\"column\">\n\t\t\t<div class=\"elementor-widget-wrap elementor-element-populated\">\n\t\t\t\t\t\t<div class=\"elementor-element elementor-element-b3a6d07 elementor-widget elementor-widget-image\" data-id=\"b3a6d07\" data-element_type=\"widget\" data-e-type=\"widget\" data-widget_type=\"image.default\">\n\t\t\t\t<div class=\"elementor-widget-container\">\n\t\t\t\t\t\t\t\t\t\t\t\t\t\t\t<img decoding=\"async\" src=\"https:\/\/ecg-electro.eu\/wp-content\/uploads\/2021\/04\/ecg_terms_conditions.jpg\" title=\"\" alt=\"\" loading=\"lazy\" \/>\t\t\t\t\t\t\t\t\t\t\t\t\t\t\t<\/div>\n\t\t\t\t<\/div>\n\t\t\t\t\t<\/div>\n\t\t<\/div>\n\t\t\t\t\t<\/div>\n\t\t<\/section>\n\t\t\t\t<section class=\"elementor-section elementor-top-section elementor-element elementor-element-3480c13 elementor-section-boxed elementor-section-height-default elementor-section-height-default\" data-id=\"3480c13\" data-element_type=\"section\" data-e-type=\"section\">\n\t\t\t\t\t\t<div class=\"elementor-container elementor-column-gap-default\">\n\t\t\t\t\t<div class=\"elementor-column elementor-col-100 elementor-top-column elementor-element elementor-element-bf5af3d\" data-id=\"bf5af3d\" data-element_type=\"column\" data-e-type=\"column\">\n\t\t\t<div class=\"elementor-widget-wrap elementor-element-populated\">\n\t\t\t\t\t\t<div data-dce-title-color=\"#272727\" class=\"elementor-element elementor-element-6965dbc elementor-widget elementor-widget-heading\" data-id=\"6965dbc\" data-element_type=\"widget\" data-e-type=\"widget\" data-widget_type=\"heading.default\">\n\t\t\t\t<div class=\"elementor-widget-container\">\n\t\t\t\t\t<h1 class=\"elementor-heading-title elementor-size-default\">GRUNDS\u00c4TZE ZUR NUTZUNG VON COOKIE-DATEIEN<\/h1>\t\t\t\t<\/div>\n\t\t\t\t<\/div>\n\t\t\t\t\t<\/div>\n\t\t<\/div>\n\t\t\t\t\t<\/div>\n\t\t<\/section>\n\t\t\t\t<section class=\"elementor-section elementor-top-section elementor-element elementor-element-121cb1b elementor-section-height-min-height elementor-section-items-top elementor-section-boxed elementor-section-height-default\" data-id=\"121cb1b\" data-element_type=\"section\" data-e-type=\"section\">\n\t\t\t\t\t\t<div class=\"elementor-container elementor-column-gap-default\">\n\t\t\t\t\t<div class=\"elementor-column elementor-col-50 elementor-top-column elementor-element elementor-element-fcc3e40\" data-id=\"fcc3e40\" data-element_type=\"column\" data-e-type=\"column\">\n\t\t\t<div class=\"elementor-widget-wrap elementor-element-populated\">\n\t\t\t\t\t\t<div class=\"elementor-element elementor-element-f7228a3 elementor-widget elementor-widget-heading\" data-id=\"f7228a3\" data-element_type=\"widget\" data-e-type=\"widget\" data-widget_type=\"heading.default\">\n\t\t\t\t<div class=\"elementor-widget-container\">\n\t\t\t\t\t<h2 class=\"elementor-heading-title elementor-size-default\">GRUNDS\u00c4TZE ZUR NUTZUNG VON COOKIE-DATEIEN<\/h2>\t\t\t\t<\/div>\n\t\t\t\t<\/div>\n\t\t\t\t\t<\/div>\n\t\t<\/div>\n\t\t\t\t<div class=\"elementor-column elementor-col-50 elementor-top-column elementor-element elementor-element-003ddc1\" data-id=\"003ddc1\" data-element_type=\"column\" data-e-type=\"column\">\n\t\t\t<div class=\"elementor-widget-wrap elementor-element-populated\">\n\t\t\t\t\t\t<div class=\"elementor-element elementor-element-06f2a3e elementor-widget elementor-widget-text-editor\" data-id=\"06f2a3e\" data-element_type=\"widget\" data-e-type=\"widget\" data-widget_type=\"text-editor.default\">\n\t\t\t\t<div class=\"elementor-widget-container\">\n\t\t\t\t\t\t\t\t\t<p>Unsere Grunds\u00e4tze zur Nutzung von Cookie-Dateien erkl\u00e4ren, was Cookies sind, wie diese benutzt werden, welche M\u00f6glichkeiten Sie in Bezug auf Cookies gaben und wo Sie zu diesem Thema mehr Informationen finden. Durch die Nutzung dieser Webseite stimmen Sie der Verwendung von Cookies zu.<\/p>\n\t\t\t\t\t\t\t\t<\/div>\n\t\t\t\t<\/div>\n\t\t\t\t\t<\/div>\n\t\t<\/div>\n\t\t\t\t\t<\/div>\n\t\t<\/section>\n\t\t\t\t<section class=\"elementor-section elementor-top-section elementor-element elementor-element-8304f64 elementor-section-height-min-height elementor-section-items-top elementor-section-boxed elementor-section-height-default\" data-id=\"8304f64\" data-element_type=\"section\" data-e-type=\"section\">\n\t\t\t\t\t\t<div class=\"elementor-container elementor-column-gap-default\">\n\t\t\t\t\t<div class=\"elementor-column elementor-col-50 elementor-top-column elementor-element elementor-element-d954581\" data-id=\"d954581\" data-element_type=\"column\" data-e-type=\"column\">\n\t\t\t<div class=\"elementor-widget-wrap elementor-element-populated\">\n\t\t\t\t\t\t<div class=\"elementor-element elementor-element-f9f7fd4 elementor-widget elementor-widget-heading\" data-id=\"f9f7fd4\" data-element_type=\"widget\" data-e-type=\"widget\" data-widget_type=\"heading.default\">\n\t\t\t\t<div class=\"elementor-widget-container\">\n\t\t\t\t\t<h2 class=\"elementor-heading-title elementor-size-default\">WAS SIND COOKIES?<\/h2>\t\t\t\t<\/div>\n\t\t\t\t<\/div>\n\t\t\t\t\t<\/div>\n\t\t<\/div>\n\t\t\t\t<div class=\"elementor-column elementor-col-50 elementor-top-column elementor-element elementor-element-11d6a46\" data-id=\"11d6a46\" data-element_type=\"column\" data-e-type=\"column\">\n\t\t\t<div class=\"elementor-widget-wrap elementor-element-populated\">\n\t\t\t\t\t\t<div class=\"elementor-element elementor-element-b5eb5ab elementor-widget elementor-widget-text-editor\" data-id=\"b5eb5ab\" data-element_type=\"widget\" data-e-type=\"widget\" data-widget_type=\"text-editor.default\">\n\t\t\t\t<div class=\"elementor-widget-container\">\n\t\t\t\t\t\t\t\t\t<p>Cookies sind kleine Textdateien, die auf Ihrem Computer abgelegt werden, wenn Sie bestimmte Webseiten besuchen. Cookies merken sich gew\u00f6hnlich Ihre pers\u00f6nliche Einstellung oder Web-Einstellung wie Sprachversion oder Adresse. Wenn Sie die Webseite das n\u00e4chste Mal besuchen, kehrt der Browser zu diesen Textdateien zur\u00fcck. So werden auf den Webseiten Informationen angezeigt, die Ihren Bed\u00fcrfnissen angepasst sind.<br \/>\nCookies k\u00f6nnen zahlreiche Informationen inklusive personenbezogener Daten speichern (Name oder Email). Diese Informationen k\u00f6nnen jedoch erst dann abgelegt werden, nachdem Sie diese Option aktivieren \u2013 Webseiten haben keinen Zugang zu Informationen, die Sie nicht erteilt haben, auch k\u00f6nnen die Webseiten nicht auf andere Dateien auf Ihrem Computer zugreifen. Die gespeicherten Einstellungen zum Ablegen und Absenden von Cookies sind nicht sichtbar. Sie k\u00f6nnen jedoch die Einstellung Ihres Browsers \u00e4ndern und entscheiden, ob Sie die Anforderungen bzgl. der Verwendung von Cookies genehmigen oder ablehnen, ggf. Cookies nach dem Schlie\u00dfen des Browsers l\u00f6schen.<br \/>\nM\u00f6chten Sie jedoch alle Optionen der jeweiligen Webseite nutzen, empfehlen wir den Browser so einzustellen, damit Cookies akzeptiert werden.<\/p>\n\t\t\t\t\t\t\t\t<\/div>\n\t\t\t\t<\/div>\n\t\t\t\t\t<\/div>\n\t\t<\/div>\n\t\t\t\t\t<\/div>\n\t\t<\/section>\n\t\t\t\t<section class=\"elementor-section elementor-top-section elementor-element elementor-element-52d9166 elementor-section-height-min-height elementor-section-items-top elementor-section-boxed elementor-section-height-default\" data-id=\"52d9166\" data-element_type=\"section\" data-e-type=\"section\">\n\t\t\t\t\t\t<div class=\"elementor-container elementor-column-gap-default\">\n\t\t\t\t\t<div class=\"elementor-column elementor-col-50 elementor-top-column elementor-element elementor-element-1df19bd\" data-id=\"1df19bd\" data-element_type=\"column\" data-e-type=\"column\">\n\t\t\t<div class=\"elementor-widget-wrap elementor-element-populated\">\n\t\t\t\t\t\t<div class=\"elementor-element elementor-element-40f8d61 elementor-widget elementor-widget-heading\" data-id=\"40f8d61\" data-element_type=\"widget\" data-e-type=\"widget\" data-widget_type=\"heading.default\">\n\t\t\t\t<div class=\"elementor-widget-container\">\n\t\t\t\t\t<h2 class=\"elementor-heading-title elementor-size-default\">WIE BENUTZEN WIR COOKIES?<\/h2>\t\t\t\t<\/div>\n\t\t\t\t<\/div>\n\t\t\t\t\t<\/div>\n\t\t<\/div>\n\t\t\t\t<div class=\"elementor-column elementor-col-50 elementor-top-column elementor-element elementor-element-b0b8ddd\" data-id=\"b0b8ddd\" data-element_type=\"column\" data-e-type=\"column\">\n\t\t\t<div class=\"elementor-widget-wrap elementor-element-populated\">\n\t\t\t\t\t\t<div class=\"elementor-element elementor-element-8d7f58f elementor-widget elementor-widget-text-editor\" data-id=\"8d7f58f\" data-element_type=\"widget\" data-e-type=\"widget\" data-widget_type=\"text-editor.default\">\n\t\t\t\t<div class=\"elementor-widget-container\">\n\t\t\t\t\t\t\t\t\t<p>Wir benutzen Cookies, damit wir auf unserer Webseite bessere Informationen und Dienstleistungen gew\u00e4hren, und damit die Navigation auf unseren Webseiten einfacher ist; kehren Sie zum Beispiel auf unsere Webseiten zur\u00fcck, m\u00fcssen Sie sich nicht mehr anmelden. Mit Hilfe von Cookie-Dateien k\u00f6nnen wir z.B. Ihren Warenkorb verwalten.<br \/>\nDiese Webseite benutzt das Trackingtool Google Analytics, mit dem die Gesellschaft Google Inc. (\u201eGoogle\u201c) analytische Dienstleistungen anbietet. Das Trackingtool Google Analytics nutzt die in Ihrem Computer gespeicherten Cookies, mit denen analysiert werden kann, wie die Webseite genutzt wird. Informationen \u00fcber die Nutzung dieser Webseite, die mit dieser Cookie-Datei gesammelt werden k\u00f6nnen (inklusive IP-Adresse), werden an den Server der Gesellschaft Google in den USA geschickt und dort gespeichert. Aufgrund dieser Informationen bewertet Google die Nutzung dieser Webseite, stellt Berichte \u00fcber Webaktivit\u00e4ten f\u00fcr Webseiten-Inhaber zusammen und nutzt diese u.a. zur Erbringung von weiteren Dienstleistungen im Rahmen der Nutzung der Webseite und des Internets.<br \/>\nDiese Informationen werden von Google an Dritte weitergeleitet, sofern hierzu eine gesetzliche Pflicht entsteht oder ein Vertrag \u00fcber die Verarbeitung personenbezogener Daten geschlossen wurde. Google verbindet Ihre IP-Adresse mit keinen anderen Daten, die bei der Gesellschaft Google Inc. gespeichert sind. Sie k\u00f6nnen eine Installation dieser Cookies verhindern, indem Sie Ihren Browser einstellen. Wir m\u00f6chten Sie jedoch darauf aufmerksam machen, dass in einem solchen Fall wom\u00f6glich nicht alle Funktionen der Webseite zur Verf\u00fcgung sein werden. Durch die Nutzung dieser Webseite stimmen Sie zu, dass Google s\u00e4mtliche Daten auf die oben angef\u00fchrte Weise und f\u00fcr die oben angef\u00fchrten Zwecke verarbeitet.<br \/>\nDar\u00fcber hinaus arbeiten wir mit anderen Gesellschaften zusammen, die Tracking-Technologien bei der Vergabe von Internetwerbungen in unserem Namen benutzen. Diese Gesellschaften k\u00f6nnen pers\u00f6nlich nicht identifizierbare Informationen \u00fcber Ihre Besuche auf unserer Webseite und Interaktionen mit unseren Mitteilungen (z.B. Anzeigewerbung) sammeln.<\/p>\n\t\t\t\t\t\t\t\t<\/div>\n\t\t\t\t<\/div>\n\t\t\t\t\t<\/div>\n\t\t<\/div>\n\t\t\t\t\t<\/div>\n\t\t<\/section>\n\t\t\t\t<section class=\"elementor-section elementor-top-section elementor-element elementor-element-d975c38 elementor-section-height-min-height elementor-section-items-top elementor-section-boxed elementor-section-height-default\" data-id=\"d975c38\" data-element_type=\"section\" data-e-type=\"section\">\n\t\t\t\t\t\t<div class=\"elementor-container elementor-column-gap-default\">\n\t\t\t\t\t<div class=\"elementor-column elementor-col-50 elementor-top-column elementor-element elementor-element-d37ed54\" data-id=\"d37ed54\" data-element_type=\"column\" data-e-type=\"column\">\n\t\t\t<div class=\"elementor-widget-wrap elementor-element-populated\">\n\t\t\t\t\t\t<div class=\"elementor-element elementor-element-07f5de1 elementor-widget elementor-widget-heading\" data-id=\"07f5de1\" data-element_type=\"widget\" data-e-type=\"widget\" data-widget_type=\"heading.default\">\n\t\t\t\t<div class=\"elementor-widget-container\">\n\t\t\t\t\t<h2 class=\"elementor-heading-title elementor-size-default\">WELCHE COOKIES BENUTZEN WIR UND WARUM?<\/h2>\t\t\t\t<\/div>\n\t\t\t\t<\/div>\n\t\t\t\t\t<\/div>\n\t\t<\/div>\n\t\t\t\t<div class=\"elementor-column elementor-col-50 elementor-top-column elementor-element elementor-element-c18aa82\" data-id=\"c18aa82\" data-element_type=\"column\" data-e-type=\"column\">\n\t\t\t<div class=\"elementor-widget-wrap elementor-element-populated\">\n\t\t\t\t\t\t<div class=\"elementor-element elementor-element-76aecb6 elementor-widget elementor-widget-text-editor\" data-id=\"76aecb6\" data-element_type=\"widget\" data-e-type=\"widget\" data-widget_type=\"text-editor.default\">\n\t\t\t\t<div class=\"elementor-widget-container\">\n\t\t\t\t\t\t\t\t\t<p>Session-Cookies werden nach dem Schlie\u00dfen des Browsers gel\u00f6scht. Sie dienen zum Speichern von tempor\u00e4ren Daten (z.B. Inhalt Ihres Warenkorbes). Wir k\u00f6nnen Sie u.a. zur Zug\u00e4nglichmachung unseres Inhaltes nutzen.<br \/>\nDauerhafte Cookies bleiben in Ihrem Computer auch nach dem Schlie\u00dfen des Browsers. Diese werden von Webseiten genutzt (Benutzername, Passwort\u2026), damit Sie sich nicht jedes Mal neu anmelden m\u00fcssen, wenn Sie die Webseite besuchen. Dauerhafte Cookie-Dateien bleiben in Ihrem Computer mehrere Tage, Monate oder sogar Jahre. Wir benutzen dauerhafte Cookies, damit wir die Verhaltensgewohnheiten unserer Nutzer besser verstehen und auf deren Bed\u00fcrfnissen besser eingehen k\u00f6nnen. Diese Informationen sind anonym \u2013 wir k\u00f6nnen nicht Daten einzelner Nutzer sehen.<\/p>\n\t\t\t\t\t\t\t\t<\/div>\n\t\t\t\t<\/div>\n\t\t\t\t\t<\/div>\n\t\t<\/div>\n\t\t\t\t\t<\/div>\n\t\t<\/section>\n\t\t\t\t<section class=\"elementor-section elementor-top-section elementor-element elementor-element-0432585 elementor-section-height-min-height elementor-section-items-top elementor-section-boxed elementor-section-height-default\" data-id=\"0432585\" data-element_type=\"section\" data-e-type=\"section\">\n\t\t\t\t\t\t<div class=\"elementor-container elementor-column-gap-default\">\n\t\t\t\t\t<div class=\"elementor-column elementor-col-50 elementor-top-column elementor-element elementor-element-1a575d5\" data-id=\"1a575d5\" data-element_type=\"column\" data-e-type=\"column\">\n\t\t\t<div class=\"elementor-widget-wrap elementor-element-populated\">\n\t\t\t\t\t\t<div class=\"elementor-element elementor-element-4e9196a elementor-widget elementor-widget-heading\" data-id=\"4e9196a\" data-element_type=\"widget\" data-e-type=\"widget\" data-widget_type=\"heading.default\">\n\t\t\t\t<div class=\"elementor-widget-container\">\n\t\t\t\t\t<h2 class=\"elementor-heading-title elementor-size-default\">COOKIE-VERZEICHNIS<\/h2>\t\t\t\t<\/div>\n\t\t\t\t<\/div>\n\t\t\t\t\t<\/div>\n\t\t<\/div>\n\t\t\t\t<div class=\"elementor-column elementor-col-50 elementor-top-column elementor-element elementor-element-6af2be7\" data-id=\"6af2be7\" data-element_type=\"column\" data-e-type=\"column\">\n\t\t\t<div class=\"elementor-widget-wrap elementor-element-populated\">\n\t\t\t\t\t\t<div class=\"elementor-element elementor-element-daacd3f elementor-widget elementor-widget-text-editor\" data-id=\"daacd3f\" data-element_type=\"widget\" data-e-type=\"widget\" data-widget_type=\"text-editor.default\">\n\t\t\t\t<div class=\"elementor-widget-container\">\n\t\t\t\t\t\t\t\t\t<table>\n<tbody>\n<tr>\n<td>Cookie<\/td>\n<td>Name<\/td>\n<td>Zweck<\/td>\n<\/tr>\n<tr>\n<td>Google Analytics<\/td>\n<td>_dc_gtm_UA-#<br \/>\n_ga<br \/>\n_gid<br \/>\ncollect<\/td>\n<td>Wir benutzen diese Cookie-Dateien zum Sammeln von Informationen, die zeigen, wie Benutzer mit unserer Webseite interagieren. Anhand dieser Informationen erstellen wir Berichte, mit denen die Webseite verbessert werden kann.<br \/>\nCookies sammeln Informationen anonym inklusive der Besucherzahl und der davor besuchten Webseiten. Sollten Sie diese Cookies ablehnen, k\u00f6nnen wir Ihren Besuch nicht in unsere Statistik miteinschlie\u00dfen.<\/td>\n<\/tr>\n<tr>\n<td>Webleistung<\/td>\n<td>_cfduid<\/td>\n<td>Diese Cookie-Datei werden von Cloudflare benutzt. Es handelt sich um einen Sicherheitsdienst, der vertrauensw\u00fcrdige Betriebe auf der Webseite erkennt.<\/td>\n<\/tr>\n<tr>\n<td>Behavioral Marketing<\/td>\n<td>r\/collect<\/td>\n<td>Eine tempor\u00e4re Cookie-Datei, mit der Doubleclick das Verhalten von Besuchern verfolgt.<\/td>\n<\/tr>\n<\/tbody>\n<\/table>\n<p>&nbsp;<\/p>\n\t\t\t\t\t\t\t\t<\/div>\n\t\t\t\t<\/div>\n\t\t\t\t\t<\/div>\n\t\t<\/div>\n\t\t\t\t\t<\/div>\n\t\t<\/section>\n\t\t\t\t<section class=\"elementor-section elementor-top-section elementor-element elementor-element-c1e882e elementor-section-height-min-height elementor-section-items-top elementor-section-boxed elementor-section-height-default\" data-id=\"c1e882e\" data-element_type=\"section\" data-e-type=\"section\">\n\t\t\t\t\t\t<div class=\"elementor-container elementor-column-gap-default\">\n\t\t\t\t\t<div class=\"elementor-column elementor-col-50 elementor-top-column elementor-element elementor-element-6c95cc9\" data-id=\"6c95cc9\" data-element_type=\"column\" data-e-type=\"column\">\n\t\t\t<div class=\"elementor-widget-wrap elementor-element-populated\">\n\t\t\t\t\t\t<div class=\"elementor-element elementor-element-45f5c7d elementor-widget elementor-widget-heading\" data-id=\"45f5c7d\" data-element_type=\"widget\" data-e-type=\"widget\" data-widget_type=\"heading.default\">\n\t\t\t\t<div class=\"elementor-widget-container\">\n\t\t\t\t\t<h2 class=\"elementor-heading-title elementor-size-default\">WELCHE OPTIONEN GIBT ES BEI COOKIE-DATEIEN?<\/h2>\t\t\t\t<\/div>\n\t\t\t\t<\/div>\n\t\t\t\t\t<\/div>\n\t\t<\/div>\n\t\t\t\t<div class=\"elementor-column elementor-col-50 elementor-top-column elementor-element elementor-element-1fe2f86\" data-id=\"1fe2f86\" data-element_type=\"column\" data-e-type=\"column\">\n\t\t\t<div class=\"elementor-widget-wrap elementor-element-populated\">\n\t\t\t\t\t\t<div class=\"elementor-element elementor-element-cf5c992 paint-this-pink elementor-widget elementor-widget-text-editor\" data-id=\"cf5c992\" data-element_type=\"widget\" data-e-type=\"widget\" data-widget_type=\"text-editor.default\">\n\t\t\t\t<div class=\"elementor-widget-container\">\n\t\t\t\t\t\t\t\t\t<p>Mit der Deaktivierung von Cookies verbieten Sie das Ablegen von Cookies auf Ihrem Computer. Cookies k\u00f6nnen in Ihrem Computer eingestellt und konfiguriert werden. M\u00f6chten Sie erfahren, wie Sie Ihre Cookies-Einstellungen \u00e4ndern k\u00f6nnen, w\u00e4hlen Sie einen Browser aus.<\/p>\n<p><a href=\"https:\/\/support.google.com\/accounts\/answer\/61416?hl=en\" target=\"_blank\" rel=\"noopener\">Chrome<\/a><br \/>\n<a href=\"https:\/\/support.mozilla.org\/en-US\/kb\/enable-and-disable-cookies-website-preferences\" target=\"_blank\" rel=\"noopener\">Firefox<\/a><br \/>\n<a href=\"https:\/\/support.microsoft.com\/en-us\/help\/17442\/windows-internet-explorer-delete-manage-cookies\" target=\"_blank\" rel=\"noopener\">Internet Explorer<\/a><br \/>\n<a href=\"https:\/\/www.opera.com\/help\/tutorials\/security\/privacy\/\" target=\"_blank\" rel=\"noopener\">Opera<\/a><br \/>\n<a href=\"https:\/\/support.apple.com\/kb\/PH17191?locale=hr_HR\" target=\"_blank\" rel=\"noopener\">Safari<\/a><\/p>\n<p>Wir m\u00f6chten Sie darauf hinweisen, dass Sie mit dem Blockieren von Cookies zwar weiterhin unsere Webseite besuchen, aber wom\u00f6glich nicht alle Funktionen nutzen k\u00f6nnen.<\/p>\n<p>Weitere Informationen \u00fcber Cookies, installierte Cookies, deren Verwaltung und L\u00f6schung finden Sie unter\u00a0<a href=\"http:\/\/www.allaboutcookies.org\/\" target=\"_blank\" rel=\"noopener\">www.allaboutcookies.org<\/a>\u00a0oder\u00a0<a href=\"http:\/\/www.youronlinechoices.eu\/\" target=\"_blank\" rel=\"noopener\">www.youronlinechoices.eu<\/a>.M\u00f6chten Sie das Trackingtool Google Analytics verbieten, besuchen Sie folgende Webseite: <a href=\"http:\/\/tools.google.com\/dlpage\/gaoptout.\" target=\"_blank\" rel=\"noopener\">http:\/\/tools.google.com\/dlpage\/gaoptout.<\/a><\/p>\n\t\t\t\t\t\t\t\t<\/div>\n\t\t\t\t<\/div>\n\t\t\t\t\t<\/div>\n\t\t<\/div>\n\t\t\t\t\t<\/div>\n\t\t<\/section>\n\t\t\t\t<section class=\"elementor-section elementor-top-section elementor-element elementor-element-7540730 elementor-section-height-min-height elementor-section-items-top elementor-section-boxed elementor-section-height-default\" data-id=\"7540730\" data-element_type=\"section\" data-e-type=\"section\">\n\t\t\t\t\t\t<div class=\"elementor-container elementor-column-gap-default\">\n\t\t\t\t\t<div class=\"elementor-column elementor-col-50 elementor-top-column elementor-element elementor-element-73c7e50\" data-id=\"73c7e50\" data-element_type=\"column\" data-e-type=\"column\">\n\t\t\t<div class=\"elementor-widget-wrap elementor-element-populated\">\n\t\t\t\t\t\t<div class=\"elementor-element elementor-element-7c1e4cf elementor-widget elementor-widget-heading\" data-id=\"7c1e4cf\" data-element_type=\"widget\" data-e-type=\"widget\" data-widget_type=\"heading.default\">\n\t\t\t\t<div class=\"elementor-widget-container\">\n\t\t\t\t\t<h2 class=\"elementor-heading-title elementor-size-default\">\u00c4NDERUNG VON GRUNDS\u00c4TZEN ZUR NUTZUNG VON COOKIE-DATEIEN<\/h2>\t\t\t\t<\/div>\n\t\t\t\t<\/div>\n\t\t\t\t\t<\/div>\n\t\t<\/div>\n\t\t\t\t<div class=\"elementor-column elementor-col-50 elementor-top-column elementor-element elementor-element-fccb01e\" data-id=\"fccb01e\" data-element_type=\"column\" data-e-type=\"column\">\n\t\t\t<div class=\"elementor-widget-wrap elementor-element-populated\">\n\t\t\t\t\t\t<div class=\"elementor-element elementor-element-cc9bca9 elementor-widget elementor-widget-text-editor\" data-id=\"cc9bca9\" data-element_type=\"widget\" data-e-type=\"widget\" data-widget_type=\"text-editor.default\">\n\t\t\t\t<div class=\"elementor-widget-container\">\n\t\t\t\t\t\t\t\t\t<p>Alle k\u00fcnftigen \u00c4nderungen unserer Grunds\u00e4tze zur Nutzung von Cookie-Dateien werden hier ver\u00f6ffentlicht. Darum bitten wir Sie, diese Webseite regelm\u00e4\u00dfig zu kontrollieren, damit Sie stets \u00fcber s\u00e4mtliche Aktualisierungen und \u00c4nderungen von Grunds\u00e4tzen zur Nutzung von Cookie-Dateien informiert sind. Diese Grunds\u00e4tze zur Nutzung von Cookie-Dateien wurden zuletzt am 25. Mai 2018 aktualisiert und ersetzten somit alle fr\u00fcheren Grunds\u00e4tze zur Nutzung von Cookie-Dateien.<\/p>\n\t\t\t\t\t\t\t\t<\/div>\n\t\t\t\t<\/div>\n\t\t\t\t\t<\/div>\n\t\t<\/div>\n\t\t\t\t\t<\/div>\n\t\t<\/section>\n\t\t\t\t<\/div>\n\t\t","protected":false},"excerpt":{"rendered":"<p>GRUNDS\u00c4TZE ZUR NUTZUNG VON COOKIE-DATEIEN GRUNDS\u00c4TZE ZUR NUTZUNG VON COOKIE-DATEIEN Unsere Grunds\u00e4tze zur Nutzung von Cookie-Dateien erkl\u00e4ren, was Cookies sind, wie diese benutzt werden, welche M\u00f6glichkeiten Sie in Bezug auf Cookies gaben und wo Sie zu diesem Thema mehr Informationen finden. Durch die Nutzung dieser Webseite stimmen Sie der Verwendung von Cookies zu. WAS SIND [&hellip;]<\/p>\n","protected":false},"author":0,"featured_media":0,"parent":0,"menu_order":0,"comment_status":"closed","ping_status":"closed","template":"","meta":{"_acf_changed":false,"_monsterinsights_skip_tracking":false,"_monsterinsights_sitenote_active":false,"_monsterinsights_sitenote_note":"","_monsterinsights_sitenote_category":0,"footnotes":""},"class_list":["post-240824","page","type-page","status-publish","hentry"],"acf":[],"_links":{"self":[{"href":"https:\/\/ecg-electro.eu\/de\/wp-json\/wp\/v2\/pages\/240824","targetHints":{"allow":["GET"]}}],"collection":[{"href":"https:\/\/ecg-electro.eu\/de\/wp-json\/wp\/v2\/pages"}],"about":[{"href":"https:\/\/ecg-electro.eu\/de\/wp-json\/wp\/v2\/types\/page"}],"replies":[{"embeddable":true,"href":"https:\/\/ecg-electro.eu\/de\/wp-json\/wp\/v2\/comments?post=240824"}],"version-history":[{"count":5,"href":"https:\/\/ecg-electro.eu\/de\/wp-json\/wp\/v2\/pages\/240824\/revisions"}],"predecessor-version":[{"id":2053833,"href":"https:\/\/ecg-electro.eu\/de\/wp-json\/wp\/v2\/pages\/240824\/revisions\/2053833"}],"wp:attachment":[{"href":"https:\/\/ecg-electro.eu\/de\/wp-json\/wp\/v2\/media?parent=240824"}],"curies":[{"name":"wp","href":"https:\/\/api.w.org\/{rel}","templated":true}]}}