{"id":235103,"date":"2021-03-06T16:18:55","date_gmt":"2021-03-06T16:18:55","guid":{"rendered":"https:\/\/ecg-electro.eu\/datenschutz\/"},"modified":"2021-06-24T08:55:35","modified_gmt":"2021-06-24T08:55:35","slug":"datenschutz","status":"publish","type":"page","link":"https:\/\/ecg-electro.eu\/de\/datenschutz\/","title":{"rendered":"Datenschutz"},"content":{"rendered":"\t\t<div data-elementor-type=\"wp-page\" data-elementor-id=\"235103\" class=\"elementor elementor-235103 elementor-216245\" data-elementor-post-type=\"page\">\n\t\t\t\t\t\t<section data-dce-background-color=\"#F6F6F6\" class=\"elementor-section elementor-top-section elementor-element elementor-element-b35d9c2 elementor-section-boxed elementor-section-height-default elementor-section-height-default\" data-id=\"b35d9c2\" data-element_type=\"section\" data-e-type=\"section\" data-settings=\"{&quot;background_background&quot;:&quot;classic&quot;}\">\n\t\t\t\t\t\t<div class=\"elementor-container elementor-column-gap-default\">\n\t\t\t\t\t<div class=\"elementor-column elementor-col-100 elementor-top-column elementor-element elementor-element-9230513\" data-id=\"9230513\" data-element_type=\"column\" data-e-type=\"column\">\n\t\t\t<div class=\"elementor-widget-wrap elementor-element-populated\">\n\t\t\t\t\t\t<div class=\"elementor-element elementor-element-31c47f4 elementor-widget elementor-widget-image\" data-id=\"31c47f4\" data-element_type=\"widget\" data-e-type=\"widget\" data-widget_type=\"image.default\">\n\t\t\t\t<div class=\"elementor-widget-container\">\n\t\t\t\t\t\t\t\t\t\t\t\t\t\t\t<img decoding=\"async\" src=\"https:\/\/ecg-electro.eu\/wp-content\/uploads\/2021\/04\/ecg_terms_conditions.jpg\" title=\"\" alt=\"\" loading=\"lazy\" \/>\t\t\t\t\t\t\t\t\t\t\t\t\t\t\t<\/div>\n\t\t\t\t<\/div>\n\t\t\t\t\t<\/div>\n\t\t<\/div>\n\t\t\t\t\t<\/div>\n\t\t<\/section>\n\t\t\t\t<section class=\"elementor-section elementor-top-section elementor-element elementor-element-aee027f elementor-section-boxed elementor-section-height-default elementor-section-height-default\" data-id=\"aee027f\" data-element_type=\"section\" data-e-type=\"section\">\n\t\t\t\t\t\t<div class=\"elementor-container elementor-column-gap-default\">\n\t\t\t\t\t<div class=\"elementor-column elementor-col-100 elementor-top-column elementor-element elementor-element-ba85075\" data-id=\"ba85075\" data-element_type=\"column\" data-e-type=\"column\">\n\t\t\t<div class=\"elementor-widget-wrap elementor-element-populated\">\n\t\t\t\t\t\t<div data-dce-title-color=\"#272727\" class=\"elementor-element elementor-element-94b5ab0 elementor-widget elementor-widget-heading\" data-id=\"94b5ab0\" data-element_type=\"widget\" data-e-type=\"widget\" data-widget_type=\"heading.default\">\n\t\t\t\t<div class=\"elementor-widget-container\">\n\t\t\t\t\t<h2 class=\"elementor-heading-title elementor-size-default\">Datenschutz<\/h2>\t\t\t\t<\/div>\n\t\t\t\t<\/div>\n\t\t\t\t\t<\/div>\n\t\t<\/div>\n\t\t\t\t\t<\/div>\n\t\t<\/section>\n\t\t\t\t<section class=\"elementor-section elementor-top-section elementor-element elementor-element-4dafeb9 elementor-section-height-min-height elementor-section-items-top elementor-section-boxed elementor-section-height-default\" data-id=\"4dafeb9\" data-element_type=\"section\" data-e-type=\"section\">\n\t\t\t\t\t\t<div class=\"elementor-container elementor-column-gap-default\">\n\t\t\t\t\t<div class=\"elementor-column elementor-col-50 elementor-top-column elementor-element elementor-element-3f84846\" data-id=\"3f84846\" data-element_type=\"column\" data-e-type=\"column\">\n\t\t\t<div class=\"elementor-widget-wrap elementor-element-populated\">\n\t\t\t\t\t\t<div class=\"elementor-element elementor-element-a1b97da elementor-widget elementor-widget-heading\" data-id=\"a1b97da\" data-element_type=\"widget\" data-e-type=\"widget\" data-widget_type=\"heading.default\">\n\t\t\t\t<div class=\"elementor-widget-container\">\n\t\t\t\t\t<h2 class=\"elementor-heading-title elementor-size-default\">DATENSCHUTZERKL\u00c4RUNG<\/h2>\t\t\t\t<\/div>\n\t\t\t\t<\/div>\n\t\t\t\t\t<\/div>\n\t\t<\/div>\n\t\t\t\t<div class=\"elementor-column elementor-col-50 elementor-top-column elementor-element elementor-element-d8270c8\" data-id=\"d8270c8\" data-element_type=\"column\" data-e-type=\"column\">\n\t\t\t<div class=\"elementor-widget-wrap elementor-element-populated\">\n\t\t\t\t\t\t<div class=\"elementor-element elementor-element-82aac9f elementor-widget elementor-widget-text-editor\" data-id=\"82aac9f\" data-element_type=\"widget\" data-e-type=\"widget\" data-widget_type=\"text-editor.default\">\n\t\t\t\t<div class=\"elementor-widget-container\">\n\t\t\t\t\t\t\t\t\t<p>K + B Progres, a.s. m\u00f6chte bez\u00fcglich der Sammlung und Nutzung von personenbezogenen Daten der Nutzer und \/ oder der Nutzung der Dienste der Webseite so transparent wie m\u00f6glich sein <a href=\"https:\/\/ecg-electro.eu\/\">ecg-electro.eu<\/a>.<br \/>\nDie nachstehend aufgef\u00fchrte Datenschutzrichtlinie (\u201ePolicy\u201c) beschreibt, wie personenbezogene Daten, die im Zusammenhang mit dieser Webseite erhoben werden, von K + B Progres an Dritte weitergegeben werden, soweit dies geeignet ist, um hinsichtlich Ihrer Entscheidungen in Bezug auf die Erhebung und Nutzung Ihrer pers\u00f6nlichen Daten vertraulich zu behandeln und die Sicherheit zu gew\u00e4hrleisten.<\/p>\n\t\t\t\t\t\t\t\t<\/div>\n\t\t\t\t<\/div>\n\t\t\t\t\t<\/div>\n\t\t<\/div>\n\t\t\t\t\t<\/div>\n\t\t<\/section>\n\t\t\t\t<section class=\"elementor-section elementor-top-section elementor-element elementor-element-afe00c7 elementor-section-height-min-height elementor-section-items-top elementor-section-boxed elementor-section-height-default\" data-id=\"afe00c7\" data-element_type=\"section\" data-e-type=\"section\">\n\t\t\t\t\t\t<div class=\"elementor-container elementor-column-gap-default\">\n\t\t\t\t\t<div class=\"elementor-column elementor-col-50 elementor-top-column elementor-element elementor-element-a14db8a\" data-id=\"a14db8a\" data-element_type=\"column\" data-e-type=\"column\">\n\t\t\t<div class=\"elementor-widget-wrap elementor-element-populated\">\n\t\t\t\t\t\t<div class=\"elementor-element elementor-element-3943ec6 elementor-widget elementor-widget-heading\" data-id=\"3943ec6\" data-element_type=\"widget\" data-e-type=\"widget\" data-widget_type=\"heading.default\">\n\t\t\t\t<div class=\"elementor-widget-container\">\n\t\t\t\t\t<h2 class=\"elementor-heading-title elementor-size-default\">WAS IST EIN COOKIE?<\/h2>\t\t\t\t<\/div>\n\t\t\t\t<\/div>\n\t\t\t\t\t<\/div>\n\t\t<\/div>\n\t\t\t\t<div class=\"elementor-column elementor-col-50 elementor-top-column elementor-element elementor-element-0f036f2\" data-id=\"0f036f2\" data-element_type=\"column\" data-e-type=\"column\">\n\t\t\t<div class=\"elementor-widget-wrap elementor-element-populated\">\n\t\t\t\t\t\t<div class=\"elementor-element elementor-element-a928c53 elementor-widget elementor-widget-text-editor\" data-id=\"a928c53\" data-element_type=\"widget\" data-e-type=\"widget\" data-widget_type=\"text-editor.default\">\n\t\t\t\t<div class=\"elementor-widget-container\">\n\t\t\t\t\t\t\t\t\t<p>Die ecg-electro.eu Webseite verwendet Cookies. Cookies sind kleine Dateien, die auf den Computern der Benutzer gespeichert sind, um Ihre Navigation auf der Webseite zu erleichtern und den angebotenen Service zu personalisieren.<br \/>\nK + B Progres informiert die Benutzer, dass sie die Speicherung von Cookies verhindern k\u00f6nnen, indem sie Ihre Browsereinstellungen \u00e4ndern. Um jedoch von allen Funktionalit\u00e4ten der Webseite profitieren zu k\u00f6nnen, sollten Sie Ihren Browser so einstellen, dass er die Cookies akzeptiert.<\/p>\n\t\t\t\t\t\t\t\t<\/div>\n\t\t\t\t<\/div>\n\t\t\t\t\t<\/div>\n\t\t<\/div>\n\t\t\t\t\t<\/div>\n\t\t<\/section>\n\t\t\t\t<section class=\"elementor-section elementor-top-section elementor-element elementor-element-aefa1b7 elementor-section-height-min-height elementor-section-items-top elementor-section-boxed elementor-section-height-default\" data-id=\"aefa1b7\" data-element_type=\"section\" data-e-type=\"section\">\n\t\t\t\t\t\t<div class=\"elementor-container elementor-column-gap-default\">\n\t\t\t\t\t<div class=\"elementor-column elementor-col-50 elementor-top-column elementor-element elementor-element-d521691\" data-id=\"d521691\" data-element_type=\"column\" data-e-type=\"column\">\n\t\t\t<div class=\"elementor-widget-wrap elementor-element-populated\">\n\t\t\t\t\t\t<div class=\"elementor-element elementor-element-bd77278 elementor-widget elementor-widget-heading\" data-id=\"bd77278\" data-element_type=\"widget\" data-e-type=\"widget\" data-widget_type=\"heading.default\">\n\t\t\t\t<div class=\"elementor-widget-container\">\n\t\t\t\t\t<h2 class=\"elementor-heading-title elementor-size-default\">WIE VERWENDEN WIR COOKIES?<\/h2>\t\t\t\t<\/div>\n\t\t\t\t<\/div>\n\t\t\t\t\t<\/div>\n\t\t<\/div>\n\t\t\t\t<div class=\"elementor-column elementor-col-50 elementor-top-column elementor-element elementor-element-c8eb094\" data-id=\"c8eb094\" data-element_type=\"column\" data-e-type=\"column\">\n\t\t\t<div class=\"elementor-widget-wrap elementor-element-populated\">\n\t\t\t\t\t\t<div class=\"elementor-element elementor-element-08d222f elementor-widget elementor-widget-text-editor\" data-id=\"08d222f\" data-element_type=\"widget\" data-e-type=\"widget\" data-widget_type=\"text-editor.default\">\n\t\t\t\t<div class=\"elementor-widget-container\">\n\t\t\t\t\t\t\t\t\t<p>Wir verwenden Cookies, um die Informationen und Dienstleistungen, die wir auf der Webseite zur Verf\u00fcgung stellen, zu verbessern und auch die Navigation auf unserer Webseite zu erleichtern, um Sie beispielsweise zu erkennen, wenn Sie auf unsere Webseite zur\u00fcckkehren und um die erneute Anmeldung zu vermeiden, wenn Sie ein Benutzerkonto erstellt haben oder es Ihnen zu erm\u00f6glichen, Ihren Einkaufswagen w\u00e4hrend Ihrer Browser-Session zu verwalten.<br \/>\nDiese Webseite verwendet Google Analytics, einen Webanalyse-Service von Google Inc. (\u201eGoogle\u201c). Google Analytics verwendet Cookies, die auf Ihrem Computer gespeichert sind und die Ihre Nutzung der Webseite analysieren k\u00f6nnen. Die Informationen \u00fcber Ihre Nutzung dieser Webseite, die von diesem Cookie (einschlie\u00dflich Ihrer IP-Adresse) generiert wird, werden auf einem Google-Server in den USA \u00fcbertragen und gespeichert. Google verwendet diese Informationen, um Ihre Nutzung dieser Webseite zu bewerten, um Berichte \u00fcber Webseitenaktivit\u00e4ten f\u00fcr Webseitenbesitzer zu erstellen und andere Dienste f\u00fcr die Webseite und die Internetnutzung bereitzustellen.<br \/>\nGoogle wird diese Informationen Dritten zur Verf\u00fcgung stellen, wenn Google gesetzlich dazu verpflichtet ist, oder wenn Google diese Parteien zur Verarbeitung von Daten verpflichtet. Google wird Ihre IP-Adresse nicht mit anderen Daten bei Google Inc. verkn\u00fcpfen. Sie k\u00f6nnen verhindern, dass diese Cookies installiert werden, indem Sie Ihren Browser entsprechend konfigurieren. Bitte beachten Sie, dass Sie nicht auf alle Funktionen dieser Webseite zugreifen k\u00f6nnen, wenn Sie dies tun. Durch die Nutzung dieser Webseite erlauben Sie Google ausdr\u00fccklich, die zu den oben genannten Zwecken erhobenen Daten zu verarbeiten.<br \/>\nDar\u00fcber hinaus arbeiten wir mit anderen Unternehmen, die Tracking-Technologien (\u201eTracking\u201c) verwenden, um in unserem Namen Anzeigen im Internet zu schalten. Diese Unternehmen k\u00f6nnen nicht pers\u00f6nlich identifizierbare Informationen, \u00fcber Ihre Besuche auf unserer Webseite und Ihre Interaktion mit unserer Kommunikation sammeln. Dabei kann es sich beispielsweise um Werbeanzeigen handeln.<\/p>\n\t\t\t\t\t\t\t\t<\/div>\n\t\t\t\t<\/div>\n\t\t\t\t\t<\/div>\n\t\t<\/div>\n\t\t\t\t\t<\/div>\n\t\t<\/section>\n\t\t\t\t<section class=\"elementor-section elementor-top-section elementor-element elementor-element-3987805 elementor-section-height-min-height elementor-section-items-top elementor-section-boxed elementor-section-height-default\" data-id=\"3987805\" data-element_type=\"section\" data-e-type=\"section\">\n\t\t\t\t\t\t<div class=\"elementor-container elementor-column-gap-default\">\n\t\t\t\t\t<div class=\"elementor-column elementor-col-50 elementor-top-column elementor-element elementor-element-aad1358\" data-id=\"aad1358\" data-element_type=\"column\" data-e-type=\"column\">\n\t\t\t<div class=\"elementor-widget-wrap elementor-element-populated\">\n\t\t\t\t\t\t<div class=\"elementor-element elementor-element-fd2f80d elementor-widget elementor-widget-heading\" data-id=\"fd2f80d\" data-element_type=\"widget\" data-e-type=\"widget\" data-widget_type=\"heading.default\">\n\t\t\t\t<div class=\"elementor-widget-container\">\n\t\t\t\t\t<h2 class=\"elementor-heading-title elementor-size-default\">WIE MUSS ICH MEINEN COMPUTER BEI DER VERWENDUNG VON COOKIES EINSTELLEN UM DIESE ZU DEAKTIVIEREN?<\/h2>\t\t\t\t<\/div>\n\t\t\t\t<\/div>\n\t\t\t\t\t<\/div>\n\t\t<\/div>\n\t\t\t\t<div class=\"elementor-column elementor-col-50 elementor-top-column elementor-element elementor-element-b9a8dfd\" data-id=\"b9a8dfd\" data-element_type=\"column\" data-e-type=\"column\">\n\t\t\t<div class=\"elementor-widget-wrap elementor-element-populated\">\n\t\t\t\t\t\t<div class=\"elementor-element elementor-element-5c13003 elementor-widget elementor-widget-text-editor\" data-id=\"5c13003\" data-element_type=\"widget\" data-e-type=\"widget\" data-widget_type=\"text-editor.default\">\n\t\t\t\t<div class=\"elementor-widget-container\">\n\t\t\t\t\t\t\t\t\t<p>Sie k\u00f6nnen Ihren Computer einstellen, damit jedes Mal, wenn ein Cookie gesendet wird, eine Warnung erscheint oder Sie k\u00f6nnen alle Cookies deaktivieren. Diese Aktionen k\u00f6nnen Sie in den Einstellungen Ihres Browsers vornehmen. Jeder Browser ist ein wenig anders. Rufen Sie bitte das Hilfemen\u00fc Ihres Browsers auf, um zu erfahren, wie Sie Ihre Cookies entsprechend verwalten k\u00f6nnen. Wenn Sie Cookies deaktivieren, haben Sie keinen Zugriff auf viele Funktionen, die die Nutzung dieser Webseite erleichtern. Au\u00dferdem werden einige unserer Dienste nicht ordnungsgem\u00e4\u00df funktionieren.<\/p>\n\t\t\t\t\t\t\t\t<\/div>\n\t\t\t\t<\/div>\n\t\t\t\t\t<\/div>\n\t\t<\/div>\n\t\t\t\t\t<\/div>\n\t\t<\/section>\n\t\t\t\t<section class=\"elementor-section elementor-top-section elementor-element elementor-element-415fc36 elementor-section-height-min-height elementor-section-items-top elementor-section-boxed elementor-section-height-default\" data-id=\"415fc36\" data-element_type=\"section\" data-e-type=\"section\">\n\t\t\t\t\t\t<div class=\"elementor-container elementor-column-gap-default\">\n\t\t\t\t\t<div class=\"elementor-column elementor-col-50 elementor-top-column elementor-element elementor-element-75aa63c\" data-id=\"75aa63c\" data-element_type=\"column\" data-e-type=\"column\">\n\t\t\t<div class=\"elementor-widget-wrap elementor-element-populated\">\n\t\t\t\t\t\t<div class=\"elementor-element elementor-element-38d0e81 elementor-widget elementor-widget-heading\" data-id=\"38d0e81\" data-element_type=\"widget\" data-e-type=\"widget\" data-widget_type=\"heading.default\">\n\t\t\t\t<div class=\"elementor-widget-container\">\n\t\t\t\t\t<h2 class=\"elementor-heading-title elementor-size-default\">WEBSEITEN VON DRITTANBIETERN<\/h2>\t\t\t\t<\/div>\n\t\t\t\t<\/div>\n\t\t\t\t\t<\/div>\n\t\t<\/div>\n\t\t\t\t<div class=\"elementor-column elementor-col-50 elementor-top-column elementor-element elementor-element-f565eb7\" data-id=\"f565eb7\" data-element_type=\"column\" data-e-type=\"column\">\n\t\t\t<div class=\"elementor-widget-wrap elementor-element-populated\">\n\t\t\t\t\t\t<div class=\"elementor-element elementor-element-2a2cafc elementor-widget elementor-widget-text-editor\" data-id=\"2a2cafc\" data-element_type=\"widget\" data-e-type=\"widget\" data-widget_type=\"text-editor.default\">\n\t\t\t\t<div class=\"elementor-widget-container\">\n\t\t\t\t\t\t\t\t\t<p>Unsere Webseite kann Links zu Webseiten enthalten, die von Drittanbietern betrieben werden, die nicht Gegenstand dieser Richtlinie sind und bei denen Verfahrensweisen im Zusammenhang mit der Erhebung und der Nutzung personenbezogener Daten von den unseren abweichen k\u00f6nnen. Da wir diese Webseiten nicht besitzen oder betreiben, k\u00f6nnen wir f\u00fcr die Nutzung Ihrer personenbezogenen Daten durch Dritte nicht verantwortlich gemacht werden. Wir empfehlen Ihnen, die Informationen \u00fcber die Verarbeitung von personenbezogenen Daten zu lesen, die von diesen Webseiten bereitgestellt werden.<\/p>\n\t\t\t\t\t\t\t\t<\/div>\n\t\t\t\t<\/div>\n\t\t\t\t\t<\/div>\n\t\t<\/div>\n\t\t\t\t\t<\/div>\n\t\t<\/section>\n\t\t\t\t<section class=\"elementor-section elementor-top-section elementor-element elementor-element-5bbe040 elementor-section-height-min-height elementor-section-items-top elementor-section-boxed elementor-section-height-default\" data-id=\"5bbe040\" data-element_type=\"section\" data-e-type=\"section\">\n\t\t\t\t\t\t<div class=\"elementor-container elementor-column-gap-default\">\n\t\t\t\t\t<div class=\"elementor-column elementor-col-50 elementor-top-column elementor-element elementor-element-589bc92\" data-id=\"589bc92\" data-element_type=\"column\" data-e-type=\"column\">\n\t\t\t<div class=\"elementor-widget-wrap elementor-element-populated\">\n\t\t\t\t\t\t<div class=\"elementor-element elementor-element-0b57a01 elementor-widget elementor-widget-heading\" data-id=\"0b57a01\" data-element_type=\"widget\" data-e-type=\"widget\" data-widget_type=\"heading.default\">\n\t\t\t\t<div class=\"elementor-widget-container\">\n\t\t\t\t\t<h2 class=\"elementor-heading-title elementor-size-default\">\u00c4NDERUNGEN ZU UNSERER DATENSCHUTZERKL\u00c4RUNG<\/h2>\t\t\t\t<\/div>\n\t\t\t\t<\/div>\n\t\t\t\t\t<\/div>\n\t\t<\/div>\n\t\t\t\t<div class=\"elementor-column elementor-col-50 elementor-top-column elementor-element elementor-element-d9875d1\" data-id=\"d9875d1\" data-element_type=\"column\" data-e-type=\"column\">\n\t\t\t<div class=\"elementor-widget-wrap elementor-element-populated\">\n\t\t\t\t\t\t<div class=\"elementor-element elementor-element-de75581 elementor-widget elementor-widget-text-editor\" data-id=\"de75581\" data-element_type=\"widget\" data-e-type=\"widget\" data-widget_type=\"text-editor.default\">\n\t\t\t\t<div class=\"elementor-widget-container\">\n\t\t\t\t\t\t\t\t\t<p>Wenn wir uns entscheiden, unsere Datenschutzerkl\u00e4rung zu \u00e4ndern, werden wir die neue Richtlinie auf dieser Webseite ver\u00f6ffentlichen. Wir empfehlen Ihnen, regelm\u00e4\u00dfig zu \u00fcberpr\u00fcfen, ob unsere Datenschutzerkl\u00e4rung sich ge\u00e4ndert hat.<\/p>\n\t\t\t\t\t\t\t\t<\/div>\n\t\t\t\t<\/div>\n\t\t\t\t\t<\/div>\n\t\t<\/div>\n\t\t\t\t\t<\/div>\n\t\t<\/section>\n\t\t\t\t<section class=\"elementor-section elementor-top-section elementor-element elementor-element-3e8890f elementor-section-height-min-height elementor-section-items-top elementor-section-boxed elementor-section-height-default\" data-id=\"3e8890f\" data-element_type=\"section\" data-e-type=\"section\">\n\t\t\t\t\t\t<div class=\"elementor-container elementor-column-gap-default\">\n\t\t\t\t\t<div class=\"elementor-column elementor-col-50 elementor-top-column elementor-element elementor-element-88207b1\" data-id=\"88207b1\" data-element_type=\"column\" data-e-type=\"column\">\n\t\t\t<div class=\"elementor-widget-wrap elementor-element-populated\">\n\t\t\t\t\t\t<div class=\"elementor-element elementor-element-d0e9bac elementor-widget elementor-widget-heading\" data-id=\"d0e9bac\" data-element_type=\"widget\" data-e-type=\"widget\" data-widget_type=\"heading.default\">\n\t\t\t\t<div class=\"elementor-widget-container\">\n\t\t\t\t\t<h2 class=\"elementor-heading-title elementor-size-default\">RECHTE DES ZUGANGS, KORREKTUREN UND WIDERSPRUCH ZUR VERARBEITUNG IHRER DATEN<\/h2>\t\t\t\t<\/div>\n\t\t\t\t<\/div>\n\t\t\t\t\t<\/div>\n\t\t<\/div>\n\t\t\t\t<div class=\"elementor-column elementor-col-50 elementor-top-column elementor-element elementor-element-ba1373c\" data-id=\"ba1373c\" data-element_type=\"column\" data-e-type=\"column\">\n\t\t\t<div class=\"elementor-widget-wrap elementor-element-populated\">\n\t\t\t\t\t\t<div class=\"elementor-element elementor-element-2e38908 elementor-widget elementor-widget-text-editor\" data-id=\"2e38908\" data-element_type=\"widget\" data-e-type=\"widget\" data-widget_type=\"text-editor.default\">\n\t\t\t\t<div class=\"elementor-widget-container\">\n\t\t\t\t\t\t\t\t\t<p>Jede Person, deren Daten auf der Webseite erhoben und verarbeitet werden, hat ein Recht auf Zugang zu den personenbezogenen Daten sowie auf die Berichtigung und die L\u00f6schung von personenbezogenen Daten, die sich auf ihn beziehen, sowie ein Einspruchsrecht, wenn legitime Gr\u00fcnde gegen die Verarbeitung seiner Daten sprechen. Um diese Rechte aus\u00fcben zu k\u00f6nnen, kontaktieren Sie uns bitte unter folgender Adresse: <span style=\"color: #800000;\"><a style=\"color: #800000;\" href=\"mailto:info@ecg-electro.eu\">info@ecg-electro.eu<\/a><\/span><\/p>\n\t\t\t\t\t\t\t\t<\/div>\n\t\t\t\t<\/div>\n\t\t\t\t\t<\/div>\n\t\t<\/div>\n\t\t\t\t\t<\/div>\n\t\t<\/section>\n\t\t\t\t<\/div>\n\t\t","protected":false},"excerpt":{"rendered":"<p>Datenschutz DATENSCHUTZERKL\u00c4RUNG K + B Progres, a.s. m\u00f6chte bez\u00fcglich der Sammlung und Nutzung von personenbezogenen Daten der Nutzer und \/ oder der Nutzung der Dienste der Webseite so transparent wie m\u00f6glich sein ecg-electro.eu. Die nachstehend aufgef\u00fchrte Datenschutzrichtlinie (\u201ePolicy\u201c) beschreibt, wie personenbezogene Daten, die im Zusammenhang mit dieser Webseite erhoben werden, von K + B Progres [&hellip;]<\/p>\n","protected":false},"author":1,"featured_media":0,"parent":0,"menu_order":0,"comment_status":"closed","ping_status":"closed","template":"elementor_header_footer","meta":{"_acf_changed":false,"_monsterinsights_skip_tracking":false,"_monsterinsights_sitenote_active":false,"_monsterinsights_sitenote_note":"","_monsterinsights_sitenote_category":0,"footnotes":""},"class_list":["post-235103","page","type-page","status-publish","hentry"],"acf":[],"_links":{"self":[{"href":"https:\/\/ecg-electro.eu\/de\/wp-json\/wp\/v2\/pages\/235103","targetHints":{"allow":["GET"]}}],"collection":[{"href":"https:\/\/ecg-electro.eu\/de\/wp-json\/wp\/v2\/pages"}],"about":[{"href":"https:\/\/ecg-electro.eu\/de\/wp-json\/wp\/v2\/types\/page"}],"author":[{"embeddable":true,"href":"https:\/\/ecg-electro.eu\/de\/wp-json\/wp\/v2\/users\/1"}],"replies":[{"embeddable":true,"href":"https:\/\/ecg-electro.eu\/de\/wp-json\/wp\/v2\/comments?post=235103"}],"version-history":[{"count":4,"href":"https:\/\/ecg-electro.eu\/de\/wp-json\/wp\/v2\/pages\/235103\/revisions"}],"predecessor-version":[{"id":2029588,"href":"https:\/\/ecg-electro.eu\/de\/wp-json\/wp\/v2\/pages\/235103\/revisions\/2029588"}],"wp:attachment":[{"href":"https:\/\/ecg-electro.eu\/de\/wp-json\/wp\/v2\/media?parent=235103"}],"curies":[{"name":"wp","href":"https:\/\/api.w.org\/{rel}","templated":true}]}}