{"id":2024084,"date":"2021-04-14T08:06:53","date_gmt":"2021-04-14T08:06:53","guid":{"rendered":"https:\/\/ecg-electro.eu\/where-to-buy\/"},"modified":"2021-11-08T10:08:33","modified_gmt":"2021-11-08T09:08:33","slug":"where-to-buy","status":"publish","type":"page","link":"https:\/\/ecg-electro.eu\/de\/wo-kann-eingekauft-werden\/","title":{"rendered":"Wo kann eingekauft werden"},"content":{"rendered":"\t\t<div data-elementor-type=\"wp-page\" data-elementor-id=\"2024084\" class=\"elementor elementor-2024084 elementor-253639\" data-elementor-post-type=\"page\">\n\t\t\t\t\t\t<section data-dce-background-color=\"#F6F6F6\" class=\"elementor-section elementor-top-section elementor-element elementor-element-b432f42 elementor-section-height-min-height elementor-section-boxed elementor-section-height-default elementor-section-items-middle\" data-id=\"b432f42\" data-element_type=\"section\" data-e-type=\"section\" data-settings=\"{&quot;background_background&quot;:&quot;classic&quot;}\">\n\t\t\t\t\t\t<div class=\"elementor-container elementor-column-gap-default\">\n\t\t\t\t\t<div class=\"elementor-column elementor-col-100 elementor-top-column elementor-element elementor-element-2eca32a\" data-id=\"2eca32a\" data-element_type=\"column\" data-e-type=\"column\">\n\t\t\t<div class=\"elementor-widget-wrap elementor-element-populated\">\n\t\t\t\t\t\t<div class=\"elementor-element elementor-element-f898446 elementor-widget elementor-widget-heading\" data-id=\"f898446\" data-element_type=\"widget\" data-e-type=\"widget\" data-widget_type=\"heading.default\">\n\t\t\t\t<div class=\"elementor-widget-container\">\n\t\t\t\t\t<h1 class=\"elementor-heading-title elementor-size-xxl\">Wo kann eingekauft werden<\/h1>\t\t\t\t<\/div>\n\t\t\t\t<\/div>\n\t\t\t\t<section class=\"elementor-section elementor-inner-section elementor-element elementor-element-3b6cc2e elementor-section-boxed elementor-section-height-default elementor-section-height-default\" data-id=\"3b6cc2e\" data-element_type=\"section\" data-e-type=\"section\">\n\t\t\t\t\t\t<div class=\"elementor-container elementor-column-gap-default\">\n\t\t\t\t\t<div class=\"elementor-column elementor-col-33 elementor-inner-column elementor-element elementor-element-75fc67d\" data-id=\"75fc67d\" data-element_type=\"column\" data-e-type=\"column\">\n\t\t\t<div class=\"elementor-widget-wrap elementor-element-populated\">\n\t\t\t\t\t\t<div class=\"elementor-element elementor-element-4fbabaf elementor-widget elementor-widget-heading\" data-id=\"4fbabaf\" data-element_type=\"widget\" data-e-type=\"widget\" data-widget_type=\"heading.default\">\n\t\t\t\t<div class=\"elementor-widget-container\">\n\t\t\t\t\t<h2 class=\"elementor-heading-title elementor-size-default\">UNSERE HANDELSPARTNER<\/h2>\t\t\t\t<\/div>\n\t\t\t\t<\/div>\n\t\t\t\t\t<\/div>\n\t\t<\/div>\n\t\t\t\t<div class=\"elementor-column elementor-col-66 elementor-inner-column elementor-element elementor-element-9c59103\" data-id=\"9c59103\" data-element_type=\"column\" data-e-type=\"column\">\n\t\t\t<div class=\"elementor-widget-wrap elementor-element-populated\">\n\t\t\t\t\t\t<div class=\"elementor-element elementor-element-d0cba45 elementor-widget elementor-widget-text-editor\" data-id=\"d0cba45\" data-element_type=\"widget\" data-e-type=\"widget\" data-widget_type=\"text-editor.default\">\n\t\t\t\t<div class=\"elementor-widget-container\">\n\t\t\t\t\t\t\t\t\t<p>Eines der Grunds\u00e4tze der Marke ECG ist die gute Erschwinglichkeit f\u00fcr unsere Kunden. Wir bei ECG stehen der Zusammenarbeit mit allen Verkaufskan\u00e4len offen gegen\u00fcber. Ware mit dem ECG Logo ist in Elektrofachgesch\u00e4ften in gro\u00dfen St\u00e4dten, aber auch bei lokalen H\u00e4ndlern, die durch ihre Gesch\u00e4fte vor allem kleinere St\u00e4dte und Gemeinde versorgen, erh\u00e4ltlich. Produkte der Marke ECG k\u00f6nnen selbstverst\u00e4ndlich auch online bestellt werden. Ein einheitliches Sortiment von Produkten der Marke ECG finden Sie im Angebot gro\u00dfer sowie kleiner Online-Gesch\u00e4fte. Haushaltsger\u00e4te der Marke ECG sind auch auf Verkaufsfl\u00e4chen von Hyperm\u00e4rkten internationaler Handelsketten erh\u00e4ltlich.<\/p>\n\t\t\t\t\t\t\t\t<\/div>\n\t\t\t\t<\/div>\n\t\t\t\t<div class=\"elementor-element elementor-element-d86262e elementor-widget elementor-widget-spacer\" data-id=\"d86262e\" data-element_type=\"widget\" data-e-type=\"widget\" data-settings=\"{&quot;enabled_visibility&quot;:&quot;yes&quot;,&quot;dce_visibility_selected&quot;:&quot;yes&quot;}\" data-widget_type=\"spacer.default\">\n\t\t\t\t<div class=\"elementor-widget-container\">\n\t\t\t\t\t\t\t<div class=\"elementor-spacer\">\n\t\t\t<div class=\"elementor-spacer-inner\"><\/div>\n\t\t<\/div>\n\t\t\t\t\t\t<\/div>\n\t\t\t\t<\/div>\n\t\t\t\t<div class=\"elementor-element elementor-element-38db1c4 elementor-widget elementor-widget-text-editor\" data-id=\"38db1c4\" data-element_type=\"widget\" data-e-type=\"widget\" data-widget_type=\"text-editor.default\">\n\t\t\t\t<div class=\"elementor-widget-container\">\n\t\t\t\t\t\t\t\t\t<p><b>\u00a0<\/b><\/p>\n\t\t\t\t\t\t\t\t<\/div>\n\t\t\t\t<\/div>\n\t\t\t\t<div class=\"elementor-element elementor-element-d785b6f elementor-widget elementor-widget-spacer\" data-id=\"d785b6f\" data-element_type=\"widget\" data-e-type=\"widget\" data-settings=\"{&quot;enabled_visibility&quot;:&quot;yes&quot;,&quot;dce_visibility_selected&quot;:&quot;yes&quot;}\" data-widget_type=\"spacer.default\">\n\t\t\t\t<div class=\"elementor-widget-container\">\n\t\t\t\t\t\t\t<div class=\"elementor-spacer\">\n\t\t\t<div class=\"elementor-spacer-inner\"><\/div>\n\t\t<\/div>\n\t\t\t\t\t\t<\/div>\n\t\t\t\t<\/div>\n\t\t\t\t<div class=\"elementor-element elementor-element-a810a96 elementor-widget elementor-widget-text-editor\" data-id=\"a810a96\" data-element_type=\"widget\" data-e-type=\"widget\" data-widget_type=\"text-editor.default\">\n\t\t\t\t<div class=\"elementor-widget-container\">\n\t\t\t\t\t\t\t\t\t<p><b>\u00a0<\/b><\/p>\n\t\t\t\t\t\t\t\t<\/div>\n\t\t\t\t<\/div>\n\t\t\t\t<div class=\"elementor-element elementor-element-d2567e0 elementor-widget elementor-widget-spacer\" data-id=\"d2567e0\" data-element_type=\"widget\" data-e-type=\"widget\" data-settings=\"{&quot;enabled_visibility&quot;:&quot;yes&quot;,&quot;dce_visibility_selected&quot;:&quot;yes&quot;}\" data-widget_type=\"spacer.default\">\n\t\t\t\t<div class=\"elementor-widget-container\">\n\t\t\t\t\t\t\t<div class=\"elementor-spacer\">\n\t\t\t<div class=\"elementor-spacer-inner\"><\/div>\n\t\t<\/div>\n\t\t\t\t\t\t<\/div>\n\t\t\t\t<\/div>\n\t\t\t\t<div class=\"elementor-element elementor-element-e62499f elementor-widget elementor-widget-text-editor\" data-id=\"e62499f\" data-element_type=\"widget\" data-e-type=\"widget\" data-widget_type=\"text-editor.default\">\n\t\t\t\t<div class=\"elementor-widget-container\">\n\t\t\t\t\t\t\t\t\t<p><b>\u00a0<\/b><\/p>\n\t\t\t\t\t\t\t\t<\/div>\n\t\t\t\t<\/div>\n\t\t\t\t\t<\/div>\n\t\t<\/div>\n\t\t\t\t\t<\/div>\n\t\t<\/section>\n\t\t\t\t\t<\/div>\n\t\t<\/div>\n\t\t\t\t\t<\/div>\n\t\t<\/section>\n\t\t\t\t<section class=\"elementor-section elementor-top-section elementor-element elementor-element-eef33ba elementor-section-boxed elementor-section-height-default elementor-section-height-default\" data-id=\"eef33ba\" data-element_type=\"section\" data-e-type=\"section\">\n\t\t\t\t\t\t<div class=\"elementor-container elementor-column-gap-default\">\n\t\t\t\t\t<div class=\"elementor-column elementor-col-100 elementor-top-column elementor-element elementor-element-f2b22ec\" data-id=\"f2b22ec\" data-element_type=\"column\" data-e-type=\"column\">\n\t\t\t<div class=\"elementor-widget-wrap elementor-element-populated\">\n\t\t\t\t\t\t<div class=\"elementor-element elementor-element-9425c30 elementor-widget elementor-widget-shortcode\" data-id=\"9425c30\" data-element_type=\"widget\" data-e-type=\"widget\" data-widget_type=\"shortcode.default\">\n\t\t\t\t<div class=\"elementor-widget-container\">\n\t\t\t\t\t<div class=\"partners-container\"><div class=\"country-column\">\r\n\t\t<h2>\u00d6sterreich<\/h2>\r\n\t\t<\/div><div class=\"sellers-column\"><div class=\"sellers-container\"><a href=\"https:\/\/www.expert.at\/shop\/ecg~b94959\" target=\"_blank\" rel=\"noopener\"><div class=\"seller\"><img decoding=\"async\" src=\"https:\/\/ecg-electro.eu\/wp-content\/uploads\/2021\/06\/expert_logo_at.jpg\" alt=\"expert\"><\/div><\/a><\/div><\/div><\/div><div class=\"partners-container\"><div class=\"country-column\">\r\n\t\t<h2>Deutschland<\/h2>\r\n\t\t<\/div><div class=\"sellers-column\"><div class=\"sellers-container\"><a href=\"https:\/\/www.expert.de\/\" target=\"_blank\" rel=\"noopener\"><div class=\"seller\"><img decoding=\"async\" src=\"https:\/\/ecg-electro.eu\/wp-content\/uploads\/2021\/06\/expert_logo-1.jpg\" alt=\"expert-de\"><\/div><\/a><\/div><\/div><\/div>\t\t<div class=\"elementor-shortcode\"><\/div>\n\t\t\t\t\t\t<\/div>\n\t\t\t\t<\/div>\n\t\t\t\t\t<\/div>\n\t\t<\/div>\n\t\t\t\t\t<\/div>\n\t\t<\/section>\n\t\t\t\t<\/div>\n\t\t","protected":false},"excerpt":{"rendered":"<p>UNSERE HANDELSPARTNER Eines der Grunds\u00e4tze der Marke ECG ist die gute Erschwinglichkeit f\u00fcr unsere Kunden. Wir bei ECG stehen der Zusammenarbeit mit allen Verkaufskan\u00e4len offen gegen\u00fcber. Ware mit dem ECG Logo ist in Elektrofachgesch\u00e4ften in gro\u00dfen St\u00e4dten, aber auch bei lokalen H\u00e4ndlern, die durch ihre Gesch\u00e4fte vor allem kleinere St\u00e4dte und Gemeinde versorgen, erh\u00e4ltlich. Produkte [&hellip;]<\/p>\n","protected":false},"author":1,"featured_media":0,"parent":0,"menu_order":0,"comment_status":"closed","ping_status":"closed","template":"elementor_header_footer","meta":{"_acf_changed":false,"_monsterinsights_skip_tracking":false,"_monsterinsights_sitenote_active":false,"_monsterinsights_sitenote_note":"","_monsterinsights_sitenote_category":0,"footnotes":""},"class_list":["post-2024084","page","type-page","status-publish","hentry"],"acf":[],"_links":{"self":[{"href":"https:\/\/ecg-electro.eu\/de\/wp-json\/wp\/v2\/pages\/2024084","targetHints":{"allow":["GET"]}}],"collection":[{"href":"https:\/\/ecg-electro.eu\/de\/wp-json\/wp\/v2\/pages"}],"about":[{"href":"https:\/\/ecg-electro.eu\/de\/wp-json\/wp\/v2\/types\/page"}],"author":[{"embeddable":true,"href":"https:\/\/ecg-electro.eu\/de\/wp-json\/wp\/v2\/users\/1"}],"replies":[{"embeddable":true,"href":"https:\/\/ecg-electro.eu\/de\/wp-json\/wp\/v2\/comments?post=2024084"}],"version-history":[{"count":5,"href":"https:\/\/ecg-electro.eu\/de\/wp-json\/wp\/v2\/pages\/2024084\/revisions"}],"predecessor-version":[{"id":2161636,"href":"https:\/\/ecg-electro.eu\/de\/wp-json\/wp\/v2\/pages\/2024084\/revisions\/2161636"}],"wp:attachment":[{"href":"https:\/\/ecg-electro.eu\/de\/wp-json\/wp\/v2\/media?parent=2024084"}],"curies":[{"name":"wp","href":"https:\/\/api.w.org\/{rel}","templated":true}]}}