{"id":3754811,"date":"2026-03-18T12:01:19","date_gmt":"2026-03-18T11:01:19","guid":{"rendered":"https:\/\/ecg-electro.eu\/?post_type=product&#038;p=3754811"},"modified":"2026-04-29T17:08:38","modified_gmt":"2026-04-29T15:08:38","slug":"ecg-vt-8700-dusty","status":"publish","type":"product","link":"https:\/\/ecg-electro.eu\/cs\/ecg-vt-8700-dusty\/","title":{"rendered":"ECG VT 8700 Dusty"},"content":{"rendered":"<p><strong>ECG ETH 3001 B<\/strong> je kompaktn\u00ed <strong>elektrick\u00e1 trouba<\/strong> <strong>se dv\u011bma varn\u00fdmi plotnami<\/strong>, kter\u00e1 v\u00e1m nahrad\u00ed klasick\u00fd spor\u00e1k. Uplatn\u011bn\u00ed najde v\u0161ude tam, kde nen\u00ed prostor na klasickou vestavnou troubu ani varnou desku. D\u00edky <strong>stoln\u00edmu proveden\u00ed<\/strong> (s rozm\u011bry 36,5 \u00d7 50,5 \u00d7 35,8 cm) ji snadno postav\u00edte na kuchy\u0148skou linku \u010di st\u016fl v mal\u00e9m byt\u011b, na chat\u011b, v kancel\u00e1\u0159i nebo t\u0159eba na studentsk\u00e9 koleji. Sta\u010d\u00ed ji pomoc\u00ed <strong>85cm kabelu<\/strong> zapojit <strong>do b\u011b\u017en\u00e9 z\u00e1suvky (220\u2013240 V)<\/strong> a m\u016f\u017eete <strong>va\u0159it, p\u00e9ct i grilovat<\/strong>. Vnit\u0159n\u00ed objem <strong>30 litr\u016f<\/strong> nab\u00edz\u00ed dost m\u00edsta na zap\u00e9kac\u00ed m\u00edsu s t\u011bstovinami, men\u0161\u00ed pek\u00e1\u010d s masem i plech sladk\u00e9ho dezertu pro celou rodinu.<\/p>\n<p>Spot\u0159ebi\u010d m\u00e1 robustn\u00ed <strong>kovov\u00e9 t\u011blo<\/strong> (v elegantn\u00edm \u010dern\u00e9m proveden\u00ed) a s\u00e1z\u00ed na <strong>klasick\u00e9 mechanick\u00e9 ovl\u00e1d\u00e1n\u00ed<\/strong> \u2013 se \u010dtve\u0159ic\u00ed oto\u010dn\u00fdch knofl\u00edk\u016f si hrav\u011b porad\u00ed i m\u00e9n\u011b zku\u0161en\u00ed kucha\u0159i a perfektn\u00ed p\u0159ehled v\u00e1m zajist\u00ed jednoduch\u00e9 <strong>sv\u011bteln\u00e9<\/strong> <strong>kontrolky<\/strong>.<\/p>\n","protected":false},"excerpt":{"rendered":"<p>ECG ETH 3001 B je kompaktn\u00ed elektrick\u00e1 trouba se dv\u011bma varn\u00fdmi plotnami, kter\u00e1 v\u00e1m nahrad\u00ed klasick\u00fd spor\u00e1k. Uplatn\u011bn\u00ed najde v\u0161ude tam, kde nen\u00ed prostor na klasickou vestavnou troubu ani varnou desku. D\u00edky stoln\u00edmu proveden\u00ed (s rozm\u011bry 36,5 \u00d7 50,5 \u00d7 35,8 cm) ji snadno postav\u00edte na kuchy\u0148skou linku \u010di st\u016fl v mal\u00e9m byt\u011b, na chat\u011b, [&hellip;]<\/p>\n","protected":false},"featured_media":3760319,"template":"","meta":{"_acf_changed":false,"_monsterinsights_skip_tracking":false,"_monsterinsights_sitenote_active":false,"_monsterinsights_sitenote_note":"","_monsterinsights_sitenote_category":0},"product_brand":[],"product_cat":[45610],"product_tag":[],"class_list":{"0":"post-3754811","1":"product","2":"type-product","3":"status-publish","4":"has-post-thumbnail","6":"product_cat-tycove-vysavace","8":"first","9":"instock","10":"product-type-simple"},"acf":[],"_links":{"self":[{"href":"https:\/\/ecg-electro.eu\/cs\/wp-json\/wp\/v2\/product\/3754811","targetHints":{"allow":["GET"]}}],"collection":[{"href":"https:\/\/ecg-electro.eu\/cs\/wp-json\/wp\/v2\/product"}],"about":[{"href":"https:\/\/ecg-electro.eu\/cs\/wp-json\/wp\/v2\/types\/product"}],"wp:featuredmedia":[{"embeddable":true,"href":"https:\/\/ecg-electro.eu\/cs\/wp-json\/wp\/v2\/media\/3760319"}],"wp:attachment":[{"href":"https:\/\/ecg-electro.eu\/cs\/wp-json\/wp\/v2\/media?parent=3754811"}],"wp:term":[{"taxonomy":"product_brand","embeddable":true,"href":"https:\/\/ecg-electro.eu\/cs\/wp-json\/wp\/v2\/product_brand?post=3754811"},{"taxonomy":"product_cat","embeddable":true,"href":"https:\/\/ecg-electro.eu\/cs\/wp-json\/wp\/v2\/product_cat?post=3754811"},{"taxonomy":"product_tag","embeddable":true,"href":"https:\/\/ecg-electro.eu\/cs\/wp-json\/wp\/v2\/product_tag?post=3754811"}],"curies":[{"name":"wp","href":"https:\/\/api.w.org\/{rel}","templated":true}]}}