{"id":3743219,"date":"2026-02-05T17:06:31","date_gmt":"2026-02-05T16:11:52","guid":{"rendered":"https:\/\/ecg-electro.eu\/?post_type=product&#038;p=3743219"},"modified":"2026-04-07T17:05:14","modified_gmt":"2026-04-07T15:05:14","slug":"ecg-zh-2200-blade-moonstone","status":"publish","type":"product","link":"https:\/\/ecg-electro.eu\/cs\/ecg-zh-2200-blade-moonstone\/","title":{"rendered":"ECG ZH 2200 Blade Moonstone"},"content":{"rendered":"","protected":false},"excerpt":{"rendered":"<p>Zast\u0159ihova\u010d vous\u016f <strong>ECG ZH 2200 Blade Moonstone<\/strong> je praktick\u00fd a lehk\u00fd pomocn\u00edk pro pravidelnou dom\u00e1c\u00ed \u00fapravu. D\u00edky <strong>kompaktn\u00edm rozm\u011br\u016fm<\/strong> a <strong>velmi n\u00edzk\u00e9 hmotnosti pouh\u00fdch 120 g<\/strong> se pohodln\u011b dr\u017e\u00ed v ruce a snadno se ovl\u00e1d\u00e1 i p\u0159i del\u0161\u00edm pou\u017e\u00edv\u00e1n\u00ed.<\/p>\n<p>Za\u0159\u00edzen\u00ed zaujme modern\u00edm <strong>leskle \u0161ed\u00fdm proveden\u00edm<\/strong>, kter\u00e9 p\u016fsob\u00ed elegantn\u011b, zat\u00edmco <strong>plastov\u00e9 t\u011blo<\/strong> udr\u017euje p\u0159\u00edstroj lehk\u00fd a snadno p\u0159enosn\u00fd. D\u00edky stylov\u00e9 a z\u00e1rove\u0148 funk\u010dn\u00ed konstrukci se hod\u00ed do ka\u017ed\u00e9 koupelny a je tak\u00e9 praktick\u00fdm spole\u010dn\u00edkem na cesty.<\/p>\n","protected":false},"featured_media":3743018,"template":"","meta":{"_acf_changed":false,"_monsterinsights_skip_tracking":false,"_monsterinsights_sitenote_active":false,"_monsterinsights_sitenote_note":"","_monsterinsights_sitenote_category":0},"product_cat":[46020],"product_tag":[],"class_list":{"0":"post-3743219","1":"product","2":"type-product","3":"status-publish","4":"has-post-thumbnail","6":"product_cat-zastrihovace-vlasu-vousu","8":"first","9":"instock","10":"product-type-simple"},"acf":[],"_links":{"self":[{"href":"https:\/\/ecg-electro.eu\/cs\/wp-json\/wp\/v2\/product\/3743219","targetHints":{"allow":["GET"]}}],"collection":[{"href":"https:\/\/ecg-electro.eu\/cs\/wp-json\/wp\/v2\/product"}],"about":[{"href":"https:\/\/ecg-electro.eu\/cs\/wp-json\/wp\/v2\/types\/product"}],"wp:featuredmedia":[{"embeddable":true,"href":"https:\/\/ecg-electro.eu\/cs\/wp-json\/wp\/v2\/media\/3743018"}],"wp:attachment":[{"href":"https:\/\/ecg-electro.eu\/cs\/wp-json\/wp\/v2\/media?parent=3743219"}],"wp:term":[{"taxonomy":"product_cat","embeddable":true,"href":"https:\/\/ecg-electro.eu\/cs\/wp-json\/wp\/v2\/product_cat?post=3743219"},{"taxonomy":"product_tag","embeddable":true,"href":"https:\/\/ecg-electro.eu\/cs\/wp-json\/wp\/v2\/product_tag?post=3743219"}],"curies":[{"name":"wp","href":"https:\/\/api.w.org\/{rel}","templated":true}]}}