{"id":3098967,"date":"2025-07-04T12:34:06","date_gmt":"2025-07-04T10:53:35","guid":{"rendered":"https:\/\/ecg-electro.eu\/?post_type=product&#038;p=3098967"},"modified":"2026-04-07T17:13:27","modified_gmt":"2026-04-07T15:13:27","slug":"ecg-eds-300763-blackline","status":"publish","type":"product","link":"https:\/\/ecg-electro.eu\/cs\/ecg-eds-300763-blackline\/","title":{"rendered":"ECG EDS 300763 BlackLine"},"content":{"rendered":"<p><strong>ECG EDS 300763 BlackLine<\/strong> je semi vestavn\u00e1 my\u010dka n\u00e1dob\u00ed, kter\u00e1 se perfektn\u011b p\u0159izp\u016fsob\u00ed ka\u017ed\u00e9 kuchyni. Z\u00e1kazn\u00edk si po\u0159izuje my\u010dku s \u010dern\u00fdm ovl\u00e1dac\u00edm panelem a \u010deln\u00ed dv\u00ed\u0159ka si <strong>m\u016f\u017ee doladit podle vlastn\u00edho stylu a designu<\/strong> kuchy\u0148sk\u00e9 linky. D\u00edky tomu zapadne opravdu kamkoliv \u2013 od modern\u00edho interi\u00e9ru a\u017e po rustik\u00e1ln\u00ed kuchyni.<br \/>\nP\u0159ehledn\u00fd panel je um\u00edst\u011bn\u00fd na \u010deln\u00ed stran\u011b, tak\u017ee nen\u00ed pot\u0159eba my\u010dku otev\u00edrat \u2013 v\u0161echno d\u016fle\u017eit\u00e9 m\u00e1te na o\u010d\u00edch. S kapacitou na <strong>14 j\u00eddeln\u00edch sad<\/strong> je ide\u00e1ln\u00edm pomocn\u00edkem pro v\u011bt\u0161\u00ed dom\u00e1cnosti. V\u00fdjime\u010dn\u011b tich\u00fd provoz s hlu\u010dnost\u00ed pouh\u00fdch<strong> 44 dB<\/strong> zajist\u00ed, \u017ee v\u00e1s p\u0159i b\u011b\u017en\u00e9m chodu nebude nijak ru\u0161it. A skv\u011blou vychyt\u00e1vkou je tak\u00e9 automatick\u00e9 otev\u00edr\u00e1n\u00ed dve\u0159\u00ed po skon\u010den\u00ed cyklu, d\u00edky \u010demu\u017e bude n\u00e1dob\u00ed nejen dokonale umyt\u00e9, ale i such\u00e9.<\/p>\n<p>Rozm\u011bry t\u00e9to my\u010dky \u010din\u00ed <strong>84,5 \u00d7 59,8 \u00d7 60 cm<\/strong>.<\/p>\n","protected":false},"excerpt":{"rendered":"<p>ECG EDS 300763 BlackLine je semi vestavn\u00e1 my\u010dka n\u00e1dob\u00ed, kter\u00e1 se perfektn\u011b p\u0159izp\u016fsob\u00ed ka\u017ed\u00e9 kuchyni. Z\u00e1kazn\u00edk si po\u0159izuje my\u010dku s \u010dern\u00fdm ovl\u00e1dac\u00edm panelem a \u010deln\u00ed dv\u00ed\u0159ka si m\u016f\u017ee doladit podle vlastn\u00edho stylu a designu kuchy\u0148sk\u00e9 linky. D\u00edky tomu zapadne opravdu kamkoliv \u2013 od modern\u00edho interi\u00e9ru a\u017e po rustik\u00e1ln\u00ed kuchyni. P\u0159ehledn\u00fd panel je um\u00edst\u011bn\u00fd na \u010deln\u00ed [&hellip;]<\/p>\n","protected":false},"featured_media":3079433,"template":"","meta":{"_acf_changed":false,"_monsterinsights_skip_tracking":false,"_monsterinsights_sitenote_active":false,"_monsterinsights_sitenote_note":"","_monsterinsights_sitenote_category":0},"product_cat":[45179],"product_tag":[],"class_list":{"0":"post-3098967","1":"product","2":"type-product","3":"status-publish","4":"has-post-thumbnail","6":"product_cat-vestavne-mycky-nadobi","8":"first","9":"instock","10":"product-type-simple"},"acf":[],"_links":{"self":[{"href":"https:\/\/ecg-electro.eu\/cs\/wp-json\/wp\/v2\/product\/3098967","targetHints":{"allow":["GET"]}}],"collection":[{"href":"https:\/\/ecg-electro.eu\/cs\/wp-json\/wp\/v2\/product"}],"about":[{"href":"https:\/\/ecg-electro.eu\/cs\/wp-json\/wp\/v2\/types\/product"}],"wp:featuredmedia":[{"embeddable":true,"href":"https:\/\/ecg-electro.eu\/cs\/wp-json\/wp\/v2\/media\/3079433"}],"wp:attachment":[{"href":"https:\/\/ecg-electro.eu\/cs\/wp-json\/wp\/v2\/media?parent=3098967"}],"wp:term":[{"taxonomy":"product_cat","embeddable":true,"href":"https:\/\/ecg-electro.eu\/cs\/wp-json\/wp\/v2\/product_cat?post=3098967"},{"taxonomy":"product_tag","embeddable":true,"href":"https:\/\/ecg-electro.eu\/cs\/wp-json\/wp\/v2\/product_tag?post=3098967"}],"curies":[{"name":"wp","href":"https:\/\/api.w.org\/{rel}","templated":true}]}}