{"id":2777829,"date":"2025-04-10T14:53:09","date_gmt":"2025-04-10T13:12:01","guid":{"rendered":"https:\/\/ecg-electro.eu\/?post_type=product&#038;p=2777829"},"modified":"2026-04-15T10:34:10","modified_gmt":"2026-04-15T08:34:10","slug":"ecg-erm-11432-we","status":"publish","type":"product","link":"https:\/\/ecg-electro.eu\/cs\/ecg-erm-11432-we\/","title":{"rendered":"ECG ERM 11432 WE"},"content":{"rendered":"<h3>\u00dasporn\u00fd, tich\u00fd a ekologick\u00fd provoz<\/h3>\n<h3>Prodlou\u017een\u00e1 z\u00e1ruka pro va\u0161i dlouhotrvaj\u00edc\u00ed spokojenost<\/h3>\n<p>Po\u0159i\u010fte si monoklimatickou ledni\u010dku ECG ERM 11432 WE a u\u017e\u00edvejte si komfort spolehliv\u00e9ho chlazen\u00ed, p\u0159ehledn\u00e9 uspo\u0159\u00e1d\u00e1n\u00ed potravin a n\u00edzk\u00e9 provozn\u00ed n\u00e1klady \u2013 to v\u0161e po mnoho let. Na spot\u0159ebi\u010d je poskytov\u00e1na <strong>prodlou\u017een\u00e1 z\u00e1ruka (5 let)<\/strong>, a tak m\u016f\u017eete po\u010d\u00edtat se spolehliv\u00fdm provozem velmi dlouhou dobu.<\/p>\n<p>&nbsp;<\/p>\n","protected":false},"excerpt":{"rendered":"<p>\u00dasporn\u00fd, tich\u00fd a ekologick\u00fd provoz Prodlou\u017een\u00e1 z\u00e1ruka pro va\u0161i dlouhotrvaj\u00edc\u00ed spokojenost Po\u0159i\u010fte si monoklimatickou ledni\u010dku ECG ERM 11432 WE a u\u017e\u00edvejte si komfort spolehliv\u00e9ho chlazen\u00ed, p\u0159ehledn\u00e9 uspo\u0159\u00e1d\u00e1n\u00ed potravin a n\u00edzk\u00e9 provozn\u00ed n\u00e1klady \u2013 to v\u0161e po mnoho let. Na spot\u0159ebi\u010d je poskytov\u00e1na prodlou\u017een\u00e1 z\u00e1ruka (5 let), a tak m\u016f\u017eete po\u010d\u00edtat se spolehliv\u00fdm provozem velmi dlouhou [&hellip;]<\/p>\n","protected":false},"featured_media":2783775,"template":"","meta":{"_acf_changed":false,"_monsterinsights_skip_tracking":false,"_monsterinsights_sitenote_active":false,"_monsterinsights_sitenote_note":"","_monsterinsights_sitenote_category":0},"product_brand":[],"product_cat":[45360],"product_tag":[3761,46770],"class_list":{"0":"post-2777829","1":"product","2":"type-product","3":"status-publish","4":"has-post-thumbnail","6":"product_cat-chladnicky","7":"product_tag-zaruka","8":"product_tag-chlazeni-cs","10":"first","11":"instock","12":"product-type-simple"},"acf":[],"_links":{"self":[{"href":"https:\/\/ecg-electro.eu\/cs\/wp-json\/wp\/v2\/product\/2777829","targetHints":{"allow":["GET"]}}],"collection":[{"href":"https:\/\/ecg-electro.eu\/cs\/wp-json\/wp\/v2\/product"}],"about":[{"href":"https:\/\/ecg-electro.eu\/cs\/wp-json\/wp\/v2\/types\/product"}],"wp:featuredmedia":[{"embeddable":true,"href":"https:\/\/ecg-electro.eu\/cs\/wp-json\/wp\/v2\/media\/2783775"}],"wp:attachment":[{"href":"https:\/\/ecg-electro.eu\/cs\/wp-json\/wp\/v2\/media?parent=2777829"}],"wp:term":[{"taxonomy":"product_brand","embeddable":true,"href":"https:\/\/ecg-electro.eu\/cs\/wp-json\/wp\/v2\/product_brand?post=2777829"},{"taxonomy":"product_cat","embeddable":true,"href":"https:\/\/ecg-electro.eu\/cs\/wp-json\/wp\/v2\/product_cat?post=2777829"},{"taxonomy":"product_tag","embeddable":true,"href":"https:\/\/ecg-electro.eu\/cs\/wp-json\/wp\/v2\/product_tag?post=2777829"}],"curies":[{"name":"wp","href":"https:\/\/api.w.org\/{rel}","templated":true}]}}