{"id":2752589,"date":"2025-04-03T17:15:06","date_gmt":"2025-04-03T15:31:29","guid":{"rendered":"https:\/\/ecg-electro.eu\/?post_type=product&#038;p=2752589"},"modified":"2026-04-07T17:06:22","modified_gmt":"2026-04-07T15:06:22","slug":"ecg-ers-21782-nixe","status":"publish","type":"product","link":"https:\/\/ecg-electro.eu\/cs\/ecg-ers-21782-nixe\/","title":{"rendered":"ECG ERS 21782 NIXE"},"content":{"rendered":"<p>Americk\u00e1 ledni\u010dka ECG ERS 21782 NIXE je z\u00e1rukou kvality a dlouh\u00e9 \u017eivotnosti. P\u0159i jej\u00edm po\u0159\u00edzen\u00ed tak m\u016f\u017eete po\u010d\u00edtat i s <strong>mimo\u0159\u00e1dn\u011b \u0161t\u011bdrou z\u00e1rukou \u2013 deset let na motor a p\u011bt let na cel\u00fd spot\u0159ebi\u010d<\/strong>.<\/p>\n<p>Prodlou\u017een\u00e1 z\u00e1ruka v\u00e1m d\u00e1v\u00e1 jistotu, \u017ee investujete do spolehliv\u00e9ho za\u0159\u00edzen\u00ed, kter\u00e9 v\u00e1m bude bez starost\u00ed slou\u017eit po mnoho let. M\u016f\u017eete tak z\u016fstat v\u00a0klidu a pln\u011b se soust\u0159edit na pohodl\u00ed a prakti\u010dnost, kter\u00e9 tato side-by-side ledni\u010dka do va\u0161eho ka\u017edodenn\u00edho \u017eivota p\u0159inese.<\/p>\n","protected":false},"excerpt":{"rendered":"<p>Americk\u00e1 ledni\u010dka ECG ERS 21782 NIXE je z\u00e1rukou kvality a dlouh\u00e9 \u017eivotnosti. P\u0159i jej\u00edm po\u0159\u00edzen\u00ed tak m\u016f\u017eete po\u010d\u00edtat i s mimo\u0159\u00e1dn\u011b \u0161t\u011bdrou z\u00e1rukou \u2013 deset let na motor a p\u011bt let na cel\u00fd spot\u0159ebi\u010d. Prodlou\u017een\u00e1 z\u00e1ruka v\u00e1m d\u00e1v\u00e1 jistotu, \u017ee investujete do spolehliv\u00e9ho za\u0159\u00edzen\u00ed, kter\u00e9 v\u00e1m bude bez starost\u00ed slou\u017eit po mnoho let. M\u016f\u017eete tak [&hellip;]<\/p>\n","protected":false},"featured_media":2678356,"template":"","meta":{"_acf_changed":false,"_monsterinsights_skip_tracking":false,"_monsterinsights_sitenote_active":false,"_monsterinsights_sitenote_note":"","_monsterinsights_sitenote_category":0},"product_brand":[],"product_cat":[45318],"product_tag":[],"class_list":{"0":"post-2752589","1":"product","2":"type-product","3":"status-publish","4":"has-post-thumbnail","6":"product_cat-kombinovane-chladnicky","8":"first","9":"instock","10":"product-type-simple"},"acf":[],"_links":{"self":[{"href":"https:\/\/ecg-electro.eu\/cs\/wp-json\/wp\/v2\/product\/2752589","targetHints":{"allow":["GET"]}}],"collection":[{"href":"https:\/\/ecg-electro.eu\/cs\/wp-json\/wp\/v2\/product"}],"about":[{"href":"https:\/\/ecg-electro.eu\/cs\/wp-json\/wp\/v2\/types\/product"}],"wp:featuredmedia":[{"embeddable":true,"href":"https:\/\/ecg-electro.eu\/cs\/wp-json\/wp\/v2\/media\/2678356"}],"wp:attachment":[{"href":"https:\/\/ecg-electro.eu\/cs\/wp-json\/wp\/v2\/media?parent=2752589"}],"wp:term":[{"taxonomy":"product_brand","embeddable":true,"href":"https:\/\/ecg-electro.eu\/cs\/wp-json\/wp\/v2\/product_brand?post=2752589"},{"taxonomy":"product_cat","embeddable":true,"href":"https:\/\/ecg-electro.eu\/cs\/wp-json\/wp\/v2\/product_cat?post=2752589"},{"taxonomy":"product_tag","embeddable":true,"href":"https:\/\/ecg-electro.eu\/cs\/wp-json\/wp\/v2\/product_tag?post=2752589"}],"curies":[{"name":"wp","href":"https:\/\/api.w.org\/{rel}","templated":true}]}}