{"id":2485885,"date":"2024-11-27T16:33:24","date_gmt":"2024-11-27T15:57:14","guid":{"rendered":"https:\/\/ecg-electro.eu\/?post_type=product&#038;p=2485885"},"modified":"2026-04-29T17:07:40","modified_gmt":"2026-04-29T15:07:40","slug":"ecg-b-tone-5710-bt-lime","status":"publish","type":"product","link":"https:\/\/ecg-electro.eu\/cs\/ecg-btone-5710-bt-lime\/","title":{"rendered":"ECG B.TONE 5710 BT Lime"},"content":{"rendered":"<p><strong>Stylov\u00fd \u010derno-limetkov\u00fd design<\/strong> tohoto MP3 p\u0159ehr\u00e1va\u010de dopl\u0148uje ochrann\u00e9 <strong>silikonov\u00e9 pouzdro<\/strong>, kter\u00e9 p\u0159\u00edstroj chr\u00e1n\u00ed p\u0159ed po\u0161kozen\u00edm. <strong>Dob\u00edjec\u00ed lithium-polymerov\u00e1 baterie<\/strong> s kapacitou 300 mAh pak zaru\u010duje dlouhou v\u00fddr\u017e. A co se t\u00fd\u010de nab\u00edjen\u00ed, to je spole\u010dn\u011b s\u00a0p\u0159enosem dat realizov\u00e1no prost\u0159ednictv\u00edm modern\u00edho oboustrann\u00e9ho rozhran\u00ed <strong>USB-C<\/strong> (pot\u0159ebn\u00fd kabel je sou\u010d\u00e1st\u00ed z\u00e1kladn\u00edho balen\u00ed).<\/p>\n<p>A\u0165 u\u017e hled\u00e1te jednoduch\u00fd zp\u016fsob, jak m\u00edt svou obl\u00edbenou hudbu st\u00e1le u sebe, nebo v\u00e1s l\u00e1k\u00e1 mo\u017enost snadno pracovat s\u00a0multim\u00e9dii bez nutnosti pou\u017e\u00edvat mobiln\u00ed telefon, ECG B.TONE 5710 BT Lime se jist\u011b stane va\u0161\u00edm nepostradateln\u00fdm par\u0165\u00e1kem.<\/p>\n","protected":false},"excerpt":{"rendered":"<p>Stylov\u00fd \u010derno-limetkov\u00fd design tohoto MP3 p\u0159ehr\u00e1va\u010de dopl\u0148uje ochrann\u00e9 silikonov\u00e9 pouzdro, kter\u00e9 p\u0159\u00edstroj chr\u00e1n\u00ed p\u0159ed po\u0161kozen\u00edm. Dob\u00edjec\u00ed lithium-polymerov\u00e1 baterie s kapacitou 300 mAh pak zaru\u010duje dlouhou v\u00fddr\u017e. A co se t\u00fd\u010de nab\u00edjen\u00ed, to je spole\u010dn\u011b s\u00a0p\u0159enosem dat realizov\u00e1no prost\u0159ednictv\u00edm modern\u00edho oboustrann\u00e9ho rozhran\u00ed USB-C (pot\u0159ebn\u00fd kabel je sou\u010d\u00e1st\u00ed z\u00e1kladn\u00edho balen\u00ed). A\u0165 u\u017e hled\u00e1te jednoduch\u00fd zp\u016fsob, jak m\u00edt [&hellip;]<\/p>\n","protected":false},"featured_media":2523147,"template":"","meta":{"_acf_changed":false,"_monsterinsights_skip_tracking":false,"_monsterinsights_sitenote_active":false,"_monsterinsights_sitenote_note":"","_monsterinsights_sitenote_category":0},"product_brand":[],"product_cat":[44136],"product_tag":[],"class_list":{"0":"post-2485885","1":"product","2":"type-product","3":"status-publish","4":"has-post-thumbnail","6":"product_cat-mp3-mp4-prehravace","8":"first","9":"instock","10":"product-type-simple"},"acf":[],"_links":{"self":[{"href":"https:\/\/ecg-electro.eu\/cs\/wp-json\/wp\/v2\/product\/2485885","targetHints":{"allow":["GET"]}}],"collection":[{"href":"https:\/\/ecg-electro.eu\/cs\/wp-json\/wp\/v2\/product"}],"about":[{"href":"https:\/\/ecg-electro.eu\/cs\/wp-json\/wp\/v2\/types\/product"}],"wp:featuredmedia":[{"embeddable":true,"href":"https:\/\/ecg-electro.eu\/cs\/wp-json\/wp\/v2\/media\/2523147"}],"wp:attachment":[{"href":"https:\/\/ecg-electro.eu\/cs\/wp-json\/wp\/v2\/media?parent=2485885"}],"wp:term":[{"taxonomy":"product_brand","embeddable":true,"href":"https:\/\/ecg-electro.eu\/cs\/wp-json\/wp\/v2\/product_brand?post=2485885"},{"taxonomy":"product_cat","embeddable":true,"href":"https:\/\/ecg-electro.eu\/cs\/wp-json\/wp\/v2\/product_cat?post=2485885"},{"taxonomy":"product_tag","embeddable":true,"href":"https:\/\/ecg-electro.eu\/cs\/wp-json\/wp\/v2\/product_tag?post=2485885"}],"curies":[{"name":"wp","href":"https:\/\/api.w.org\/{rel}","templated":true}]}}