{"id":2464197,"date":"2024-11-14T15:38:23","date_gmt":"2024-11-14T15:03:44","guid":{"rendered":"https:\/\/ecg-electro.eu\/?post_type=product&#038;p=2464197"},"modified":"2026-04-16T10:48:02","modified_gmt":"2026-04-16T08:48:02","slug":"ecg-km-122-easygrind-white","status":"publish","type":"product","link":"https:\/\/ecg-electro.eu\/cs\/ecg-km-122-easygrind-white\/","title":{"rendered":"ECG KM 122 Easygrind White"},"content":{"rendered":"<p>Tento ml\u00fdnek na k\u00e1vu vynik\u00e1 i kvalitn\u00edm zpracov\u00e1n\u00edm. Z\u00e1rukou spolehliv\u00e9ho provozu i dlouh\u00e9 \u017eivotnosti jsou tu jak <strong>nerezov\u00e9 sekac\u00ed no\u017ee<\/strong>, tak <strong>t\u011blo z kvalitn\u00edho plastu<\/strong>. P\u0159\u00edstroj pracuje s\u00a0p\u0159\u00edkonem <strong>160\u2013200 W<\/strong> a jeho hlu\u010dnost je p\u0159ijateln\u00fdch <strong>66 dB<\/strong>. \u010ci\u0161t\u011bn\u00ed ml\u00fdnku je jednoduch\u00e9 a bezpe\u010dn\u00e9 \u2013 sta\u010d\u00ed n\u00e1dobu po odpojen\u00ed nap\u00e1jec\u00ed \u0161\u0148\u016fry <strong>o\u010distit navlh\u010den\u00fdm had\u0159\u00edkem<\/strong>.<\/p>\n<p>Pokud zkr\u00e1tka milujete k\u00e1vu, tento ml\u00fdnek ve va\u0161\u00ed kuchyni nesm\u00ed chyb\u011bt. Sta\u0148te se s\u00a0jeho pomoc\u00ed baristy ve sv\u00e9m vlastn\u00edm domov\u011b a objevte radost z p\u0159\u00edpravy k\u00e1vy, kter\u00e1 bude chutnat stejn\u011b dob\u0159e jako ta z kav\u00e1rny.<\/p>\n","protected":false},"excerpt":{"rendered":"<p>Tento ml\u00fdnek na k\u00e1vu vynik\u00e1 i kvalitn\u00edm zpracov\u00e1n\u00edm. Z\u00e1rukou spolehliv\u00e9ho provozu i dlouh\u00e9 \u017eivotnosti jsou tu jak nerezov\u00e9 sekac\u00ed no\u017ee, tak t\u011blo z kvalitn\u00edho plastu. P\u0159\u00edstroj pracuje s\u00a0p\u0159\u00edkonem 160\u2013200 W a jeho hlu\u010dnost je p\u0159ijateln\u00fdch 66 dB. \u010ci\u0161t\u011bn\u00ed ml\u00fdnku je jednoduch\u00e9 a bezpe\u010dn\u00e9 \u2013 sta\u010d\u00ed n\u00e1dobu po odpojen\u00ed nap\u00e1jec\u00ed \u0161\u0148\u016fry o\u010distit navlh\u010den\u00fdm had\u0159\u00edkem. Pokud zkr\u00e1tka [&hellip;]<\/p>\n","protected":false},"featured_media":2477652,"template":"","meta":{"_acf_changed":false,"_monsterinsights_skip_tracking":false,"_monsterinsights_sitenote_active":false,"_monsterinsights_sitenote_note":"","_monsterinsights_sitenote_category":0},"product_brand":[],"product_cat":[44501],"product_tag":[],"class_list":{"0":"post-2464197","1":"product","2":"type-product","3":"status-publish","4":"has-post-thumbnail","6":"product_cat-mlynky-na-kavu","8":"first","9":"instock","10":"product-type-simple"},"acf":[],"_links":{"self":[{"href":"https:\/\/ecg-electro.eu\/cs\/wp-json\/wp\/v2\/product\/2464197","targetHints":{"allow":["GET"]}}],"collection":[{"href":"https:\/\/ecg-electro.eu\/cs\/wp-json\/wp\/v2\/product"}],"about":[{"href":"https:\/\/ecg-electro.eu\/cs\/wp-json\/wp\/v2\/types\/product"}],"wp:featuredmedia":[{"embeddable":true,"href":"https:\/\/ecg-electro.eu\/cs\/wp-json\/wp\/v2\/media\/2477652"}],"wp:attachment":[{"href":"https:\/\/ecg-electro.eu\/cs\/wp-json\/wp\/v2\/media?parent=2464197"}],"wp:term":[{"taxonomy":"product_brand","embeddable":true,"href":"https:\/\/ecg-electro.eu\/cs\/wp-json\/wp\/v2\/product_brand?post=2464197"},{"taxonomy":"product_cat","embeddable":true,"href":"https:\/\/ecg-electro.eu\/cs\/wp-json\/wp\/v2\/product_cat?post=2464197"},{"taxonomy":"product_tag","embeddable":true,"href":"https:\/\/ecg-electro.eu\/cs\/wp-json\/wp\/v2\/product_tag?post=2464197"}],"curies":[{"name":"wp","href":"https:\/\/api.w.org\/{rel}","templated":true}]}}