{"id":2463970,"date":"2024-11-14T15:37:40","date_gmt":"2024-11-14T15:03:06","guid":{"rendered":"https:\/\/ecg-electro.eu\/?post_type=product&#038;p=2463970"},"modified":"2026-04-07T10:14:39","modified_gmt":"2026-04-07T08:14:39","slug":"ecg-rk-1799-smart-black","status":"publish","type":"product","link":"https:\/\/ecg-electro.eu\/cs\/ecg-rk-1799-smart-black\/","title":{"rendered":"ECG RK 1799 Smart Black"},"content":{"rendered":"<p>Vzhledem k\u00a0<strong>objemu<\/strong> <strong>1,7 litru<\/strong> se tato rychlovarn\u00e1 konvice hod\u00ed i pro v\u011bt\u0161\u00ed rodiny nebo po\u010detn\u011bj\u0161\u00ed n\u00e1v\u0161t\u011bvy. Ur\u010dit\u011b na n\u00ed ocen\u00edte i praktick\u00fd <strong>ukazatel mno\u017estv\u00ed vody<\/strong>, <strong>ergonomickou rukoje\u0165<\/strong> nebo dostate\u010dn\u011b dlouh\u00fd <strong>nap\u00e1jec\u00ed kabel (75 cm)<\/strong> \u2013 to v\u0161e toti\u017e usnad\u0148uje ka\u017edodenn\u00ed pou\u017e\u00edv\u00e1n\u00ed. Nav\u00edc je tato konvice <strong>energeticky \u00fasporn\u00e1<\/strong>, proto\u017ee v pohotovostn\u00edm re\u017eimu spot\u0159ebuje m\u00e9n\u011b ne\u017e 0,5 W.<\/p>\n<p>Materi\u00e1ly, kter\u00e9 p\u0159ich\u00e1zej\u00ed do styku s vodou, maj\u00ed <strong>pot\u0159ebn\u00e9 atesty<\/strong>, tak\u017ee si m\u016f\u017eete b\u00fdt jisti i <strong>zdravotn\u00ed nez\u00e1vadnost\u00ed<\/strong>. S\u00a0rychlovarnou konvic\u00ed ECG RK 1799 Smart si zkr\u00e1tka vychutn\u00e1te chv\u00edle klidu u \u0161\u00e1lku obl\u00edben\u00e9ho n\u00e1poje, ani\u017e byste museli d\u011blat kompromisy mezi kvalitou, komfortem a prakti\u010dnost\u00ed. Spolu s\u00a0n\u00ed p\u0159ich\u00e1z\u00ed do va\u0161\u00ed kuchyn\u011b nejen technologick\u00e1 vysp\u011blost, ale i trocha luxusu a radosti z ka\u017edodenn\u00edch ritu\u00e1l\u016f.<\/p>\n","protected":false},"excerpt":{"rendered":"<p>Vzhledem k\u00a0objemu 1,7 litru se tato rychlovarn\u00e1 konvice hod\u00ed i pro v\u011bt\u0161\u00ed rodiny nebo po\u010detn\u011bj\u0161\u00ed n\u00e1v\u0161t\u011bvy. Ur\u010dit\u011b na n\u00ed ocen\u00edte i praktick\u00fd ukazatel mno\u017estv\u00ed vody, ergonomickou rukoje\u0165 nebo dostate\u010dn\u011b dlouh\u00fd nap\u00e1jec\u00ed kabel (75 cm) \u2013 to v\u0161e toti\u017e usnad\u0148uje ka\u017edodenn\u00ed pou\u017e\u00edv\u00e1n\u00ed. Nav\u00edc je tato konvice energeticky \u00fasporn\u00e1, proto\u017ee v pohotovostn\u00edm re\u017eimu spot\u0159ebuje m\u00e9n\u011b ne\u017e 0,5 [&hellip;]<\/p>\n","protected":false},"featured_media":2477391,"template":"","meta":{"_acf_changed":false,"_monsterinsights_skip_tracking":false,"_monsterinsights_sitenote_active":false,"_monsterinsights_sitenote_note":"","_monsterinsights_sitenote_category":0},"product_cat":[44417],"product_tag":[],"class_list":{"0":"post-2463970","1":"product","2":"type-product","3":"status-publish","4":"has-post-thumbnail","6":"product_cat-rychlovarne-konvice","8":"first","9":"instock","10":"product-type-simple"},"acf":[],"_links":{"self":[{"href":"https:\/\/ecg-electro.eu\/cs\/wp-json\/wp\/v2\/product\/2463970","targetHints":{"allow":["GET"]}}],"collection":[{"href":"https:\/\/ecg-electro.eu\/cs\/wp-json\/wp\/v2\/product"}],"about":[{"href":"https:\/\/ecg-electro.eu\/cs\/wp-json\/wp\/v2\/types\/product"}],"wp:featuredmedia":[{"embeddable":true,"href":"https:\/\/ecg-electro.eu\/cs\/wp-json\/wp\/v2\/media\/2477391"}],"wp:attachment":[{"href":"https:\/\/ecg-electro.eu\/cs\/wp-json\/wp\/v2\/media?parent=2463970"}],"wp:term":[{"taxonomy":"product_cat","embeddable":true,"href":"https:\/\/ecg-electro.eu\/cs\/wp-json\/wp\/v2\/product_cat?post=2463970"},{"taxonomy":"product_tag","embeddable":true,"href":"https:\/\/ecg-electro.eu\/cs\/wp-json\/wp\/v2\/product_tag?post=2463970"}],"curies":[{"name":"wp","href":"https:\/\/api.w.org\/{rel}","templated":true}]}}