{"id":2452088,"date":"2024-10-03T15:09:01","date_gmt":"2024-10-03T13:24:39","guid":{"rendered":"https:\/\/ecg-electro.eu\/?post_type=product&#038;p=2452088"},"modified":"2026-04-25T10:42:12","modified_gmt":"2026-04-25T08:42:12","slug":"ecg-forza-5200-fuego","status":"publish","type":"product","link":"https:\/\/ecg-electro.eu\/cs\/ecg-forza-5200-fuego\/","title":{"rendered":"ECG FORZA 5200 Fuego"},"content":{"rendered":"<p>P\u0159ilo\u017een\u00fd <strong>grilovac\u00ed teplom\u011br<\/strong> vybaven\u00fd teplotn\u00edm alarmem zajist\u00ed poka\u017ed\u00e9 dokonale prope\u010den\u00e9 steaky t\u00edm, \u017ee v\u00e1s upozorn\u00ed, kdy\u017e st\u0159ed masa dos\u00e1hne po\u017eadovan\u00e9 nastaven\u00e9 teploty.<\/p>\n<p>Tento kontaktn\u00ed gril vynik\u00e1 i elegantn\u00edm <strong>nerezov\u00fdm proveden\u00edm<\/strong> a je vybaven <strong>tepeln\u011b izolovan\u00fdmi madly<\/strong> \u010di <strong>protiskluzov\u00fdmi podlo\u017ekami<\/strong> \u2013 tyto prvky zaji\u0161\u0165uj\u00ed jeho bezpe\u010dn\u00e9 pou\u017e\u00edv\u00e1n\u00ed bez rizika pop\u00e1len\u00ed nebo necht\u011bn\u00e9ho posunu p\u0159\u00edstroje po pracovn\u00ed desce. Praktick\u00e9 jsou pak i <strong>v\u00fdklopn\u00e9 no\u017ei\u010dky<\/strong>, kter\u00e9 umo\u017e\u0148uj\u00ed nastavit optim\u00e1ln\u00ed sklon grilu \u2013 kdy\u017e nap\u0159. chyst\u00e1te volsk\u00e1 oka nebo l\u00edvance, snadno vytvo\u0159\u00edte perfektn\u00ed rovinu, zat\u00edmco pro p\u0159\u00edpravu tu\u010dn\u00e9ho masa m\u016f\u017eete na grilu nastavit lehk\u00fd sklon, kter\u00fd umo\u017en\u00ed odtok v\u00fdpeku do odkap\u00e1vac\u00ed misky.<\/p>\n<p>ECG FORZA 5200 Fuego je zkr\u00e1tka dokonal\u00fdm \u0159e\u0161en\u00edm pro ka\u017ed\u00e9ho, kdo miluje jednoduch\u00e9 a rychl\u00e9 grilov\u00e1n\u00ed s maxim\u00e1ln\u00ed kontrolou nad p\u0159\u00edpravou j\u00eddla. Po\u0159i\u010fte si ho do sv\u00e9 kuchyn\u011b a sta\u0148te se grilovac\u00edmi mistry!<\/p>\n","protected":false},"excerpt":{"rendered":"<p>P\u0159ilo\u017een\u00fd grilovac\u00ed teplom\u011br vybaven\u00fd teplotn\u00edm alarmem zajist\u00ed poka\u017ed\u00e9 dokonale prope\u010den\u00e9 steaky t\u00edm, \u017ee v\u00e1s upozorn\u00ed, kdy\u017e st\u0159ed masa dos\u00e1hne po\u017eadovan\u00e9 nastaven\u00e9 teploty. Tento kontaktn\u00ed gril vynik\u00e1 i elegantn\u00edm nerezov\u00fdm proveden\u00edm a je vybaven tepeln\u011b izolovan\u00fdmi madly \u010di protiskluzov\u00fdmi podlo\u017ekami \u2013 tyto prvky zaji\u0161\u0165uj\u00ed jeho bezpe\u010dn\u00e9 pou\u017e\u00edv\u00e1n\u00ed bez rizika pop\u00e1len\u00ed nebo necht\u011bn\u00e9ho posunu p\u0159\u00edstroje po pracovn\u00ed [&hellip;]<\/p>\n","protected":false},"featured_media":2452475,"template":"","meta":{"_acf_changed":false,"_monsterinsights_skip_tracking":false,"_monsterinsights_sitenote_active":false,"_monsterinsights_sitenote_note":"","_monsterinsights_sitenote_category":0},"product_brand":[],"product_cat":[44940],"product_tag":[],"class_list":{"0":"post-2452088","1":"product","2":"type-product","3":"status-publish","4":"has-post-thumbnail","6":"product_cat-kontaktni-grily","8":"first","9":"instock","10":"product-type-simple"},"acf":[],"_links":{"self":[{"href":"https:\/\/ecg-electro.eu\/cs\/wp-json\/wp\/v2\/product\/2452088","targetHints":{"allow":["GET"]}}],"collection":[{"href":"https:\/\/ecg-electro.eu\/cs\/wp-json\/wp\/v2\/product"}],"about":[{"href":"https:\/\/ecg-electro.eu\/cs\/wp-json\/wp\/v2\/types\/product"}],"wp:featuredmedia":[{"embeddable":true,"href":"https:\/\/ecg-electro.eu\/cs\/wp-json\/wp\/v2\/media\/2452475"}],"wp:attachment":[{"href":"https:\/\/ecg-electro.eu\/cs\/wp-json\/wp\/v2\/media?parent=2452088"}],"wp:term":[{"taxonomy":"product_brand","embeddable":true,"href":"https:\/\/ecg-electro.eu\/cs\/wp-json\/wp\/v2\/product_brand?post=2452088"},{"taxonomy":"product_cat","embeddable":true,"href":"https:\/\/ecg-electro.eu\/cs\/wp-json\/wp\/v2\/product_cat?post=2452088"},{"taxonomy":"product_tag","embeddable":true,"href":"https:\/\/ecg-electro.eu\/cs\/wp-json\/wp\/v2\/product_tag?post=2452088"}],"curies":[{"name":"wp","href":"https:\/\/api.w.org\/{rel}","templated":true}]}}