{"id":2452087,"date":"2024-10-03T15:07:08","date_gmt":"2024-10-03T13:21:46","guid":{"rendered":"https:\/\/ecg-electro.eu\/?post_type=product&#038;p=2452087"},"modified":"2026-04-23T10:48:25","modified_gmt":"2026-04-23T08:48:25","slug":"ecg-s-2120-grande","status":"publish","type":"product","link":"https:\/\/ecg-electro.eu\/cs\/ecg-s-2120-grande\/","title":{"rendered":"ECG S 2120 Grande"},"content":{"rendered":"<p>Sendvi\u010dova\u010d ECG S 2120 Grande nejen skv\u011ble funguje, ale tak\u00e9 dob\u0159e vypad\u00e1. <strong>Kombinace \u010dern\u00e9ho plastu a nerezu<\/strong> dod\u00e1v\u00e1 p\u0159\u00edstroji elegantn\u00ed vzhled, kter\u00fd zapadne do ka\u017ed\u00e9 kuchyn\u011b.<\/p>\n<p>P\u0159i skladov\u00e1n\u00ed m\u016f\u017eete <strong>nap\u00e1jec\u00ed kabel jednodu\u0161e ovinout kolem spodn\u00ed \u010d\u00e1sti<\/strong> p\u0159\u00edstroje, \u010d\u00edm\u017e \u0161et\u0159\u00edte m\u00edsto v\u00a0kuchy\u0148sk\u00e9 lince.<\/p>\n","protected":false},"excerpt":{"rendered":"<p>Sendvi\u010dova\u010d ECG S 2120 Grande nejen skv\u011ble funguje, ale tak\u00e9 dob\u0159e vypad\u00e1. Kombinace \u010dern\u00e9ho plastu a nerezu dod\u00e1v\u00e1 p\u0159\u00edstroji elegantn\u00ed vzhled, kter\u00fd zapadne do ka\u017ed\u00e9 kuchyn\u011b. P\u0159i skladov\u00e1n\u00ed m\u016f\u017eete nap\u00e1jec\u00ed kabel jednodu\u0161e ovinout kolem spodn\u00ed \u010d\u00e1sti p\u0159\u00edstroje, \u010d\u00edm\u017e \u0161et\u0159\u00edte m\u00edsto v\u00a0kuchy\u0148sk\u00e9 lince.<\/p>\n","protected":false},"featured_media":2452850,"template":"","meta":{"_acf_changed":false,"_monsterinsights_skip_tracking":false,"_monsterinsights_sitenote_active":false,"_monsterinsights_sitenote_note":"","_monsterinsights_sitenote_category":0},"product_brand":[],"product_cat":[44585],"product_tag":[],"class_list":{"0":"post-2452087","1":"product","2":"type-product","3":"status-publish","4":"has-post-thumbnail","6":"product_cat-sendvicovace","8":"first","9":"instock","10":"product-type-simple"},"acf":[],"_links":{"self":[{"href":"https:\/\/ecg-electro.eu\/cs\/wp-json\/wp\/v2\/product\/2452087","targetHints":{"allow":["GET"]}}],"collection":[{"href":"https:\/\/ecg-electro.eu\/cs\/wp-json\/wp\/v2\/product"}],"about":[{"href":"https:\/\/ecg-electro.eu\/cs\/wp-json\/wp\/v2\/types\/product"}],"wp:featuredmedia":[{"embeddable":true,"href":"https:\/\/ecg-electro.eu\/cs\/wp-json\/wp\/v2\/media\/2452850"}],"wp:attachment":[{"href":"https:\/\/ecg-electro.eu\/cs\/wp-json\/wp\/v2\/media?parent=2452087"}],"wp:term":[{"taxonomy":"product_brand","embeddable":true,"href":"https:\/\/ecg-electro.eu\/cs\/wp-json\/wp\/v2\/product_brand?post=2452087"},{"taxonomy":"product_cat","embeddable":true,"href":"https:\/\/ecg-electro.eu\/cs\/wp-json\/wp\/v2\/product_cat?post=2452087"},{"taxonomy":"product_tag","embeddable":true,"href":"https:\/\/ecg-electro.eu\/cs\/wp-json\/wp\/v2\/product_tag?post=2452087"}],"curies":[{"name":"wp","href":"https:\/\/api.w.org\/{rel}","templated":true}]}}