{"id":2451982,"date":"2024-09-30T14:45:06","date_gmt":"2024-09-30T12:59:26","guid":{"rendered":"https:\/\/ecg-electro.eu\/?post_type=product&#038;p=2451982"},"modified":"2026-04-08T10:08:52","modified_gmt":"2026-04-08T08:08:52","slug":"ecg-s-4310-quattre","status":"publish","type":"product","link":"https:\/\/ecg-electro.eu\/cs\/ecg-s-4310-quattre\/","title":{"rendered":"ECG S 4310 QUATTRE"},"content":{"rendered":"<p><strong>Nep\u0159ilnav\u00fd povrch <\/strong>v\u00fdm\u011bnn\u00fdch pe\u010dic\u00edch desek je u multifunk\u010dn\u00edho sendvi\u010dova\u010de ECG S 4310 Quattre z\u00e1rukou snadn\u00e9ho \u010di\u0161t\u011bn\u00ed, co\u017e ocen\u00edte zejm\u00e9na p\u0159i \u010dast\u00e9m pou\u017e\u00edv\u00e1n\u00ed. Kdy\u017e jste nav\u00edc s va\u0159en\u00edm hotovi, d\u00edky <strong>praktick\u00e9 \u0161pachtli<\/strong> (kter\u00e1 je sou\u010d\u00e1st\u00ed balen\u00ed) odstran\u00edte p\u0159\u00edpadn\u00e9 zbytky j\u00eddla s\u00a0naprostou lehkost\u00ed a hlavn\u011b bez ne\u017e\u00e1douc\u00edho po\u0161kozen\u00ed povrchu pe\u010dic\u00edch desek.<\/p>\n","protected":false},"excerpt":{"rendered":"<p>Nep\u0159ilnav\u00fd povrch v\u00fdm\u011bnn\u00fdch pe\u010dic\u00edch desek je u multifunk\u010dn\u00edho sendvi\u010dova\u010de ECG S 4310 Quattre z\u00e1rukou snadn\u00e9ho \u010di\u0161t\u011bn\u00ed, co\u017e ocen\u00edte zejm\u00e9na p\u0159i \u010dast\u00e9m pou\u017e\u00edv\u00e1n\u00ed. Kdy\u017e jste nav\u00edc s va\u0159en\u00edm hotovi, d\u00edky praktick\u00e9 \u0161pachtli (kter\u00e1 je sou\u010d\u00e1st\u00ed balen\u00ed) odstran\u00edte p\u0159\u00edpadn\u00e9 zbytky j\u00eddla s\u00a0naprostou lehkost\u00ed a hlavn\u011b bez ne\u017e\u00e1douc\u00edho po\u0161kozen\u00ed povrchu pe\u010dic\u00edch desek.<\/p>\n","protected":false},"featured_media":2453134,"template":"","meta":{"_acf_changed":false,"_monsterinsights_skip_tracking":false,"_monsterinsights_sitenote_active":false,"_monsterinsights_sitenote_note":"","_monsterinsights_sitenote_category":0},"product_brand":[],"product_cat":[44585],"product_tag":[46758],"class_list":{"0":"post-2451982","1":"product","2":"type-product","3":"status-publish","4":"has-post-thumbnail","6":"product_cat-sendvicovace","7":"product_tag-ecg-nove-produkty-cs","9":"first","10":"instock","11":"product-type-simple"},"acf":[],"_links":{"self":[{"href":"https:\/\/ecg-electro.eu\/cs\/wp-json\/wp\/v2\/product\/2451982","targetHints":{"allow":["GET"]}}],"collection":[{"href":"https:\/\/ecg-electro.eu\/cs\/wp-json\/wp\/v2\/product"}],"about":[{"href":"https:\/\/ecg-electro.eu\/cs\/wp-json\/wp\/v2\/types\/product"}],"wp:featuredmedia":[{"embeddable":true,"href":"https:\/\/ecg-electro.eu\/cs\/wp-json\/wp\/v2\/media\/2453134"}],"wp:attachment":[{"href":"https:\/\/ecg-electro.eu\/cs\/wp-json\/wp\/v2\/media?parent=2451982"}],"wp:term":[{"taxonomy":"product_brand","embeddable":true,"href":"https:\/\/ecg-electro.eu\/cs\/wp-json\/wp\/v2\/product_brand?post=2451982"},{"taxonomy":"product_cat","embeddable":true,"href":"https:\/\/ecg-electro.eu\/cs\/wp-json\/wp\/v2\/product_cat?post=2451982"},{"taxonomy":"product_tag","embeddable":true,"href":"https:\/\/ecg-electro.eu\/cs\/wp-json\/wp\/v2\/product_tag?post=2451982"}],"curies":[{"name":"wp","href":"https:\/\/api.w.org\/{rel}","templated":true}]}}