{"id":2448668,"date":"2024-09-19T12:30:25","date_gmt":"2024-09-19T10:45:11","guid":{"rendered":"https:\/\/ecg-electro.eu\/?post_type=product&#038;p=2448668"},"modified":"2026-04-17T10:44:33","modified_gmt":"2026-04-17T08:44:33","slug":"ecg-st-2750-stripe","status":"publish","type":"product","link":"https:\/\/ecg-electro.eu\/cs\/ecg-st-2750-stripe\/","title":{"rendered":"ECG ST 2750 Stripe"},"content":{"rendered":"<p>Topinkova\u010d ECG ST 2750 je sou\u010d\u00e1st\u00ed <strong>designov\u00e9 s\u00e9rie Stripe<\/strong>, kter\u00e1 byla navr\u017eena pro pohodlnou p\u0159\u00edpravu dokonal\u00fdch sn\u00eddan\u00ed. Jej\u00ed sou\u010d\u00e1st\u00ed jsou i stylov\u00e9 rychlovarn\u00e9 konvice nebo k\u00e1vovar na p\u0159ekap\u00e1vanou k\u00e1vu \u2013 po\u0159i\u010fte si do sv\u00e9 kuchy\u0148sk\u00e9 sb\u00edrky i tyto vychyt\u00e1vky a u\u017eijte si v\u0161echny jejich p\u0159ednosti. Mal\u00e9 spot\u0159ebi\u010de z\u00a0t\u00e9to \u0159ady v\u00fdrazn\u011b usnad\u0148uj\u00ed ka\u017edodenn\u00ed rann\u00ed ritu\u00e1ly a nav\u00edc spolu v\u00a0kuchyni skv\u011ble lad\u00ed.<\/p>\n","protected":false},"excerpt":{"rendered":"<p>Topinkova\u010d ECG ST 2750 je sou\u010d\u00e1st\u00ed designov\u00e9 s\u00e9rie Stripe, kter\u00e1 byla navr\u017eena pro pohodlnou p\u0159\u00edpravu dokonal\u00fdch sn\u00eddan\u00ed. Jej\u00ed sou\u010d\u00e1st\u00ed jsou i stylov\u00e9 rychlovarn\u00e9 konvice nebo k\u00e1vovar na p\u0159ekap\u00e1vanou k\u00e1vu \u2013 po\u0159i\u010fte si do sv\u00e9 kuchy\u0148sk\u00e9 sb\u00edrky i tyto vychyt\u00e1vky a u\u017eijte si v\u0161echny jejich p\u0159ednosti. Mal\u00e9 spot\u0159ebi\u010de z\u00a0t\u00e9to \u0159ady v\u00fdrazn\u011b usnad\u0148uj\u00ed ka\u017edodenn\u00ed rann\u00ed ritu\u00e1ly a [&hellip;]<\/p>\n","protected":false},"featured_media":2449593,"template":"","meta":{"_acf_changed":false,"_monsterinsights_skip_tracking":false,"_monsterinsights_sitenote_active":false,"_monsterinsights_sitenote_note":"","_monsterinsights_sitenote_category":0},"product_brand":[],"product_cat":[44627],"product_tag":[],"class_list":{"0":"post-2448668","1":"product","2":"type-product","3":"status-publish","4":"has-post-thumbnail","6":"product_cat-topinkovace","8":"first","9":"instock","10":"product-type-simple"},"acf":[],"_links":{"self":[{"href":"https:\/\/ecg-electro.eu\/cs\/wp-json\/wp\/v2\/product\/2448668","targetHints":{"allow":["GET"]}}],"collection":[{"href":"https:\/\/ecg-electro.eu\/cs\/wp-json\/wp\/v2\/product"}],"about":[{"href":"https:\/\/ecg-electro.eu\/cs\/wp-json\/wp\/v2\/types\/product"}],"wp:featuredmedia":[{"embeddable":true,"href":"https:\/\/ecg-electro.eu\/cs\/wp-json\/wp\/v2\/media\/2449593"}],"wp:attachment":[{"href":"https:\/\/ecg-electro.eu\/cs\/wp-json\/wp\/v2\/media?parent=2448668"}],"wp:term":[{"taxonomy":"product_brand","embeddable":true,"href":"https:\/\/ecg-electro.eu\/cs\/wp-json\/wp\/v2\/product_brand?post=2448668"},{"taxonomy":"product_cat","embeddable":true,"href":"https:\/\/ecg-electro.eu\/cs\/wp-json\/wp\/v2\/product_cat?post=2448668"},{"taxonomy":"product_tag","embeddable":true,"href":"https:\/\/ecg-electro.eu\/cs\/wp-json\/wp\/v2\/product_tag?post=2448668"}],"curies":[{"name":"wp","href":"https:\/\/api.w.org\/{rel}","templated":true}]}}