{"id":2448665,"date":"2024-09-19T12:29:03","date_gmt":"2024-09-19T10:43:29","guid":{"rendered":"https:\/\/ecg-electro.eu\/?post_type=product&#038;p=2448665"},"modified":"2026-04-05T10:10:17","modified_gmt":"2026-04-05T08:10:17","slug":"ecg-kp-2150-stripe","status":"publish","type":"product","link":"https:\/\/ecg-electro.eu\/cs\/ecg-kp-2150-stripe\/","title":{"rendered":"ECG KP 2150 Stripe"},"content":{"rendered":"<p>K\u00e1vovar na p\u0159ekap\u00e1vanou k\u00e1vu ECG KP 2150 je sou\u010d\u00e1st\u00ed <strong>designov\u00e9 s\u00e9rie Stripe<\/strong>, kter\u00e1 byla navr\u017eena pro pohodlnou p\u0159\u00edpravu dokonal\u00fdch sn\u00eddan\u00ed. Jej\u00ed sou\u010d\u00e1st\u00ed jsou i stylov\u00e9 rychlovarn\u00e9 konvice nebo elegantn\u00ed topinkova\u010d \u2013 po\u0159i\u010fte si do sv\u00e9 kuchy\u0148sk\u00e9 sb\u00edrky i tyto vychyt\u00e1vky a u\u017eijte si v\u0161echny jejich p\u0159ednosti. Mal\u00e9 spot\u0159ebi\u010de z\u00a0t\u00e9to \u0159ady v\u00fdrazn\u011b usnad\u0148uj\u00ed ka\u017edodenn\u00ed rann\u00ed ritu\u00e1ly a nav\u00edc spolu v\u00a0kuchyni skv\u011ble lad\u00ed.<\/p>\n","protected":false},"excerpt":{"rendered":"<p>K\u00e1vovar na p\u0159ekap\u00e1vanou k\u00e1vu ECG KP 2150 je sou\u010d\u00e1st\u00ed designov\u00e9 s\u00e9rie Stripe, kter\u00e1 byla navr\u017eena pro pohodlnou p\u0159\u00edpravu dokonal\u00fdch sn\u00eddan\u00ed. Jej\u00ed sou\u010d\u00e1st\u00ed jsou i stylov\u00e9 rychlovarn\u00e9 konvice nebo elegantn\u00ed topinkova\u010d \u2013 po\u0159i\u010fte si do sv\u00e9 kuchy\u0148sk\u00e9 sb\u00edrky i tyto vychyt\u00e1vky a u\u017eijte si v\u0161echny jejich p\u0159ednosti. Mal\u00e9 spot\u0159ebi\u010de z\u00a0t\u00e9to \u0159ady v\u00fdrazn\u011b usnad\u0148uj\u00ed ka\u017edodenn\u00ed rann\u00ed ritu\u00e1ly [&hellip;]<\/p>\n","protected":false},"featured_media":2451612,"template":"","meta":{"_acf_changed":false,"_monsterinsights_skip_tracking":false,"_monsterinsights_sitenote_active":false,"_monsterinsights_sitenote_note":"","_monsterinsights_sitenote_category":0},"product_cat":[44529],"product_tag":[],"class_list":{"0":"post-2448665","1":"product","2":"type-product","3":"status-publish","4":"has-post-thumbnail","6":"product_cat-prekapavace","8":"first","9":"instock","10":"product-type-simple"},"acf":[],"_links":{"self":[{"href":"https:\/\/ecg-electro.eu\/cs\/wp-json\/wp\/v2\/product\/2448665","targetHints":{"allow":["GET"]}}],"collection":[{"href":"https:\/\/ecg-electro.eu\/cs\/wp-json\/wp\/v2\/product"}],"about":[{"href":"https:\/\/ecg-electro.eu\/cs\/wp-json\/wp\/v2\/types\/product"}],"wp:featuredmedia":[{"embeddable":true,"href":"https:\/\/ecg-electro.eu\/cs\/wp-json\/wp\/v2\/media\/2451612"}],"wp:attachment":[{"href":"https:\/\/ecg-electro.eu\/cs\/wp-json\/wp\/v2\/media?parent=2448665"}],"wp:term":[{"taxonomy":"product_cat","embeddable":true,"href":"https:\/\/ecg-electro.eu\/cs\/wp-json\/wp\/v2\/product_cat?post=2448665"},{"taxonomy":"product_tag","embeddable":true,"href":"https:\/\/ecg-electro.eu\/cs\/wp-json\/wp\/v2\/product_tag?post=2448665"}],"curies":[{"name":"wp","href":"https:\/\/api.w.org\/{rel}","templated":true}]}}