{"id":2448662,"date":"2024-09-19T12:28:28","date_gmt":"2024-09-19T10:42:36","guid":{"rendered":"https:\/\/ecg-electro.eu\/?post_type=product&#038;p=2448662"},"modified":"2026-04-06T10:16:06","modified_gmt":"2026-04-06T08:16:06","slug":"ecg-rk-1712-surfer","status":"publish","type":"product","link":"https:\/\/ecg-electro.eu\/cs\/ecg-rk-1712-surfer\/","title":{"rendered":"ECG RK 1712 Surfer"},"content":{"rendered":"<p>Tato konvice disponuje celou \u0159adou bezpe\u010dnostn\u00edch prvk\u016f, a tak je skv\u011blou volbou i do dom\u00e1cnost\u00ed s\u00a0d\u011btmi. Samoz\u0159ejmost\u00ed je zde nap\u0159. <strong>tepeln\u011b izolovan\u00e1 rukoje\u0165<\/strong>, o kterou se jen tak nepop\u00e1l\u00edte. K\u00a0dal\u0161\u00edm nezbytn\u00fdm prvk\u016fm pat\u0159\u00ed <strong>ochrana proti varu nasucho<\/strong> \u010di funkce <strong>automatick\u00e9ho vypnut\u00ed<\/strong>, kter\u00e1 spot\u0159ebi\u010d v\u00a0p\u0159\u00edpad\u011b pot\u0159eby ve vhodnou chv\u00edli zastav\u00ed (p\u0159i zapnut\u00ed bez vody, dosa\u017een\u00ed bodu varu nebo n\u00e1hl\u00e9m sejmut\u00ed konvice ze z\u00e1kladny). A v\u00a0neposledn\u00ed \u0159ad\u011b je p\u0159i v\u00fd\u010dtu ochrann\u00fdch opat\u0159en\u00ed konvice pot\u0159eba zm\u00ednit i <strong>v\u00edko s bezpe\u010dnostn\u00edm zamykac\u00edm mechanismem<\/strong>.<\/p>\n<p>O aktu\u00e1ln\u00edm provozu konvice v\u00e1s nav\u00edc za v\u0161ech okolnost\u00ed informuje praktick\u00e1 <strong>sv\u011bteln\u00e1 signalizace<\/strong>. V\u0161echno tak m\u00e1te pln\u011b pod kontrolou.<\/p>\n","protected":false},"excerpt":{"rendered":"<p>Tato konvice disponuje celou \u0159adou bezpe\u010dnostn\u00edch prvk\u016f, a tak je skv\u011blou volbou i do dom\u00e1cnost\u00ed s\u00a0d\u011btmi. Samoz\u0159ejmost\u00ed je zde nap\u0159. tepeln\u011b izolovan\u00e1 rukoje\u0165, o kterou se jen tak nepop\u00e1l\u00edte. K\u00a0dal\u0161\u00edm nezbytn\u00fdm prvk\u016fm pat\u0159\u00ed ochrana proti varu nasucho \u010di funkce automatick\u00e9ho vypnut\u00ed, kter\u00e1 spot\u0159ebi\u010d v\u00a0p\u0159\u00edpad\u011b pot\u0159eby ve vhodnou chv\u00edli zastav\u00ed (p\u0159i zapnut\u00ed bez vody, dosa\u017een\u00ed bodu [&hellip;]<\/p>\n","protected":false},"featured_media":2450442,"template":"","meta":{"_acf_changed":false,"_monsterinsights_skip_tracking":false,"_monsterinsights_sitenote_active":false,"_monsterinsights_sitenote_note":"","_monsterinsights_sitenote_category":0},"product_cat":[44417],"product_tag":[],"class_list":{"0":"post-2448662","1":"product","2":"type-product","3":"status-publish","4":"has-post-thumbnail","6":"product_cat-rychlovarne-konvice","8":"first","9":"instock","10":"product-type-simple"},"acf":[],"_links":{"self":[{"href":"https:\/\/ecg-electro.eu\/cs\/wp-json\/wp\/v2\/product\/2448662","targetHints":{"allow":["GET"]}}],"collection":[{"href":"https:\/\/ecg-electro.eu\/cs\/wp-json\/wp\/v2\/product"}],"about":[{"href":"https:\/\/ecg-electro.eu\/cs\/wp-json\/wp\/v2\/types\/product"}],"wp:featuredmedia":[{"embeddable":true,"href":"https:\/\/ecg-electro.eu\/cs\/wp-json\/wp\/v2\/media\/2450442"}],"wp:attachment":[{"href":"https:\/\/ecg-electro.eu\/cs\/wp-json\/wp\/v2\/media?parent=2448662"}],"wp:term":[{"taxonomy":"product_cat","embeddable":true,"href":"https:\/\/ecg-electro.eu\/cs\/wp-json\/wp\/v2\/product_cat?post=2448662"},{"taxonomy":"product_tag","embeddable":true,"href":"https:\/\/ecg-electro.eu\/cs\/wp-json\/wp\/v2\/product_tag?post=2448662"}],"curies":[{"name":"wp","href":"https:\/\/api.w.org\/{rel}","templated":true}]}}