{"id":2448660,"date":"2024-09-19T12:28:28","date_gmt":"2024-09-19T10:42:35","guid":{"rendered":"https:\/\/ecg-electro.eu\/?post_type=product&#038;p=2448660"},"modified":"2026-04-17T10:31:04","modified_gmt":"2026-04-17T08:31:04","slug":"ecg-rk-1702-safe-to-touch-black","status":"publish","type":"product","link":"https:\/\/ecg-electro.eu\/cs\/ecg-rk-1702-safe-to-touch-black\/","title":{"rendered":"ECG RK 1702 Safe to Touch Black"},"content":{"rendered":"<p><strong>ECG RK 1702 Safe to Touch<\/strong> v\u00e1s pot\u011b\u0161\u00ed i jednoduchou \u00fadr\u017ebou. P\u0159isp\u00edv\u00e1 k\u00a0n\u00ed <strong>skryt\u00e9 topn\u00e9 t\u011bleso<\/strong> i t\u0159eba <strong>speci\u00e1ln\u00ed design<\/strong> <strong>horn\u00edho v\u00edka <\/strong>\u2013 to se d\u00e1 otev\u00edrat ve velk\u00e9m \u00fahlu, co\u017e usnad\u0148uje nejen \u010di\u0161t\u011bn\u00ed, ale i dopl\u0148ov\u00e1n\u00ed vody. T\u0159e\u0161ni\u010dkou na dortu je zde pak <strong>permanentn\u00ed filtr proti usazenin\u00e1m<\/strong>, kter\u00fd udr\u017euje vodu \u010distou.<\/p>\n<p>Konvice je d\u00e1le vybavena <strong>kvalitn\u00edm st\u0159edov\u00fdm konektorem<\/strong>, kter\u00fd umo\u017e\u0148uje snadn\u00e9 nasazen\u00ed na <strong>360\u00b0 z\u00e1kladnu<\/strong>. Ta nav\u00edc disponuje <strong>\u00falo\u017en\u00fdm prostorem pro nap\u00e1jec\u00ed kabel<\/strong>, co\u017e ocen\u00edte v\u00a0dob\u011b, kdy konvici nepou\u017e\u00edv\u00e1te.<\/p>\n","protected":false},"excerpt":{"rendered":"<p>ECG RK 1702 Safe to Touch v\u00e1s pot\u011b\u0161\u00ed i jednoduchou \u00fadr\u017ebou. P\u0159isp\u00edv\u00e1 k\u00a0n\u00ed skryt\u00e9 topn\u00e9 t\u011bleso i t\u0159eba speci\u00e1ln\u00ed design horn\u00edho v\u00edka \u2013 to se d\u00e1 otev\u00edrat ve velk\u00e9m \u00fahlu, co\u017e usnad\u0148uje nejen \u010di\u0161t\u011bn\u00ed, ale i dopl\u0148ov\u00e1n\u00ed vody. T\u0159e\u0161ni\u010dkou na dortu je zde pak permanentn\u00ed filtr proti usazenin\u00e1m, kter\u00fd udr\u017euje vodu \u010distou. Konvice je d\u00e1le [&hellip;]<\/p>\n","protected":false},"featured_media":2450855,"template":"","meta":{"_acf_changed":false,"_monsterinsights_skip_tracking":false,"_monsterinsights_sitenote_active":false,"_monsterinsights_sitenote_note":"","_monsterinsights_sitenote_category":0},"product_brand":[],"product_cat":[44417],"product_tag":[],"class_list":{"0":"post-2448660","1":"product","2":"type-product","3":"status-publish","4":"has-post-thumbnail","6":"product_cat-rychlovarne-konvice","8":"first","9":"instock","10":"product-type-simple"},"acf":[],"_links":{"self":[{"href":"https:\/\/ecg-electro.eu\/cs\/wp-json\/wp\/v2\/product\/2448660","targetHints":{"allow":["GET"]}}],"collection":[{"href":"https:\/\/ecg-electro.eu\/cs\/wp-json\/wp\/v2\/product"}],"about":[{"href":"https:\/\/ecg-electro.eu\/cs\/wp-json\/wp\/v2\/types\/product"}],"wp:featuredmedia":[{"embeddable":true,"href":"https:\/\/ecg-electro.eu\/cs\/wp-json\/wp\/v2\/media\/2450855"}],"wp:attachment":[{"href":"https:\/\/ecg-electro.eu\/cs\/wp-json\/wp\/v2\/media?parent=2448660"}],"wp:term":[{"taxonomy":"product_brand","embeddable":true,"href":"https:\/\/ecg-electro.eu\/cs\/wp-json\/wp\/v2\/product_brand?post=2448660"},{"taxonomy":"product_cat","embeddable":true,"href":"https:\/\/ecg-electro.eu\/cs\/wp-json\/wp\/v2\/product_cat?post=2448660"},{"taxonomy":"product_tag","embeddable":true,"href":"https:\/\/ecg-electro.eu\/cs\/wp-json\/wp\/v2\/product_tag?post=2448660"}],"curies":[{"name":"wp","href":"https:\/\/api.w.org\/{rel}","templated":true}]}}