{"id":2447149,"date":"2024-08-21T12:38:24","date_gmt":"2024-08-21T13:38:09","guid":{"rendered":"https:\/\/ecg-electro.eu\/?post_type=product&#038;p=2447149"},"modified":"2026-04-29T17:09:18","modified_gmt":"2026-04-29T15:09:18","slug":"ecg-ews-601001-blackline","status":"publish","type":"product","link":"https:\/\/ecg-electro.eu\/cs\/ecg-ews-601001-blackline\/","title":{"rendered":"ECG EWS 601001 BlackLine"},"content":{"rendered":"<p><span class=\"ui-provider a b c d e f g h i j k l m n o p q r s t u v w x y z ab ac ae af ag ah ai aj ak\" dir=\"ltr\"><em>Program m\u016f\u017eete p\u0159eru\u0161it, abyste p\u0159idali pr\u00e1dlo b\u011bhem pran\u00ed, ale pouze do t\u00e9 doby, ne\u017e hladina vody p\u0159i napou\u0161t\u011bn\u00ed nep\u0159ekro\u010d\u00ed bezpe\u010dnou \u00farove\u0148<\/em><br \/>\n<\/span><\/p>\n","protected":false},"excerpt":{"rendered":"<p>Program m\u016f\u017eete p\u0159eru\u0161it, abyste p\u0159idali pr\u00e1dlo b\u011bhem pran\u00ed, ale pouze do t\u00e9 doby, ne\u017e hladina vody p\u0159i napou\u0161t\u011bn\u00ed nep\u0159ekro\u010d\u00ed bezpe\u010dnou \u00farove\u0148<\/p>\n","protected":false},"featured_media":2361881,"template":"","meta":{"_acf_changed":false,"_monsterinsights_skip_tracking":false,"_monsterinsights_sitenote_active":false,"_monsterinsights_sitenote_note":"","_monsterinsights_sitenote_category":0},"product_brand":[],"product_cat":[45417],"product_tag":[],"class_list":{"0":"post-2447149","1":"product","2":"type-product","3":"status-publish","4":"has-post-thumbnail","6":"product_cat-automaticke-pracky","8":"first","9":"instock","10":"product-type-simple"},"acf":[],"_links":{"self":[{"href":"https:\/\/ecg-electro.eu\/cs\/wp-json\/wp\/v2\/product\/2447149","targetHints":{"allow":["GET"]}}],"collection":[{"href":"https:\/\/ecg-electro.eu\/cs\/wp-json\/wp\/v2\/product"}],"about":[{"href":"https:\/\/ecg-electro.eu\/cs\/wp-json\/wp\/v2\/types\/product"}],"wp:featuredmedia":[{"embeddable":true,"href":"https:\/\/ecg-electro.eu\/cs\/wp-json\/wp\/v2\/media\/2361881"}],"wp:attachment":[{"href":"https:\/\/ecg-electro.eu\/cs\/wp-json\/wp\/v2\/media?parent=2447149"}],"wp:term":[{"taxonomy":"product_brand","embeddable":true,"href":"https:\/\/ecg-electro.eu\/cs\/wp-json\/wp\/v2\/product_brand?post=2447149"},{"taxonomy":"product_cat","embeddable":true,"href":"https:\/\/ecg-electro.eu\/cs\/wp-json\/wp\/v2\/product_cat?post=2447149"},{"taxonomy":"product_tag","embeddable":true,"href":"https:\/\/ecg-electro.eu\/cs\/wp-json\/wp\/v2\/product_tag?post=2447149"}],"curies":[{"name":"wp","href":"https:\/\/api.w.org\/{rel}","templated":true}]}}