{"id":2443996,"date":"2024-08-02T13:26:34","date_gmt":"2024-08-02T11:44:17","guid":{"rendered":"https:\/\/ecg-electro.eu\/?post_type=product&#038;p=2443996"},"modified":"2026-04-25T10:44:35","modified_gmt":"2026-04-25T08:44:35","slug":"ecg-vt-7670-2in1-luis","status":"publish","type":"product","link":"https:\/\/ecg-electro.eu\/cs\/vt-7670-2in1-luis\/","title":{"rendered":"ECG VT 7670 2in1 Luis"},"content":{"rendered":"<p>Vysava\u010d ECG VT 7670 2in1 Luis v\u00e1m dod\u00e1me s <strong>bohat\u00fdm p\u0159\u00edslu\u0161enstv\u00edm<\/strong>, kter\u00e9 usnad\u0148uje vys\u00e1v\u00e1n\u00ed r\u016fzn\u00fdch povrch\u016f. Sou\u010d\u00e1st\u00ed balen\u00ed jsou speci\u00e1ln\u00ed n\u00e1stavce, kter\u00e9 v\u00e1m pomohou s \u00faklidem \u010daloun\u011bn\u00e9ho n\u00e1bytku, \u0161patn\u011b dostupn\u00fdch m\u00edst i srsti dom\u00e1c\u00edch mazl\u00ed\u010dk\u016f. P\u0159\u00edslu\u0161enstv\u00ed p\u0159itom m\u016f\u017eete pohodln\u011b <strong>zav\u011bsit spole\u010dn\u011b s\u00a0vysava\u010dem a nab\u00edjec\u00ed z\u00e1kladnou na ze\u010f<\/strong>, \u010d\u00edm\u017e doma u\u0161et\u0159\u00edte m\u00edsto a hlavn\u011b budete m\u00edt v\u0161echno hezky p\u0159i ruce.<\/p>\n<p>Vysava\u010d je vybaven i praktick\u00fdm <strong>indik\u00e1torem stavu baterie<\/strong>. Jeho pln\u00e9 nabit\u00ed trv\u00e1 p\u0159ibli\u017en\u011b 4,5 hodiny.<\/p>\n","protected":false},"excerpt":{"rendered":"<p>Vysava\u010d ECG VT 7670 2in1 Luis v\u00e1m dod\u00e1me s bohat\u00fdm p\u0159\u00edslu\u0161enstv\u00edm, kter\u00e9 usnad\u0148uje vys\u00e1v\u00e1n\u00ed r\u016fzn\u00fdch povrch\u016f. Sou\u010d\u00e1st\u00ed balen\u00ed jsou speci\u00e1ln\u00ed n\u00e1stavce, kter\u00e9 v\u00e1m pomohou s \u00faklidem \u010daloun\u011bn\u00e9ho n\u00e1bytku, \u0161patn\u011b dostupn\u00fdch m\u00edst i srsti dom\u00e1c\u00edch mazl\u00ed\u010dk\u016f. P\u0159\u00edslu\u0161enstv\u00ed p\u0159itom m\u016f\u017eete pohodln\u011b zav\u011bsit spole\u010dn\u011b s\u00a0vysava\u010dem a nab\u00edjec\u00ed z\u00e1kladnou na ze\u010f, \u010d\u00edm\u017e doma u\u0161et\u0159\u00edte m\u00edsto a hlavn\u011b budete m\u00edt [&hellip;]<\/p>\n","protected":false},"featured_media":2449752,"template":"","meta":{"_acf_changed":false,"_monsterinsights_skip_tracking":false,"_monsterinsights_sitenote_active":false,"_monsterinsights_sitenote_note":"","_monsterinsights_sitenote_category":0},"product_brand":[],"product_cat":[45610],"product_tag":[46627,46758],"class_list":{"0":"post-2443996","1":"product","2":"type-product","3":"status-publish","4":"has-post-thumbnail","6":"product_cat-tycove-vysavace","7":"product_tag-zaruka-3","8":"product_tag-ecg-nove-produkty-cs","10":"first","11":"instock","12":"product-type-simple"},"acf":[],"_links":{"self":[{"href":"https:\/\/ecg-electro.eu\/cs\/wp-json\/wp\/v2\/product\/2443996","targetHints":{"allow":["GET"]}}],"collection":[{"href":"https:\/\/ecg-electro.eu\/cs\/wp-json\/wp\/v2\/product"}],"about":[{"href":"https:\/\/ecg-electro.eu\/cs\/wp-json\/wp\/v2\/types\/product"}],"wp:featuredmedia":[{"embeddable":true,"href":"https:\/\/ecg-electro.eu\/cs\/wp-json\/wp\/v2\/media\/2449752"}],"wp:attachment":[{"href":"https:\/\/ecg-electro.eu\/cs\/wp-json\/wp\/v2\/media?parent=2443996"}],"wp:term":[{"taxonomy":"product_brand","embeddable":true,"href":"https:\/\/ecg-electro.eu\/cs\/wp-json\/wp\/v2\/product_brand?post=2443996"},{"taxonomy":"product_cat","embeddable":true,"href":"https:\/\/ecg-electro.eu\/cs\/wp-json\/wp\/v2\/product_cat?post=2443996"},{"taxonomy":"product_tag","embeddable":true,"href":"https:\/\/ecg-electro.eu\/cs\/wp-json\/wp\/v2\/product_tag?post=2443996"}],"curies":[{"name":"wp","href":"https:\/\/api.w.org\/{rel}","templated":true}]}}