{"id":2442024,"date":"2024-07-30T09:50:43","date_gmt":"2024-07-30T08:05:28","guid":{"rendered":"https:\/\/ecg-electro.eu\/?post_type=product&#038;p=2442024"},"modified":"2026-04-23T11:00:14","modified_gmt":"2026-04-23T09:00:14","slug":"ecg-st-2708-tradizione-corsa","status":"publish","type":"product","link":"https:\/\/ecg-electro.eu\/cs\/ecg-st-2708-tradizione-corsa\/","title":{"rendered":"ECG ST 2708 Tradizione Corsa"},"content":{"rendered":"<p>Za\u010dn\u011bte sv\u016fj den s dokonalou sn\u00eddan\u00ed d\u00edky topinkova\u010di <strong>ECG ST 2708 Tradizione Corsa<\/strong>. Tento stylov\u00fd mal\u00fd spot\u0159ebi\u010d s <strong>matnou \u010dervenou povrchovou \u00fapravou a nerezov\u00fdmi prvky<\/strong> se stane ozdobou va\u0161\u00ed kuchyn\u011b, ale ze v\u0161eho nejv\u00edc na n\u011bm ocen\u00edte prvot\u0159\u00eddn\u00ed funk\u010dnost. Jeho <strong>dv\u011b p\u0159ihr\u00e1dky na pe\u010divo<\/strong> v\u00e1m umo\u017en\u00ed p\u0159ipravovat dv\u011b topinky najednou, co\u017e je ide\u00e1ln\u00ed pro rychl\u00e9 sn\u00eddan\u011b nebo sva\u010dinky pro celou rodinu. S <strong>\u0161esti stupni regulace teploty<\/strong> p\u0159itom m\u00e1te plnou kontrolu nad t\u00edm, jak ope\u010den\u00e9 va\u0161e tousty budou \u2013 na v\u00fdb\u011br m\u00e1te od lehce zlatav\u00fdch a\u017e po dokonale k\u0159upav\u00e9.<\/p>\n<p>U\u017eite\u010dn\u00e1 je i <strong>z\u00e1suvka na drobky<\/strong>, kter\u00e1 usnad\u0148uje \u00fadr\u017ebu \u2013 drobe\u010dky z\u00a0op\u00e9kan\u00e9ho pe\u010diva z\u00a0n\u00ed sta\u010d\u00ed jednodu\u0161e vysypat a v\u00e1\u0161 topinkova\u010d je zase \u010dist\u00fd a p\u0159ipraven\u00fd k dal\u0161\u00edmu pou\u017eit\u00ed.<\/p>\n","protected":false},"excerpt":{"rendered":"<p>Za\u010dn\u011bte sv\u016fj den s dokonalou sn\u00eddan\u00ed d\u00edky topinkova\u010di ECG ST 2708 Tradizione Corsa. Tento stylov\u00fd mal\u00fd spot\u0159ebi\u010d s matnou \u010dervenou povrchovou \u00fapravou a nerezov\u00fdmi prvky se stane ozdobou va\u0161\u00ed kuchyn\u011b, ale ze v\u0161eho nejv\u00edc na n\u011bm ocen\u00edte prvot\u0159\u00eddn\u00ed funk\u010dnost. Jeho dv\u011b p\u0159ihr\u00e1dky na pe\u010divo v\u00e1m umo\u017en\u00ed p\u0159ipravovat dv\u011b topinky najednou, co\u017e je ide\u00e1ln\u00ed pro rychl\u00e9 [&hellip;]<\/p>\n","protected":false},"featured_media":2444198,"template":"","meta":{"_acf_changed":false,"_monsterinsights_skip_tracking":false,"_monsterinsights_sitenote_active":false,"_monsterinsights_sitenote_note":"","_monsterinsights_sitenote_category":0},"product_brand":[],"product_cat":[44627],"product_tag":[],"class_list":{"0":"post-2442024","1":"product","2":"type-product","3":"status-publish","4":"has-post-thumbnail","6":"product_cat-topinkovace","8":"first","9":"instock","10":"product-type-simple"},"acf":[],"_links":{"self":[{"href":"https:\/\/ecg-electro.eu\/cs\/wp-json\/wp\/v2\/product\/2442024","targetHints":{"allow":["GET"]}}],"collection":[{"href":"https:\/\/ecg-electro.eu\/cs\/wp-json\/wp\/v2\/product"}],"about":[{"href":"https:\/\/ecg-electro.eu\/cs\/wp-json\/wp\/v2\/types\/product"}],"wp:featuredmedia":[{"embeddable":true,"href":"https:\/\/ecg-electro.eu\/cs\/wp-json\/wp\/v2\/media\/2444198"}],"wp:attachment":[{"href":"https:\/\/ecg-electro.eu\/cs\/wp-json\/wp\/v2\/media?parent=2442024"}],"wp:term":[{"taxonomy":"product_brand","embeddable":true,"href":"https:\/\/ecg-electro.eu\/cs\/wp-json\/wp\/v2\/product_brand?post=2442024"},{"taxonomy":"product_cat","embeddable":true,"href":"https:\/\/ecg-electro.eu\/cs\/wp-json\/wp\/v2\/product_cat?post=2442024"},{"taxonomy":"product_tag","embeddable":true,"href":"https:\/\/ecg-electro.eu\/cs\/wp-json\/wp\/v2\/product_tag?post=2442024"}],"curies":[{"name":"wp","href":"https:\/\/api.w.org\/{rel}","templated":true}]}}