{"id":2441621,"date":"2024-07-22T16:46:25","date_gmt":"2024-07-22T14:57:54","guid":{"rendered":"https:\/\/ecg-electro.eu\/?post_type=product&#038;p=2441621"},"modified":"2026-04-16T10:50:09","modified_gmt":"2026-04-16T08:50:09","slug":"ecg-rk-1708-tradizione-nero","status":"publish","type":"product","link":"https:\/\/ecg-electro.eu\/cs\/ecg-rk-1708-tradizione-nero\/","title":{"rendered":"ECG RK 1708 Tradizione Nero"},"content":{"rendered":"<p>Tato rychlovarn\u00e1 konvice se zapojuje <strong>do klasick\u00e9 z\u00e1suvky<\/strong> a d\u00edky <strong>70 cm dlouh\u00e9mu p\u0159\u00edvodn\u00edmu kabelu<\/strong> ji m\u016f\u017eete pohodln\u011b um\u00edstit kamkoliv na kuchy\u0148skou linku. <strong>Sv\u011bteln\u00e1 signalizace<\/strong> v\u00e1s v\u017edy informuje o tom, kdy je konvice v provozu. A spolehliv\u00fd konektor <strong>Strix<\/strong> zaji\u0161\u0165uje bezprobl\u00e9mov\u00e9 pou\u017e\u00edv\u00e1n\u00ed. O maxim\u00e1ln\u00ed komfort p\u0159i nal\u00e9v\u00e1n\u00ed se pak star\u00e1 <strong>ergonomick\u00e1 rukoje\u0165<\/strong> a skladov\u00e1n\u00ed usnad\u0148uje <strong>oto\u010dn\u00fd podstavec s funkc\u00ed nav\u00edjen\u00ed kabelu<\/strong>.<\/p>\n<p>P\u0159ipravte si sv\u016fj obl\u00edben\u00fd \u0161\u00e1lek \u010daje nebo k\u00e1vy s lehkost\u00ed a eleganc\u00ed, kterou tato konvice p\u0159in\u00e1\u0161\u00ed p\u0159\u00edmo do va\u0161\u00ed kuchyn\u011b.<\/p>\n","protected":false},"excerpt":{"rendered":"<p>Tato rychlovarn\u00e1 konvice se zapojuje do klasick\u00e9 z\u00e1suvky a d\u00edky 70 cm dlouh\u00e9mu p\u0159\u00edvodn\u00edmu kabelu ji m\u016f\u017eete pohodln\u011b um\u00edstit kamkoliv na kuchy\u0148skou linku. Sv\u011bteln\u00e1 signalizace v\u00e1s v\u017edy informuje o tom, kdy je konvice v provozu. A spolehliv\u00fd konektor Strix zaji\u0161\u0165uje bezprobl\u00e9mov\u00e9 pou\u017e\u00edv\u00e1n\u00ed. O maxim\u00e1ln\u00ed komfort p\u0159i nal\u00e9v\u00e1n\u00ed se pak star\u00e1 ergonomick\u00e1 rukoje\u0165 a skladov\u00e1n\u00ed usnad\u0148uje [&hellip;]<\/p>\n","protected":false},"featured_media":2444348,"template":"","meta":{"_acf_changed":false,"_monsterinsights_skip_tracking":false,"_monsterinsights_sitenote_active":false,"_monsterinsights_sitenote_note":"","_monsterinsights_sitenote_category":0},"product_brand":[],"product_cat":[44417],"product_tag":[],"class_list":{"0":"post-2441621","1":"product","2":"type-product","3":"status-publish","4":"has-post-thumbnail","6":"product_cat-rychlovarne-konvice","8":"first","9":"instock","10":"product-type-simple"},"acf":[],"_links":{"self":[{"href":"https:\/\/ecg-electro.eu\/cs\/wp-json\/wp\/v2\/product\/2441621","targetHints":{"allow":["GET"]}}],"collection":[{"href":"https:\/\/ecg-electro.eu\/cs\/wp-json\/wp\/v2\/product"}],"about":[{"href":"https:\/\/ecg-electro.eu\/cs\/wp-json\/wp\/v2\/types\/product"}],"wp:featuredmedia":[{"embeddable":true,"href":"https:\/\/ecg-electro.eu\/cs\/wp-json\/wp\/v2\/media\/2444348"}],"wp:attachment":[{"href":"https:\/\/ecg-electro.eu\/cs\/wp-json\/wp\/v2\/media?parent=2441621"}],"wp:term":[{"taxonomy":"product_brand","embeddable":true,"href":"https:\/\/ecg-electro.eu\/cs\/wp-json\/wp\/v2\/product_brand?post=2441621"},{"taxonomy":"product_cat","embeddable":true,"href":"https:\/\/ecg-electro.eu\/cs\/wp-json\/wp\/v2\/product_cat?post=2441621"},{"taxonomy":"product_tag","embeddable":true,"href":"https:\/\/ecg-electro.eu\/cs\/wp-json\/wp\/v2\/product_tag?post=2441621"}],"curies":[{"name":"wp","href":"https:\/\/api.w.org\/{rel}","templated":true}]}}