{"id":2441427,"date":"2024-07-19T14:12:58","date_gmt":"2024-07-19T12:28:13","guid":{"rendered":"https:\/\/ecg-electro.eu\/?post_type=product&#038;p=2441427"},"modified":"2026-04-14T10:32:07","modified_gmt":"2026-04-14T08:32:07","slug":"ecg-modifica-sonica","status":"publish","type":"product","link":"https:\/\/ecg-electro.eu\/cs\/ecg-modifica-sonica\/","title":{"rendered":"ECG Modifica Sonica"},"content":{"rendered":"<p>D\u00edky <strong>vestav\u011bn\u00e9mu ioniz\u00e1toru<\/strong> je tento f\u00e9n p\u0159i vysou\u0161en\u00ed vlas\u016f velice efektivn\u00ed \u2013 pracuje rychleji, zabra\u0148uje po\u0161kozen\u00ed vlas\u016f a p\u0159in\u00e1\u0161\u00ed jim lep\u0161\u00ed vzhled. Zkr\u00e1tka va\u0161e vlasy <strong>\u00fa\u010dinn\u011b a rychle vysu\u0161\u00ed, ale \u201enep\u0159esu\u0161\u00ed\u201c<\/strong>.<\/p>\n<p>Ioniz\u00e1tor toti\u017e <strong>sni\u017euje statickou elekt\u0159inu<\/strong>, b\u011bhem vysou\u0161en\u00ed pak uzamyk\u00e1 vlhkost uvnit\u0159 vlasu. To zaji\u0161\u0165uje sna\u017e\u0161\u00ed \u010des\u00e1n\u00ed bez krepat\u00fdch vlas\u016f. Celkov\u011b p\u0159isp\u00edv\u00e1 ke <strong>spr\u00e1vn\u00e9 \u010dinnosti ochrann\u00e9 vrstvy<\/strong> vlas\u016f, co\u017e zabra\u0148uje jejich po\u0161kozen\u00ed a z\u00e1rove\u0148 zvy\u0161uje lesk a hebkost va\u0161eho \u00fa\u010desu. Proces ionizace pom\u00e1h\u00e1 udr\u017eovat va\u0161e vlasy <strong>spr\u00e1vn\u011b hydratovan\u00e9 a zdrav\u00e9<\/strong>.<\/p>\n<h3>Snadn\u00e1 \u00fadr\u017eba, dlouh\u00e1 \u017eivotnost<\/h3>\n<p>Aby v\u00e1m f\u00e9n ECG Modifica Sonica vydr\u017eel slou\u017eit dlouh\u00e1 l\u00e9ta, m\u016f\u017eete jej sami jednodu\u0161e udr\u017eovat v\u00a0perfektn\u00ed kondici. V\u00a0jeho spodn\u00ed dr\u017eadlov\u00e9 \u010d\u00e1sti se nach\u00e1z\u00ed kryt filtru pro <strong>v\u00fdstup vzduchu<\/strong> <strong>s magnetick\u00fdm up\u00edn\u00e1n\u00edm<\/strong>, kter\u00fd sta\u010d\u00ed m\u00edrn\u00fdm tlakem uvolnit a dostat se tak ke kovov\u00e9mu filtru. Filtr pak sta\u010d\u00ed ot\u0159\u00edt suchou tkaninou nebo m\u011bkk\u00fdm kart\u00e1\u010dkem.<\/p>\n","protected":false},"excerpt":{"rendered":"<p>D\u00edky vestav\u011bn\u00e9mu ioniz\u00e1toru je tento f\u00e9n p\u0159i vysou\u0161en\u00ed vlas\u016f velice efektivn\u00ed \u2013 pracuje rychleji, zabra\u0148uje po\u0161kozen\u00ed vlas\u016f a p\u0159in\u00e1\u0161\u00ed jim lep\u0161\u00ed vzhled. Zkr\u00e1tka va\u0161e vlasy \u00fa\u010dinn\u011b a rychle vysu\u0161\u00ed, ale \u201enep\u0159esu\u0161\u00ed\u201c. Ioniz\u00e1tor toti\u017e sni\u017euje statickou elekt\u0159inu, b\u011bhem vysou\u0161en\u00ed pak uzamyk\u00e1 vlhkost uvnit\u0159 vlasu. To zaji\u0161\u0165uje sna\u017e\u0161\u00ed \u010des\u00e1n\u00ed bez krepat\u00fdch vlas\u016f. Celkov\u011b p\u0159isp\u00edv\u00e1 ke spr\u00e1vn\u00e9 \u010dinnosti [&hellip;]<\/p>\n","protected":false},"featured_media":2441513,"template":"","meta":{"_acf_changed":false,"_monsterinsights_skip_tracking":false,"_monsterinsights_sitenote_active":false,"_monsterinsights_sitenote_note":"","_monsterinsights_sitenote_category":0},"product_brand":[],"product_cat":[46055],"product_tag":[],"class_list":{"0":"post-2441427","1":"product","2":"type-product","3":"status-publish","4":"has-post-thumbnail","6":"product_cat-vysousece-vlasu","8":"first","9":"instock","10":"product-type-simple"},"acf":[],"_links":{"self":[{"href":"https:\/\/ecg-electro.eu\/cs\/wp-json\/wp\/v2\/product\/2441427","targetHints":{"allow":["GET"]}}],"collection":[{"href":"https:\/\/ecg-electro.eu\/cs\/wp-json\/wp\/v2\/product"}],"about":[{"href":"https:\/\/ecg-electro.eu\/cs\/wp-json\/wp\/v2\/types\/product"}],"wp:featuredmedia":[{"embeddable":true,"href":"https:\/\/ecg-electro.eu\/cs\/wp-json\/wp\/v2\/media\/2441513"}],"wp:attachment":[{"href":"https:\/\/ecg-electro.eu\/cs\/wp-json\/wp\/v2\/media?parent=2441427"}],"wp:term":[{"taxonomy":"product_brand","embeddable":true,"href":"https:\/\/ecg-electro.eu\/cs\/wp-json\/wp\/v2\/product_brand?post=2441427"},{"taxonomy":"product_cat","embeddable":true,"href":"https:\/\/ecg-electro.eu\/cs\/wp-json\/wp\/v2\/product_cat?post=2441427"},{"taxonomy":"product_tag","embeddable":true,"href":"https:\/\/ecg-electro.eu\/cs\/wp-json\/wp\/v2\/product_tag?post=2441427"}],"curies":[{"name":"wp","href":"https:\/\/api.w.org\/{rel}","templated":true}]}}