{"id":2438847,"date":"2024-06-25T14:08:55","date_gmt":"2024-06-25T12:27:28","guid":{"rendered":"https:\/\/ecg-electro.eu\/?post_type=product&#038;p=2438847"},"modified":"2026-04-08T10:16:34","modified_gmt":"2026-04-08T08:16:34","slug":"ecg-ert-10861-we","status":"publish","type":"product","link":"https:\/\/ecg-electro.eu\/cs\/ecg-ert-10861-we\/","title":{"rendered":"ECG ERT 10861 WE"},"content":{"rendered":"<p>A\u0165 u\u017e si ji po\u0159\u00edd\u00edte do kancel\u00e1\u0159e, na chalupu, nebo do garsonky, sv\u00fdm provozem v\u00e1s mal\u00e1 ledni\u010dka ECG ERT 10861 WE nebude nijak zvl\u00e1\u0161\u0165 ru\u0161it. Vyu\u017e\u00edv\u00e1 toti\u017e <strong>statick\u00fd syst\u00e9m chlazen\u00ed<\/strong> (bez ventil\u00e1tor\u016f) a jej\u00ed hlu\u010dnost je pouh\u00fdch <strong>40 dB<\/strong>, co\u017e zhruba odpov\u00edd\u00e1 \u0161umu v tich\u00e9m byt\u011b.<\/p>\n<p>Spot\u0159ebi\u010d v\u00e1s nav\u00edc pot\u011b\u0161\u00ed \u00fasporn\u00fdm chodem, d\u00edky n\u011bmu\u017e s\u00a0n\u00edm m\u016f\u017eete u\u0161et\u0159it za energie. Spad\u00e1 do <strong>energetick\u00e9 t\u0159\u00eddy E<\/strong> a jeho spot\u0159eba \u010din\u00ed p\u0159ijateln\u00fdch <strong>86 kWh za rok<\/strong>.<\/p>\n","protected":false},"excerpt":{"rendered":"<p>A\u0165 u\u017e si ji po\u0159\u00edd\u00edte do kancel\u00e1\u0159e, na chalupu, nebo do garsonky, sv\u00fdm provozem v\u00e1s mal\u00e1 ledni\u010dka ECG ERT 10861 WE nebude nijak zvl\u00e1\u0161\u0165 ru\u0161it. Vyu\u017e\u00edv\u00e1 toti\u017e statick\u00fd syst\u00e9m chlazen\u00ed (bez ventil\u00e1tor\u016f) a jej\u00ed hlu\u010dnost je pouh\u00fdch 40 dB, co\u017e zhruba odpov\u00edd\u00e1 \u0161umu v tich\u00e9m byt\u011b. Spot\u0159ebi\u010d v\u00e1s nav\u00edc pot\u011b\u0161\u00ed \u00fasporn\u00fdm chodem, d\u00edky n\u011bmu\u017e s\u00a0n\u00edm [&hellip;]<\/p>\n","protected":false},"featured_media":2439621,"template":"","meta":{"_acf_changed":false,"_monsterinsights_skip_tracking":false,"_monsterinsights_sitenote_active":false,"_monsterinsights_sitenote_note":"","_monsterinsights_sitenote_category":0},"product_brand":[],"product_cat":[45360],"product_tag":[3761,46770],"class_list":{"0":"post-2438847","1":"product","2":"type-product","3":"status-publish","4":"has-post-thumbnail","6":"product_cat-chladnicky","7":"product_tag-zaruka","8":"product_tag-chlazeni-cs","10":"first","11":"instock","12":"product-type-simple"},"acf":[],"_links":{"self":[{"href":"https:\/\/ecg-electro.eu\/cs\/wp-json\/wp\/v2\/product\/2438847","targetHints":{"allow":["GET"]}}],"collection":[{"href":"https:\/\/ecg-electro.eu\/cs\/wp-json\/wp\/v2\/product"}],"about":[{"href":"https:\/\/ecg-electro.eu\/cs\/wp-json\/wp\/v2\/types\/product"}],"wp:featuredmedia":[{"embeddable":true,"href":"https:\/\/ecg-electro.eu\/cs\/wp-json\/wp\/v2\/media\/2439621"}],"wp:attachment":[{"href":"https:\/\/ecg-electro.eu\/cs\/wp-json\/wp\/v2\/media?parent=2438847"}],"wp:term":[{"taxonomy":"product_brand","embeddable":true,"href":"https:\/\/ecg-electro.eu\/cs\/wp-json\/wp\/v2\/product_brand?post=2438847"},{"taxonomy":"product_cat","embeddable":true,"href":"https:\/\/ecg-electro.eu\/cs\/wp-json\/wp\/v2\/product_cat?post=2438847"},{"taxonomy":"product_tag","embeddable":true,"href":"https:\/\/ecg-electro.eu\/cs\/wp-json\/wp\/v2\/product_tag?post=2438847"}],"curies":[{"name":"wp","href":"https:\/\/api.w.org\/{rel}","templated":true}]}}